{"id":286160,"date":"2026-03-03T13:57:12","date_gmt":"2026-03-03T12:57:12","guid":{"rendered":"https:\/\/www.activasport.ch\/?post_type=product&#038;p=286160"},"modified":"2026-04-01T16:04:23","modified_gmt":"2026-04-01T14:04:23","slug":"pack-anniversaire-playmore-25-ans-dactiva-sport","status":"publish","type":"product","link":"https:\/\/www.activasport.ch\/fr\/produkt\/pack-anniversaire-playmore-25-ans-dactiva-sport\/","title":{"rendered":"Pack anniversaire \u00abPlayMore\u00bb : 25 ans d&rsquo;Activa Sport"},"content":{"rendered":"<p>\u00c0 l&rsquo;occasion de notre anniversaire \u00ab25 ans d&rsquo;Activa Sport\u00bb, nous vous proposons le pack anniversaire suivant :<br \/>\n<strong>6 mini-buts de football \u00abPlayMore\u00bb, 120 x 80 cm, avec 1 chariot de transport inclus !<\/strong><\/p>\n<p>Le mini-but de football <strong>\u00ab PlayMore \u00bb<\/strong> est id\u00e9al pour ton club. Avec ses dimensions de <strong>120 x 80 cm<\/strong> (L x H), il est compact et facile \u00e0 transporter. <strong>Enti\u00e8rement soud\u00e9<\/strong>, ce but b\u00e9n\u00e9ficie d&rsquo;une construction robuste et tr\u00e8s stable, ce qui lui assure une excellente long\u00e9vit\u00e9.<\/p>\n<p>La fixation du filet au cadre s&rsquo;effectue \u00e0 l&rsquo;aide de crochets plats en plastique qui ne d\u00e9passent pas. De plus, gr\u00e2ce \u00e0 ses cintres de filet d\u00e9cal\u00e9s vers l&rsquo;int\u00e9rieur, le but peut \u00eatre empil\u00e9e, ce qui permet un rangement peu encombrant.<br \/>\nLes roues pivotantes \u00e0 360\u00b0 du chariot de transport <strong>enti\u00e8rement soud\u00e9<\/strong> garantissent un transport ais\u00e9, m\u00eame dans les espaces restreints.<\/p>\n<p>Remarque :<br \/>\nL&rsquo;offre comprend 6 buts \u00e9quip\u00e9s de filets <span style=\"color: #008000;\">verts<\/span> de 100 mm de maillage, de crochets de fixation ainsi qu&rsquo;un chariot de transport enti\u00e8rement soud\u00e9. Les frais d&rsquo;installation et de transport ne sont pas compris.<br \/>\n<strong>Prix net \u2013 non susceptible de remise.<\/strong><\/p>\n","protected":false},"excerpt":{"rendered":"<p>\u00c0 l&rsquo;occasion de notre anniversaire \u00ab25 ans d&rsquo;Activa Sport\u00bb, nous vous proposons le pack anniversaire suivant : 6 mini-buts de football \u00abPlayMore\u00bb, 120 x 80 cm, avec 1 chariot de transport inclus ! Le mini-but de football \u00ab PlayMore \u00bb est id\u00e9al pour ton club. Avec ses dimensions de 120 x 80 cm (L x [&hellip;]<\/p>\n","protected":false},"featured_media":286152,"template":"","meta":{"_et_pb_use_builder":"","_et_pb_old_content":"","_et_gb_content_width":""},"product_brand":[],"product_cat":[1051,1536],"product_tag":[],"class_list":{"0":"post-286160","1":"product","2":"type-product","3":"status-publish","4":"has-post-thumbnail","6":"product_cat-mini-buts-fr","7":"product_cat-play-more-football-fr","9":"first","10":"instock","11":"sale","12":"taxable","13":"shipping-taxable","14":"purchasable","15":"product-type-simple"},"yoast_head":"<!-- This site is optimized with the Yoast SEO plugin v27.3 - https:\/\/yoast.com\/product\/yoast-seo-wordpress\/ -->\n<title>Pack anniversaire \u00abPlayMore\u00bb : 25 ans d&#039;Activa Sport<\/title>\n<meta name=\"description\" content=\"Mini-but de football &quot;PlayMore&quot; | Mini-but de football \u00abPlayMore\u00bb, 120 x 80 cm avec chariot de transport | Activa Sport Sarl | \u2026que le sport soit avec toi !\" \/>\n<meta name=\"robots\" content=\"index, follow, max-snippet:-1, max-image-preview:large, max-video-preview:-1\" \/>\n<link rel=\"canonical\" href=\"https:\/\/www.activasport.ch\/fr\/produkt\/pack-anniversaire-playmore-25-ans-dactiva-sport\/\" \/>\n<meta property=\"og:locale\" content=\"fr_FR\" \/>\n<meta property=\"og:type\" content=\"article\" \/>\n<meta property=\"og:title\" content=\"Pack anniversaire \u00abPlayMore\u00bb : 25 ans d&#039;Activa Sport\" \/>\n<meta property=\"og:description\" content=\"Mini-but de football &quot;PlayMore&quot; | Mini-but de football \u00abPlayMore\u00bb, 120 x 80 cm avec chariot de transport | Activa Sport Sarl | \u2026que le sport soit avec toi !\" \/>\n<meta property=\"og:url\" content=\"https:\/\/www.activasport.ch\/fr\/produkt\/pack-anniversaire-playmore-25-ans-dactiva-sport\/\" \/>\n<meta property=\"og:site_name\" content=\"Activa Sport GmbH | M\u00f6ge der Sport mit Dir sein...\" \/>\n<meta property=\"article:publisher\" content=\"https:\/\/www.facebook.com\/activasport.ch\/\" \/>\n<meta property=\"article:modified_time\" content=\"2026-04-01T14:04:23+00:00\" \/>\n<meta property=\"og:image\" content=\"https:\/\/www.activasport.ch\/wp-content\/uploads\/2026\/02\/S06MIWA12_Transportwagen-fuer-Minifussballtore_800x800.jpg\" \/>\n\t<meta property=\"og:image:width\" content=\"800\" \/>\n\t<meta property=\"og:image:height\" content=\"800\" \/>\n\t<meta property=\"og:image:type\" content=\"image\/jpeg\" \/>\n<meta name=\"twitter:card\" content=\"summary_large_image\" \/>\n<meta name=\"twitter:label1\" content=\"Dur\u00e9e de lecture estim\u00e9e\" \/>\n\t<meta name=\"twitter:data1\" content=\"2 minutes\" \/>\n<script type=\"application\/ld+json\" class=\"yoast-schema-graph\">{\"@context\":\"https:\\\/\\\/schema.org\",\"@graph\":[{\"@type\":\"WebPage\",\"@id\":\"https:\\\/\\\/www.activasport.ch\\\/fr\\\/produkt\\\/pack-anniversaire-playmore-25-ans-dactiva-sport\\\/\",\"url\":\"https:\\\/\\\/www.activasport.ch\\\/fr\\\/produkt\\\/pack-anniversaire-playmore-25-ans-dactiva-sport\\\/\",\"name\":\"Pack anniversaire \u00abPlayMore\u00bb : 25 ans d'Activa Sport\",\"isPartOf\":{\"@id\":\"https:\\\/\\\/www.activasport.ch\\\/fr\\\/#website\"},\"primaryImageOfPage\":{\"@id\":\"https:\\\/\\\/www.activasport.ch\\\/fr\\\/produkt\\\/pack-anniversaire-playmore-25-ans-dactiva-sport\\\/#primaryimage\"},\"image\":{\"@id\":\"https:\\\/\\\/www.activasport.ch\\\/fr\\\/produkt\\\/pack-anniversaire-playmore-25-ans-dactiva-sport\\\/#primaryimage\"},\"thumbnailUrl\":\"https:\\\/\\\/www.activasport.ch\\\/wp-content\\\/uploads\\\/2026\\\/02\\\/S06MIWA12_Transportwagen-fuer-Minifussballtore_800x800.jpg\",\"datePublished\":\"2026-03-03T12:57:12+00:00\",\"dateModified\":\"2026-04-01T14:04:23+00:00\",\"description\":\"Mini-but de football \\\"PlayMore\\\" | Mini-but de football \u00abPlayMore\u00bb, 120 x 80 cm avec chariot de transport | Activa Sport Sarl | \u2026que le sport soit avec toi !\",\"breadcrumb\":{\"@id\":\"https:\\\/\\\/www.activasport.ch\\\/fr\\\/produkt\\\/pack-anniversaire-playmore-25-ans-dactiva-sport\\\/#breadcrumb\"},\"inLanguage\":\"fr-FR\",\"potentialAction\":[{\"@type\":\"ReadAction\",\"target\":[\"https:\\\/\\\/www.activasport.ch\\\/fr\\\/produkt\\\/pack-anniversaire-playmore-25-ans-dactiva-sport\\\/\"]}]},{\"@type\":\"ImageObject\",\"inLanguage\":\"fr-FR\",\"@id\":\"https:\\\/\\\/www.activasport.ch\\\/fr\\\/produkt\\\/pack-anniversaire-playmore-25-ans-dactiva-sport\\\/#primaryimage\",\"url\":\"https:\\\/\\\/www.activasport.ch\\\/wp-content\\\/uploads\\\/2026\\\/02\\\/S06MIWA12_Transportwagen-fuer-Minifussballtore_800x800.jpg\",\"contentUrl\":\"https:\\\/\\\/www.activasport.ch\\\/wp-content\\\/uploads\\\/2026\\\/02\\\/S06MIWA12_Transportwagen-fuer-Minifussballtore_800x800.jpg\",\"width\":800,\"height\":800,\"caption\":\"Einfacher Transportwagen f\u00fcr Minifussballtore auf Rasen, Transportbereit mit Toren gestapelt\"},{\"@type\":\"BreadcrumbList\",\"@id\":\"https:\\\/\\\/www.activasport.ch\\\/fr\\\/produkt\\\/pack-anniversaire-playmore-25-ans-dactiva-sport\\\/#breadcrumb\",\"itemListElement\":[{\"@type\":\"ListItem\",\"position\":1,\"name\":\"Home\",\"item\":\"https:\\\/\\\/www.activasport.ch\\\/fr\\\/\"},{\"@type\":\"ListItem\",\"position\":2,\"name\":\"Shop\",\"item\":\"https:\\\/\\\/www.activasport.ch\\\/fr\\\/?page_id=258329\"},{\"@type\":\"ListItem\",\"position\":3,\"name\":\"Pack anniversaire \u00abPlayMore\u00bb : 25 ans d&#8217;Activa Sport\"}]},{\"@type\":\"WebSite\",\"@id\":\"https:\\\/\\\/www.activasport.ch\\\/fr\\\/#website\",\"url\":\"https:\\\/\\\/www.activasport.ch\\\/fr\\\/\",\"name\":\"Activa Sport GmbH | M\u00f6ge der Sport mit Dir sein...\",\"description\":\"\",\"publisher\":{\"@id\":\"https:\\\/\\\/www.activasport.ch\\\/fr\\\/#organization\"},\"potentialAction\":[{\"@type\":\"SearchAction\",\"target\":{\"@type\":\"EntryPoint\",\"urlTemplate\":\"https:\\\/\\\/www.activasport.ch\\\/fr\\\/?s={search_term_string}\"},\"query-input\":{\"@type\":\"PropertyValueSpecification\",\"valueRequired\":true,\"valueName\":\"search_term_string\"}}],\"inLanguage\":\"fr-FR\"},{\"@type\":\"Organization\",\"@id\":\"https:\\\/\\\/www.activasport.ch\\\/fr\\\/#organization\",\"name\":\"Activa Sport GmbH\",\"url\":\"https:\\\/\\\/www.activasport.ch\\\/fr\\\/\",\"logo\":{\"@type\":\"ImageObject\",\"inLanguage\":\"fr-FR\",\"@id\":\"https:\\\/\\\/www.activasport.ch\\\/fr\\\/#\\\/schema\\\/logo\\\/image\\\/\",\"url\":\"https:\\\/\\\/www.activasport.ch\\\/wp-content\\\/uploads\\\/2020\\\/04\\\/Activa_AS_Emblem_rot-schwarz_512x512.png\",\"contentUrl\":\"https:\\\/\\\/www.activasport.ch\\\/wp-content\\\/uploads\\\/2020\\\/04\\\/Activa_AS_Emblem_rot-schwarz_512x512.png\",\"width\":512,\"height\":512,\"caption\":\"Activa Sport GmbH\"},\"image\":{\"@id\":\"https:\\\/\\\/www.activasport.ch\\\/fr\\\/#\\\/schema\\\/logo\\\/image\\\/\"},\"sameAs\":[\"https:\\\/\\\/www.facebook.com\\\/activasport.ch\\\/\",\"https:\\\/\\\/www.youtube.com\\\/channel\\\/UCtqHC7rBGHotohPIGFurwzg\"]}]}<\/script>\n<!-- \/ Yoast SEO plugin. -->","yoast_head_json":{"title":"Pack anniversaire \u00abPlayMore\u00bb : 25 ans d'Activa Sport","description":"Mini-but de football \"PlayMore\" | Mini-but de football \u00abPlayMore\u00bb, 120 x 80 cm avec chariot de transport | Activa Sport Sarl | \u2026que le sport soit avec toi !","robots":{"index":"index","follow":"follow","max-snippet":"max-snippet:-1","max-image-preview":"max-image-preview:large","max-video-preview":"max-video-preview:-1"},"canonical":"https:\/\/www.activasport.ch\/fr\/produkt\/pack-anniversaire-playmore-25-ans-dactiva-sport\/","og_locale":"fr_FR","og_type":"article","og_title":"Pack anniversaire \u00abPlayMore\u00bb : 25 ans d'Activa Sport","og_description":"Mini-but de football \"PlayMore\" | Mini-but de football \u00abPlayMore\u00bb, 120 x 80 cm avec chariot de transport | Activa Sport Sarl | \u2026que le sport soit avec toi !","og_url":"https:\/\/www.activasport.ch\/fr\/produkt\/pack-anniversaire-playmore-25-ans-dactiva-sport\/","og_site_name":"Activa Sport GmbH | M\u00f6ge der Sport mit Dir sein...","article_publisher":"https:\/\/www.facebook.com\/activasport.ch\/","article_modified_time":"2026-04-01T14:04:23+00:00","og_image":[{"width":800,"height":800,"url":"https:\/\/www.activasport.ch\/wp-content\/uploads\/2026\/02\/S06MIWA12_Transportwagen-fuer-Minifussballtore_800x800.jpg","type":"image\/jpeg"}],"twitter_card":"summary_large_image","twitter_misc":{"Dur\u00e9e de lecture estim\u00e9e":"2 minutes"},"schema":{"@context":"https:\/\/schema.org","@graph":[{"@type":"WebPage","@id":"https:\/\/www.activasport.ch\/fr\/produkt\/pack-anniversaire-playmore-25-ans-dactiva-sport\/","url":"https:\/\/www.activasport.ch\/fr\/produkt\/pack-anniversaire-playmore-25-ans-dactiva-sport\/","name":"Pack anniversaire \u00abPlayMore\u00bb : 25 ans d'Activa Sport","isPartOf":{"@id":"https:\/\/www.activasport.ch\/fr\/#website"},"primaryImageOfPage":{"@id":"https:\/\/www.activasport.ch\/fr\/produkt\/pack-anniversaire-playmore-25-ans-dactiva-sport\/#primaryimage"},"image":{"@id":"https:\/\/www.activasport.ch\/fr\/produkt\/pack-anniversaire-playmore-25-ans-dactiva-sport\/#primaryimage"},"thumbnailUrl":"https:\/\/www.activasport.ch\/wp-content\/uploads\/2026\/02\/S06MIWA12_Transportwagen-fuer-Minifussballtore_800x800.jpg","datePublished":"2026-03-03T12:57:12+00:00","dateModified":"2026-04-01T14:04:23+00:00","description":"Mini-but de football \"PlayMore\" | Mini-but de football \u00abPlayMore\u00bb, 120 x 80 cm avec chariot de transport | Activa Sport Sarl | \u2026que le sport soit avec toi !","breadcrumb":{"@id":"https:\/\/www.activasport.ch\/fr\/produkt\/pack-anniversaire-playmore-25-ans-dactiva-sport\/#breadcrumb"},"inLanguage":"fr-FR","potentialAction":[{"@type":"ReadAction","target":["https:\/\/www.activasport.ch\/fr\/produkt\/pack-anniversaire-playmore-25-ans-dactiva-sport\/"]}]},{"@type":"ImageObject","inLanguage":"fr-FR","@id":"https:\/\/www.activasport.ch\/fr\/produkt\/pack-anniversaire-playmore-25-ans-dactiva-sport\/#primaryimage","url":"https:\/\/www.activasport.ch\/wp-content\/uploads\/2026\/02\/S06MIWA12_Transportwagen-fuer-Minifussballtore_800x800.jpg","contentUrl":"https:\/\/www.activasport.ch\/wp-content\/uploads\/2026\/02\/S06MIWA12_Transportwagen-fuer-Minifussballtore_800x800.jpg","width":800,"height":800,"caption":"Einfacher Transportwagen f\u00fcr Minifussballtore auf Rasen, Transportbereit mit Toren gestapelt"},{"@type":"BreadcrumbList","@id":"https:\/\/www.activasport.ch\/fr\/produkt\/pack-anniversaire-playmore-25-ans-dactiva-sport\/#breadcrumb","itemListElement":[{"@type":"ListItem","position":1,"name":"Home","item":"https:\/\/www.activasport.ch\/fr\/"},{"@type":"ListItem","position":2,"name":"Shop","item":"https:\/\/www.activasport.ch\/fr\/?page_id=258329"},{"@type":"ListItem","position":3,"name":"Pack anniversaire \u00abPlayMore\u00bb : 25 ans d&#8217;Activa Sport"}]},{"@type":"WebSite","@id":"https:\/\/www.activasport.ch\/fr\/#website","url":"https:\/\/www.activasport.ch\/fr\/","name":"Activa Sport GmbH | M\u00f6ge der Sport mit Dir sein...","description":"","publisher":{"@id":"https:\/\/www.activasport.ch\/fr\/#organization"},"potentialAction":[{"@type":"SearchAction","target":{"@type":"EntryPoint","urlTemplate":"https:\/\/www.activasport.ch\/fr\/?s={search_term_string}"},"query-input":{"@type":"PropertyValueSpecification","valueRequired":true,"valueName":"search_term_string"}}],"inLanguage":"fr-FR"},{"@type":"Organization","@id":"https:\/\/www.activasport.ch\/fr\/#organization","name":"Activa Sport GmbH","url":"https:\/\/www.activasport.ch\/fr\/","logo":{"@type":"ImageObject","inLanguage":"fr-FR","@id":"https:\/\/www.activasport.ch\/fr\/#\/schema\/logo\/image\/","url":"https:\/\/www.activasport.ch\/wp-content\/uploads\/2020\/04\/Activa_AS_Emblem_rot-schwarz_512x512.png","contentUrl":"https:\/\/www.activasport.ch\/wp-content\/uploads\/2020\/04\/Activa_AS_Emblem_rot-schwarz_512x512.png","width":512,"height":512,"caption":"Activa Sport GmbH"},"image":{"@id":"https:\/\/www.activasport.ch\/fr\/#\/schema\/logo\/image\/"},"sameAs":["https:\/\/www.facebook.com\/activasport.ch\/","https:\/\/www.youtube.com\/channel\/UCtqHC7rBGHotohPIGFurwzg"]}]}},"_links":{"self":[{"href":"https:\/\/www.activasport.ch\/fr\/wp-json\/wp\/v2\/product\/286160","targetHints":{"allow":["GET"]}}],"collection":[{"href":"https:\/\/www.activasport.ch\/fr\/wp-json\/wp\/v2\/product"}],"about":[{"href":"https:\/\/www.activasport.ch\/fr\/wp-json\/wp\/v2\/types\/product"}],"wp:featuredmedia":[{"embeddable":true,"href":"https:\/\/www.activasport.ch\/fr\/wp-json\/wp\/v2\/media\/286152"}],"wp:attachment":[{"href":"https:\/\/www.activasport.ch\/fr\/wp-json\/wp\/v2\/media?parent=286160"}],"wp:term":[{"taxonomy":"product_brand","embeddable":true,"href":"https:\/\/www.activasport.ch\/fr\/wp-json\/wp\/v2\/product_brand?post=286160"},{"taxonomy":"product_cat","embeddable":true,"href":"https:\/\/www.activasport.ch\/fr\/wp-json\/wp\/v2\/product_cat?post=286160"},{"taxonomy":"product_tag","embeddable":true,"href":"https:\/\/www.activasport.ch\/fr\/wp-json\/wp\/v2\/product_tag?post=286160"}],"curies":[{"name":"wp","href":"https:\/\/api.w.org\/{rel}","templated":true}]}}