{"id":286150,"date":"2026-02-27T14:53:26","date_gmt":"2026-02-27T13:53:26","guid":{"rendered":"https:\/\/www.activasport.ch\/?post_type=product&#038;p=286150"},"modified":"2026-02-27T15:07:45","modified_gmt":"2026-02-27T14:07:45","slug":"chariot-de-transport-simple-pour-mini-buts-de-football","status":"publish","type":"product","link":"https:\/\/www.activasport.ch\/fr\/produkt\/chariot-de-transport-simple-pour-mini-buts-de-football\/","title":{"rendered":"Chariot de transport simple pour mini-buts de football"},"content":{"rendered":"<p>Notre chariot de transport simple est la solution id\u00e9ale pour transporter facilement et en toute s\u00e9curit\u00e9 des mini-buts de football.<br \/>\nConvient aux buts avec un cadre de sol de 80 mm (PlayMore 120 x 80 cm).<br \/>\nLes roues pivotantes \u00e0 360\u00b0 permettent de man\u0153uvrer sans effort, m\u00eame dans les espaces restreints.<\/p>\n<p>&#8211; Mod\u00e8le simple en aluminium de haute qualit\u00e9 \u2013 \u00e0 la fois durable et l\u00e9ger.<br \/>\n&#8211; Parfait pour une utilisation quotidienne \u00e0 l&rsquo;entra\u00eenement.<br \/>\n&#8211; Pour transporter plusieurs mini-buts, ceux-ci doivent \u00eatre empilables.<\/p>\n<p>Un outil de transport bien pens\u00e9 pour tous les terrains de sport.<\/p>\n","protected":false},"excerpt":{"rendered":"<p>Notre chariot de transport simple est la solution id\u00e9ale pour transporter facilement et en toute s\u00e9curit\u00e9 des mini-buts de football. Convient aux buts avec un cadre de sol de 80 mm (PlayMore 120 x 80 cm). Les roues pivotantes \u00e0 360\u00b0 permettent de man\u0153uvrer sans effort, m\u00eame dans les espaces restreints. &#8211; Mod\u00e8le simple en [&hellip;]<\/p>\n","protected":false},"featured_media":286152,"template":"","meta":{"_et_pb_use_builder":"","_et_pb_old_content":"","_et_gb_content_width":""},"product_brand":[],"product_cat":[1049,1051,1536,1044],"product_tag":[],"class_list":{"0":"post-286150","1":"product","2":"type-product","3":"status-publish","4":"has-post-thumbnail","6":"product_cat-chariots-de-transport-fr","7":"product_cat-mini-buts-fr","8":"product_cat-play-more-football-fr","9":"product_cat-poids-transport-fr","11":"first","12":"instock","13":"purchasable","14":"product-type-simple"},"yoast_head":"<!-- This site is optimized with the Yoast SEO plugin v27.3 - https:\/\/yoast.com\/product\/yoast-seo-wordpress\/ -->\n<title>Chariot de transport simple pour mini-buts de football<\/title>\n<meta name=\"description\" content=\"Chariot de transport simple pour mini-buts de football | en aluminium | PlayMore | Football | Activa Sport Sarl | \u2026que le sport soit avec toi !\" \/>\n<meta name=\"robots\" content=\"index, follow, max-snippet:-1, max-image-preview:large, max-video-preview:-1\" \/>\n<link rel=\"canonical\" href=\"https:\/\/www.activasport.ch\/fr\/produkt\/chariot-de-transport-simple-pour-mini-buts-de-football\/\" \/>\n<meta property=\"og:locale\" content=\"fr_FR\" \/>\n<meta property=\"og:type\" content=\"article\" \/>\n<meta property=\"og:title\" content=\"Chariot de transport simple pour mini-buts de football\" \/>\n<meta property=\"og:description\" content=\"Chariot de transport simple pour mini-buts de football | en aluminium | PlayMore | Football | Activa Sport Sarl | \u2026que le sport soit avec toi !\" \/>\n<meta property=\"og:url\" content=\"https:\/\/www.activasport.ch\/fr\/produkt\/chariot-de-transport-simple-pour-mini-buts-de-football\/\" \/>\n<meta property=\"og:site_name\" content=\"Activa Sport GmbH | M\u00f6ge der Sport mit Dir sein...\" \/>\n<meta property=\"article:publisher\" content=\"https:\/\/www.facebook.com\/activasport.ch\/\" \/>\n<meta property=\"article:modified_time\" content=\"2026-02-27T14:07:45+00:00\" \/>\n<meta property=\"og:image\" content=\"https:\/\/www.activasport.ch\/wp-content\/uploads\/2026\/02\/S06MIWA12_Transportwagen-fuer-Minifussballtore_800x800.jpg\" \/>\n\t<meta property=\"og:image:width\" content=\"800\" \/>\n\t<meta property=\"og:image:height\" content=\"800\" \/>\n\t<meta property=\"og:image:type\" content=\"image\/jpeg\" \/>\n<meta name=\"twitter:card\" content=\"summary_large_image\" \/>\n<meta name=\"twitter:label1\" content=\"Dur\u00e9e de lecture estim\u00e9e\" \/>\n\t<meta name=\"twitter:data1\" content=\"1 minute\" \/>\n<script type=\"application\/ld+json\" class=\"yoast-schema-graph\">{\"@context\":\"https:\\\/\\\/schema.org\",\"@graph\":[{\"@type\":\"WebPage\",\"@id\":\"https:\\\/\\\/www.activasport.ch\\\/fr\\\/produkt\\\/chariot-de-transport-simple-pour-mini-buts-de-football\\\/\",\"url\":\"https:\\\/\\\/www.activasport.ch\\\/fr\\\/produkt\\\/chariot-de-transport-simple-pour-mini-buts-de-football\\\/\",\"name\":\"Chariot de transport simple pour mini-buts de football\",\"isPartOf\":{\"@id\":\"https:\\\/\\\/www.activasport.ch\\\/fr\\\/#website\"},\"primaryImageOfPage\":{\"@id\":\"https:\\\/\\\/www.activasport.ch\\\/fr\\\/produkt\\\/chariot-de-transport-simple-pour-mini-buts-de-football\\\/#primaryimage\"},\"image\":{\"@id\":\"https:\\\/\\\/www.activasport.ch\\\/fr\\\/produkt\\\/chariot-de-transport-simple-pour-mini-buts-de-football\\\/#primaryimage\"},\"thumbnailUrl\":\"https:\\\/\\\/www.activasport.ch\\\/wp-content\\\/uploads\\\/2026\\\/02\\\/S06MIWA12_Transportwagen-fuer-Minifussballtore_800x800.jpg\",\"datePublished\":\"2026-02-27T13:53:26+00:00\",\"dateModified\":\"2026-02-27T14:07:45+00:00\",\"description\":\"Chariot de transport simple pour mini-buts de football | en aluminium | PlayMore | Football | Activa Sport Sarl | \u2026que le sport soit avec toi !\",\"breadcrumb\":{\"@id\":\"https:\\\/\\\/www.activasport.ch\\\/fr\\\/produkt\\\/chariot-de-transport-simple-pour-mini-buts-de-football\\\/#breadcrumb\"},\"inLanguage\":\"fr-FR\",\"potentialAction\":[{\"@type\":\"ReadAction\",\"target\":[\"https:\\\/\\\/www.activasport.ch\\\/fr\\\/produkt\\\/chariot-de-transport-simple-pour-mini-buts-de-football\\\/\"]}]},{\"@type\":\"ImageObject\",\"inLanguage\":\"fr-FR\",\"@id\":\"https:\\\/\\\/www.activasport.ch\\\/fr\\\/produkt\\\/chariot-de-transport-simple-pour-mini-buts-de-football\\\/#primaryimage\",\"url\":\"https:\\\/\\\/www.activasport.ch\\\/wp-content\\\/uploads\\\/2026\\\/02\\\/S06MIWA12_Transportwagen-fuer-Minifussballtore_800x800.jpg\",\"contentUrl\":\"https:\\\/\\\/www.activasport.ch\\\/wp-content\\\/uploads\\\/2026\\\/02\\\/S06MIWA12_Transportwagen-fuer-Minifussballtore_800x800.jpg\",\"width\":800,\"height\":800,\"caption\":\"Einfacher Transportwagen f\u00fcr Minifussballtore auf Rasen, Transportbereit mit Toren gestapelt\"},{\"@type\":\"BreadcrumbList\",\"@id\":\"https:\\\/\\\/www.activasport.ch\\\/fr\\\/produkt\\\/chariot-de-transport-simple-pour-mini-buts-de-football\\\/#breadcrumb\",\"itemListElement\":[{\"@type\":\"ListItem\",\"position\":1,\"name\":\"Home\",\"item\":\"https:\\\/\\\/www.activasport.ch\\\/fr\\\/\"},{\"@type\":\"ListItem\",\"position\":2,\"name\":\"Shop\",\"item\":\"https:\\\/\\\/www.activasport.ch\\\/fr\\\/?page_id=258329\"},{\"@type\":\"ListItem\",\"position\":3,\"name\":\"Chariot de transport simple pour mini-buts de football\"}]},{\"@type\":\"WebSite\",\"@id\":\"https:\\\/\\\/www.activasport.ch\\\/fr\\\/#website\",\"url\":\"https:\\\/\\\/www.activasport.ch\\\/fr\\\/\",\"name\":\"Activa Sport GmbH | M\u00f6ge der Sport mit Dir sein...\",\"description\":\"\",\"publisher\":{\"@id\":\"https:\\\/\\\/www.activasport.ch\\\/fr\\\/#organization\"},\"potentialAction\":[{\"@type\":\"SearchAction\",\"target\":{\"@type\":\"EntryPoint\",\"urlTemplate\":\"https:\\\/\\\/www.activasport.ch\\\/fr\\\/?s={search_term_string}\"},\"query-input\":{\"@type\":\"PropertyValueSpecification\",\"valueRequired\":true,\"valueName\":\"search_term_string\"}}],\"inLanguage\":\"fr-FR\"},{\"@type\":\"Organization\",\"@id\":\"https:\\\/\\\/www.activasport.ch\\\/fr\\\/#organization\",\"name\":\"Activa Sport GmbH\",\"url\":\"https:\\\/\\\/www.activasport.ch\\\/fr\\\/\",\"logo\":{\"@type\":\"ImageObject\",\"inLanguage\":\"fr-FR\",\"@id\":\"https:\\\/\\\/www.activasport.ch\\\/fr\\\/#\\\/schema\\\/logo\\\/image\\\/\",\"url\":\"https:\\\/\\\/www.activasport.ch\\\/wp-content\\\/uploads\\\/2020\\\/04\\\/Activa_AS_Emblem_rot-schwarz_512x512.png\",\"contentUrl\":\"https:\\\/\\\/www.activasport.ch\\\/wp-content\\\/uploads\\\/2020\\\/04\\\/Activa_AS_Emblem_rot-schwarz_512x512.png\",\"width\":512,\"height\":512,\"caption\":\"Activa Sport GmbH\"},\"image\":{\"@id\":\"https:\\\/\\\/www.activasport.ch\\\/fr\\\/#\\\/schema\\\/logo\\\/image\\\/\"},\"sameAs\":[\"https:\\\/\\\/www.facebook.com\\\/activasport.ch\\\/\",\"https:\\\/\\\/www.youtube.com\\\/channel\\\/UCtqHC7rBGHotohPIGFurwzg\"]}]}<\/script>\n<!-- \/ Yoast SEO plugin. -->","yoast_head_json":{"title":"Chariot de transport simple pour mini-buts de football","description":"Chariot de transport simple pour mini-buts de football | en aluminium | PlayMore | Football | Activa Sport Sarl | \u2026que le sport soit avec toi !","robots":{"index":"index","follow":"follow","max-snippet":"max-snippet:-1","max-image-preview":"max-image-preview:large","max-video-preview":"max-video-preview:-1"},"canonical":"https:\/\/www.activasport.ch\/fr\/produkt\/chariot-de-transport-simple-pour-mini-buts-de-football\/","og_locale":"fr_FR","og_type":"article","og_title":"Chariot de transport simple pour mini-buts de football","og_description":"Chariot de transport simple pour mini-buts de football | en aluminium | PlayMore | Football | Activa Sport Sarl | \u2026que le sport soit avec toi !","og_url":"https:\/\/www.activasport.ch\/fr\/produkt\/chariot-de-transport-simple-pour-mini-buts-de-football\/","og_site_name":"Activa Sport GmbH | M\u00f6ge der Sport mit Dir sein...","article_publisher":"https:\/\/www.facebook.com\/activasport.ch\/","article_modified_time":"2026-02-27T14:07:45+00:00","og_image":[{"width":800,"height":800,"url":"https:\/\/www.activasport.ch\/wp-content\/uploads\/2026\/02\/S06MIWA12_Transportwagen-fuer-Minifussballtore_800x800.jpg","type":"image\/jpeg"}],"twitter_card":"summary_large_image","twitter_misc":{"Dur\u00e9e de lecture estim\u00e9e":"1 minute"},"schema":{"@context":"https:\/\/schema.org","@graph":[{"@type":"WebPage","@id":"https:\/\/www.activasport.ch\/fr\/produkt\/chariot-de-transport-simple-pour-mini-buts-de-football\/","url":"https:\/\/www.activasport.ch\/fr\/produkt\/chariot-de-transport-simple-pour-mini-buts-de-football\/","name":"Chariot de transport simple pour mini-buts de football","isPartOf":{"@id":"https:\/\/www.activasport.ch\/fr\/#website"},"primaryImageOfPage":{"@id":"https:\/\/www.activasport.ch\/fr\/produkt\/chariot-de-transport-simple-pour-mini-buts-de-football\/#primaryimage"},"image":{"@id":"https:\/\/www.activasport.ch\/fr\/produkt\/chariot-de-transport-simple-pour-mini-buts-de-football\/#primaryimage"},"thumbnailUrl":"https:\/\/www.activasport.ch\/wp-content\/uploads\/2026\/02\/S06MIWA12_Transportwagen-fuer-Minifussballtore_800x800.jpg","datePublished":"2026-02-27T13:53:26+00:00","dateModified":"2026-02-27T14:07:45+00:00","description":"Chariot de transport simple pour mini-buts de football | en aluminium | PlayMore | Football | Activa Sport Sarl | \u2026que le sport soit avec toi !","breadcrumb":{"@id":"https:\/\/www.activasport.ch\/fr\/produkt\/chariot-de-transport-simple-pour-mini-buts-de-football\/#breadcrumb"},"inLanguage":"fr-FR","potentialAction":[{"@type":"ReadAction","target":["https:\/\/www.activasport.ch\/fr\/produkt\/chariot-de-transport-simple-pour-mini-buts-de-football\/"]}]},{"@type":"ImageObject","inLanguage":"fr-FR","@id":"https:\/\/www.activasport.ch\/fr\/produkt\/chariot-de-transport-simple-pour-mini-buts-de-football\/#primaryimage","url":"https:\/\/www.activasport.ch\/wp-content\/uploads\/2026\/02\/S06MIWA12_Transportwagen-fuer-Minifussballtore_800x800.jpg","contentUrl":"https:\/\/www.activasport.ch\/wp-content\/uploads\/2026\/02\/S06MIWA12_Transportwagen-fuer-Minifussballtore_800x800.jpg","width":800,"height":800,"caption":"Einfacher Transportwagen f\u00fcr Minifussballtore auf Rasen, Transportbereit mit Toren gestapelt"},{"@type":"BreadcrumbList","@id":"https:\/\/www.activasport.ch\/fr\/produkt\/chariot-de-transport-simple-pour-mini-buts-de-football\/#breadcrumb","itemListElement":[{"@type":"ListItem","position":1,"name":"Home","item":"https:\/\/www.activasport.ch\/fr\/"},{"@type":"ListItem","position":2,"name":"Shop","item":"https:\/\/www.activasport.ch\/fr\/?page_id=258329"},{"@type":"ListItem","position":3,"name":"Chariot de transport simple pour mini-buts de football"}]},{"@type":"WebSite","@id":"https:\/\/www.activasport.ch\/fr\/#website","url":"https:\/\/www.activasport.ch\/fr\/","name":"Activa Sport GmbH | M\u00f6ge der Sport mit Dir sein...","description":"","publisher":{"@id":"https:\/\/www.activasport.ch\/fr\/#organization"},"potentialAction":[{"@type":"SearchAction","target":{"@type":"EntryPoint","urlTemplate":"https:\/\/www.activasport.ch\/fr\/?s={search_term_string}"},"query-input":{"@type":"PropertyValueSpecification","valueRequired":true,"valueName":"search_term_string"}}],"inLanguage":"fr-FR"},{"@type":"Organization","@id":"https:\/\/www.activasport.ch\/fr\/#organization","name":"Activa Sport GmbH","url":"https:\/\/www.activasport.ch\/fr\/","logo":{"@type":"ImageObject","inLanguage":"fr-FR","@id":"https:\/\/www.activasport.ch\/fr\/#\/schema\/logo\/image\/","url":"https:\/\/www.activasport.ch\/wp-content\/uploads\/2020\/04\/Activa_AS_Emblem_rot-schwarz_512x512.png","contentUrl":"https:\/\/www.activasport.ch\/wp-content\/uploads\/2020\/04\/Activa_AS_Emblem_rot-schwarz_512x512.png","width":512,"height":512,"caption":"Activa Sport GmbH"},"image":{"@id":"https:\/\/www.activasport.ch\/fr\/#\/schema\/logo\/image\/"},"sameAs":["https:\/\/www.facebook.com\/activasport.ch\/","https:\/\/www.youtube.com\/channel\/UCtqHC7rBGHotohPIGFurwzg"]}]}},"_links":{"self":[{"href":"https:\/\/www.activasport.ch\/fr\/wp-json\/wp\/v2\/product\/286150","targetHints":{"allow":["GET"]}}],"collection":[{"href":"https:\/\/www.activasport.ch\/fr\/wp-json\/wp\/v2\/product"}],"about":[{"href":"https:\/\/www.activasport.ch\/fr\/wp-json\/wp\/v2\/types\/product"}],"wp:featuredmedia":[{"embeddable":true,"href":"https:\/\/www.activasport.ch\/fr\/wp-json\/wp\/v2\/media\/286152"}],"wp:attachment":[{"href":"https:\/\/www.activasport.ch\/fr\/wp-json\/wp\/v2\/media?parent=286150"}],"wp:term":[{"taxonomy":"product_brand","embeddable":true,"href":"https:\/\/www.activasport.ch\/fr\/wp-json\/wp\/v2\/product_brand?post=286150"},{"taxonomy":"product_cat","embeddable":true,"href":"https:\/\/www.activasport.ch\/fr\/wp-json\/wp\/v2\/product_cat?post=286150"},{"taxonomy":"product_tag","embeddable":true,"href":"https:\/\/www.activasport.ch\/fr\/wp-json\/wp\/v2\/product_tag?post=286150"}],"curies":[{"name":"wp","href":"https:\/\/api.w.org\/{rel}","templated":true}]}}