{"id":286077,"date":"2026-01-27T10:37:46","date_gmt":"2026-01-27T09:37:46","guid":{"rendered":"https:\/\/www.activasport.ch\/?post_type=product&#038;p=286077"},"modified":"2026-01-27T11:33:19","modified_gmt":"2026-01-27T10:33:19","slug":"chariot-de-transport-pour-buts-de-mini-football","status":"publish","type":"product","link":"https:\/\/www.activasport.ch\/fr\/produkt\/chariot-de-transport-pour-buts-de-mini-football\/","title":{"rendered":"Chariot de transport pour buts de mini-football"},"content":{"rendered":"<p>Chariot de transport pour buts de mini-football, Pratique, robuste et l\u00e9ger : nos chariots de transport sont la solution id\u00e9ale pour le d\u00e9placement facile et s\u00fbr de mini-buts de football. Conviennent aux cadres avant de portes de \u00d8 80 mm ou 120 x 100 mm \u2013 et flexibles aussi pour d\u2019autres \u00e9quipements sportifs, comme par exemple les obstacles, utilisables.<\/p>\n<p>Les roues pivotant \u00e0 360\u00b0 permettent un remorquage sans effort, m\u00eame dans les espaces restreints. Un jeu se compose de deux chariots, plac\u00e9s respectivement \u00e0 gauche et \u00e0 droite sous les buts.<\/p>\n<ul>\n<li>Construction robuste en aluminium de haute qualit\u00e9 \u2013 durable et l\u00e9g\u00e8re \u00e0 la fois.<\/li>\n<li>Surfaces d\u2019appui douces avec protection en feutre emp\u00eachant les rayures sur le cadredu but.<\/li>\n<li>Parfait pour une utilisation quotidienne lors de l\u2019entra\u00eenement.<\/li>\n<\/ul>\n<p>Un outil de transport r\u00e9fl\u00e9chi pour chaque terrain de sport.<\/p>\n","protected":false},"excerpt":{"rendered":"<p>Chariot de transport pour buts de mini-football, Pratique, robuste et l\u00e9ger : nos chariots de transport sont la solution id\u00e9ale pour le d\u00e9placement facile et s\u00fbr de mini-buts de football. Conviennent aux cadres avant de portes de \u00d8 80 mm ou 120 x 100 mm \u2013 et flexibles aussi pour d\u2019autres \u00e9quipements sportifs, comme par [&hellip;]<\/p>\n","protected":false},"featured_media":286081,"template":"","meta":{"_et_pb_use_builder":"","_et_pb_old_content":"","_et_gb_content_width":""},"product_brand":[],"product_cat":[1049,1051,1536,1044],"product_tag":[],"class_list":{"0":"post-286077","1":"product","2":"type-product","3":"status-publish","4":"has-post-thumbnail","6":"product_cat-chariots-de-transport-fr","7":"product_cat-mini-buts-fr","8":"product_cat-play-more-football-fr","9":"product_cat-poids-transport-fr","11":"first","12":"instock","13":"product-type-simple"},"yoast_head":"<!-- This site is optimized with the Yoast SEO plugin v27.3 - https:\/\/yoast.com\/product\/yoast-seo-wordpress\/ -->\n<title>Chariot de transport pour buts de mini-football<\/title>\n<meta name=\"description\" content=\"Chariot de transport pour buts de mini-football | en aluminium | PlayMore | Football | Activa Sport Sarl | \u2026que le sport soit avec toi !\" \/>\n<meta name=\"robots\" content=\"index, follow, max-snippet:-1, max-image-preview:large, max-video-preview:-1\" \/>\n<link rel=\"canonical\" href=\"https:\/\/www.activasport.ch\/fr\/produkt\/chariot-de-transport-pour-buts-de-mini-football\/\" \/>\n<meta property=\"og:locale\" content=\"fr_FR\" \/>\n<meta property=\"og:type\" content=\"article\" \/>\n<meta property=\"og:title\" content=\"Chariot de transport pour buts de mini-football\" \/>\n<meta property=\"og:description\" content=\"Chariot de transport pour buts de mini-football | en aluminium | PlayMore | Football | Activa Sport Sarl | \u2026que le sport soit avec toi !\" \/>\n<meta property=\"og:url\" content=\"https:\/\/www.activasport.ch\/fr\/produkt\/chariot-de-transport-pour-buts-de-mini-football\/\" \/>\n<meta property=\"og:site_name\" content=\"Activa Sport GmbH | M\u00f6ge der Sport mit Dir sein...\" \/>\n<meta property=\"article:publisher\" content=\"https:\/\/www.facebook.com\/activasport.ch\/\" \/>\n<meta property=\"article:modified_time\" content=\"2026-01-27T10:33:19+00:00\" \/>\n<meta property=\"og:image\" content=\"https:\/\/www.activasport.ch\/wp-content\/uploads\/2026\/01\/S06MIWA71_Transportwagen-fuer-Minifussballtore_800x800.jpg\" \/>\n\t<meta property=\"og:image:width\" content=\"800\" \/>\n\t<meta property=\"og:image:height\" content=\"800\" \/>\n\t<meta property=\"og:image:type\" content=\"image\/jpeg\" \/>\n<meta name=\"twitter:card\" content=\"summary_large_image\" \/>\n<meta name=\"twitter:label1\" content=\"Dur\u00e9e de lecture estim\u00e9e\" \/>\n\t<meta name=\"twitter:data1\" content=\"1 minute\" \/>\n<script type=\"application\/ld+json\" class=\"yoast-schema-graph\">{\"@context\":\"https:\\\/\\\/schema.org\",\"@graph\":[{\"@type\":\"WebPage\",\"@id\":\"https:\\\/\\\/www.activasport.ch\\\/fr\\\/produkt\\\/chariot-de-transport-pour-buts-de-mini-football\\\/\",\"url\":\"https:\\\/\\\/www.activasport.ch\\\/fr\\\/produkt\\\/chariot-de-transport-pour-buts-de-mini-football\\\/\",\"name\":\"Chariot de transport pour buts de mini-football\",\"isPartOf\":{\"@id\":\"https:\\\/\\\/www.activasport.ch\\\/fr\\\/#website\"},\"primaryImageOfPage\":{\"@id\":\"https:\\\/\\\/www.activasport.ch\\\/fr\\\/produkt\\\/chariot-de-transport-pour-buts-de-mini-football\\\/#primaryimage\"},\"image\":{\"@id\":\"https:\\\/\\\/www.activasport.ch\\\/fr\\\/produkt\\\/chariot-de-transport-pour-buts-de-mini-football\\\/#primaryimage\"},\"thumbnailUrl\":\"https:\\\/\\\/www.activasport.ch\\\/wp-content\\\/uploads\\\/2026\\\/01\\\/S06MIWA71_Transportwagen-fuer-Minifussballtore_800x800.jpg\",\"datePublished\":\"2026-01-27T09:37:46+00:00\",\"dateModified\":\"2026-01-27T10:33:19+00:00\",\"description\":\"Chariot de transport pour buts de mini-football | en aluminium | PlayMore | Football | Activa Sport Sarl | \u2026que le sport soit avec toi !\",\"breadcrumb\":{\"@id\":\"https:\\\/\\\/www.activasport.ch\\\/fr\\\/produkt\\\/chariot-de-transport-pour-buts-de-mini-football\\\/#breadcrumb\"},\"inLanguage\":\"fr-FR\",\"potentialAction\":[{\"@type\":\"ReadAction\",\"target\":[\"https:\\\/\\\/www.activasport.ch\\\/fr\\\/produkt\\\/chariot-de-transport-pour-buts-de-mini-football\\\/\"]}]},{\"@type\":\"ImageObject\",\"inLanguage\":\"fr-FR\",\"@id\":\"https:\\\/\\\/www.activasport.ch\\\/fr\\\/produkt\\\/chariot-de-transport-pour-buts-de-mini-football\\\/#primaryimage\",\"url\":\"https:\\\/\\\/www.activasport.ch\\\/wp-content\\\/uploads\\\/2026\\\/01\\\/S06MIWA71_Transportwagen-fuer-Minifussballtore_800x800.jpg\",\"contentUrl\":\"https:\\\/\\\/www.activasport.ch\\\/wp-content\\\/uploads\\\/2026\\\/01\\\/S06MIWA71_Transportwagen-fuer-Minifussballtore_800x800.jpg\",\"width\":800,\"height\":800,\"caption\":\"Transportwagen f\u00fcr Minifussballtore auf Rasen, Transportbereit mit Toren gestapelt\"},{\"@type\":\"BreadcrumbList\",\"@id\":\"https:\\\/\\\/www.activasport.ch\\\/fr\\\/produkt\\\/chariot-de-transport-pour-buts-de-mini-football\\\/#breadcrumb\",\"itemListElement\":[{\"@type\":\"ListItem\",\"position\":1,\"name\":\"Home\",\"item\":\"https:\\\/\\\/www.activasport.ch\\\/fr\\\/\"},{\"@type\":\"ListItem\",\"position\":2,\"name\":\"Shop\",\"item\":\"https:\\\/\\\/www.activasport.ch\\\/fr\\\/?page_id=258329\"},{\"@type\":\"ListItem\",\"position\":3,\"name\":\"Chariot de transport pour buts de mini-football\"}]},{\"@type\":\"WebSite\",\"@id\":\"https:\\\/\\\/www.activasport.ch\\\/fr\\\/#website\",\"url\":\"https:\\\/\\\/www.activasport.ch\\\/fr\\\/\",\"name\":\"Activa Sport GmbH | M\u00f6ge der Sport mit Dir sein...\",\"description\":\"\",\"publisher\":{\"@id\":\"https:\\\/\\\/www.activasport.ch\\\/fr\\\/#organization\"},\"potentialAction\":[{\"@type\":\"SearchAction\",\"target\":{\"@type\":\"EntryPoint\",\"urlTemplate\":\"https:\\\/\\\/www.activasport.ch\\\/fr\\\/?s={search_term_string}\"},\"query-input\":{\"@type\":\"PropertyValueSpecification\",\"valueRequired\":true,\"valueName\":\"search_term_string\"}}],\"inLanguage\":\"fr-FR\"},{\"@type\":\"Organization\",\"@id\":\"https:\\\/\\\/www.activasport.ch\\\/fr\\\/#organization\",\"name\":\"Activa Sport GmbH\",\"url\":\"https:\\\/\\\/www.activasport.ch\\\/fr\\\/\",\"logo\":{\"@type\":\"ImageObject\",\"inLanguage\":\"fr-FR\",\"@id\":\"https:\\\/\\\/www.activasport.ch\\\/fr\\\/#\\\/schema\\\/logo\\\/image\\\/\",\"url\":\"https:\\\/\\\/www.activasport.ch\\\/wp-content\\\/uploads\\\/2020\\\/04\\\/Activa_AS_Emblem_rot-schwarz_512x512.png\",\"contentUrl\":\"https:\\\/\\\/www.activasport.ch\\\/wp-content\\\/uploads\\\/2020\\\/04\\\/Activa_AS_Emblem_rot-schwarz_512x512.png\",\"width\":512,\"height\":512,\"caption\":\"Activa Sport GmbH\"},\"image\":{\"@id\":\"https:\\\/\\\/www.activasport.ch\\\/fr\\\/#\\\/schema\\\/logo\\\/image\\\/\"},\"sameAs\":[\"https:\\\/\\\/www.facebook.com\\\/activasport.ch\\\/\",\"https:\\\/\\\/www.youtube.com\\\/channel\\\/UCtqHC7rBGHotohPIGFurwzg\"]}]}<\/script>\n<!-- \/ Yoast SEO plugin. -->","yoast_head_json":{"title":"Chariot de transport pour buts de mini-football","description":"Chariot de transport pour buts de mini-football | en aluminium | PlayMore | Football | Activa Sport Sarl | \u2026que le sport soit avec toi !","robots":{"index":"index","follow":"follow","max-snippet":"max-snippet:-1","max-image-preview":"max-image-preview:large","max-video-preview":"max-video-preview:-1"},"canonical":"https:\/\/www.activasport.ch\/fr\/produkt\/chariot-de-transport-pour-buts-de-mini-football\/","og_locale":"fr_FR","og_type":"article","og_title":"Chariot de transport pour buts de mini-football","og_description":"Chariot de transport pour buts de mini-football | en aluminium | PlayMore | Football | Activa Sport Sarl | \u2026que le sport soit avec toi !","og_url":"https:\/\/www.activasport.ch\/fr\/produkt\/chariot-de-transport-pour-buts-de-mini-football\/","og_site_name":"Activa Sport GmbH | M\u00f6ge der Sport mit Dir sein...","article_publisher":"https:\/\/www.facebook.com\/activasport.ch\/","article_modified_time":"2026-01-27T10:33:19+00:00","og_image":[{"width":800,"height":800,"url":"https:\/\/www.activasport.ch\/wp-content\/uploads\/2026\/01\/S06MIWA71_Transportwagen-fuer-Minifussballtore_800x800.jpg","type":"image\/jpeg"}],"twitter_card":"summary_large_image","twitter_misc":{"Dur\u00e9e de lecture estim\u00e9e":"1 minute"},"schema":{"@context":"https:\/\/schema.org","@graph":[{"@type":"WebPage","@id":"https:\/\/www.activasport.ch\/fr\/produkt\/chariot-de-transport-pour-buts-de-mini-football\/","url":"https:\/\/www.activasport.ch\/fr\/produkt\/chariot-de-transport-pour-buts-de-mini-football\/","name":"Chariot de transport pour buts de mini-football","isPartOf":{"@id":"https:\/\/www.activasport.ch\/fr\/#website"},"primaryImageOfPage":{"@id":"https:\/\/www.activasport.ch\/fr\/produkt\/chariot-de-transport-pour-buts-de-mini-football\/#primaryimage"},"image":{"@id":"https:\/\/www.activasport.ch\/fr\/produkt\/chariot-de-transport-pour-buts-de-mini-football\/#primaryimage"},"thumbnailUrl":"https:\/\/www.activasport.ch\/wp-content\/uploads\/2026\/01\/S06MIWA71_Transportwagen-fuer-Minifussballtore_800x800.jpg","datePublished":"2026-01-27T09:37:46+00:00","dateModified":"2026-01-27T10:33:19+00:00","description":"Chariot de transport pour buts de mini-football | en aluminium | PlayMore | Football | Activa Sport Sarl | \u2026que le sport soit avec toi !","breadcrumb":{"@id":"https:\/\/www.activasport.ch\/fr\/produkt\/chariot-de-transport-pour-buts-de-mini-football\/#breadcrumb"},"inLanguage":"fr-FR","potentialAction":[{"@type":"ReadAction","target":["https:\/\/www.activasport.ch\/fr\/produkt\/chariot-de-transport-pour-buts-de-mini-football\/"]}]},{"@type":"ImageObject","inLanguage":"fr-FR","@id":"https:\/\/www.activasport.ch\/fr\/produkt\/chariot-de-transport-pour-buts-de-mini-football\/#primaryimage","url":"https:\/\/www.activasport.ch\/wp-content\/uploads\/2026\/01\/S06MIWA71_Transportwagen-fuer-Minifussballtore_800x800.jpg","contentUrl":"https:\/\/www.activasport.ch\/wp-content\/uploads\/2026\/01\/S06MIWA71_Transportwagen-fuer-Minifussballtore_800x800.jpg","width":800,"height":800,"caption":"Transportwagen f\u00fcr Minifussballtore auf Rasen, Transportbereit mit Toren gestapelt"},{"@type":"BreadcrumbList","@id":"https:\/\/www.activasport.ch\/fr\/produkt\/chariot-de-transport-pour-buts-de-mini-football\/#breadcrumb","itemListElement":[{"@type":"ListItem","position":1,"name":"Home","item":"https:\/\/www.activasport.ch\/fr\/"},{"@type":"ListItem","position":2,"name":"Shop","item":"https:\/\/www.activasport.ch\/fr\/?page_id=258329"},{"@type":"ListItem","position":3,"name":"Chariot de transport pour buts de mini-football"}]},{"@type":"WebSite","@id":"https:\/\/www.activasport.ch\/fr\/#website","url":"https:\/\/www.activasport.ch\/fr\/","name":"Activa Sport GmbH | M\u00f6ge der Sport mit Dir sein...","description":"","publisher":{"@id":"https:\/\/www.activasport.ch\/fr\/#organization"},"potentialAction":[{"@type":"SearchAction","target":{"@type":"EntryPoint","urlTemplate":"https:\/\/www.activasport.ch\/fr\/?s={search_term_string}"},"query-input":{"@type":"PropertyValueSpecification","valueRequired":true,"valueName":"search_term_string"}}],"inLanguage":"fr-FR"},{"@type":"Organization","@id":"https:\/\/www.activasport.ch\/fr\/#organization","name":"Activa Sport GmbH","url":"https:\/\/www.activasport.ch\/fr\/","logo":{"@type":"ImageObject","inLanguage":"fr-FR","@id":"https:\/\/www.activasport.ch\/fr\/#\/schema\/logo\/image\/","url":"https:\/\/www.activasport.ch\/wp-content\/uploads\/2020\/04\/Activa_AS_Emblem_rot-schwarz_512x512.png","contentUrl":"https:\/\/www.activasport.ch\/wp-content\/uploads\/2020\/04\/Activa_AS_Emblem_rot-schwarz_512x512.png","width":512,"height":512,"caption":"Activa Sport GmbH"},"image":{"@id":"https:\/\/www.activasport.ch\/fr\/#\/schema\/logo\/image\/"},"sameAs":["https:\/\/www.facebook.com\/activasport.ch\/","https:\/\/www.youtube.com\/channel\/UCtqHC7rBGHotohPIGFurwzg"]}]}},"_links":{"self":[{"href":"https:\/\/www.activasport.ch\/fr\/wp-json\/wp\/v2\/product\/286077","targetHints":{"allow":["GET"]}}],"collection":[{"href":"https:\/\/www.activasport.ch\/fr\/wp-json\/wp\/v2\/product"}],"about":[{"href":"https:\/\/www.activasport.ch\/fr\/wp-json\/wp\/v2\/types\/product"}],"wp:featuredmedia":[{"embeddable":true,"href":"https:\/\/www.activasport.ch\/fr\/wp-json\/wp\/v2\/media\/286081"}],"wp:attachment":[{"href":"https:\/\/www.activasport.ch\/fr\/wp-json\/wp\/v2\/media?parent=286077"}],"wp:term":[{"taxonomy":"product_brand","embeddable":true,"href":"https:\/\/www.activasport.ch\/fr\/wp-json\/wp\/v2\/product_brand?post=286077"},{"taxonomy":"product_cat","embeddable":true,"href":"https:\/\/www.activasport.ch\/fr\/wp-json\/wp\/v2\/product_cat?post=286077"},{"taxonomy":"product_tag","embeddable":true,"href":"https:\/\/www.activasport.ch\/fr\/wp-json\/wp\/v2\/product_tag?post=286077"}],"curies":[{"name":"wp","href":"https:\/\/api.w.org\/{rel}","templated":true}]}}