{"id":286014,"date":"2026-01-19T15:05:17","date_gmt":"2026-01-19T14:05:17","guid":{"rendered":"https:\/\/www.activasport.ch\/?post_type=product&#038;p=286014"},"modified":"2026-01-19T15:34:14","modified_gmt":"2026-01-19T14:34:14","slug":"filet-brise-vent-brise-vue-320-g-m2","status":"publish","type":"product","link":"https:\/\/www.activasport.ch\/fr\/produkt\/filet-brise-vent-brise-vue-320-g-m2\/","title":{"rendered":"Filet brise-vent\/brise-vue 320 g\/m2"},"content":{"rendered":"<p>Filet brise-vent\/brise-vue, ignifuge, 320 g\/m2<\/p>\n<ul>\n<li>Mat\u00e9riau : Tissu en poly\u00e9thyl\u00e8ne tiss\u00e9, extr\u00eamement opaque pour une confidentialit\u00e9 optimale sur le court de tennis.<\/li>\n<li>Caract\u00e9ristiques : Ignifuge selon les normes en vigueur, robuste et durable.<\/li>\n<li>Dimensions : Tailles personnalis\u00e9es selon la demande du client ( largeur x hauteur ).<\/li>\n<li>Construction : Bande de renfort tout autour pour une stabilit\u00e9 accrue ; \u0153illets m\u00e9talliques \u00e0 environ 50 cm d\u2019intervalle.<\/li>\n<li>Fixation : Mousquetons inclus pour une suspension facile au c\u00e2ble en acier.<\/li>\n<li>Couleur : Vert fonc\u00e9. Autres couleurs sur demande disponibles.<\/li>\n<\/ul>\n<p>Points forts :<\/p>\n<ul>\n<li>Adaptation sur mesure, y compris pour des formats sp\u00e9ciaux.<\/li>\n<li>Haute opacit\u00e9 et r\u00e9sistance aux intemp\u00e9ries.<\/li>\n<li>Livraison rapide pour les fabrications sur mesure.<\/li>\n<\/ul>\n<p>Note de commande :<\/p>\n<ul>\n<li>Veuillez indiquer les dimensions souhait\u00e9es et la couleur lors de la commande.<\/li>\n<li>Contenu de la livraison : Tennisplatz-Blende + mousquetons.<\/li>\n<\/ul>\n","protected":false},"excerpt":{"rendered":"<p>Filet brise-vent\/brise-vue, ignifuge, 320 g\/m2 Mat\u00e9riau : Tissu en poly\u00e9thyl\u00e8ne tiss\u00e9, extr\u00eamement opaque pour une confidentialit\u00e9 optimale sur le court de tennis. Caract\u00e9ristiques : Ignifuge selon les normes en vigueur, robuste et durable. Dimensions : Tailles personnalis\u00e9es selon la demande du client ( largeur x hauteur ). Construction : Bande de renfort tout autour pour [&hellip;]<\/p>\n","protected":false},"featured_media":286016,"template":"","meta":{"_et_pb_use_builder":"","_et_pb_old_content":"","_et_gb_content_width":""},"product_brand":[],"product_cat":[1033,1036],"product_tag":[],"class_list":{"0":"post-286014","1":"product","2":"type-product","3":"status-publish","4":"has-post-thumbnail","6":"product_cat-equipement-fr","7":"product_cat-equipements-divers-fr","9":"first","10":"instock","11":"taxable","12":"shipping-taxable","13":"product-type-simple"},"yoast_head":"<!-- This site is optimized with the Yoast SEO plugin v27.3 - https:\/\/yoast.com\/product\/yoast-seo-wordpress\/ -->\n<title>Filet brise-vent\/brise-vue 320 g\/m2 | Activa Sport GmbH | M\u00f6ge der Sport mit Dir sein...<\/title>\n<meta name=\"description\" content=\"Filet brise-vent\/brise-vue 320 g\/m2 | pour court de tennis | Activa Sport GmbH | M\u00f6ge der Sport mit Dir sein...\" \/>\n<meta name=\"robots\" content=\"index, follow, max-snippet:-1, max-image-preview:large, max-video-preview:-1\" \/>\n<link rel=\"canonical\" href=\"https:\/\/www.activasport.ch\/fr\/produkt\/filet-brise-vent-brise-vue-320-g-m2\/\" \/>\n<meta property=\"og:locale\" content=\"fr_FR\" \/>\n<meta property=\"og:type\" content=\"article\" \/>\n<meta property=\"og:title\" content=\"Filet brise-vent\/brise-vue 320 g\/m2 | Activa Sport GmbH | M\u00f6ge der Sport mit Dir sein...\" \/>\n<meta property=\"og:description\" content=\"Filet brise-vent\/brise-vue 320 g\/m2 | pour court de tennis | Activa Sport GmbH | M\u00f6ge der Sport mit Dir sein...\" \/>\n<meta property=\"og:url\" content=\"https:\/\/www.activasport.ch\/fr\/produkt\/filet-brise-vent-brise-vue-320-g-m2\/\" \/>\n<meta property=\"og:site_name\" content=\"Activa Sport GmbH | M\u00f6ge der Sport mit Dir sein...\" \/>\n<meta property=\"article:publisher\" content=\"https:\/\/www.facebook.com\/activasport.ch\/\" \/>\n<meta property=\"article:modified_time\" content=\"2026-01-19T14:34:14+00:00\" \/>\n<meta property=\"og:image\" content=\"https:\/\/www.activasport.ch\/wp-content\/uploads\/2026\/01\/A99776015_Tennisplatz-Blende-320-g_1000x1000.jpg\" \/>\n\t<meta property=\"og:image:width\" content=\"1000\" \/>\n\t<meta property=\"og:image:height\" content=\"1000\" \/>\n\t<meta property=\"og:image:type\" content=\"image\/jpeg\" \/>\n<meta name=\"twitter:card\" content=\"summary_large_image\" \/>\n<meta name=\"twitter:label1\" content=\"Dur\u00e9e de lecture estim\u00e9e\" \/>\n\t<meta name=\"twitter:data1\" content=\"1 minute\" \/>\n<script type=\"application\/ld+json\" class=\"yoast-schema-graph\">{\"@context\":\"https:\\\/\\\/schema.org\",\"@graph\":[{\"@type\":\"WebPage\",\"@id\":\"https:\\\/\\\/www.activasport.ch\\\/fr\\\/produkt\\\/filet-brise-vent-brise-vue-320-g-m2\\\/\",\"url\":\"https:\\\/\\\/www.activasport.ch\\\/fr\\\/produkt\\\/filet-brise-vent-brise-vue-320-g-m2\\\/\",\"name\":\"Filet brise-vent\\\/brise-vue 320 g\\\/m2 | Activa Sport GmbH | M\u00f6ge der Sport mit Dir sein...\",\"isPartOf\":{\"@id\":\"https:\\\/\\\/www.activasport.ch\\\/fr\\\/#website\"},\"primaryImageOfPage\":{\"@id\":\"https:\\\/\\\/www.activasport.ch\\\/fr\\\/produkt\\\/filet-brise-vent-brise-vue-320-g-m2\\\/#primaryimage\"},\"image\":{\"@id\":\"https:\\\/\\\/www.activasport.ch\\\/fr\\\/produkt\\\/filet-brise-vent-brise-vue-320-g-m2\\\/#primaryimage\"},\"thumbnailUrl\":\"https:\\\/\\\/www.activasport.ch\\\/wp-content\\\/uploads\\\/2026\\\/01\\\/A99776015_Tennisplatz-Blende-320-g_1000x1000.jpg\",\"datePublished\":\"2026-01-19T14:05:17+00:00\",\"dateModified\":\"2026-01-19T14:34:14+00:00\",\"description\":\"Filet brise-vent\\\/brise-vue 320 g\\\/m2 | pour court de tennis | Activa Sport GmbH | M\u00f6ge der Sport mit Dir sein...\",\"breadcrumb\":{\"@id\":\"https:\\\/\\\/www.activasport.ch\\\/fr\\\/produkt\\\/filet-brise-vent-brise-vue-320-g-m2\\\/#breadcrumb\"},\"inLanguage\":\"fr-FR\",\"potentialAction\":[{\"@type\":\"ReadAction\",\"target\":[\"https:\\\/\\\/www.activasport.ch\\\/fr\\\/produkt\\\/filet-brise-vent-brise-vue-320-g-m2\\\/\"]}]},{\"@type\":\"ImageObject\",\"inLanguage\":\"fr-FR\",\"@id\":\"https:\\\/\\\/www.activasport.ch\\\/fr\\\/produkt\\\/filet-brise-vent-brise-vue-320-g-m2\\\/#primaryimage\",\"url\":\"https:\\\/\\\/www.activasport.ch\\\/wp-content\\\/uploads\\\/2026\\\/01\\\/A99776015_Tennisplatz-Blende-320-g_1000x1000.jpg\",\"contentUrl\":\"https:\\\/\\\/www.activasport.ch\\\/wp-content\\\/uploads\\\/2026\\\/01\\\/A99776015_Tennisplatz-Blende-320-g_1000x1000.jpg\",\"width\":1000,\"height\":1000,\"caption\":\"A99776015\"},{\"@type\":\"BreadcrumbList\",\"@id\":\"https:\\\/\\\/www.activasport.ch\\\/fr\\\/produkt\\\/filet-brise-vent-brise-vue-320-g-m2\\\/#breadcrumb\",\"itemListElement\":[{\"@type\":\"ListItem\",\"position\":1,\"name\":\"Home\",\"item\":\"https:\\\/\\\/www.activasport.ch\\\/fr\\\/\"},{\"@type\":\"ListItem\",\"position\":2,\"name\":\"Shop\",\"item\":\"https:\\\/\\\/www.activasport.ch\\\/fr\\\/?page_id=258329\"},{\"@type\":\"ListItem\",\"position\":3,\"name\":\"Filet brise-vent\\\/brise-vue 320 g\\\/m2\"}]},{\"@type\":\"WebSite\",\"@id\":\"https:\\\/\\\/www.activasport.ch\\\/fr\\\/#website\",\"url\":\"https:\\\/\\\/www.activasport.ch\\\/fr\\\/\",\"name\":\"Activa Sport GmbH | M\u00f6ge der Sport mit Dir sein...\",\"description\":\"\",\"publisher\":{\"@id\":\"https:\\\/\\\/www.activasport.ch\\\/fr\\\/#organization\"},\"potentialAction\":[{\"@type\":\"SearchAction\",\"target\":{\"@type\":\"EntryPoint\",\"urlTemplate\":\"https:\\\/\\\/www.activasport.ch\\\/fr\\\/?s={search_term_string}\"},\"query-input\":{\"@type\":\"PropertyValueSpecification\",\"valueRequired\":true,\"valueName\":\"search_term_string\"}}],\"inLanguage\":\"fr-FR\"},{\"@type\":\"Organization\",\"@id\":\"https:\\\/\\\/www.activasport.ch\\\/fr\\\/#organization\",\"name\":\"Activa Sport GmbH\",\"url\":\"https:\\\/\\\/www.activasport.ch\\\/fr\\\/\",\"logo\":{\"@type\":\"ImageObject\",\"inLanguage\":\"fr-FR\",\"@id\":\"https:\\\/\\\/www.activasport.ch\\\/fr\\\/#\\\/schema\\\/logo\\\/image\\\/\",\"url\":\"https:\\\/\\\/www.activasport.ch\\\/wp-content\\\/uploads\\\/2020\\\/04\\\/Activa_AS_Emblem_rot-schwarz_512x512.png\",\"contentUrl\":\"https:\\\/\\\/www.activasport.ch\\\/wp-content\\\/uploads\\\/2020\\\/04\\\/Activa_AS_Emblem_rot-schwarz_512x512.png\",\"width\":512,\"height\":512,\"caption\":\"Activa Sport GmbH\"},\"image\":{\"@id\":\"https:\\\/\\\/www.activasport.ch\\\/fr\\\/#\\\/schema\\\/logo\\\/image\\\/\"},\"sameAs\":[\"https:\\\/\\\/www.facebook.com\\\/activasport.ch\\\/\",\"https:\\\/\\\/www.youtube.com\\\/channel\\\/UCtqHC7rBGHotohPIGFurwzg\"]}]}<\/script>\n<!-- \/ Yoast SEO plugin. -->","yoast_head_json":{"title":"Filet brise-vent\/brise-vue 320 g\/m2 | Activa Sport GmbH | M\u00f6ge der Sport mit Dir sein...","description":"Filet brise-vent\/brise-vue 320 g\/m2 | pour court de tennis | Activa Sport GmbH | M\u00f6ge der Sport mit Dir sein...","robots":{"index":"index","follow":"follow","max-snippet":"max-snippet:-1","max-image-preview":"max-image-preview:large","max-video-preview":"max-video-preview:-1"},"canonical":"https:\/\/www.activasport.ch\/fr\/produkt\/filet-brise-vent-brise-vue-320-g-m2\/","og_locale":"fr_FR","og_type":"article","og_title":"Filet brise-vent\/brise-vue 320 g\/m2 | Activa Sport GmbH | M\u00f6ge der Sport mit Dir sein...","og_description":"Filet brise-vent\/brise-vue 320 g\/m2 | pour court de tennis | Activa Sport GmbH | M\u00f6ge der Sport mit Dir sein...","og_url":"https:\/\/www.activasport.ch\/fr\/produkt\/filet-brise-vent-brise-vue-320-g-m2\/","og_site_name":"Activa Sport GmbH | M\u00f6ge der Sport mit Dir sein...","article_publisher":"https:\/\/www.facebook.com\/activasport.ch\/","article_modified_time":"2026-01-19T14:34:14+00:00","og_image":[{"width":1000,"height":1000,"url":"https:\/\/www.activasport.ch\/wp-content\/uploads\/2026\/01\/A99776015_Tennisplatz-Blende-320-g_1000x1000.jpg","type":"image\/jpeg"}],"twitter_card":"summary_large_image","twitter_misc":{"Dur\u00e9e de lecture estim\u00e9e":"1 minute"},"schema":{"@context":"https:\/\/schema.org","@graph":[{"@type":"WebPage","@id":"https:\/\/www.activasport.ch\/fr\/produkt\/filet-brise-vent-brise-vue-320-g-m2\/","url":"https:\/\/www.activasport.ch\/fr\/produkt\/filet-brise-vent-brise-vue-320-g-m2\/","name":"Filet brise-vent\/brise-vue 320 g\/m2 | Activa Sport GmbH | M\u00f6ge der Sport mit Dir sein...","isPartOf":{"@id":"https:\/\/www.activasport.ch\/fr\/#website"},"primaryImageOfPage":{"@id":"https:\/\/www.activasport.ch\/fr\/produkt\/filet-brise-vent-brise-vue-320-g-m2\/#primaryimage"},"image":{"@id":"https:\/\/www.activasport.ch\/fr\/produkt\/filet-brise-vent-brise-vue-320-g-m2\/#primaryimage"},"thumbnailUrl":"https:\/\/www.activasport.ch\/wp-content\/uploads\/2026\/01\/A99776015_Tennisplatz-Blende-320-g_1000x1000.jpg","datePublished":"2026-01-19T14:05:17+00:00","dateModified":"2026-01-19T14:34:14+00:00","description":"Filet brise-vent\/brise-vue 320 g\/m2 | pour court de tennis | Activa Sport GmbH | M\u00f6ge der Sport mit Dir sein...","breadcrumb":{"@id":"https:\/\/www.activasport.ch\/fr\/produkt\/filet-brise-vent-brise-vue-320-g-m2\/#breadcrumb"},"inLanguage":"fr-FR","potentialAction":[{"@type":"ReadAction","target":["https:\/\/www.activasport.ch\/fr\/produkt\/filet-brise-vent-brise-vue-320-g-m2\/"]}]},{"@type":"ImageObject","inLanguage":"fr-FR","@id":"https:\/\/www.activasport.ch\/fr\/produkt\/filet-brise-vent-brise-vue-320-g-m2\/#primaryimage","url":"https:\/\/www.activasport.ch\/wp-content\/uploads\/2026\/01\/A99776015_Tennisplatz-Blende-320-g_1000x1000.jpg","contentUrl":"https:\/\/www.activasport.ch\/wp-content\/uploads\/2026\/01\/A99776015_Tennisplatz-Blende-320-g_1000x1000.jpg","width":1000,"height":1000,"caption":"A99776015"},{"@type":"BreadcrumbList","@id":"https:\/\/www.activasport.ch\/fr\/produkt\/filet-brise-vent-brise-vue-320-g-m2\/#breadcrumb","itemListElement":[{"@type":"ListItem","position":1,"name":"Home","item":"https:\/\/www.activasport.ch\/fr\/"},{"@type":"ListItem","position":2,"name":"Shop","item":"https:\/\/www.activasport.ch\/fr\/?page_id=258329"},{"@type":"ListItem","position":3,"name":"Filet brise-vent\/brise-vue 320 g\/m2"}]},{"@type":"WebSite","@id":"https:\/\/www.activasport.ch\/fr\/#website","url":"https:\/\/www.activasport.ch\/fr\/","name":"Activa Sport GmbH | M\u00f6ge der Sport mit Dir sein...","description":"","publisher":{"@id":"https:\/\/www.activasport.ch\/fr\/#organization"},"potentialAction":[{"@type":"SearchAction","target":{"@type":"EntryPoint","urlTemplate":"https:\/\/www.activasport.ch\/fr\/?s={search_term_string}"},"query-input":{"@type":"PropertyValueSpecification","valueRequired":true,"valueName":"search_term_string"}}],"inLanguage":"fr-FR"},{"@type":"Organization","@id":"https:\/\/www.activasport.ch\/fr\/#organization","name":"Activa Sport GmbH","url":"https:\/\/www.activasport.ch\/fr\/","logo":{"@type":"ImageObject","inLanguage":"fr-FR","@id":"https:\/\/www.activasport.ch\/fr\/#\/schema\/logo\/image\/","url":"https:\/\/www.activasport.ch\/wp-content\/uploads\/2020\/04\/Activa_AS_Emblem_rot-schwarz_512x512.png","contentUrl":"https:\/\/www.activasport.ch\/wp-content\/uploads\/2020\/04\/Activa_AS_Emblem_rot-schwarz_512x512.png","width":512,"height":512,"caption":"Activa Sport GmbH"},"image":{"@id":"https:\/\/www.activasport.ch\/fr\/#\/schema\/logo\/image\/"},"sameAs":["https:\/\/www.facebook.com\/activasport.ch\/","https:\/\/www.youtube.com\/channel\/UCtqHC7rBGHotohPIGFurwzg"]}]}},"_links":{"self":[{"href":"https:\/\/www.activasport.ch\/fr\/wp-json\/wp\/v2\/product\/286014","targetHints":{"allow":["GET"]}}],"collection":[{"href":"https:\/\/www.activasport.ch\/fr\/wp-json\/wp\/v2\/product"}],"about":[{"href":"https:\/\/www.activasport.ch\/fr\/wp-json\/wp\/v2\/types\/product"}],"wp:featuredmedia":[{"embeddable":true,"href":"https:\/\/www.activasport.ch\/fr\/wp-json\/wp\/v2\/media\/286016"}],"wp:attachment":[{"href":"https:\/\/www.activasport.ch\/fr\/wp-json\/wp\/v2\/media?parent=286014"}],"wp:term":[{"taxonomy":"product_brand","embeddable":true,"href":"https:\/\/www.activasport.ch\/fr\/wp-json\/wp\/v2\/product_brand?post=286014"},{"taxonomy":"product_cat","embeddable":true,"href":"https:\/\/www.activasport.ch\/fr\/wp-json\/wp\/v2\/product_cat?post=286014"},{"taxonomy":"product_tag","embeddable":true,"href":"https:\/\/www.activasport.ch\/fr\/wp-json\/wp\/v2\/product_tag?post=286014"}],"curies":[{"name":"wp","href":"https:\/\/api.w.org\/{rel}","templated":true}]}}