{"id":286011,"date":"2026-01-19T14:48:52","date_gmt":"2026-01-19T13:48:52","guid":{"rendered":"https:\/\/www.activasport.ch\/?post_type=product&#038;p=286011"},"modified":"2026-01-19T14:57:37","modified_gmt":"2026-01-19T13:57:37","slug":"brise-vue-en-pe-env-200-g-m%c2%b2","status":"publish","type":"product","link":"https:\/\/www.activasport.ch\/fr\/produkt\/brise-vue-en-pe-env-200-g-m%c2%b2\/","title":{"rendered":"Brise-vue en PE env. 200 g\/m\u00b2"},"content":{"rendered":"<p>La b\u00e2che est compos\u00e9e d\u2019un tissu ajour\u00e9 en poly\u00e9thyl\u00e8ne (PE) Raschel perm\u00e9able \u00e0 l\u2019air, avec un grammage de 200 g\/m\u00b2.<br \/>\nDe plus, la b\u00e2che est \u00e9quip\u00e9e tout autour d\u2019\u0153illets m\u00e9talliques espac\u00e9s d\u2019environ 50 cm et d\u2019un bord renforc\u00e9 \u00e0 double trame.<\/p>\n<p>La livraison comprend le brise-vue ainsi qu\u2019un nombre de mousquetons correspondant au nombre d\u2019\u0153illets m\u00e9talliques.<\/p>\n<p><span id=\"wpaicg-chat-message-19875\" class=\"wpaicg-chat-message\">Couleurs: vert clair, vert fonc\u00e9, bleu, noir, argent, terracotta, orange, cr\u00e8me.\u00a0<\/span><\/p>\n<p>Veuillez indiquer la couleur souhait\u00e9e lors de la commande !<\/p>\n","protected":false},"excerpt":{"rendered":"<p>La b\u00e2che est compos\u00e9e d\u2019un tissu ajour\u00e9 en poly\u00e9thyl\u00e8ne (PE) Raschel perm\u00e9able \u00e0 l\u2019air, avec un grammage de 200 g\/m\u00b2. De plus, la b\u00e2che est \u00e9quip\u00e9e tout autour d\u2019\u0153illets m\u00e9talliques espac\u00e9s d\u2019environ 50 cm et d\u2019un bord renforc\u00e9 \u00e0 double trame. La livraison comprend le brise-vue ainsi qu\u2019un nombre de mousquetons correspondant au nombre d\u2019\u0153illets [&hellip;]<\/p>\n","protected":false},"featured_media":285997,"template":"","meta":{"_et_pb_use_builder":"","_et_pb_old_content":"","_et_gb_content_width":""},"product_brand":[],"product_cat":[1033,1036],"product_tag":[],"class_list":{"0":"post-286011","1":"product","2":"type-product","3":"status-publish","4":"has-post-thumbnail","6":"product_cat-equipement-fr","7":"product_cat-equipements-divers-fr","9":"first","10":"instock","11":"taxable","12":"shipping-taxable","13":"product-type-simple"},"yoast_head":"<!-- This site is optimized with the Yoast SEO plugin v27.3 - https:\/\/yoast.com\/product\/yoast-seo-wordpress\/ -->\n<title>Brise-vue en PE env. 200 g\/m\u00b2 | Activa Sport GmbH | M\u00f6ge der Sport mit Dir sein...<\/title>\n<meta name=\"description\" content=\"Brise-vue en PE env. 200 g\/m\u00b2 | hauteur de 2 m | Activa Sport GmbH | M\u00f6ge der Sport mit Dir sein...\" \/>\n<meta name=\"robots\" content=\"index, follow, max-snippet:-1, max-image-preview:large, max-video-preview:-1\" \/>\n<link rel=\"canonical\" href=\"https:\/\/www.activasport.ch\/fr\/produkt\/brise-vue-en-pe-env-200-g-m%c2%b2\/\" \/>\n<meta property=\"og:locale\" content=\"fr_FR\" \/>\n<meta property=\"og:type\" content=\"article\" \/>\n<meta property=\"og:title\" content=\"Brise-vue en PE env. 200 g\/m\u00b2 | Activa Sport GmbH | M\u00f6ge der Sport mit Dir sein...\" \/>\n<meta property=\"og:description\" content=\"Brise-vue en PE env. 200 g\/m\u00b2 | hauteur de 2 m | Activa Sport GmbH | M\u00f6ge der Sport mit Dir sein...\" \/>\n<meta property=\"og:url\" content=\"https:\/\/www.activasport.ch\/fr\/produkt\/brise-vue-en-pe-env-200-g-m%c2%b2\/\" \/>\n<meta property=\"og:site_name\" content=\"Activa Sport GmbH | M\u00f6ge der Sport mit Dir sein...\" \/>\n<meta property=\"article:publisher\" content=\"https:\/\/www.facebook.com\/activasport.ch\/\" \/>\n<meta property=\"article:modified_time\" content=\"2026-01-19T13:57:37+00:00\" \/>\n<meta property=\"og:image\" content=\"https:\/\/www.activasport.ch\/wp-content\/uploads\/2026\/01\/A99000712_Sichtschutz-200-g_1000x1000.jpg\" \/>\n\t<meta property=\"og:image:width\" content=\"1000\" \/>\n\t<meta property=\"og:image:height\" content=\"1000\" \/>\n\t<meta property=\"og:image:type\" content=\"image\/jpeg\" \/>\n<meta name=\"twitter:card\" content=\"summary_large_image\" \/>\n<meta name=\"twitter:label1\" content=\"Dur\u00e9e de lecture estim\u00e9e\" \/>\n\t<meta name=\"twitter:data1\" content=\"1 minute\" \/>\n<script type=\"application\/ld+json\" class=\"yoast-schema-graph\">{\"@context\":\"https:\\\/\\\/schema.org\",\"@graph\":[{\"@type\":\"WebPage\",\"@id\":\"https:\\\/\\\/www.activasport.ch\\\/fr\\\/produkt\\\/brise-vue-en-pe-env-200-g-m%c2%b2\\\/\",\"url\":\"https:\\\/\\\/www.activasport.ch\\\/fr\\\/produkt\\\/brise-vue-en-pe-env-200-g-m%c2%b2\\\/\",\"name\":\"Brise-vue en PE env. 200 g\\\/m\u00b2 | Activa Sport GmbH | M\u00f6ge der Sport mit Dir sein...\",\"isPartOf\":{\"@id\":\"https:\\\/\\\/www.activasport.ch\\\/fr\\\/#website\"},\"primaryImageOfPage\":{\"@id\":\"https:\\\/\\\/www.activasport.ch\\\/fr\\\/produkt\\\/brise-vue-en-pe-env-200-g-m%c2%b2\\\/#primaryimage\"},\"image\":{\"@id\":\"https:\\\/\\\/www.activasport.ch\\\/fr\\\/produkt\\\/brise-vue-en-pe-env-200-g-m%c2%b2\\\/#primaryimage\"},\"thumbnailUrl\":\"https:\\\/\\\/www.activasport.ch\\\/wp-content\\\/uploads\\\/2026\\\/01\\\/A99000712_Sichtschutz-200-g_1000x1000.jpg\",\"datePublished\":\"2026-01-19T13:48:52+00:00\",\"dateModified\":\"2026-01-19T13:57:37+00:00\",\"description\":\"Brise-vue en PE env. 200 g\\\/m\u00b2 | hauteur de 2 m | Activa Sport GmbH | M\u00f6ge der Sport mit Dir sein...\",\"breadcrumb\":{\"@id\":\"https:\\\/\\\/www.activasport.ch\\\/fr\\\/produkt\\\/brise-vue-en-pe-env-200-g-m%c2%b2\\\/#breadcrumb\"},\"inLanguage\":\"fr-FR\",\"potentialAction\":[{\"@type\":\"ReadAction\",\"target\":[\"https:\\\/\\\/www.activasport.ch\\\/fr\\\/produkt\\\/brise-vue-en-pe-env-200-g-m%c2%b2\\\/\"]}]},{\"@type\":\"ImageObject\",\"inLanguage\":\"fr-FR\",\"@id\":\"https:\\\/\\\/www.activasport.ch\\\/fr\\\/produkt\\\/brise-vue-en-pe-env-200-g-m%c2%b2\\\/#primaryimage\",\"url\":\"https:\\\/\\\/www.activasport.ch\\\/wp-content\\\/uploads\\\/2026\\\/01\\\/A99000712_Sichtschutz-200-g_1000x1000.jpg\",\"contentUrl\":\"https:\\\/\\\/www.activasport.ch\\\/wp-content\\\/uploads\\\/2026\\\/01\\\/A99000712_Sichtschutz-200-g_1000x1000.jpg\",\"width\":1000,\"height\":1000,\"caption\":\"PE-Sichtschutzblende ca. 200 g\\\/m\u00b2 an Zaun fixiert in der Farbe schwarz\"},{\"@type\":\"BreadcrumbList\",\"@id\":\"https:\\\/\\\/www.activasport.ch\\\/fr\\\/produkt\\\/brise-vue-en-pe-env-200-g-m%c2%b2\\\/#breadcrumb\",\"itemListElement\":[{\"@type\":\"ListItem\",\"position\":1,\"name\":\"Home\",\"item\":\"https:\\\/\\\/www.activasport.ch\\\/fr\\\/\"},{\"@type\":\"ListItem\",\"position\":2,\"name\":\"Shop\",\"item\":\"https:\\\/\\\/www.activasport.ch\\\/fr\\\/?page_id=258329\"},{\"@type\":\"ListItem\",\"position\":3,\"name\":\"Brise-vue en PE env. 200 g\\\/m\u00b2\"}]},{\"@type\":\"WebSite\",\"@id\":\"https:\\\/\\\/www.activasport.ch\\\/fr\\\/#website\",\"url\":\"https:\\\/\\\/www.activasport.ch\\\/fr\\\/\",\"name\":\"Activa Sport GmbH | M\u00f6ge der Sport mit Dir sein...\",\"description\":\"\",\"publisher\":{\"@id\":\"https:\\\/\\\/www.activasport.ch\\\/fr\\\/#organization\"},\"potentialAction\":[{\"@type\":\"SearchAction\",\"target\":{\"@type\":\"EntryPoint\",\"urlTemplate\":\"https:\\\/\\\/www.activasport.ch\\\/fr\\\/?s={search_term_string}\"},\"query-input\":{\"@type\":\"PropertyValueSpecification\",\"valueRequired\":true,\"valueName\":\"search_term_string\"}}],\"inLanguage\":\"fr-FR\"},{\"@type\":\"Organization\",\"@id\":\"https:\\\/\\\/www.activasport.ch\\\/fr\\\/#organization\",\"name\":\"Activa Sport GmbH\",\"url\":\"https:\\\/\\\/www.activasport.ch\\\/fr\\\/\",\"logo\":{\"@type\":\"ImageObject\",\"inLanguage\":\"fr-FR\",\"@id\":\"https:\\\/\\\/www.activasport.ch\\\/fr\\\/#\\\/schema\\\/logo\\\/image\\\/\",\"url\":\"https:\\\/\\\/www.activasport.ch\\\/wp-content\\\/uploads\\\/2020\\\/04\\\/Activa_AS_Emblem_rot-schwarz_512x512.png\",\"contentUrl\":\"https:\\\/\\\/www.activasport.ch\\\/wp-content\\\/uploads\\\/2020\\\/04\\\/Activa_AS_Emblem_rot-schwarz_512x512.png\",\"width\":512,\"height\":512,\"caption\":\"Activa Sport GmbH\"},\"image\":{\"@id\":\"https:\\\/\\\/www.activasport.ch\\\/fr\\\/#\\\/schema\\\/logo\\\/image\\\/\"},\"sameAs\":[\"https:\\\/\\\/www.facebook.com\\\/activasport.ch\\\/\",\"https:\\\/\\\/www.youtube.com\\\/channel\\\/UCtqHC7rBGHotohPIGFurwzg\"]}]}<\/script>\n<!-- \/ Yoast SEO plugin. -->","yoast_head_json":{"title":"Brise-vue en PE env. 200 g\/m\u00b2 | Activa Sport GmbH | M\u00f6ge der Sport mit Dir sein...","description":"Brise-vue en PE env. 200 g\/m\u00b2 | hauteur de 2 m | Activa Sport GmbH | M\u00f6ge der Sport mit Dir sein...","robots":{"index":"index","follow":"follow","max-snippet":"max-snippet:-1","max-image-preview":"max-image-preview:large","max-video-preview":"max-video-preview:-1"},"canonical":"https:\/\/www.activasport.ch\/fr\/produkt\/brise-vue-en-pe-env-200-g-m%c2%b2\/","og_locale":"fr_FR","og_type":"article","og_title":"Brise-vue en PE env. 200 g\/m\u00b2 | Activa Sport GmbH | M\u00f6ge der Sport mit Dir sein...","og_description":"Brise-vue en PE env. 200 g\/m\u00b2 | hauteur de 2 m | Activa Sport GmbH | M\u00f6ge der Sport mit Dir sein...","og_url":"https:\/\/www.activasport.ch\/fr\/produkt\/brise-vue-en-pe-env-200-g-m%c2%b2\/","og_site_name":"Activa Sport GmbH | M\u00f6ge der Sport mit Dir sein...","article_publisher":"https:\/\/www.facebook.com\/activasport.ch\/","article_modified_time":"2026-01-19T13:57:37+00:00","og_image":[{"width":1000,"height":1000,"url":"https:\/\/www.activasport.ch\/wp-content\/uploads\/2026\/01\/A99000712_Sichtschutz-200-g_1000x1000.jpg","type":"image\/jpeg"}],"twitter_card":"summary_large_image","twitter_misc":{"Dur\u00e9e de lecture estim\u00e9e":"1 minute"},"schema":{"@context":"https:\/\/schema.org","@graph":[{"@type":"WebPage","@id":"https:\/\/www.activasport.ch\/fr\/produkt\/brise-vue-en-pe-env-200-g-m%c2%b2\/","url":"https:\/\/www.activasport.ch\/fr\/produkt\/brise-vue-en-pe-env-200-g-m%c2%b2\/","name":"Brise-vue en PE env. 200 g\/m\u00b2 | Activa Sport GmbH | M\u00f6ge der Sport mit Dir sein...","isPartOf":{"@id":"https:\/\/www.activasport.ch\/fr\/#website"},"primaryImageOfPage":{"@id":"https:\/\/www.activasport.ch\/fr\/produkt\/brise-vue-en-pe-env-200-g-m%c2%b2\/#primaryimage"},"image":{"@id":"https:\/\/www.activasport.ch\/fr\/produkt\/brise-vue-en-pe-env-200-g-m%c2%b2\/#primaryimage"},"thumbnailUrl":"https:\/\/www.activasport.ch\/wp-content\/uploads\/2026\/01\/A99000712_Sichtschutz-200-g_1000x1000.jpg","datePublished":"2026-01-19T13:48:52+00:00","dateModified":"2026-01-19T13:57:37+00:00","description":"Brise-vue en PE env. 200 g\/m\u00b2 | hauteur de 2 m | Activa Sport GmbH | M\u00f6ge der Sport mit Dir sein...","breadcrumb":{"@id":"https:\/\/www.activasport.ch\/fr\/produkt\/brise-vue-en-pe-env-200-g-m%c2%b2\/#breadcrumb"},"inLanguage":"fr-FR","potentialAction":[{"@type":"ReadAction","target":["https:\/\/www.activasport.ch\/fr\/produkt\/brise-vue-en-pe-env-200-g-m%c2%b2\/"]}]},{"@type":"ImageObject","inLanguage":"fr-FR","@id":"https:\/\/www.activasport.ch\/fr\/produkt\/brise-vue-en-pe-env-200-g-m%c2%b2\/#primaryimage","url":"https:\/\/www.activasport.ch\/wp-content\/uploads\/2026\/01\/A99000712_Sichtschutz-200-g_1000x1000.jpg","contentUrl":"https:\/\/www.activasport.ch\/wp-content\/uploads\/2026\/01\/A99000712_Sichtschutz-200-g_1000x1000.jpg","width":1000,"height":1000,"caption":"PE-Sichtschutzblende ca. 200 g\/m\u00b2 an Zaun fixiert in der Farbe schwarz"},{"@type":"BreadcrumbList","@id":"https:\/\/www.activasport.ch\/fr\/produkt\/brise-vue-en-pe-env-200-g-m%c2%b2\/#breadcrumb","itemListElement":[{"@type":"ListItem","position":1,"name":"Home","item":"https:\/\/www.activasport.ch\/fr\/"},{"@type":"ListItem","position":2,"name":"Shop","item":"https:\/\/www.activasport.ch\/fr\/?page_id=258329"},{"@type":"ListItem","position":3,"name":"Brise-vue en PE env. 200 g\/m\u00b2"}]},{"@type":"WebSite","@id":"https:\/\/www.activasport.ch\/fr\/#website","url":"https:\/\/www.activasport.ch\/fr\/","name":"Activa Sport GmbH | M\u00f6ge der Sport mit Dir sein...","description":"","publisher":{"@id":"https:\/\/www.activasport.ch\/fr\/#organization"},"potentialAction":[{"@type":"SearchAction","target":{"@type":"EntryPoint","urlTemplate":"https:\/\/www.activasport.ch\/fr\/?s={search_term_string}"},"query-input":{"@type":"PropertyValueSpecification","valueRequired":true,"valueName":"search_term_string"}}],"inLanguage":"fr-FR"},{"@type":"Organization","@id":"https:\/\/www.activasport.ch\/fr\/#organization","name":"Activa Sport GmbH","url":"https:\/\/www.activasport.ch\/fr\/","logo":{"@type":"ImageObject","inLanguage":"fr-FR","@id":"https:\/\/www.activasport.ch\/fr\/#\/schema\/logo\/image\/","url":"https:\/\/www.activasport.ch\/wp-content\/uploads\/2020\/04\/Activa_AS_Emblem_rot-schwarz_512x512.png","contentUrl":"https:\/\/www.activasport.ch\/wp-content\/uploads\/2020\/04\/Activa_AS_Emblem_rot-schwarz_512x512.png","width":512,"height":512,"caption":"Activa Sport GmbH"},"image":{"@id":"https:\/\/www.activasport.ch\/fr\/#\/schema\/logo\/image\/"},"sameAs":["https:\/\/www.facebook.com\/activasport.ch\/","https:\/\/www.youtube.com\/channel\/UCtqHC7rBGHotohPIGFurwzg"]}]}},"_links":{"self":[{"href":"https:\/\/www.activasport.ch\/fr\/wp-json\/wp\/v2\/product\/286011","targetHints":{"allow":["GET"]}}],"collection":[{"href":"https:\/\/www.activasport.ch\/fr\/wp-json\/wp\/v2\/product"}],"about":[{"href":"https:\/\/www.activasport.ch\/fr\/wp-json\/wp\/v2\/types\/product"}],"wp:featuredmedia":[{"embeddable":true,"href":"https:\/\/www.activasport.ch\/fr\/wp-json\/wp\/v2\/media\/285997"}],"wp:attachment":[{"href":"https:\/\/www.activasport.ch\/fr\/wp-json\/wp\/v2\/media?parent=286011"}],"wp:term":[{"taxonomy":"product_brand","embeddable":true,"href":"https:\/\/www.activasport.ch\/fr\/wp-json\/wp\/v2\/product_brand?post=286011"},{"taxonomy":"product_cat","embeddable":true,"href":"https:\/\/www.activasport.ch\/fr\/wp-json\/wp\/v2\/product_cat?post=286011"},{"taxonomy":"product_tag","embeddable":true,"href":"https:\/\/www.activasport.ch\/fr\/wp-json\/wp\/v2\/product_tag?post=286011"}],"curies":[{"name":"wp","href":"https:\/\/api.w.org\/{rel}","templated":true}]}}