{"id":285980,"date":"2026-01-13T13:39:51","date_gmt":"2026-01-13T12:39:51","guid":{"rendered":"https:\/\/www.activasport.ch\/?post_type=product&#038;p=285980"},"modified":"2026-01-13T14:01:04","modified_gmt":"2026-01-13T13:01:04","slug":"reseau-de-tennis-de-table-pour-fero-et-solido","status":"publish","type":"product","link":"https:\/\/www.activasport.ch\/fr\/produkt\/reseau-de-tennis-de-table-pour-fero-et-solido\/","title":{"rendered":"R\u00e8seau de tennis de table"},"content":{"rendered":"<p>Le filet de tennis de table pour FERO (<a href=\"https:\/\/www.activasport.ch\/fr\/produkt\/table-de-ping-pong-fero\/\" target=\"_blank\" rel=\"noopener\">C02001454<\/a>) et SOLIDO (<a href=\"https:\/\/www.activasport.ch\/fr\/produkt\/table-de-ping-pong-solido-30\/\" target=\"_blank\" rel=\"noopener\">C02001400<\/a>) est l\u2019appoint id\u00e9al pour les tables de ping-pong en b\u00e9ton, neuves ou existantes, des mod\u00e8les susmentionn\u00e9s.<\/p>\n<p>D\u00e9tails :<\/p>\n<ul>\n<li>Mat\u00e9riau : aluminium<\/li>\n<li>\u00e0 visser<\/li>\n<\/ul>\n","protected":false},"excerpt":{"rendered":"<p>Le filet de tennis de table pour FERO (C02001454) et SOLIDO (C02001400) est l\u2019appoint id\u00e9al pour les tables de ping-pong en b\u00e9ton, neuves ou existantes, des mod\u00e8les susmentionn\u00e9s. D\u00e9tails : Mat\u00e9riau : aluminium \u00e0 visser<\/p>\n","protected":false},"featured_media":285982,"template":"","meta":{"_et_pb_use_builder":"","_et_pb_old_content":"","_et_gb_content_width":""},"product_brand":[],"product_cat":[859,959,979],"product_tag":[],"class_list":{"0":"post-285980","1":"product","2":"type-product","3":"status-publish","4":"has-post-thumbnail","6":"product_cat-engins-de-sport-fr","7":"product_cat-sport-de-ballons-dequipe-fr","8":"product_cat-tennis-de-table-fr","10":"first","11":"instock","12":"purchasable","13":"product-type-simple"},"yoast_head":"<!-- This site is optimized with the Yoast SEO plugin v27.3 - https:\/\/yoast.com\/product\/yoast-seo-wordpress\/ -->\n<title>R\u00e8seau de tennis de table | pour FERO et SOLIDO<\/title>\n<meta name=\"description\" content=\"R\u00e8seau de tennis de table | pour FERO et SOLIDO | Activa Sport Sarl | \u2026que le sport soit avec toi !\" \/>\n<meta name=\"robots\" content=\"index, follow, max-snippet:-1, max-image-preview:large, max-video-preview:-1\" \/>\n<link rel=\"canonical\" href=\"https:\/\/www.activasport.ch\/fr\/produkt\/reseau-de-tennis-de-table-pour-fero-et-solido\/\" \/>\n<meta property=\"og:locale\" content=\"fr_FR\" \/>\n<meta property=\"og:type\" content=\"article\" \/>\n<meta property=\"og:title\" content=\"R\u00e8seau de tennis de table | pour FERO et SOLIDO\" \/>\n<meta property=\"og:description\" content=\"R\u00e8seau de tennis de table | pour FERO et SOLIDO | Activa Sport Sarl | \u2026que le sport soit avec toi !\" \/>\n<meta property=\"og:url\" content=\"https:\/\/www.activasport.ch\/fr\/produkt\/reseau-de-tennis-de-table-pour-fero-et-solido\/\" \/>\n<meta property=\"og:site_name\" content=\"Activa Sport GmbH | M\u00f6ge der Sport mit Dir sein...\" \/>\n<meta property=\"article:publisher\" content=\"https:\/\/www.facebook.com\/activasport.ch\/\" \/>\n<meta property=\"article:modified_time\" content=\"2026-01-13T13:01:04+00:00\" \/>\n<meta property=\"og:image\" content=\"https:\/\/www.activasport.ch\/wp-content\/uploads\/2026\/01\/C02001402_Tischtennisnetz_fuer-FERO-und-SOLIDO1000x1000.jpg\" \/>\n\t<meta property=\"og:image:width\" content=\"1000\" \/>\n\t<meta property=\"og:image:height\" content=\"1000\" \/>\n\t<meta property=\"og:image:type\" content=\"image\/jpeg\" \/>\n<meta name=\"twitter:card\" content=\"summary_large_image\" \/>\n<meta name=\"twitter:label1\" content=\"Dur\u00e9e de lecture estim\u00e9e\" \/>\n\t<meta name=\"twitter:data1\" content=\"1 minute\" \/>\n<script type=\"application\/ld+json\" class=\"yoast-schema-graph\">{\"@context\":\"https:\\\/\\\/schema.org\",\"@graph\":[{\"@type\":\"WebPage\",\"@id\":\"https:\\\/\\\/www.activasport.ch\\\/fr\\\/produkt\\\/reseau-de-tennis-de-table-pour-fero-et-solido\\\/\",\"url\":\"https:\\\/\\\/www.activasport.ch\\\/fr\\\/produkt\\\/reseau-de-tennis-de-table-pour-fero-et-solido\\\/\",\"name\":\"R\u00e8seau de tennis de table | pour FERO et SOLIDO\",\"isPartOf\":{\"@id\":\"https:\\\/\\\/www.activasport.ch\\\/fr\\\/#website\"},\"primaryImageOfPage\":{\"@id\":\"https:\\\/\\\/www.activasport.ch\\\/fr\\\/produkt\\\/reseau-de-tennis-de-table-pour-fero-et-solido\\\/#primaryimage\"},\"image\":{\"@id\":\"https:\\\/\\\/www.activasport.ch\\\/fr\\\/produkt\\\/reseau-de-tennis-de-table-pour-fero-et-solido\\\/#primaryimage\"},\"thumbnailUrl\":\"https:\\\/\\\/www.activasport.ch\\\/wp-content\\\/uploads\\\/2026\\\/01\\\/C02001402_Tischtennisnetz_fuer-FERO-und-SOLIDO1000x1000.jpg\",\"datePublished\":\"2026-01-13T12:39:51+00:00\",\"dateModified\":\"2026-01-13T13:01:04+00:00\",\"description\":\"R\u00e8seau de tennis de table | pour FERO et SOLIDO | Activa Sport Sarl | \u2026que le sport soit avec toi !\",\"breadcrumb\":{\"@id\":\"https:\\\/\\\/www.activasport.ch\\\/fr\\\/produkt\\\/reseau-de-tennis-de-table-pour-fero-et-solido\\\/#breadcrumb\"},\"inLanguage\":\"fr-FR\",\"potentialAction\":[{\"@type\":\"ReadAction\",\"target\":[\"https:\\\/\\\/www.activasport.ch\\\/fr\\\/produkt\\\/reseau-de-tennis-de-table-pour-fero-et-solido\\\/\"]}]},{\"@type\":\"ImageObject\",\"inLanguage\":\"fr-FR\",\"@id\":\"https:\\\/\\\/www.activasport.ch\\\/fr\\\/produkt\\\/reseau-de-tennis-de-table-pour-fero-et-solido\\\/#primaryimage\",\"url\":\"https:\\\/\\\/www.activasport.ch\\\/wp-content\\\/uploads\\\/2026\\\/01\\\/C02001402_Tischtennisnetz_fuer-FERO-und-SOLIDO1000x1000.jpg\",\"contentUrl\":\"https:\\\/\\\/www.activasport.ch\\\/wp-content\\\/uploads\\\/2026\\\/01\\\/C02001402_Tischtennisnetz_fuer-FERO-und-SOLIDO1000x1000.jpg\",\"width\":1000,\"height\":1000,\"caption\":\"Produkt Tischtennisnetz f\u00fcr SOLIDO und FERO\"},{\"@type\":\"BreadcrumbList\",\"@id\":\"https:\\\/\\\/www.activasport.ch\\\/fr\\\/produkt\\\/reseau-de-tennis-de-table-pour-fero-et-solido\\\/#breadcrumb\",\"itemListElement\":[{\"@type\":\"ListItem\",\"position\":1,\"name\":\"Home\",\"item\":\"https:\\\/\\\/www.activasport.ch\\\/fr\\\/\"},{\"@type\":\"ListItem\",\"position\":2,\"name\":\"Shop\",\"item\":\"https:\\\/\\\/www.activasport.ch\\\/fr\\\/?page_id=258329\"},{\"@type\":\"ListItem\",\"position\":3,\"name\":\"R\u00e8seau de tennis de table\"}]},{\"@type\":\"WebSite\",\"@id\":\"https:\\\/\\\/www.activasport.ch\\\/fr\\\/#website\",\"url\":\"https:\\\/\\\/www.activasport.ch\\\/fr\\\/\",\"name\":\"Activa Sport GmbH | M\u00f6ge der Sport mit Dir sein...\",\"description\":\"\",\"publisher\":{\"@id\":\"https:\\\/\\\/www.activasport.ch\\\/fr\\\/#organization\"},\"potentialAction\":[{\"@type\":\"SearchAction\",\"target\":{\"@type\":\"EntryPoint\",\"urlTemplate\":\"https:\\\/\\\/www.activasport.ch\\\/fr\\\/?s={search_term_string}\"},\"query-input\":{\"@type\":\"PropertyValueSpecification\",\"valueRequired\":true,\"valueName\":\"search_term_string\"}}],\"inLanguage\":\"fr-FR\"},{\"@type\":\"Organization\",\"@id\":\"https:\\\/\\\/www.activasport.ch\\\/fr\\\/#organization\",\"name\":\"Activa Sport GmbH\",\"url\":\"https:\\\/\\\/www.activasport.ch\\\/fr\\\/\",\"logo\":{\"@type\":\"ImageObject\",\"inLanguage\":\"fr-FR\",\"@id\":\"https:\\\/\\\/www.activasport.ch\\\/fr\\\/#\\\/schema\\\/logo\\\/image\\\/\",\"url\":\"https:\\\/\\\/www.activasport.ch\\\/wp-content\\\/uploads\\\/2020\\\/04\\\/Activa_AS_Emblem_rot-schwarz_512x512.png\",\"contentUrl\":\"https:\\\/\\\/www.activasport.ch\\\/wp-content\\\/uploads\\\/2020\\\/04\\\/Activa_AS_Emblem_rot-schwarz_512x512.png\",\"width\":512,\"height\":512,\"caption\":\"Activa Sport GmbH\"},\"image\":{\"@id\":\"https:\\\/\\\/www.activasport.ch\\\/fr\\\/#\\\/schema\\\/logo\\\/image\\\/\"},\"sameAs\":[\"https:\\\/\\\/www.facebook.com\\\/activasport.ch\\\/\",\"https:\\\/\\\/www.youtube.com\\\/channel\\\/UCtqHC7rBGHotohPIGFurwzg\"]}]}<\/script>\n<!-- \/ Yoast SEO plugin. -->","yoast_head_json":{"title":"R\u00e8seau de tennis de table | pour FERO et SOLIDO","description":"R\u00e8seau de tennis de table | pour FERO et SOLIDO | Activa Sport Sarl | \u2026que le sport soit avec toi !","robots":{"index":"index","follow":"follow","max-snippet":"max-snippet:-1","max-image-preview":"max-image-preview:large","max-video-preview":"max-video-preview:-1"},"canonical":"https:\/\/www.activasport.ch\/fr\/produkt\/reseau-de-tennis-de-table-pour-fero-et-solido\/","og_locale":"fr_FR","og_type":"article","og_title":"R\u00e8seau de tennis de table | pour FERO et SOLIDO","og_description":"R\u00e8seau de tennis de table | pour FERO et SOLIDO | Activa Sport Sarl | \u2026que le sport soit avec toi !","og_url":"https:\/\/www.activasport.ch\/fr\/produkt\/reseau-de-tennis-de-table-pour-fero-et-solido\/","og_site_name":"Activa Sport GmbH | M\u00f6ge der Sport mit Dir sein...","article_publisher":"https:\/\/www.facebook.com\/activasport.ch\/","article_modified_time":"2026-01-13T13:01:04+00:00","og_image":[{"width":1000,"height":1000,"url":"https:\/\/www.activasport.ch\/wp-content\/uploads\/2026\/01\/C02001402_Tischtennisnetz_fuer-FERO-und-SOLIDO1000x1000.jpg","type":"image\/jpeg"}],"twitter_card":"summary_large_image","twitter_misc":{"Dur\u00e9e de lecture estim\u00e9e":"1 minute"},"schema":{"@context":"https:\/\/schema.org","@graph":[{"@type":"WebPage","@id":"https:\/\/www.activasport.ch\/fr\/produkt\/reseau-de-tennis-de-table-pour-fero-et-solido\/","url":"https:\/\/www.activasport.ch\/fr\/produkt\/reseau-de-tennis-de-table-pour-fero-et-solido\/","name":"R\u00e8seau de tennis de table | pour FERO et SOLIDO","isPartOf":{"@id":"https:\/\/www.activasport.ch\/fr\/#website"},"primaryImageOfPage":{"@id":"https:\/\/www.activasport.ch\/fr\/produkt\/reseau-de-tennis-de-table-pour-fero-et-solido\/#primaryimage"},"image":{"@id":"https:\/\/www.activasport.ch\/fr\/produkt\/reseau-de-tennis-de-table-pour-fero-et-solido\/#primaryimage"},"thumbnailUrl":"https:\/\/www.activasport.ch\/wp-content\/uploads\/2026\/01\/C02001402_Tischtennisnetz_fuer-FERO-und-SOLIDO1000x1000.jpg","datePublished":"2026-01-13T12:39:51+00:00","dateModified":"2026-01-13T13:01:04+00:00","description":"R\u00e8seau de tennis de table | pour FERO et SOLIDO | Activa Sport Sarl | \u2026que le sport soit avec toi !","breadcrumb":{"@id":"https:\/\/www.activasport.ch\/fr\/produkt\/reseau-de-tennis-de-table-pour-fero-et-solido\/#breadcrumb"},"inLanguage":"fr-FR","potentialAction":[{"@type":"ReadAction","target":["https:\/\/www.activasport.ch\/fr\/produkt\/reseau-de-tennis-de-table-pour-fero-et-solido\/"]}]},{"@type":"ImageObject","inLanguage":"fr-FR","@id":"https:\/\/www.activasport.ch\/fr\/produkt\/reseau-de-tennis-de-table-pour-fero-et-solido\/#primaryimage","url":"https:\/\/www.activasport.ch\/wp-content\/uploads\/2026\/01\/C02001402_Tischtennisnetz_fuer-FERO-und-SOLIDO1000x1000.jpg","contentUrl":"https:\/\/www.activasport.ch\/wp-content\/uploads\/2026\/01\/C02001402_Tischtennisnetz_fuer-FERO-und-SOLIDO1000x1000.jpg","width":1000,"height":1000,"caption":"Produkt Tischtennisnetz f\u00fcr SOLIDO und FERO"},{"@type":"BreadcrumbList","@id":"https:\/\/www.activasport.ch\/fr\/produkt\/reseau-de-tennis-de-table-pour-fero-et-solido\/#breadcrumb","itemListElement":[{"@type":"ListItem","position":1,"name":"Home","item":"https:\/\/www.activasport.ch\/fr\/"},{"@type":"ListItem","position":2,"name":"Shop","item":"https:\/\/www.activasport.ch\/fr\/?page_id=258329"},{"@type":"ListItem","position":3,"name":"R\u00e8seau de tennis de table"}]},{"@type":"WebSite","@id":"https:\/\/www.activasport.ch\/fr\/#website","url":"https:\/\/www.activasport.ch\/fr\/","name":"Activa Sport GmbH | M\u00f6ge der Sport mit Dir sein...","description":"","publisher":{"@id":"https:\/\/www.activasport.ch\/fr\/#organization"},"potentialAction":[{"@type":"SearchAction","target":{"@type":"EntryPoint","urlTemplate":"https:\/\/www.activasport.ch\/fr\/?s={search_term_string}"},"query-input":{"@type":"PropertyValueSpecification","valueRequired":true,"valueName":"search_term_string"}}],"inLanguage":"fr-FR"},{"@type":"Organization","@id":"https:\/\/www.activasport.ch\/fr\/#organization","name":"Activa Sport GmbH","url":"https:\/\/www.activasport.ch\/fr\/","logo":{"@type":"ImageObject","inLanguage":"fr-FR","@id":"https:\/\/www.activasport.ch\/fr\/#\/schema\/logo\/image\/","url":"https:\/\/www.activasport.ch\/wp-content\/uploads\/2020\/04\/Activa_AS_Emblem_rot-schwarz_512x512.png","contentUrl":"https:\/\/www.activasport.ch\/wp-content\/uploads\/2020\/04\/Activa_AS_Emblem_rot-schwarz_512x512.png","width":512,"height":512,"caption":"Activa Sport GmbH"},"image":{"@id":"https:\/\/www.activasport.ch\/fr\/#\/schema\/logo\/image\/"},"sameAs":["https:\/\/www.facebook.com\/activasport.ch\/","https:\/\/www.youtube.com\/channel\/UCtqHC7rBGHotohPIGFurwzg"]}]}},"_links":{"self":[{"href":"https:\/\/www.activasport.ch\/fr\/wp-json\/wp\/v2\/product\/285980","targetHints":{"allow":["GET"]}}],"collection":[{"href":"https:\/\/www.activasport.ch\/fr\/wp-json\/wp\/v2\/product"}],"about":[{"href":"https:\/\/www.activasport.ch\/fr\/wp-json\/wp\/v2\/types\/product"}],"wp:featuredmedia":[{"embeddable":true,"href":"https:\/\/www.activasport.ch\/fr\/wp-json\/wp\/v2\/media\/285982"}],"wp:attachment":[{"href":"https:\/\/www.activasport.ch\/fr\/wp-json\/wp\/v2\/media?parent=285980"}],"wp:term":[{"taxonomy":"product_brand","embeddable":true,"href":"https:\/\/www.activasport.ch\/fr\/wp-json\/wp\/v2\/product_brand?post=285980"},{"taxonomy":"product_cat","embeddable":true,"href":"https:\/\/www.activasport.ch\/fr\/wp-json\/wp\/v2\/product_cat?post=285980"},{"taxonomy":"product_tag","embeddable":true,"href":"https:\/\/www.activasport.ch\/fr\/wp-json\/wp\/v2\/product_tag?post=285980"}],"curies":[{"name":"wp","href":"https:\/\/api.w.org\/{rel}","templated":true}]}}