{"id":285963,"date":"2026-01-13T11:01:02","date_gmt":"2026-01-13T10:01:02","guid":{"rendered":"https:\/\/www.activasport.ch\/?post_type=product&#038;p=285963"},"modified":"2026-01-13T11:27:50","modified_gmt":"2026-01-13T10:27:50","slug":"table-de-ping-pong-solido-30","status":"publish","type":"product","link":"https:\/\/www.activasport.ch\/fr\/produkt\/table-de-ping-pong-solido-30\/","title":{"rendered":"Table de ping-pong SOLIDO 30"},"content":{"rendered":"<p>Table de ping-pong SOLIDO 30 est id\u00e9ale pour une utilisation toute l\u2019ann\u00e9e en ext\u00e9rieur. Que ce soit pour les \u00e9coles, les clubs, les \u00e9quipements de loisirs ou les parcs \u2013 cette table est un atout pour de nombreuses ann\u00e9es.<\/p>\n<p>D\u00e9tails :<\/p>\n<ul>\n<li>Mat\u00e9riau \u00ab Ch\u00e2ssis \u00bb : b\u00e9ton polym\u00e8re<\/li>\n<li>Mat\u00e9riau \u00ab Demi-table \u00bb : b\u00e9ton polym\u00e8re<\/li>\n<li>\u00c9paisseur de la table : 30 mm<\/li>\n<li>Test\u00e9 T\u00dcV<\/li>\n<li>Dimensions d\u2019installation : environ 274 x 152 x 76 cm<\/li>\n<li>Poids : environ 400,00 kg<\/li>\n<\/ul>\n<p>Note : La livraison se fait sans filet. Si n\u00e9cessaire, commandez le filet de ping-pong en aluminium s\u00e9par\u00e9ment (r\u00e9f. C02001402).<\/p>\n<p>La table de ping-pong SOLIDO 30 assure des heures de plaisir au ping-pong. Le montage correct garantit la durabilit\u00e9 de votre nouvelle table. Le chassis et les deux demi-table sont viss\u00e9s ensemble pour donner \u00e0 la table la stabilit\u00e9 n\u00e9cessaire.<\/p>\n<p>Tous les arguments en un coup d\u2019\u0153il :<br \/>\nTables de ping-pong ext\u00e9rieures en b\u00e9ton polym\u00e8re !<\/p>\n<ul>\n<li>surface durablement lisse<\/li>\n<li>tr\u00e8s bon rebond sur b\u00e9ton polym\u00e8re<\/li>\n<li>r\u00e9sistant au gel, aux UV et \u00e0 la pourriture<\/li>\n<li>Respectueux de l&rsquo;environnement, car 100 % recyclable<\/li>\n<\/ul>\n","protected":false},"excerpt":{"rendered":"<p>Table de ping-pong SOLIDO 30 est id\u00e9ale pour une utilisation toute l\u2019ann\u00e9e en ext\u00e9rieur. Que ce soit pour les \u00e9coles, les clubs, les \u00e9quipements de loisirs ou les parcs \u2013 cette table est un atout pour de nombreuses ann\u00e9es. D\u00e9tails : Mat\u00e9riau \u00ab Ch\u00e2ssis \u00bb : b\u00e9ton polym\u00e8re Mat\u00e9riau \u00ab Demi-table \u00bb : b\u00e9ton polym\u00e8re [&hellip;]<\/p>\n","protected":false},"featured_media":285967,"template":"","meta":{"_et_pb_use_builder":"","_et_pb_old_content":"","_et_gb_content_width":""},"product_brand":[],"product_cat":[859,959,979],"product_tag":[],"class_list":{"0":"post-285963","1":"product","2":"type-product","3":"status-publish","4":"has-post-thumbnail","6":"product_cat-engins-de-sport-fr","7":"product_cat-sport-de-ballons-dequipe-fr","8":"product_cat-tennis-de-table-fr","10":"first","11":"instock","12":"product-type-simple"},"yoast_head":"<!-- This site is optimized with the Yoast SEO plugin v27.3 - https:\/\/yoast.com\/product\/yoast-seo-wordpress\/ -->\n<title>Table de ping-pong SOLIDO 30 | 274 x 152 x 76 cm, environ 400 kg<\/title>\n<meta name=\"description\" content=\"Table de ping-pong SOLIDO 30 | 274 x 152 x 76 cm, environ 400 kg | Activa Sport Sarl | \u2026que le sport soit avec toi !\" \/>\n<meta name=\"robots\" content=\"index, follow, max-snippet:-1, max-image-preview:large, max-video-preview:-1\" \/>\n<link rel=\"canonical\" href=\"https:\/\/www.activasport.ch\/fr\/produkt\/table-de-ping-pong-solido-30\/\" \/>\n<meta property=\"og:locale\" content=\"fr_FR\" \/>\n<meta property=\"og:type\" content=\"article\" \/>\n<meta property=\"og:title\" content=\"Table de ping-pong SOLIDO 30 | 274 x 152 x 76 cm, environ 400 kg\" \/>\n<meta property=\"og:description\" content=\"Table de ping-pong SOLIDO 30 | 274 x 152 x 76 cm, environ 400 kg | Activa Sport Sarl | \u2026que le sport soit avec toi !\" \/>\n<meta property=\"og:url\" content=\"https:\/\/www.activasport.ch\/fr\/produkt\/table-de-ping-pong-solido-30\/\" \/>\n<meta property=\"og:site_name\" content=\"Activa Sport GmbH | M\u00f6ge der Sport mit Dir sein...\" \/>\n<meta property=\"article:publisher\" content=\"https:\/\/www.facebook.com\/activasport.ch\/\" \/>\n<meta property=\"article:modified_time\" content=\"2026-01-13T10:27:50+00:00\" \/>\n<meta property=\"og:image\" content=\"https:\/\/www.activasport.ch\/wp-content\/uploads\/2026\/01\/C02001400_Tischtennistisch-SOLIDO-30_1000x1000.jpg\" \/>\n\t<meta property=\"og:image:width\" content=\"1000\" \/>\n\t<meta property=\"og:image:height\" content=\"1000\" \/>\n\t<meta property=\"og:image:type\" content=\"image\/jpeg\" \/>\n<meta name=\"twitter:card\" content=\"summary_large_image\" \/>\n<meta name=\"twitter:label1\" content=\"Dur\u00e9e de lecture estim\u00e9e\" \/>\n\t<meta name=\"twitter:data1\" content=\"2 minutes\" \/>\n<script type=\"application\/ld+json\" class=\"yoast-schema-graph\">{\"@context\":\"https:\\\/\\\/schema.org\",\"@graph\":[{\"@type\":\"WebPage\",\"@id\":\"https:\\\/\\\/www.activasport.ch\\\/fr\\\/produkt\\\/table-de-ping-pong-solido-30\\\/\",\"url\":\"https:\\\/\\\/www.activasport.ch\\\/fr\\\/produkt\\\/table-de-ping-pong-solido-30\\\/\",\"name\":\"Table de ping-pong SOLIDO 30 | 274 x 152 x 76 cm, environ 400 kg\",\"isPartOf\":{\"@id\":\"https:\\\/\\\/www.activasport.ch\\\/fr\\\/#website\"},\"primaryImageOfPage\":{\"@id\":\"https:\\\/\\\/www.activasport.ch\\\/fr\\\/produkt\\\/table-de-ping-pong-solido-30\\\/#primaryimage\"},\"image\":{\"@id\":\"https:\\\/\\\/www.activasport.ch\\\/fr\\\/produkt\\\/table-de-ping-pong-solido-30\\\/#primaryimage\"},\"thumbnailUrl\":\"https:\\\/\\\/www.activasport.ch\\\/wp-content\\\/uploads\\\/2026\\\/01\\\/C02001400_Tischtennistisch-SOLIDO-30_1000x1000.jpg\",\"datePublished\":\"2026-01-13T10:01:02+00:00\",\"dateModified\":\"2026-01-13T10:27:50+00:00\",\"description\":\"Table de ping-pong SOLIDO 30 | 274 x 152 x 76 cm, environ 400 kg | Activa Sport Sarl | \u2026que le sport soit avec toi !\",\"breadcrumb\":{\"@id\":\"https:\\\/\\\/www.activasport.ch\\\/fr\\\/produkt\\\/table-de-ping-pong-solido-30\\\/#breadcrumb\"},\"inLanguage\":\"fr-FR\",\"potentialAction\":[{\"@type\":\"ReadAction\",\"target\":[\"https:\\\/\\\/www.activasport.ch\\\/fr\\\/produkt\\\/table-de-ping-pong-solido-30\\\/\"]}]},{\"@type\":\"ImageObject\",\"inLanguage\":\"fr-FR\",\"@id\":\"https:\\\/\\\/www.activasport.ch\\\/fr\\\/produkt\\\/table-de-ping-pong-solido-30\\\/#primaryimage\",\"url\":\"https:\\\/\\\/www.activasport.ch\\\/wp-content\\\/uploads\\\/2026\\\/01\\\/C02001400_Tischtennistisch-SOLIDO-30_1000x1000.jpg\",\"contentUrl\":\"https:\\\/\\\/www.activasport.ch\\\/wp-content\\\/uploads\\\/2026\\\/01\\\/C02001400_Tischtennistisch-SOLIDO-30_1000x1000.jpg\",\"width\":1000,\"height\":1000,\"caption\":\"Produkt Tischtennistisch SOLIDO 30\"},{\"@type\":\"BreadcrumbList\",\"@id\":\"https:\\\/\\\/www.activasport.ch\\\/fr\\\/produkt\\\/table-de-ping-pong-solido-30\\\/#breadcrumb\",\"itemListElement\":[{\"@type\":\"ListItem\",\"position\":1,\"name\":\"Home\",\"item\":\"https:\\\/\\\/www.activasport.ch\\\/fr\\\/\"},{\"@type\":\"ListItem\",\"position\":2,\"name\":\"Shop\",\"item\":\"https:\\\/\\\/www.activasport.ch\\\/fr\\\/?page_id=258329\"},{\"@type\":\"ListItem\",\"position\":3,\"name\":\"Table de ping-pong SOLIDO 30\"}]},{\"@type\":\"WebSite\",\"@id\":\"https:\\\/\\\/www.activasport.ch\\\/fr\\\/#website\",\"url\":\"https:\\\/\\\/www.activasport.ch\\\/fr\\\/\",\"name\":\"Activa Sport GmbH | M\u00f6ge der Sport mit Dir sein...\",\"description\":\"\",\"publisher\":{\"@id\":\"https:\\\/\\\/www.activasport.ch\\\/fr\\\/#organization\"},\"potentialAction\":[{\"@type\":\"SearchAction\",\"target\":{\"@type\":\"EntryPoint\",\"urlTemplate\":\"https:\\\/\\\/www.activasport.ch\\\/fr\\\/?s={search_term_string}\"},\"query-input\":{\"@type\":\"PropertyValueSpecification\",\"valueRequired\":true,\"valueName\":\"search_term_string\"}}],\"inLanguage\":\"fr-FR\"},{\"@type\":\"Organization\",\"@id\":\"https:\\\/\\\/www.activasport.ch\\\/fr\\\/#organization\",\"name\":\"Activa Sport GmbH\",\"url\":\"https:\\\/\\\/www.activasport.ch\\\/fr\\\/\",\"logo\":{\"@type\":\"ImageObject\",\"inLanguage\":\"fr-FR\",\"@id\":\"https:\\\/\\\/www.activasport.ch\\\/fr\\\/#\\\/schema\\\/logo\\\/image\\\/\",\"url\":\"https:\\\/\\\/www.activasport.ch\\\/wp-content\\\/uploads\\\/2020\\\/04\\\/Activa_AS_Emblem_rot-schwarz_512x512.png\",\"contentUrl\":\"https:\\\/\\\/www.activasport.ch\\\/wp-content\\\/uploads\\\/2020\\\/04\\\/Activa_AS_Emblem_rot-schwarz_512x512.png\",\"width\":512,\"height\":512,\"caption\":\"Activa Sport GmbH\"},\"image\":{\"@id\":\"https:\\\/\\\/www.activasport.ch\\\/fr\\\/#\\\/schema\\\/logo\\\/image\\\/\"},\"sameAs\":[\"https:\\\/\\\/www.facebook.com\\\/activasport.ch\\\/\",\"https:\\\/\\\/www.youtube.com\\\/channel\\\/UCtqHC7rBGHotohPIGFurwzg\"]}]}<\/script>\n<!-- \/ Yoast SEO plugin. -->","yoast_head_json":{"title":"Table de ping-pong SOLIDO 30 | 274 x 152 x 76 cm, environ 400 kg","description":"Table de ping-pong SOLIDO 30 | 274 x 152 x 76 cm, environ 400 kg | Activa Sport Sarl | \u2026que le sport soit avec toi !","robots":{"index":"index","follow":"follow","max-snippet":"max-snippet:-1","max-image-preview":"max-image-preview:large","max-video-preview":"max-video-preview:-1"},"canonical":"https:\/\/www.activasport.ch\/fr\/produkt\/table-de-ping-pong-solido-30\/","og_locale":"fr_FR","og_type":"article","og_title":"Table de ping-pong SOLIDO 30 | 274 x 152 x 76 cm, environ 400 kg","og_description":"Table de ping-pong SOLIDO 30 | 274 x 152 x 76 cm, environ 400 kg | Activa Sport Sarl | \u2026que le sport soit avec toi !","og_url":"https:\/\/www.activasport.ch\/fr\/produkt\/table-de-ping-pong-solido-30\/","og_site_name":"Activa Sport GmbH | M\u00f6ge der Sport mit Dir sein...","article_publisher":"https:\/\/www.facebook.com\/activasport.ch\/","article_modified_time":"2026-01-13T10:27:50+00:00","og_image":[{"width":1000,"height":1000,"url":"https:\/\/www.activasport.ch\/wp-content\/uploads\/2026\/01\/C02001400_Tischtennistisch-SOLIDO-30_1000x1000.jpg","type":"image\/jpeg"}],"twitter_card":"summary_large_image","twitter_misc":{"Dur\u00e9e de lecture estim\u00e9e":"2 minutes"},"schema":{"@context":"https:\/\/schema.org","@graph":[{"@type":"WebPage","@id":"https:\/\/www.activasport.ch\/fr\/produkt\/table-de-ping-pong-solido-30\/","url":"https:\/\/www.activasport.ch\/fr\/produkt\/table-de-ping-pong-solido-30\/","name":"Table de ping-pong SOLIDO 30 | 274 x 152 x 76 cm, environ 400 kg","isPartOf":{"@id":"https:\/\/www.activasport.ch\/fr\/#website"},"primaryImageOfPage":{"@id":"https:\/\/www.activasport.ch\/fr\/produkt\/table-de-ping-pong-solido-30\/#primaryimage"},"image":{"@id":"https:\/\/www.activasport.ch\/fr\/produkt\/table-de-ping-pong-solido-30\/#primaryimage"},"thumbnailUrl":"https:\/\/www.activasport.ch\/wp-content\/uploads\/2026\/01\/C02001400_Tischtennistisch-SOLIDO-30_1000x1000.jpg","datePublished":"2026-01-13T10:01:02+00:00","dateModified":"2026-01-13T10:27:50+00:00","description":"Table de ping-pong SOLIDO 30 | 274 x 152 x 76 cm, environ 400 kg | Activa Sport Sarl | \u2026que le sport soit avec toi !","breadcrumb":{"@id":"https:\/\/www.activasport.ch\/fr\/produkt\/table-de-ping-pong-solido-30\/#breadcrumb"},"inLanguage":"fr-FR","potentialAction":[{"@type":"ReadAction","target":["https:\/\/www.activasport.ch\/fr\/produkt\/table-de-ping-pong-solido-30\/"]}]},{"@type":"ImageObject","inLanguage":"fr-FR","@id":"https:\/\/www.activasport.ch\/fr\/produkt\/table-de-ping-pong-solido-30\/#primaryimage","url":"https:\/\/www.activasport.ch\/wp-content\/uploads\/2026\/01\/C02001400_Tischtennistisch-SOLIDO-30_1000x1000.jpg","contentUrl":"https:\/\/www.activasport.ch\/wp-content\/uploads\/2026\/01\/C02001400_Tischtennistisch-SOLIDO-30_1000x1000.jpg","width":1000,"height":1000,"caption":"Produkt Tischtennistisch SOLIDO 30"},{"@type":"BreadcrumbList","@id":"https:\/\/www.activasport.ch\/fr\/produkt\/table-de-ping-pong-solido-30\/#breadcrumb","itemListElement":[{"@type":"ListItem","position":1,"name":"Home","item":"https:\/\/www.activasport.ch\/fr\/"},{"@type":"ListItem","position":2,"name":"Shop","item":"https:\/\/www.activasport.ch\/fr\/?page_id=258329"},{"@type":"ListItem","position":3,"name":"Table de ping-pong SOLIDO 30"}]},{"@type":"WebSite","@id":"https:\/\/www.activasport.ch\/fr\/#website","url":"https:\/\/www.activasport.ch\/fr\/","name":"Activa Sport GmbH | M\u00f6ge der Sport mit Dir sein...","description":"","publisher":{"@id":"https:\/\/www.activasport.ch\/fr\/#organization"},"potentialAction":[{"@type":"SearchAction","target":{"@type":"EntryPoint","urlTemplate":"https:\/\/www.activasport.ch\/fr\/?s={search_term_string}"},"query-input":{"@type":"PropertyValueSpecification","valueRequired":true,"valueName":"search_term_string"}}],"inLanguage":"fr-FR"},{"@type":"Organization","@id":"https:\/\/www.activasport.ch\/fr\/#organization","name":"Activa Sport GmbH","url":"https:\/\/www.activasport.ch\/fr\/","logo":{"@type":"ImageObject","inLanguage":"fr-FR","@id":"https:\/\/www.activasport.ch\/fr\/#\/schema\/logo\/image\/","url":"https:\/\/www.activasport.ch\/wp-content\/uploads\/2020\/04\/Activa_AS_Emblem_rot-schwarz_512x512.png","contentUrl":"https:\/\/www.activasport.ch\/wp-content\/uploads\/2020\/04\/Activa_AS_Emblem_rot-schwarz_512x512.png","width":512,"height":512,"caption":"Activa Sport GmbH"},"image":{"@id":"https:\/\/www.activasport.ch\/fr\/#\/schema\/logo\/image\/"},"sameAs":["https:\/\/www.facebook.com\/activasport.ch\/","https:\/\/www.youtube.com\/channel\/UCtqHC7rBGHotohPIGFurwzg"]}]}},"_links":{"self":[{"href":"https:\/\/www.activasport.ch\/fr\/wp-json\/wp\/v2\/product\/285963","targetHints":{"allow":["GET"]}}],"collection":[{"href":"https:\/\/www.activasport.ch\/fr\/wp-json\/wp\/v2\/product"}],"about":[{"href":"https:\/\/www.activasport.ch\/fr\/wp-json\/wp\/v2\/types\/product"}],"wp:featuredmedia":[{"embeddable":true,"href":"https:\/\/www.activasport.ch\/fr\/wp-json\/wp\/v2\/media\/285967"}],"wp:attachment":[{"href":"https:\/\/www.activasport.ch\/fr\/wp-json\/wp\/v2\/media?parent=285963"}],"wp:term":[{"taxonomy":"product_brand","embeddable":true,"href":"https:\/\/www.activasport.ch\/fr\/wp-json\/wp\/v2\/product_brand?post=285963"},{"taxonomy":"product_cat","embeddable":true,"href":"https:\/\/www.activasport.ch\/fr\/wp-json\/wp\/v2\/product_cat?post=285963"},{"taxonomy":"product_tag","embeddable":true,"href":"https:\/\/www.activasport.ch\/fr\/wp-json\/wp\/v2\/product_tag?post=285963"}],"curies":[{"name":"wp","href":"https:\/\/api.w.org\/{rel}","templated":true}]}}