{"id":285955,"date":"2026-01-13T10:22:55","date_gmt":"2026-01-13T09:22:55","guid":{"rendered":"https:\/\/www.activasport.ch\/?post_type=product&#038;p=285955"},"modified":"2026-01-13T10:41:02","modified_gmt":"2026-01-13T09:41:02","slug":"molten-beachvolleyball-v5b5000","status":"publish","type":"product","link":"https:\/\/www.activasport.ch\/fr\/produkt\/molten-beachvolleyball-v5b5000\/","title":{"rendered":"Molten Beachvolleyball V5B5000"},"content":{"rendered":"<p>Molten\u00ae Beachvolleyball V5B5000 est une balle de jeu haut de gamme pour diff\u00e9rentes classes de comp\u00e9tition. Le V5B5000 affiche d\u2019excellentes propri\u00e9t\u00e9s de vol, ce qui conduit \u00e0 une bonne r\u00e9ception et transmission de la balle.<\/p>\n<p>D\u00e9tails:<\/p>\n<ul>\n<li>Mat\u00e9riau : cuir synth\u00e9tique<\/li>\n<li>rev\u00eatement tr\u00e8s doux<\/li>\n<li>cousu \u00e0 la machine<\/li>\n<li>coutures plates<\/li>\n<li>hydrofuge<\/li>\n<li>avec label de contr\u00f4le DVV1<\/li>\n<li>\u00a0Taille 5<\/li>\n<\/ul>\n<p>Le Molten\u00ae Beachvolleyball V5B5000 poss\u00e8de une surface r\u00e9sistante \u00e0 l\u2019eau et se distingue par sa grande stabilit\u00e9 dimensionnelle. Les coutures plus profondes soulignent le processus de fabrication de haute qualit\u00e9 et conf\u00e8rent \u00e0 la balle une longue dur\u00e9e de vie. Commandez d\u00e8s aujourd\u2019hui votre nouveau Beachvolleyball V5B5000 et d\u00e9couvrez l\u2019exp\u00e9rience de jeu haut de gamme.<\/p>\n","protected":false},"excerpt":{"rendered":"<p>Molten\u00ae Beachvolleyball V5B5000 est une balle de jeu haut de gamme pour diff\u00e9rentes classes de comp\u00e9tition. Le V5B5000 affiche d\u2019excellentes propri\u00e9t\u00e9s de vol, ce qui conduit \u00e0 une bonne r\u00e9ception et transmission de la balle. D\u00e9tails: Mat\u00e9riau : cuir synth\u00e9tique rev\u00eatement tr\u00e8s doux cousu \u00e0 la machine coutures plates hydrofuge avec label de contr\u00f4le DVV1 [&hellip;]<\/p>\n","protected":false},"featured_media":285957,"template":"","meta":{"_et_pb_use_builder":"","_et_pb_old_content":"","_et_gb_content_width":""},"product_brand":[],"product_cat":[1106,1098,859],"product_tag":[],"class_list":{"0":"post-285955","1":"product","2":"type-product","3":"status-publish","4":"has-post-thumbnail","6":"product_cat-ballons-de-beach-volley-fr","7":"product_cat-ballons-balles-fr","8":"product_cat-engins-de-sport-fr","10":"first","11":"instock","12":"purchasable","13":"product-type-simple"},"yoast_head":"<!-- This site is optimized with the Yoast SEO plugin v27.3 - https:\/\/yoast.com\/product\/yoast-seo-wordpress\/ -->\n<title>Molten Beachvolleyball V5B5000 | Taille 5<\/title>\n<meta name=\"description\" content=\"Molten Beachvolleyball V5B5000 | Taille 5 | Activa Sport Sarl | \u2026que le sport soit avec toi !\" \/>\n<meta name=\"robots\" content=\"index, follow, max-snippet:-1, max-image-preview:large, max-video-preview:-1\" \/>\n<link rel=\"canonical\" href=\"https:\/\/www.activasport.ch\/fr\/produkt\/molten-beachvolleyball-v5b5000\/\" \/>\n<meta property=\"og:locale\" content=\"fr_FR\" \/>\n<meta property=\"og:type\" content=\"article\" \/>\n<meta property=\"og:title\" content=\"Molten Beachvolleyball V5B5000 | Taille 5\" \/>\n<meta property=\"og:description\" content=\"Molten Beachvolleyball V5B5000 | Taille 5 | Activa Sport Sarl | \u2026que le sport soit avec toi !\" \/>\n<meta property=\"og:url\" content=\"https:\/\/www.activasport.ch\/fr\/produkt\/molten-beachvolleyball-v5b5000\/\" \/>\n<meta property=\"og:site_name\" content=\"Activa Sport GmbH | M\u00f6ge der Sport mit Dir sein...\" \/>\n<meta property=\"article:publisher\" content=\"https:\/\/www.facebook.com\/activasport.ch\/\" \/>\n<meta property=\"article:modified_time\" content=\"2026-01-13T09:41:02+00:00\" \/>\n<meta property=\"og:image\" content=\"https:\/\/www.activasport.ch\/wp-content\/uploads\/2026\/01\/C01016327_Molten-Beachvolleyball-V5B5000_1000x1000.jpg\" \/>\n\t<meta property=\"og:image:width\" content=\"1000\" \/>\n\t<meta property=\"og:image:height\" content=\"1000\" \/>\n\t<meta property=\"og:image:type\" content=\"image\/jpeg\" \/>\n<meta name=\"twitter:card\" content=\"summary_large_image\" \/>\n<meta name=\"twitter:label1\" content=\"Dur\u00e9e de lecture estim\u00e9e\" \/>\n\t<meta name=\"twitter:data1\" content=\"1 minute\" \/>\n<script type=\"application\/ld+json\" class=\"yoast-schema-graph\">{\"@context\":\"https:\\\/\\\/schema.org\",\"@graph\":[{\"@type\":\"WebPage\",\"@id\":\"https:\\\/\\\/www.activasport.ch\\\/fr\\\/produkt\\\/molten-beachvolleyball-v5b5000\\\/\",\"url\":\"https:\\\/\\\/www.activasport.ch\\\/fr\\\/produkt\\\/molten-beachvolleyball-v5b5000\\\/\",\"name\":\"Molten Beachvolleyball V5B5000 | Taille 5\",\"isPartOf\":{\"@id\":\"https:\\\/\\\/www.activasport.ch\\\/fr\\\/#website\"},\"primaryImageOfPage\":{\"@id\":\"https:\\\/\\\/www.activasport.ch\\\/fr\\\/produkt\\\/molten-beachvolleyball-v5b5000\\\/#primaryimage\"},\"image\":{\"@id\":\"https:\\\/\\\/www.activasport.ch\\\/fr\\\/produkt\\\/molten-beachvolleyball-v5b5000\\\/#primaryimage\"},\"thumbnailUrl\":\"https:\\\/\\\/www.activasport.ch\\\/wp-content\\\/uploads\\\/2026\\\/01\\\/C01016327_Molten-Beachvolleyball-V5B5000_1000x1000.jpg\",\"datePublished\":\"2026-01-13T09:22:55+00:00\",\"dateModified\":\"2026-01-13T09:41:02+00:00\",\"description\":\"Molten Beachvolleyball V5B5000 | Taille 5 | Activa Sport Sarl | \u2026que le sport soit avec toi !\",\"breadcrumb\":{\"@id\":\"https:\\\/\\\/www.activasport.ch\\\/fr\\\/produkt\\\/molten-beachvolleyball-v5b5000\\\/#breadcrumb\"},\"inLanguage\":\"fr-FR\",\"potentialAction\":[{\"@type\":\"ReadAction\",\"target\":[\"https:\\\/\\\/www.activasport.ch\\\/fr\\\/produkt\\\/molten-beachvolleyball-v5b5000\\\/\"]}]},{\"@type\":\"ImageObject\",\"inLanguage\":\"fr-FR\",\"@id\":\"https:\\\/\\\/www.activasport.ch\\\/fr\\\/produkt\\\/molten-beachvolleyball-v5b5000\\\/#primaryimage\",\"url\":\"https:\\\/\\\/www.activasport.ch\\\/wp-content\\\/uploads\\\/2026\\\/01\\\/C01016327_Molten-Beachvolleyball-V5B5000_1000x1000.jpg\",\"contentUrl\":\"https:\\\/\\\/www.activasport.ch\\\/wp-content\\\/uploads\\\/2026\\\/01\\\/C01016327_Molten-Beachvolleyball-V5B5000_1000x1000.jpg\",\"width\":1000,\"height\":1000,\"caption\":\"Produkt Molten Beachvolleyball V5B5000\"},{\"@type\":\"BreadcrumbList\",\"@id\":\"https:\\\/\\\/www.activasport.ch\\\/fr\\\/produkt\\\/molten-beachvolleyball-v5b5000\\\/#breadcrumb\",\"itemListElement\":[{\"@type\":\"ListItem\",\"position\":1,\"name\":\"Home\",\"item\":\"https:\\\/\\\/www.activasport.ch\\\/fr\\\/\"},{\"@type\":\"ListItem\",\"position\":2,\"name\":\"Shop\",\"item\":\"https:\\\/\\\/www.activasport.ch\\\/fr\\\/?page_id=258329\"},{\"@type\":\"ListItem\",\"position\":3,\"name\":\"Molten Beachvolleyball V5B5000\"}]},{\"@type\":\"WebSite\",\"@id\":\"https:\\\/\\\/www.activasport.ch\\\/fr\\\/#website\",\"url\":\"https:\\\/\\\/www.activasport.ch\\\/fr\\\/\",\"name\":\"Activa Sport GmbH | M\u00f6ge der Sport mit Dir sein...\",\"description\":\"\",\"publisher\":{\"@id\":\"https:\\\/\\\/www.activasport.ch\\\/fr\\\/#organization\"},\"potentialAction\":[{\"@type\":\"SearchAction\",\"target\":{\"@type\":\"EntryPoint\",\"urlTemplate\":\"https:\\\/\\\/www.activasport.ch\\\/fr\\\/?s={search_term_string}\"},\"query-input\":{\"@type\":\"PropertyValueSpecification\",\"valueRequired\":true,\"valueName\":\"search_term_string\"}}],\"inLanguage\":\"fr-FR\"},{\"@type\":\"Organization\",\"@id\":\"https:\\\/\\\/www.activasport.ch\\\/fr\\\/#organization\",\"name\":\"Activa Sport GmbH\",\"url\":\"https:\\\/\\\/www.activasport.ch\\\/fr\\\/\",\"logo\":{\"@type\":\"ImageObject\",\"inLanguage\":\"fr-FR\",\"@id\":\"https:\\\/\\\/www.activasport.ch\\\/fr\\\/#\\\/schema\\\/logo\\\/image\\\/\",\"url\":\"https:\\\/\\\/www.activasport.ch\\\/wp-content\\\/uploads\\\/2020\\\/04\\\/Activa_AS_Emblem_rot-schwarz_512x512.png\",\"contentUrl\":\"https:\\\/\\\/www.activasport.ch\\\/wp-content\\\/uploads\\\/2020\\\/04\\\/Activa_AS_Emblem_rot-schwarz_512x512.png\",\"width\":512,\"height\":512,\"caption\":\"Activa Sport GmbH\"},\"image\":{\"@id\":\"https:\\\/\\\/www.activasport.ch\\\/fr\\\/#\\\/schema\\\/logo\\\/image\\\/\"},\"sameAs\":[\"https:\\\/\\\/www.facebook.com\\\/activasport.ch\\\/\",\"https:\\\/\\\/www.youtube.com\\\/channel\\\/UCtqHC7rBGHotohPIGFurwzg\"]}]}<\/script>\n<!-- \/ Yoast SEO plugin. -->","yoast_head_json":{"title":"Molten Beachvolleyball V5B5000 | Taille 5","description":"Molten Beachvolleyball V5B5000 | Taille 5 | Activa Sport Sarl | \u2026que le sport soit avec toi !","robots":{"index":"index","follow":"follow","max-snippet":"max-snippet:-1","max-image-preview":"max-image-preview:large","max-video-preview":"max-video-preview:-1"},"canonical":"https:\/\/www.activasport.ch\/fr\/produkt\/molten-beachvolleyball-v5b5000\/","og_locale":"fr_FR","og_type":"article","og_title":"Molten Beachvolleyball V5B5000 | Taille 5","og_description":"Molten Beachvolleyball V5B5000 | Taille 5 | Activa Sport Sarl | \u2026que le sport soit avec toi !","og_url":"https:\/\/www.activasport.ch\/fr\/produkt\/molten-beachvolleyball-v5b5000\/","og_site_name":"Activa Sport GmbH | M\u00f6ge der Sport mit Dir sein...","article_publisher":"https:\/\/www.facebook.com\/activasport.ch\/","article_modified_time":"2026-01-13T09:41:02+00:00","og_image":[{"width":1000,"height":1000,"url":"https:\/\/www.activasport.ch\/wp-content\/uploads\/2026\/01\/C01016327_Molten-Beachvolleyball-V5B5000_1000x1000.jpg","type":"image\/jpeg"}],"twitter_card":"summary_large_image","twitter_misc":{"Dur\u00e9e de lecture estim\u00e9e":"1 minute"},"schema":{"@context":"https:\/\/schema.org","@graph":[{"@type":"WebPage","@id":"https:\/\/www.activasport.ch\/fr\/produkt\/molten-beachvolleyball-v5b5000\/","url":"https:\/\/www.activasport.ch\/fr\/produkt\/molten-beachvolleyball-v5b5000\/","name":"Molten Beachvolleyball V5B5000 | Taille 5","isPartOf":{"@id":"https:\/\/www.activasport.ch\/fr\/#website"},"primaryImageOfPage":{"@id":"https:\/\/www.activasport.ch\/fr\/produkt\/molten-beachvolleyball-v5b5000\/#primaryimage"},"image":{"@id":"https:\/\/www.activasport.ch\/fr\/produkt\/molten-beachvolleyball-v5b5000\/#primaryimage"},"thumbnailUrl":"https:\/\/www.activasport.ch\/wp-content\/uploads\/2026\/01\/C01016327_Molten-Beachvolleyball-V5B5000_1000x1000.jpg","datePublished":"2026-01-13T09:22:55+00:00","dateModified":"2026-01-13T09:41:02+00:00","description":"Molten Beachvolleyball V5B5000 | Taille 5 | Activa Sport Sarl | \u2026que le sport soit avec toi !","breadcrumb":{"@id":"https:\/\/www.activasport.ch\/fr\/produkt\/molten-beachvolleyball-v5b5000\/#breadcrumb"},"inLanguage":"fr-FR","potentialAction":[{"@type":"ReadAction","target":["https:\/\/www.activasport.ch\/fr\/produkt\/molten-beachvolleyball-v5b5000\/"]}]},{"@type":"ImageObject","inLanguage":"fr-FR","@id":"https:\/\/www.activasport.ch\/fr\/produkt\/molten-beachvolleyball-v5b5000\/#primaryimage","url":"https:\/\/www.activasport.ch\/wp-content\/uploads\/2026\/01\/C01016327_Molten-Beachvolleyball-V5B5000_1000x1000.jpg","contentUrl":"https:\/\/www.activasport.ch\/wp-content\/uploads\/2026\/01\/C01016327_Molten-Beachvolleyball-V5B5000_1000x1000.jpg","width":1000,"height":1000,"caption":"Produkt Molten Beachvolleyball V5B5000"},{"@type":"BreadcrumbList","@id":"https:\/\/www.activasport.ch\/fr\/produkt\/molten-beachvolleyball-v5b5000\/#breadcrumb","itemListElement":[{"@type":"ListItem","position":1,"name":"Home","item":"https:\/\/www.activasport.ch\/fr\/"},{"@type":"ListItem","position":2,"name":"Shop","item":"https:\/\/www.activasport.ch\/fr\/?page_id=258329"},{"@type":"ListItem","position":3,"name":"Molten Beachvolleyball V5B5000"}]},{"@type":"WebSite","@id":"https:\/\/www.activasport.ch\/fr\/#website","url":"https:\/\/www.activasport.ch\/fr\/","name":"Activa Sport GmbH | M\u00f6ge der Sport mit Dir sein...","description":"","publisher":{"@id":"https:\/\/www.activasport.ch\/fr\/#organization"},"potentialAction":[{"@type":"SearchAction","target":{"@type":"EntryPoint","urlTemplate":"https:\/\/www.activasport.ch\/fr\/?s={search_term_string}"},"query-input":{"@type":"PropertyValueSpecification","valueRequired":true,"valueName":"search_term_string"}}],"inLanguage":"fr-FR"},{"@type":"Organization","@id":"https:\/\/www.activasport.ch\/fr\/#organization","name":"Activa Sport GmbH","url":"https:\/\/www.activasport.ch\/fr\/","logo":{"@type":"ImageObject","inLanguage":"fr-FR","@id":"https:\/\/www.activasport.ch\/fr\/#\/schema\/logo\/image\/","url":"https:\/\/www.activasport.ch\/wp-content\/uploads\/2020\/04\/Activa_AS_Emblem_rot-schwarz_512x512.png","contentUrl":"https:\/\/www.activasport.ch\/wp-content\/uploads\/2020\/04\/Activa_AS_Emblem_rot-schwarz_512x512.png","width":512,"height":512,"caption":"Activa Sport GmbH"},"image":{"@id":"https:\/\/www.activasport.ch\/fr\/#\/schema\/logo\/image\/"},"sameAs":["https:\/\/www.facebook.com\/activasport.ch\/","https:\/\/www.youtube.com\/channel\/UCtqHC7rBGHotohPIGFurwzg"]}]}},"_links":{"self":[{"href":"https:\/\/www.activasport.ch\/fr\/wp-json\/wp\/v2\/product\/285955","targetHints":{"allow":["GET"]}}],"collection":[{"href":"https:\/\/www.activasport.ch\/fr\/wp-json\/wp\/v2\/product"}],"about":[{"href":"https:\/\/www.activasport.ch\/fr\/wp-json\/wp\/v2\/types\/product"}],"wp:featuredmedia":[{"embeddable":true,"href":"https:\/\/www.activasport.ch\/fr\/wp-json\/wp\/v2\/media\/285957"}],"wp:attachment":[{"href":"https:\/\/www.activasport.ch\/fr\/wp-json\/wp\/v2\/media?parent=285955"}],"wp:term":[{"taxonomy":"product_brand","embeddable":true,"href":"https:\/\/www.activasport.ch\/fr\/wp-json\/wp\/v2\/product_brand?post=285955"},{"taxonomy":"product_cat","embeddable":true,"href":"https:\/\/www.activasport.ch\/fr\/wp-json\/wp\/v2\/product_cat?post=285955"},{"taxonomy":"product_tag","embeddable":true,"href":"https:\/\/www.activasport.ch\/fr\/wp-json\/wp\/v2\/product_tag?post=285955"}],"curies":[{"name":"wp","href":"https:\/\/api.w.org\/{rel}","templated":true}]}}