{"id":285951,"date":"2026-01-13T10:02:55","date_gmt":"2026-01-13T09:02:55","guid":{"rendered":"https:\/\/www.activasport.ch\/?post_type=product&#038;p=285951"},"modified":"2026-01-13T10:15:27","modified_gmt":"2026-01-13T09:15:27","slug":"mikasa-beachvolleyball-beach-classic-bv543c","status":"publish","type":"product","link":"https:\/\/www.activasport.ch\/fr\/produkt\/mikasa-beachvolleyball-beach-classic-bv543c\/","title":{"rendered":"Mikasa Beachvolleyball Beach Classic BV543C"},"content":{"rendered":"<p>Mikasa Beachvolleyball Beach Classic BV543C est une balle de plage color\u00e9e pour les loisirs. Le design attrayant se marie \u00e0 une bonne fabrication, qui offre de bons r\u00e9sultats pour les d\u00e9butants et les joueurs amateurs.<\/p>\n<p>D\u00e9tails:<\/p>\n<ul>\n<li>Mat\u00e9riel : PU Ballon<\/li>\n<li>Vessie en caoutchouc butyle \u00ab No Leak \u00bb<\/li>\n<li>avec soupape sp\u00e9ciale r\u00e9sistant \u00e0 l\u2019eau et \u00e0 l\u2019eau de mer<\/li>\n<li>Taille 5<\/li>\n<\/ul>\n<p>Le Beachvolleyball BeachClassic BV543C se distingue par un contact cutan\u00e9 agr\u00e9able, obtenu gr\u00e2ce au mat\u00e9riau de surface doux en PU. Conform\u00e9ment aux sp\u00e9cifications officielles de taille, circonf\u00e9rence et poids, le Beach Classic respecte les exigences de la FIVB et porte le logo \u00ab FIVB Official Supplier Ball \u00bb. D\u00e9couvrez votre nouveau beach-volley et vivez des \u00e9changes palpitants sur le sable.<\/p>\n","protected":false},"excerpt":{"rendered":"<p>Mikasa Beachvolleyball Beach Classic BV543C est une balle de plage color\u00e9e pour les loisirs. Le design attrayant se marie \u00e0 une bonne fabrication, qui offre de bons r\u00e9sultats pour les d\u00e9butants et les joueurs amateurs. D\u00e9tails: Mat\u00e9riel : PU Ballon Vessie en caoutchouc butyle \u00ab No Leak \u00bb avec soupape sp\u00e9ciale r\u00e9sistant \u00e0 l\u2019eau et [&hellip;]<\/p>\n","protected":false},"featured_media":285953,"template":"","meta":{"_et_pb_use_builder":"","_et_pb_old_content":"","_et_gb_content_width":""},"product_brand":[],"product_cat":[1106,1098,859],"product_tag":[],"class_list":{"0":"post-285951","1":"product","2":"type-product","3":"status-publish","4":"has-post-thumbnail","6":"product_cat-ballons-de-beach-volley-fr","7":"product_cat-ballons-balles-fr","8":"product_cat-engins-de-sport-fr","10":"first","11":"instock","12":"purchasable","13":"product-type-simple"},"yoast_head":"<!-- This site is optimized with the Yoast SEO plugin v27.3 - https:\/\/yoast.com\/product\/yoast-seo-wordpress\/ -->\n<title>Mikasa Beachvolleyball Beach Classic BV543C | Taille 5<\/title>\n<meta name=\"description\" content=\"Mikasa Beachvolleyball Beach Classic BV543C | Taille 5 | Activa Sport Sarl | \u2026que le sport soit avec toi !\" \/>\n<meta name=\"robots\" content=\"index, follow, max-snippet:-1, max-image-preview:large, max-video-preview:-1\" \/>\n<link rel=\"canonical\" href=\"https:\/\/www.activasport.ch\/fr\/produkt\/mikasa-beachvolleyball-beach-classic-bv543c\/\" \/>\n<meta property=\"og:locale\" content=\"fr_FR\" \/>\n<meta property=\"og:type\" content=\"article\" \/>\n<meta property=\"og:title\" content=\"Mikasa Beachvolleyball Beach Classic BV543C | Taille 5\" \/>\n<meta property=\"og:description\" content=\"Mikasa Beachvolleyball Beach Classic BV543C | Taille 5 | Activa Sport Sarl | \u2026que le sport soit avec toi !\" \/>\n<meta property=\"og:url\" content=\"https:\/\/www.activasport.ch\/fr\/produkt\/mikasa-beachvolleyball-beach-classic-bv543c\/\" \/>\n<meta property=\"og:site_name\" content=\"Activa Sport GmbH | M\u00f6ge der Sport mit Dir sein...\" \/>\n<meta property=\"article:publisher\" content=\"https:\/\/www.facebook.com\/activasport.ch\/\" \/>\n<meta property=\"article:modified_time\" content=\"2026-01-13T09:15:27+00:00\" \/>\n<meta property=\"og:image\" content=\"https:\/\/www.activasport.ch\/wp-content\/uploads\/2026\/01\/C01016328_Mikasa-Beachvolleyball-Beach-Classic-BV543C_1000x1000.jpg\" \/>\n\t<meta property=\"og:image:width\" content=\"1000\" \/>\n\t<meta property=\"og:image:height\" content=\"1000\" \/>\n\t<meta property=\"og:image:type\" content=\"image\/jpeg\" \/>\n<meta name=\"twitter:card\" content=\"summary_large_image\" \/>\n<meta name=\"twitter:label1\" content=\"Dur\u00e9e de lecture estim\u00e9e\" \/>\n\t<meta name=\"twitter:data1\" content=\"1 minute\" \/>\n<script type=\"application\/ld+json\" class=\"yoast-schema-graph\">{\"@context\":\"https:\\\/\\\/schema.org\",\"@graph\":[{\"@type\":\"WebPage\",\"@id\":\"https:\\\/\\\/www.activasport.ch\\\/fr\\\/produkt\\\/mikasa-beachvolleyball-beach-classic-bv543c\\\/\",\"url\":\"https:\\\/\\\/www.activasport.ch\\\/fr\\\/produkt\\\/mikasa-beachvolleyball-beach-classic-bv543c\\\/\",\"name\":\"Mikasa Beachvolleyball Beach Classic BV543C | Taille 5\",\"isPartOf\":{\"@id\":\"https:\\\/\\\/www.activasport.ch\\\/fr\\\/#website\"},\"primaryImageOfPage\":{\"@id\":\"https:\\\/\\\/www.activasport.ch\\\/fr\\\/produkt\\\/mikasa-beachvolleyball-beach-classic-bv543c\\\/#primaryimage\"},\"image\":{\"@id\":\"https:\\\/\\\/www.activasport.ch\\\/fr\\\/produkt\\\/mikasa-beachvolleyball-beach-classic-bv543c\\\/#primaryimage\"},\"thumbnailUrl\":\"https:\\\/\\\/www.activasport.ch\\\/wp-content\\\/uploads\\\/2026\\\/01\\\/C01016328_Mikasa-Beachvolleyball-Beach-Classic-BV543C_1000x1000.jpg\",\"datePublished\":\"2026-01-13T09:02:55+00:00\",\"dateModified\":\"2026-01-13T09:15:27+00:00\",\"description\":\"Mikasa Beachvolleyball Beach Classic BV543C | Taille 5 | Activa Sport Sarl | \u2026que le sport soit avec toi !\",\"breadcrumb\":{\"@id\":\"https:\\\/\\\/www.activasport.ch\\\/fr\\\/produkt\\\/mikasa-beachvolleyball-beach-classic-bv543c\\\/#breadcrumb\"},\"inLanguage\":\"fr-FR\",\"potentialAction\":[{\"@type\":\"ReadAction\",\"target\":[\"https:\\\/\\\/www.activasport.ch\\\/fr\\\/produkt\\\/mikasa-beachvolleyball-beach-classic-bv543c\\\/\"]}]},{\"@type\":\"ImageObject\",\"inLanguage\":\"fr-FR\",\"@id\":\"https:\\\/\\\/www.activasport.ch\\\/fr\\\/produkt\\\/mikasa-beachvolleyball-beach-classic-bv543c\\\/#primaryimage\",\"url\":\"https:\\\/\\\/www.activasport.ch\\\/wp-content\\\/uploads\\\/2026\\\/01\\\/C01016328_Mikasa-Beachvolleyball-Beach-Classic-BV543C_1000x1000.jpg\",\"contentUrl\":\"https:\\\/\\\/www.activasport.ch\\\/wp-content\\\/uploads\\\/2026\\\/01\\\/C01016328_Mikasa-Beachvolleyball-Beach-Classic-BV543C_1000x1000.jpg\",\"width\":1000,\"height\":1000,\"caption\":\"Produkt Mikasa Beachvolleyball Beach Classic BV543C\"},{\"@type\":\"BreadcrumbList\",\"@id\":\"https:\\\/\\\/www.activasport.ch\\\/fr\\\/produkt\\\/mikasa-beachvolleyball-beach-classic-bv543c\\\/#breadcrumb\",\"itemListElement\":[{\"@type\":\"ListItem\",\"position\":1,\"name\":\"Home\",\"item\":\"https:\\\/\\\/www.activasport.ch\\\/fr\\\/\"},{\"@type\":\"ListItem\",\"position\":2,\"name\":\"Shop\",\"item\":\"https:\\\/\\\/www.activasport.ch\\\/fr\\\/?page_id=258329\"},{\"@type\":\"ListItem\",\"position\":3,\"name\":\"Mikasa Beachvolleyball Beach Classic BV543C\"}]},{\"@type\":\"WebSite\",\"@id\":\"https:\\\/\\\/www.activasport.ch\\\/fr\\\/#website\",\"url\":\"https:\\\/\\\/www.activasport.ch\\\/fr\\\/\",\"name\":\"Activa Sport GmbH | M\u00f6ge der Sport mit Dir sein...\",\"description\":\"\",\"publisher\":{\"@id\":\"https:\\\/\\\/www.activasport.ch\\\/fr\\\/#organization\"},\"potentialAction\":[{\"@type\":\"SearchAction\",\"target\":{\"@type\":\"EntryPoint\",\"urlTemplate\":\"https:\\\/\\\/www.activasport.ch\\\/fr\\\/?s={search_term_string}\"},\"query-input\":{\"@type\":\"PropertyValueSpecification\",\"valueRequired\":true,\"valueName\":\"search_term_string\"}}],\"inLanguage\":\"fr-FR\"},{\"@type\":\"Organization\",\"@id\":\"https:\\\/\\\/www.activasport.ch\\\/fr\\\/#organization\",\"name\":\"Activa Sport GmbH\",\"url\":\"https:\\\/\\\/www.activasport.ch\\\/fr\\\/\",\"logo\":{\"@type\":\"ImageObject\",\"inLanguage\":\"fr-FR\",\"@id\":\"https:\\\/\\\/www.activasport.ch\\\/fr\\\/#\\\/schema\\\/logo\\\/image\\\/\",\"url\":\"https:\\\/\\\/www.activasport.ch\\\/wp-content\\\/uploads\\\/2020\\\/04\\\/Activa_AS_Emblem_rot-schwarz_512x512.png\",\"contentUrl\":\"https:\\\/\\\/www.activasport.ch\\\/wp-content\\\/uploads\\\/2020\\\/04\\\/Activa_AS_Emblem_rot-schwarz_512x512.png\",\"width\":512,\"height\":512,\"caption\":\"Activa Sport GmbH\"},\"image\":{\"@id\":\"https:\\\/\\\/www.activasport.ch\\\/fr\\\/#\\\/schema\\\/logo\\\/image\\\/\"},\"sameAs\":[\"https:\\\/\\\/www.facebook.com\\\/activasport.ch\\\/\",\"https:\\\/\\\/www.youtube.com\\\/channel\\\/UCtqHC7rBGHotohPIGFurwzg\"]}]}<\/script>\n<!-- \/ Yoast SEO plugin. -->","yoast_head_json":{"title":"Mikasa Beachvolleyball Beach Classic BV543C | Taille 5","description":"Mikasa Beachvolleyball Beach Classic BV543C | Taille 5 | Activa Sport Sarl | \u2026que le sport soit avec toi !","robots":{"index":"index","follow":"follow","max-snippet":"max-snippet:-1","max-image-preview":"max-image-preview:large","max-video-preview":"max-video-preview:-1"},"canonical":"https:\/\/www.activasport.ch\/fr\/produkt\/mikasa-beachvolleyball-beach-classic-bv543c\/","og_locale":"fr_FR","og_type":"article","og_title":"Mikasa Beachvolleyball Beach Classic BV543C | Taille 5","og_description":"Mikasa Beachvolleyball Beach Classic BV543C | Taille 5 | Activa Sport Sarl | \u2026que le sport soit avec toi !","og_url":"https:\/\/www.activasport.ch\/fr\/produkt\/mikasa-beachvolleyball-beach-classic-bv543c\/","og_site_name":"Activa Sport GmbH | M\u00f6ge der Sport mit Dir sein...","article_publisher":"https:\/\/www.facebook.com\/activasport.ch\/","article_modified_time":"2026-01-13T09:15:27+00:00","og_image":[{"width":1000,"height":1000,"url":"https:\/\/www.activasport.ch\/wp-content\/uploads\/2026\/01\/C01016328_Mikasa-Beachvolleyball-Beach-Classic-BV543C_1000x1000.jpg","type":"image\/jpeg"}],"twitter_card":"summary_large_image","twitter_misc":{"Dur\u00e9e de lecture estim\u00e9e":"1 minute"},"schema":{"@context":"https:\/\/schema.org","@graph":[{"@type":"WebPage","@id":"https:\/\/www.activasport.ch\/fr\/produkt\/mikasa-beachvolleyball-beach-classic-bv543c\/","url":"https:\/\/www.activasport.ch\/fr\/produkt\/mikasa-beachvolleyball-beach-classic-bv543c\/","name":"Mikasa Beachvolleyball Beach Classic BV543C | Taille 5","isPartOf":{"@id":"https:\/\/www.activasport.ch\/fr\/#website"},"primaryImageOfPage":{"@id":"https:\/\/www.activasport.ch\/fr\/produkt\/mikasa-beachvolleyball-beach-classic-bv543c\/#primaryimage"},"image":{"@id":"https:\/\/www.activasport.ch\/fr\/produkt\/mikasa-beachvolleyball-beach-classic-bv543c\/#primaryimage"},"thumbnailUrl":"https:\/\/www.activasport.ch\/wp-content\/uploads\/2026\/01\/C01016328_Mikasa-Beachvolleyball-Beach-Classic-BV543C_1000x1000.jpg","datePublished":"2026-01-13T09:02:55+00:00","dateModified":"2026-01-13T09:15:27+00:00","description":"Mikasa Beachvolleyball Beach Classic BV543C | Taille 5 | Activa Sport Sarl | \u2026que le sport soit avec toi !","breadcrumb":{"@id":"https:\/\/www.activasport.ch\/fr\/produkt\/mikasa-beachvolleyball-beach-classic-bv543c\/#breadcrumb"},"inLanguage":"fr-FR","potentialAction":[{"@type":"ReadAction","target":["https:\/\/www.activasport.ch\/fr\/produkt\/mikasa-beachvolleyball-beach-classic-bv543c\/"]}]},{"@type":"ImageObject","inLanguage":"fr-FR","@id":"https:\/\/www.activasport.ch\/fr\/produkt\/mikasa-beachvolleyball-beach-classic-bv543c\/#primaryimage","url":"https:\/\/www.activasport.ch\/wp-content\/uploads\/2026\/01\/C01016328_Mikasa-Beachvolleyball-Beach-Classic-BV543C_1000x1000.jpg","contentUrl":"https:\/\/www.activasport.ch\/wp-content\/uploads\/2026\/01\/C01016328_Mikasa-Beachvolleyball-Beach-Classic-BV543C_1000x1000.jpg","width":1000,"height":1000,"caption":"Produkt Mikasa Beachvolleyball Beach Classic BV543C"},{"@type":"BreadcrumbList","@id":"https:\/\/www.activasport.ch\/fr\/produkt\/mikasa-beachvolleyball-beach-classic-bv543c\/#breadcrumb","itemListElement":[{"@type":"ListItem","position":1,"name":"Home","item":"https:\/\/www.activasport.ch\/fr\/"},{"@type":"ListItem","position":2,"name":"Shop","item":"https:\/\/www.activasport.ch\/fr\/?page_id=258329"},{"@type":"ListItem","position":3,"name":"Mikasa Beachvolleyball Beach Classic BV543C"}]},{"@type":"WebSite","@id":"https:\/\/www.activasport.ch\/fr\/#website","url":"https:\/\/www.activasport.ch\/fr\/","name":"Activa Sport GmbH | M\u00f6ge der Sport mit Dir sein...","description":"","publisher":{"@id":"https:\/\/www.activasport.ch\/fr\/#organization"},"potentialAction":[{"@type":"SearchAction","target":{"@type":"EntryPoint","urlTemplate":"https:\/\/www.activasport.ch\/fr\/?s={search_term_string}"},"query-input":{"@type":"PropertyValueSpecification","valueRequired":true,"valueName":"search_term_string"}}],"inLanguage":"fr-FR"},{"@type":"Organization","@id":"https:\/\/www.activasport.ch\/fr\/#organization","name":"Activa Sport GmbH","url":"https:\/\/www.activasport.ch\/fr\/","logo":{"@type":"ImageObject","inLanguage":"fr-FR","@id":"https:\/\/www.activasport.ch\/fr\/#\/schema\/logo\/image\/","url":"https:\/\/www.activasport.ch\/wp-content\/uploads\/2020\/04\/Activa_AS_Emblem_rot-schwarz_512x512.png","contentUrl":"https:\/\/www.activasport.ch\/wp-content\/uploads\/2020\/04\/Activa_AS_Emblem_rot-schwarz_512x512.png","width":512,"height":512,"caption":"Activa Sport GmbH"},"image":{"@id":"https:\/\/www.activasport.ch\/fr\/#\/schema\/logo\/image\/"},"sameAs":["https:\/\/www.facebook.com\/activasport.ch\/","https:\/\/www.youtube.com\/channel\/UCtqHC7rBGHotohPIGFurwzg"]}]}},"_links":{"self":[{"href":"https:\/\/www.activasport.ch\/fr\/wp-json\/wp\/v2\/product\/285951","targetHints":{"allow":["GET"]}}],"collection":[{"href":"https:\/\/www.activasport.ch\/fr\/wp-json\/wp\/v2\/product"}],"about":[{"href":"https:\/\/www.activasport.ch\/fr\/wp-json\/wp\/v2\/types\/product"}],"wp:featuredmedia":[{"embeddable":true,"href":"https:\/\/www.activasport.ch\/fr\/wp-json\/wp\/v2\/media\/285953"}],"wp:attachment":[{"href":"https:\/\/www.activasport.ch\/fr\/wp-json\/wp\/v2\/media?parent=285951"}],"wp:term":[{"taxonomy":"product_brand","embeddable":true,"href":"https:\/\/www.activasport.ch\/fr\/wp-json\/wp\/v2\/product_brand?post=285951"},{"taxonomy":"product_cat","embeddable":true,"href":"https:\/\/www.activasport.ch\/fr\/wp-json\/wp\/v2\/product_cat?post=285951"},{"taxonomy":"product_tag","embeddable":true,"href":"https:\/\/www.activasport.ch\/fr\/wp-json\/wp\/v2\/product_tag?post=285951"}],"curies":[{"name":"wp","href":"https:\/\/api.w.org\/{rel}","templated":true}]}}