{"id":285935,"date":"2026-01-13T08:39:14","date_gmt":"2026-01-13T07:39:14","guid":{"rendered":"https:\/\/www.activasport.ch\/?post_type=product&#038;p=285935"},"modified":"2026-01-13T08:45:15","modified_gmt":"2026-01-13T07:45:15","slug":"derbystar-football-brillant-light-taille-5","status":"publish","type":"product","link":"https:\/\/www.activasport.ch\/fr\/produkt\/derbystar-football-brillant-light-taille-5\/","title":{"rendered":"Derbystar football Brillant Light"},"content":{"rendered":"<p>Le Derbystar Football Brillant Light est un ballon d\u2019entra\u00eenement jeunesse haut de gamme avec des aptitudes de jeu exceptionnelles et un poids r\u00e9duit. Gr\u00e2ce \u00e0 la technique de fabrication Dual Bonded, le ballon est robuste et extr\u00eamement durable.<\/p>\n<p>D\u00e9tails:<\/p>\n<ul>\n<li>Mat\u00e9riel: PU haute technologie brillant, surface structur\u00e9e fine couche sp\u00e9ciale pour un contact doux avec le ballon avec vessie en caoutchouc synth\u00e9tique (vessie SR)<\/li>\n<\/ul>\n<p><u>Dual Bonded &#8211; combinaison d\u2019un cuir sup\u00e9rieur cousu et coll\u00e9<\/u><\/p>\n<ul>\n<li>1er \u00e9tape : appliquer de la colle sp\u00e9ciale sur les bords des panneaux<\/li>\n<li>2e \u00e9tape : coudre les panneaux (apr\u00e8s s\u00e9chage de la colle)<\/li>\n<li>3e \u00e9tape : activation de la colle par gonflage et chauffage du ballon<\/li>\n<li>4e \u00e9tape : \u00e9tanch\u00e9it\u00e9 des coutures \u00e0 la main<\/li>\n<\/ul>\n","protected":false},"excerpt":{"rendered":"<p>Le Derbystar Football Brillant Light est un ballon d\u2019entra\u00eenement jeunesse haut de gamme avec des aptitudes de jeu exceptionnelles et un poids r\u00e9duit. Gr\u00e2ce \u00e0 la technique de fabrication Dual Bonded, le ballon est robuste et extr\u00eamement durable. D\u00e9tails: Mat\u00e9riel: PU haute technologie brillant, surface structur\u00e9e fine couche sp\u00e9ciale pour un contact doux avec le [&hellip;]<\/p>\n","protected":false},"featured_media":285937,"template":"","meta":{"_et_pb_use_builder":"","_et_pb_old_content":"","_et_gb_content_width":""},"product_brand":[],"product_cat":[1112],"product_tag":[],"class_list":{"0":"post-285935","1":"product","2":"type-product","3":"status-publish","4":"has-post-thumbnail","6":"product_cat-ballons-dentrainement-fr-2","8":"first","9":"instock","10":"purchasable","11":"product-type-simple"},"yoast_head":"<!-- This site is optimized with the Yoast SEO plugin v27.3 - https:\/\/yoast.com\/product\/yoast-seo-wordpress\/ -->\n<title>Derbystar football Brillant Light | Taille 5, 350 g.<\/title>\n<meta name=\"description\" content=\"Derbystar football Brillant Light | Taille 5, 350 g. | Activa Sport Sarl | \u2026que le sport soit avec toi !\" \/>\n<meta name=\"robots\" content=\"index, follow, max-snippet:-1, max-image-preview:large, max-video-preview:-1\" \/>\n<link rel=\"canonical\" href=\"https:\/\/www.activasport.ch\/fr\/produkt\/derbystar-football-brillant-light-taille-5\/\" \/>\n<meta property=\"og:locale\" content=\"fr_FR\" \/>\n<meta property=\"og:type\" content=\"article\" \/>\n<meta property=\"og:title\" content=\"Derbystar football Brillant Light | Taille 5, 350 g.\" \/>\n<meta property=\"og:description\" content=\"Derbystar football Brillant Light | Taille 5, 350 g. | Activa Sport Sarl | \u2026que le sport soit avec toi !\" \/>\n<meta property=\"og:url\" content=\"https:\/\/www.activasport.ch\/fr\/produkt\/derbystar-football-brillant-light-taille-5\/\" \/>\n<meta property=\"og:site_name\" content=\"Activa Sport GmbH | M\u00f6ge der Sport mit Dir sein...\" \/>\n<meta property=\"article:publisher\" content=\"https:\/\/www.facebook.com\/activasport.ch\/\" \/>\n<meta property=\"article:modified_time\" content=\"2026-01-13T07:45:15+00:00\" \/>\n<meta property=\"og:image\" content=\"https:\/\/www.activasport.ch\/wp-content\/uploads\/2026\/01\/C01009345_Derbystar-Fussball-Brillant-Light_1000x1000.jpg\" \/>\n\t<meta property=\"og:image:width\" content=\"1000\" \/>\n\t<meta property=\"og:image:height\" content=\"1000\" \/>\n\t<meta property=\"og:image:type\" content=\"image\/jpeg\" \/>\n<meta name=\"twitter:card\" content=\"summary_large_image\" \/>\n<meta name=\"twitter:label1\" content=\"Dur\u00e9e de lecture estim\u00e9e\" \/>\n\t<meta name=\"twitter:data1\" content=\"1 minute\" \/>\n<script type=\"application\/ld+json\" class=\"yoast-schema-graph\">{\"@context\":\"https:\\\/\\\/schema.org\",\"@graph\":[{\"@type\":\"WebPage\",\"@id\":\"https:\\\/\\\/www.activasport.ch\\\/fr\\\/produkt\\\/derbystar-football-brillant-light-taille-5\\\/\",\"url\":\"https:\\\/\\\/www.activasport.ch\\\/fr\\\/produkt\\\/derbystar-football-brillant-light-taille-5\\\/\",\"name\":\"Derbystar football Brillant Light | Taille 5, 350 g.\",\"isPartOf\":{\"@id\":\"https:\\\/\\\/www.activasport.ch\\\/fr\\\/#website\"},\"primaryImageOfPage\":{\"@id\":\"https:\\\/\\\/www.activasport.ch\\\/fr\\\/produkt\\\/derbystar-football-brillant-light-taille-5\\\/#primaryimage\"},\"image\":{\"@id\":\"https:\\\/\\\/www.activasport.ch\\\/fr\\\/produkt\\\/derbystar-football-brillant-light-taille-5\\\/#primaryimage\"},\"thumbnailUrl\":\"https:\\\/\\\/www.activasport.ch\\\/wp-content\\\/uploads\\\/2026\\\/01\\\/C01009345_Derbystar-Fussball-Brillant-Light_1000x1000.jpg\",\"datePublished\":\"2026-01-13T07:39:14+00:00\",\"dateModified\":\"2026-01-13T07:45:15+00:00\",\"description\":\"Derbystar football Brillant Light | Taille 5, 350 g. | Activa Sport Sarl | \u2026que le sport soit avec toi !\",\"breadcrumb\":{\"@id\":\"https:\\\/\\\/www.activasport.ch\\\/fr\\\/produkt\\\/derbystar-football-brillant-light-taille-5\\\/#breadcrumb\"},\"inLanguage\":\"fr-FR\",\"potentialAction\":[{\"@type\":\"ReadAction\",\"target\":[\"https:\\\/\\\/www.activasport.ch\\\/fr\\\/produkt\\\/derbystar-football-brillant-light-taille-5\\\/\"]}]},{\"@type\":\"ImageObject\",\"inLanguage\":\"fr-FR\",\"@id\":\"https:\\\/\\\/www.activasport.ch\\\/fr\\\/produkt\\\/derbystar-football-brillant-light-taille-5\\\/#primaryimage\",\"url\":\"https:\\\/\\\/www.activasport.ch\\\/wp-content\\\/uploads\\\/2026\\\/01\\\/C01009345_Derbystar-Fussball-Brillant-Light_1000x1000.jpg\",\"contentUrl\":\"https:\\\/\\\/www.activasport.ch\\\/wp-content\\\/uploads\\\/2026\\\/01\\\/C01009345_Derbystar-Fussball-Brillant-Light_1000x1000.jpg\",\"width\":1000,\"height\":1000,\"caption\":\"Derbystar Fussball Brillant Light Gr\u00f6sse 5\"},{\"@type\":\"BreadcrumbList\",\"@id\":\"https:\\\/\\\/www.activasport.ch\\\/fr\\\/produkt\\\/derbystar-football-brillant-light-taille-5\\\/#breadcrumb\",\"itemListElement\":[{\"@type\":\"ListItem\",\"position\":1,\"name\":\"Home\",\"item\":\"https:\\\/\\\/www.activasport.ch\\\/fr\\\/\"},{\"@type\":\"ListItem\",\"position\":2,\"name\":\"Shop\",\"item\":\"https:\\\/\\\/www.activasport.ch\\\/fr\\\/?page_id=258329\"},{\"@type\":\"ListItem\",\"position\":3,\"name\":\"Derbystar football Brillant Light\"}]},{\"@type\":\"WebSite\",\"@id\":\"https:\\\/\\\/www.activasport.ch\\\/fr\\\/#website\",\"url\":\"https:\\\/\\\/www.activasport.ch\\\/fr\\\/\",\"name\":\"Activa Sport GmbH | M\u00f6ge der Sport mit Dir sein...\",\"description\":\"\",\"publisher\":{\"@id\":\"https:\\\/\\\/www.activasport.ch\\\/fr\\\/#organization\"},\"potentialAction\":[{\"@type\":\"SearchAction\",\"target\":{\"@type\":\"EntryPoint\",\"urlTemplate\":\"https:\\\/\\\/www.activasport.ch\\\/fr\\\/?s={search_term_string}\"},\"query-input\":{\"@type\":\"PropertyValueSpecification\",\"valueRequired\":true,\"valueName\":\"search_term_string\"}}],\"inLanguage\":\"fr-FR\"},{\"@type\":\"Organization\",\"@id\":\"https:\\\/\\\/www.activasport.ch\\\/fr\\\/#organization\",\"name\":\"Activa Sport GmbH\",\"url\":\"https:\\\/\\\/www.activasport.ch\\\/fr\\\/\",\"logo\":{\"@type\":\"ImageObject\",\"inLanguage\":\"fr-FR\",\"@id\":\"https:\\\/\\\/www.activasport.ch\\\/fr\\\/#\\\/schema\\\/logo\\\/image\\\/\",\"url\":\"https:\\\/\\\/www.activasport.ch\\\/wp-content\\\/uploads\\\/2020\\\/04\\\/Activa_AS_Emblem_rot-schwarz_512x512.png\",\"contentUrl\":\"https:\\\/\\\/www.activasport.ch\\\/wp-content\\\/uploads\\\/2020\\\/04\\\/Activa_AS_Emblem_rot-schwarz_512x512.png\",\"width\":512,\"height\":512,\"caption\":\"Activa Sport GmbH\"},\"image\":{\"@id\":\"https:\\\/\\\/www.activasport.ch\\\/fr\\\/#\\\/schema\\\/logo\\\/image\\\/\"},\"sameAs\":[\"https:\\\/\\\/www.facebook.com\\\/activasport.ch\\\/\",\"https:\\\/\\\/www.youtube.com\\\/channel\\\/UCtqHC7rBGHotohPIGFurwzg\"]}]}<\/script>\n<!-- \/ Yoast SEO plugin. -->","yoast_head_json":{"title":"Derbystar football Brillant Light | Taille 5, 350 g.","description":"Derbystar football Brillant Light | Taille 5, 350 g. | Activa Sport Sarl | \u2026que le sport soit avec toi !","robots":{"index":"index","follow":"follow","max-snippet":"max-snippet:-1","max-image-preview":"max-image-preview:large","max-video-preview":"max-video-preview:-1"},"canonical":"https:\/\/www.activasport.ch\/fr\/produkt\/derbystar-football-brillant-light-taille-5\/","og_locale":"fr_FR","og_type":"article","og_title":"Derbystar football Brillant Light | Taille 5, 350 g.","og_description":"Derbystar football Brillant Light | Taille 5, 350 g. | Activa Sport Sarl | \u2026que le sport soit avec toi !","og_url":"https:\/\/www.activasport.ch\/fr\/produkt\/derbystar-football-brillant-light-taille-5\/","og_site_name":"Activa Sport GmbH | M\u00f6ge der Sport mit Dir sein...","article_publisher":"https:\/\/www.facebook.com\/activasport.ch\/","article_modified_time":"2026-01-13T07:45:15+00:00","og_image":[{"width":1000,"height":1000,"url":"https:\/\/www.activasport.ch\/wp-content\/uploads\/2026\/01\/C01009345_Derbystar-Fussball-Brillant-Light_1000x1000.jpg","type":"image\/jpeg"}],"twitter_card":"summary_large_image","twitter_misc":{"Dur\u00e9e de lecture estim\u00e9e":"1 minute"},"schema":{"@context":"https:\/\/schema.org","@graph":[{"@type":"WebPage","@id":"https:\/\/www.activasport.ch\/fr\/produkt\/derbystar-football-brillant-light-taille-5\/","url":"https:\/\/www.activasport.ch\/fr\/produkt\/derbystar-football-brillant-light-taille-5\/","name":"Derbystar football Brillant Light | Taille 5, 350 g.","isPartOf":{"@id":"https:\/\/www.activasport.ch\/fr\/#website"},"primaryImageOfPage":{"@id":"https:\/\/www.activasport.ch\/fr\/produkt\/derbystar-football-brillant-light-taille-5\/#primaryimage"},"image":{"@id":"https:\/\/www.activasport.ch\/fr\/produkt\/derbystar-football-brillant-light-taille-5\/#primaryimage"},"thumbnailUrl":"https:\/\/www.activasport.ch\/wp-content\/uploads\/2026\/01\/C01009345_Derbystar-Fussball-Brillant-Light_1000x1000.jpg","datePublished":"2026-01-13T07:39:14+00:00","dateModified":"2026-01-13T07:45:15+00:00","description":"Derbystar football Brillant Light | Taille 5, 350 g. | Activa Sport Sarl | \u2026que le sport soit avec toi !","breadcrumb":{"@id":"https:\/\/www.activasport.ch\/fr\/produkt\/derbystar-football-brillant-light-taille-5\/#breadcrumb"},"inLanguage":"fr-FR","potentialAction":[{"@type":"ReadAction","target":["https:\/\/www.activasport.ch\/fr\/produkt\/derbystar-football-brillant-light-taille-5\/"]}]},{"@type":"ImageObject","inLanguage":"fr-FR","@id":"https:\/\/www.activasport.ch\/fr\/produkt\/derbystar-football-brillant-light-taille-5\/#primaryimage","url":"https:\/\/www.activasport.ch\/wp-content\/uploads\/2026\/01\/C01009345_Derbystar-Fussball-Brillant-Light_1000x1000.jpg","contentUrl":"https:\/\/www.activasport.ch\/wp-content\/uploads\/2026\/01\/C01009345_Derbystar-Fussball-Brillant-Light_1000x1000.jpg","width":1000,"height":1000,"caption":"Derbystar Fussball Brillant Light Gr\u00f6sse 5"},{"@type":"BreadcrumbList","@id":"https:\/\/www.activasport.ch\/fr\/produkt\/derbystar-football-brillant-light-taille-5\/#breadcrumb","itemListElement":[{"@type":"ListItem","position":1,"name":"Home","item":"https:\/\/www.activasport.ch\/fr\/"},{"@type":"ListItem","position":2,"name":"Shop","item":"https:\/\/www.activasport.ch\/fr\/?page_id=258329"},{"@type":"ListItem","position":3,"name":"Derbystar football Brillant Light"}]},{"@type":"WebSite","@id":"https:\/\/www.activasport.ch\/fr\/#website","url":"https:\/\/www.activasport.ch\/fr\/","name":"Activa Sport GmbH | M\u00f6ge der Sport mit Dir sein...","description":"","publisher":{"@id":"https:\/\/www.activasport.ch\/fr\/#organization"},"potentialAction":[{"@type":"SearchAction","target":{"@type":"EntryPoint","urlTemplate":"https:\/\/www.activasport.ch\/fr\/?s={search_term_string}"},"query-input":{"@type":"PropertyValueSpecification","valueRequired":true,"valueName":"search_term_string"}}],"inLanguage":"fr-FR"},{"@type":"Organization","@id":"https:\/\/www.activasport.ch\/fr\/#organization","name":"Activa Sport GmbH","url":"https:\/\/www.activasport.ch\/fr\/","logo":{"@type":"ImageObject","inLanguage":"fr-FR","@id":"https:\/\/www.activasport.ch\/fr\/#\/schema\/logo\/image\/","url":"https:\/\/www.activasport.ch\/wp-content\/uploads\/2020\/04\/Activa_AS_Emblem_rot-schwarz_512x512.png","contentUrl":"https:\/\/www.activasport.ch\/wp-content\/uploads\/2020\/04\/Activa_AS_Emblem_rot-schwarz_512x512.png","width":512,"height":512,"caption":"Activa Sport GmbH"},"image":{"@id":"https:\/\/www.activasport.ch\/fr\/#\/schema\/logo\/image\/"},"sameAs":["https:\/\/www.facebook.com\/activasport.ch\/","https:\/\/www.youtube.com\/channel\/UCtqHC7rBGHotohPIGFurwzg"]}]}},"_links":{"self":[{"href":"https:\/\/www.activasport.ch\/fr\/wp-json\/wp\/v2\/product\/285935","targetHints":{"allow":["GET"]}}],"collection":[{"href":"https:\/\/www.activasport.ch\/fr\/wp-json\/wp\/v2\/product"}],"about":[{"href":"https:\/\/www.activasport.ch\/fr\/wp-json\/wp\/v2\/types\/product"}],"wp:featuredmedia":[{"embeddable":true,"href":"https:\/\/www.activasport.ch\/fr\/wp-json\/wp\/v2\/media\/285937"}],"wp:attachment":[{"href":"https:\/\/www.activasport.ch\/fr\/wp-json\/wp\/v2\/media?parent=285935"}],"wp:term":[{"taxonomy":"product_brand","embeddable":true,"href":"https:\/\/www.activasport.ch\/fr\/wp-json\/wp\/v2\/product_brand?post=285935"},{"taxonomy":"product_cat","embeddable":true,"href":"https:\/\/www.activasport.ch\/fr\/wp-json\/wp\/v2\/product_cat?post=285935"},{"taxonomy":"product_tag","embeddable":true,"href":"https:\/\/www.activasport.ch\/fr\/wp-json\/wp\/v2\/product_tag?post=285935"}],"curies":[{"name":"wp","href":"https:\/\/api.w.org\/{rel}","templated":true}]}}