{"id":284940,"date":"2024-08-29T14:29:24","date_gmt":"2024-08-29T12:29:25","guid":{"rendered":"https:\/\/www.activasport.ch\/?post_type=product&#038;p=284940"},"modified":"2024-08-29T15:44:15","modified_gmt":"2024-08-29T13:44:15","slug":"activapro-street-workout-park","status":"publish","type":"product","link":"https:\/\/www.activasport.ch\/fr\/produkt\/activapro-street-workout-park\/","title":{"rendered":"ActivaPro"},"content":{"rendered":"<p class=\"et_pb_module_header\"><span style=\"color: #666666; font-size: 14px;\">Le Street Workout Park ActivaPro offre la plus grande vari\u00e9t\u00e9 d\u2019\u00e9l\u00e9ments. Si vous avez l\u2019espace n\u00e9cessaire, vous pouvez cr\u00e9er une installation d\u2019entra\u00eenement tr\u00e8s attrayante r\u00e9pondant \u00e0 tous les souhaits. Pour garantir une s\u00e9curit\u00e9 maximale, le sol de tous les Street Workout Parks est con\u00e7u comme une surface de protection contre les chutes.<\/span><\/p>\n<p><span style=\"font-size: 16px;\"><strong>Donn\u00e9es techniques<\/strong><br \/>\n<\/span><span style=\"color: #666666; font-size: 14px;\">Surface n\u00e9cessaire : env. 238 m\u00b2<\/span><\/p>\n<p>\u00c9l\u00e9ments du Street Workout Park ActivaTop :<\/p>\n<div class=\"et_pb_blurb_description\">\n<ul>\n<li>Triangle avec les poign\u00e9es pour les push-ups<\/li>\n<li>Stepper<\/li>\n<li>Barre de trempage<\/li>\n<li>Barres parall\u00e8les<\/li>\n<li>Barres parall\u00e8les \u00e0 trois \u00e9l\u00e9ments<\/li>\n<li>\u00c9l\u00e9ments de suspension \u00e0 diff\u00e9rentes hauteurs<\/li>\n<li>Espaliers<\/li>\n<li>\u00c9chelle Street Workout<\/li>\n<li>Cible pour les balles m\u00e9dicinales<\/li>\n<li>Entra\u00eeneur pour les abdominaux<\/li>\n<li>Entra\u00eeneur pour le dos<\/li>\n<li>Barre de trempage Z<\/li>\n<li>Vague horizontale<\/li>\n<li>Dispositif multifonctionnel double<\/li>\n<li>Barre de traction multifonctionnelle<\/li>\n<li>Barre de traction combin\u00e9e<\/li>\n<li>Barre de traction \u00e9troite<\/li>\n<\/ul>\n<\/div>\n<p><span id=\"wpaicg-chat-message-76048\" class=\"wpaicg-chat-message\"><strong><a href=\"https:\/\/www.activasport.ch\/wp-content\/uploads\/2021\/08\/Katalog_ActivaFit_D_2021.pdf\" target=\"_blank\" rel=\"noopener\">Cliquez ici pour acc\u00e9der \u00e0 notre catalogue de produits Street Workout !<\/a><\/strong><\/p>\n<p><strong>Un service complet, de la planification au montage final :<\/strong><br \/>\nLes Fitnessparcs Street Workout peuvent \u00eatre assembl\u00e9s en diff\u00e9rentes tailles. Ou ils peuvent \u00eatre planifi\u00e9s et command\u00e9s individuellement en fonction de vos besoins. En particulier pour des sports sp\u00e9cifiques, il est possible de cr\u00e9er un parc sp\u00e9cialement adapt\u00e9 \u00e0 la structure d&rsquo;entra\u00eenement. Nous nous ferons un plaisir de vous accompagner tout au long du projet, de la planification au montage final et bien entendu au-del\u00e0.<\/p>\n<p><strong>Demandez-nous d\u00e8s maintenant : <a href=\"mailto:info@activasport.ch\">info@activasport.ch<\/a><\/strong><\/p>\n<p>&nbsp;<\/p>\n","protected":false},"excerpt":{"rendered":"<p>Le Street Workout Park ActivaPro offre la plus grande vari\u00e9t\u00e9 d\u2019\u00e9l\u00e9ments. Si vous avez l\u2019espace n\u00e9cessaire, vous pouvez cr\u00e9er une installation d\u2019entra\u00eenement tr\u00e8s attrayante r\u00e9pondant \u00e0 tous les souhaits. Pour garantir une s\u00e9curit\u00e9 maximale, le sol de tous les Street Workout Parks est con\u00e7u comme une surface de protection contre les chutes. Donn\u00e9es techniques Surface [&hellip;]<\/p>\n","protected":false},"featured_media":284942,"template":"","meta":{"_et_pb_use_builder":"","_et_pb_old_content":"","_et_gb_content_width":""},"product_brand":[],"product_cat":[932],"product_tag":[],"class_list":{"0":"post-284940","1":"product","2":"type-product","3":"status-publish","4":"has-post-thumbnail","6":"product_cat-street-workout-fr","8":"first","9":"instock","10":"taxable","11":"shipping-taxable","12":"product-type-simple"},"yoast_head":"<!-- This site is optimized with the Yoast SEO plugin v27.3 - https:\/\/yoast.com\/product\/yoast-seo-wordpress\/ -->\n<title>ActivaPro | Street Workout Park env. 238 m\u00b2<\/title>\n<meta name=\"description\" content=\"ActivaPro | Street Workout Park env. 238 m\u00b2 | Calisthenic | Entra\u00eenement en plein air | Activa Sport GmbH | M\u00f6ge der Sport mit Dir sein...\" \/>\n<meta name=\"robots\" content=\"index, follow, max-snippet:-1, max-image-preview:large, max-video-preview:-1\" \/>\n<link rel=\"canonical\" href=\"https:\/\/www.activasport.ch\/fr\/produkt\/activapro-street-workout-park\/\" \/>\n<meta property=\"og:locale\" content=\"fr_FR\" \/>\n<meta property=\"og:type\" content=\"article\" \/>\n<meta property=\"og:title\" content=\"ActivaPro | Street Workout Park env. 238 m\u00b2\" \/>\n<meta property=\"og:description\" content=\"ActivaPro | Street Workout Park env. 238 m\u00b2 | Calisthenic | Entra\u00eenement en plein air | Activa Sport GmbH | M\u00f6ge der Sport mit Dir sein...\" \/>\n<meta property=\"og:url\" content=\"https:\/\/www.activasport.ch\/fr\/produkt\/activapro-street-workout-park\/\" \/>\n<meta property=\"og:site_name\" content=\"Activa Sport GmbH | M\u00f6ge der Sport mit Dir sein...\" \/>\n<meta property=\"article:publisher\" content=\"https:\/\/www.facebook.com\/activasport.ch\/\" \/>\n<meta property=\"article:modified_time\" content=\"2024-08-29T13:44:15+00:00\" \/>\n<meta property=\"og:image\" content=\"https:\/\/www.activasport.ch\/wp-content\/uploads\/2024\/08\/Anlage-ActivaPro-238.jpg\" \/>\n\t<meta property=\"og:image:width\" content=\"1000\" \/>\n\t<meta property=\"og:image:height\" content=\"1000\" \/>\n\t<meta property=\"og:image:type\" content=\"image\/jpeg\" \/>\n<meta name=\"twitter:card\" content=\"summary_large_image\" \/>\n<meta name=\"twitter:label1\" content=\"Dur\u00e9e de lecture estim\u00e9e\" \/>\n\t<meta name=\"twitter:data1\" content=\"2 minutes\" \/>\n<script type=\"application\/ld+json\" class=\"yoast-schema-graph\">{\"@context\":\"https:\\\/\\\/schema.org\",\"@graph\":[{\"@type\":\"WebPage\",\"@id\":\"https:\\\/\\\/www.activasport.ch\\\/fr\\\/produkt\\\/activapro-street-workout-park\\\/\",\"url\":\"https:\\\/\\\/www.activasport.ch\\\/fr\\\/produkt\\\/activapro-street-workout-park\\\/\",\"name\":\"ActivaPro | Street Workout Park env. 238 m\u00b2\",\"isPartOf\":{\"@id\":\"https:\\\/\\\/www.activasport.ch\\\/fr\\\/#website\"},\"primaryImageOfPage\":{\"@id\":\"https:\\\/\\\/www.activasport.ch\\\/fr\\\/produkt\\\/activapro-street-workout-park\\\/#primaryimage\"},\"image\":{\"@id\":\"https:\\\/\\\/www.activasport.ch\\\/fr\\\/produkt\\\/activapro-street-workout-park\\\/#primaryimage\"},\"thumbnailUrl\":\"https:\\\/\\\/www.activasport.ch\\\/wp-content\\\/uploads\\\/2024\\\/08\\\/Anlage-ActivaPro-238.jpg\",\"datePublished\":\"2024-08-29T12:29:25+00:00\",\"dateModified\":\"2024-08-29T13:44:15+00:00\",\"description\":\"ActivaPro | Street Workout Park env. 238 m\u00b2 | Calisthenic | Entra\u00eenement en plein air | Activa Sport GmbH | M\u00f6ge der Sport mit Dir sein...\",\"breadcrumb\":{\"@id\":\"https:\\\/\\\/www.activasport.ch\\\/fr\\\/produkt\\\/activapro-street-workout-park\\\/#breadcrumb\"},\"inLanguage\":\"fr-FR\",\"potentialAction\":[{\"@type\":\"ReadAction\",\"target\":[\"https:\\\/\\\/www.activasport.ch\\\/fr\\\/produkt\\\/activapro-street-workout-park\\\/\"]}]},{\"@type\":\"ImageObject\",\"inLanguage\":\"fr-FR\",\"@id\":\"https:\\\/\\\/www.activasport.ch\\\/fr\\\/produkt\\\/activapro-street-workout-park\\\/#primaryimage\",\"url\":\"https:\\\/\\\/www.activasport.ch\\\/wp-content\\\/uploads\\\/2024\\\/08\\\/Anlage-ActivaPro-238.jpg\",\"contentUrl\":\"https:\\\/\\\/www.activasport.ch\\\/wp-content\\\/uploads\\\/2024\\\/08\\\/Anlage-ActivaPro-238.jpg\",\"width\":1000,\"height\":1000,\"caption\":\"ActivaPro Street Workout Park 238 m\u00b2\"},{\"@type\":\"BreadcrumbList\",\"@id\":\"https:\\\/\\\/www.activasport.ch\\\/fr\\\/produkt\\\/activapro-street-workout-park\\\/#breadcrumb\",\"itemListElement\":[{\"@type\":\"ListItem\",\"position\":1,\"name\":\"Home\",\"item\":\"https:\\\/\\\/www.activasport.ch\\\/fr\\\/\"},{\"@type\":\"ListItem\",\"position\":2,\"name\":\"Shop\",\"item\":\"https:\\\/\\\/www.activasport.ch\\\/fr\\\/?page_id=258329\"},{\"@type\":\"ListItem\",\"position\":3,\"name\":\"ActivaPro\"}]},{\"@type\":\"WebSite\",\"@id\":\"https:\\\/\\\/www.activasport.ch\\\/fr\\\/#website\",\"url\":\"https:\\\/\\\/www.activasport.ch\\\/fr\\\/\",\"name\":\"Activa Sport GmbH | M\u00f6ge der Sport mit Dir sein...\",\"description\":\"\",\"publisher\":{\"@id\":\"https:\\\/\\\/www.activasport.ch\\\/fr\\\/#organization\"},\"potentialAction\":[{\"@type\":\"SearchAction\",\"target\":{\"@type\":\"EntryPoint\",\"urlTemplate\":\"https:\\\/\\\/www.activasport.ch\\\/fr\\\/?s={search_term_string}\"},\"query-input\":{\"@type\":\"PropertyValueSpecification\",\"valueRequired\":true,\"valueName\":\"search_term_string\"}}],\"inLanguage\":\"fr-FR\"},{\"@type\":\"Organization\",\"@id\":\"https:\\\/\\\/www.activasport.ch\\\/fr\\\/#organization\",\"name\":\"Activa Sport GmbH\",\"url\":\"https:\\\/\\\/www.activasport.ch\\\/fr\\\/\",\"logo\":{\"@type\":\"ImageObject\",\"inLanguage\":\"fr-FR\",\"@id\":\"https:\\\/\\\/www.activasport.ch\\\/fr\\\/#\\\/schema\\\/logo\\\/image\\\/\",\"url\":\"https:\\\/\\\/www.activasport.ch\\\/wp-content\\\/uploads\\\/2020\\\/04\\\/Activa_AS_Emblem_rot-schwarz_512x512.png\",\"contentUrl\":\"https:\\\/\\\/www.activasport.ch\\\/wp-content\\\/uploads\\\/2020\\\/04\\\/Activa_AS_Emblem_rot-schwarz_512x512.png\",\"width\":512,\"height\":512,\"caption\":\"Activa Sport GmbH\"},\"image\":{\"@id\":\"https:\\\/\\\/www.activasport.ch\\\/fr\\\/#\\\/schema\\\/logo\\\/image\\\/\"},\"sameAs\":[\"https:\\\/\\\/www.facebook.com\\\/activasport.ch\\\/\",\"https:\\\/\\\/www.youtube.com\\\/channel\\\/UCtqHC7rBGHotohPIGFurwzg\"]}]}<\/script>\n<!-- \/ Yoast SEO plugin. -->","yoast_head_json":{"title":"ActivaPro | Street Workout Park env. 238 m\u00b2","description":"ActivaPro | Street Workout Park env. 238 m\u00b2 | Calisthenic | Entra\u00eenement en plein air | Activa Sport GmbH | M\u00f6ge der Sport mit Dir sein...","robots":{"index":"index","follow":"follow","max-snippet":"max-snippet:-1","max-image-preview":"max-image-preview:large","max-video-preview":"max-video-preview:-1"},"canonical":"https:\/\/www.activasport.ch\/fr\/produkt\/activapro-street-workout-park\/","og_locale":"fr_FR","og_type":"article","og_title":"ActivaPro | Street Workout Park env. 238 m\u00b2","og_description":"ActivaPro | Street Workout Park env. 238 m\u00b2 | Calisthenic | Entra\u00eenement en plein air | Activa Sport GmbH | M\u00f6ge der Sport mit Dir sein...","og_url":"https:\/\/www.activasport.ch\/fr\/produkt\/activapro-street-workout-park\/","og_site_name":"Activa Sport GmbH | M\u00f6ge der Sport mit Dir sein...","article_publisher":"https:\/\/www.facebook.com\/activasport.ch\/","article_modified_time":"2024-08-29T13:44:15+00:00","og_image":[{"width":1000,"height":1000,"url":"https:\/\/www.activasport.ch\/wp-content\/uploads\/2024\/08\/Anlage-ActivaPro-238.jpg","type":"image\/jpeg"}],"twitter_card":"summary_large_image","twitter_misc":{"Dur\u00e9e de lecture estim\u00e9e":"2 minutes"},"schema":{"@context":"https:\/\/schema.org","@graph":[{"@type":"WebPage","@id":"https:\/\/www.activasport.ch\/fr\/produkt\/activapro-street-workout-park\/","url":"https:\/\/www.activasport.ch\/fr\/produkt\/activapro-street-workout-park\/","name":"ActivaPro | Street Workout Park env. 238 m\u00b2","isPartOf":{"@id":"https:\/\/www.activasport.ch\/fr\/#website"},"primaryImageOfPage":{"@id":"https:\/\/www.activasport.ch\/fr\/produkt\/activapro-street-workout-park\/#primaryimage"},"image":{"@id":"https:\/\/www.activasport.ch\/fr\/produkt\/activapro-street-workout-park\/#primaryimage"},"thumbnailUrl":"https:\/\/www.activasport.ch\/wp-content\/uploads\/2024\/08\/Anlage-ActivaPro-238.jpg","datePublished":"2024-08-29T12:29:25+00:00","dateModified":"2024-08-29T13:44:15+00:00","description":"ActivaPro | Street Workout Park env. 238 m\u00b2 | Calisthenic | Entra\u00eenement en plein air | Activa Sport GmbH | M\u00f6ge der Sport mit Dir sein...","breadcrumb":{"@id":"https:\/\/www.activasport.ch\/fr\/produkt\/activapro-street-workout-park\/#breadcrumb"},"inLanguage":"fr-FR","potentialAction":[{"@type":"ReadAction","target":["https:\/\/www.activasport.ch\/fr\/produkt\/activapro-street-workout-park\/"]}]},{"@type":"ImageObject","inLanguage":"fr-FR","@id":"https:\/\/www.activasport.ch\/fr\/produkt\/activapro-street-workout-park\/#primaryimage","url":"https:\/\/www.activasport.ch\/wp-content\/uploads\/2024\/08\/Anlage-ActivaPro-238.jpg","contentUrl":"https:\/\/www.activasport.ch\/wp-content\/uploads\/2024\/08\/Anlage-ActivaPro-238.jpg","width":1000,"height":1000,"caption":"ActivaPro Street Workout Park 238 m\u00b2"},{"@type":"BreadcrumbList","@id":"https:\/\/www.activasport.ch\/fr\/produkt\/activapro-street-workout-park\/#breadcrumb","itemListElement":[{"@type":"ListItem","position":1,"name":"Home","item":"https:\/\/www.activasport.ch\/fr\/"},{"@type":"ListItem","position":2,"name":"Shop","item":"https:\/\/www.activasport.ch\/fr\/?page_id=258329"},{"@type":"ListItem","position":3,"name":"ActivaPro"}]},{"@type":"WebSite","@id":"https:\/\/www.activasport.ch\/fr\/#website","url":"https:\/\/www.activasport.ch\/fr\/","name":"Activa Sport GmbH | M\u00f6ge der Sport mit Dir sein...","description":"","publisher":{"@id":"https:\/\/www.activasport.ch\/fr\/#organization"},"potentialAction":[{"@type":"SearchAction","target":{"@type":"EntryPoint","urlTemplate":"https:\/\/www.activasport.ch\/fr\/?s={search_term_string}"},"query-input":{"@type":"PropertyValueSpecification","valueRequired":true,"valueName":"search_term_string"}}],"inLanguage":"fr-FR"},{"@type":"Organization","@id":"https:\/\/www.activasport.ch\/fr\/#organization","name":"Activa Sport GmbH","url":"https:\/\/www.activasport.ch\/fr\/","logo":{"@type":"ImageObject","inLanguage":"fr-FR","@id":"https:\/\/www.activasport.ch\/fr\/#\/schema\/logo\/image\/","url":"https:\/\/www.activasport.ch\/wp-content\/uploads\/2020\/04\/Activa_AS_Emblem_rot-schwarz_512x512.png","contentUrl":"https:\/\/www.activasport.ch\/wp-content\/uploads\/2020\/04\/Activa_AS_Emblem_rot-schwarz_512x512.png","width":512,"height":512,"caption":"Activa Sport GmbH"},"image":{"@id":"https:\/\/www.activasport.ch\/fr\/#\/schema\/logo\/image\/"},"sameAs":["https:\/\/www.facebook.com\/activasport.ch\/","https:\/\/www.youtube.com\/channel\/UCtqHC7rBGHotohPIGFurwzg"]}]}},"_links":{"self":[{"href":"https:\/\/www.activasport.ch\/fr\/wp-json\/wp\/v2\/product\/284940","targetHints":{"allow":["GET"]}}],"collection":[{"href":"https:\/\/www.activasport.ch\/fr\/wp-json\/wp\/v2\/product"}],"about":[{"href":"https:\/\/www.activasport.ch\/fr\/wp-json\/wp\/v2\/types\/product"}],"wp:featuredmedia":[{"embeddable":true,"href":"https:\/\/www.activasport.ch\/fr\/wp-json\/wp\/v2\/media\/284942"}],"wp:attachment":[{"href":"https:\/\/www.activasport.ch\/fr\/wp-json\/wp\/v2\/media?parent=284940"}],"wp:term":[{"taxonomy":"product_brand","embeddable":true,"href":"https:\/\/www.activasport.ch\/fr\/wp-json\/wp\/v2\/product_brand?post=284940"},{"taxonomy":"product_cat","embeddable":true,"href":"https:\/\/www.activasport.ch\/fr\/wp-json\/wp\/v2\/product_cat?post=284940"},{"taxonomy":"product_tag","embeddable":true,"href":"https:\/\/www.activasport.ch\/fr\/wp-json\/wp\/v2\/product_tag?post=284940"}],"curies":[{"name":"wp","href":"https:\/\/api.w.org\/{rel}","templated":true}]}}