{"id":284920,"date":"2024-08-29T11:32:15","date_gmt":"2024-08-29T10:05:39","guid":{"rendered":"https:\/\/www.activasport.ch\/?post_type=product&#038;p=284920"},"modified":"2024-08-29T14:22:50","modified_gmt":"2024-08-29T12:22:50","slug":"activalino-street-workout-park","status":"publish","type":"product","link":"https:\/\/www.activasport.ch\/fr\/produkt\/activalino-street-workout-park\/","title":{"rendered":"ActivaLino"},"content":{"rendered":"<p>Le Street Workout Park ActivaLino couvre l\u2019entra\u00eenement des groupes musculaires les plus importants dans un petit espace disponible. Pour garantir une s\u00e9curit\u00e9 maximale, le sol de tous les Street Workout Parks est con\u00e7u comme une surface de protection contre les chutes.<\/p>\n<p><strong>Donn\u00e9es techniques<br \/>\n<\/strong>Surface n\u00e9cessaire : env. 25 m\u00b2.<\/p>\n<p>\u00c9l\u00e9ments du Street Workout Park ActivaLino :<\/p>\n<ul>\n<li>Entra\u00eeneur pour les abdominaux<\/li>\n<li>Barre de traction et de trempage<\/li>\n<li>Barre de traction combin\u00e9e<\/li>\n<li>Barre de traction droite<\/li>\n<li>Entra\u00eeneur pour le dos<\/li>\n<\/ul>\n<p><a href=\"https:\/\/www.activasport.ch\/wp-content\/uploads\/2021\/08\/Katalog_ActivaFit_D_2021.pdf\" target=\"_blank\" rel=\"noopener\">Cliquez ici pour acc\u00e9der \u00e0 notre catalogue de produits Street Workout !<\/a><\/p>\n<p><strong>Un service complet, de la planification au montage final :<\/strong><br \/>\nLes Fitnessparcs Street Workout peuvent \u00eatre assembl\u00e9s en diff\u00e9rentes tailles. Ou ils peuvent \u00eatre planifi\u00e9s et command\u00e9s individuellement en fonction de vos besoins. En particulier pour des sports sp\u00e9cifiques, il est possible de cr\u00e9er un parc sp\u00e9cialement adapt\u00e9 \u00e0 la structure d&rsquo;entra\u00eenement. Nous nous ferons un plaisir de vous accompagner tout au long du projet, de la planification au montage final et bien entendu au-del\u00e0.<\/p>\n<p><strong>Demandez-nous d\u00e8s maintenant : <a href=\"mailto:info@activasport.ch\">info@activasport.ch<\/a><\/strong><\/p>\n<p>&nbsp;<\/p>\n","protected":false},"excerpt":{"rendered":"<p>Le Street Workout Park ActivaLino couvre l\u2019entra\u00eenement des groupes musculaires les plus importants dans un petit espace disponible. Pour garantir une s\u00e9curit\u00e9 maximale, le sol de tous les Street Workout Parks est con\u00e7u comme une surface de protection contre les chutes. Donn\u00e9es techniques Surface n\u00e9cessaire : env. 25 m\u00b2. \u00c9l\u00e9ments du Street Workout Park ActivaLino [&hellip;]<\/p>\n","protected":false},"featured_media":284910,"template":"","meta":{"_et_pb_use_builder":"","_et_pb_old_content":"","_et_gb_content_width":""},"product_brand":[],"product_cat":[932],"product_tag":[],"class_list":{"0":"post-284920","1":"product","2":"type-product","3":"status-publish","4":"has-post-thumbnail","6":"product_cat-street-workout-fr","8":"first","9":"instock","10":"taxable","11":"shipping-taxable","12":"product-type-simple"},"yoast_head":"<!-- This site is optimized with the Yoast SEO plugin v27.3 - https:\/\/yoast.com\/product\/yoast-seo-wordpress\/ -->\n<title>ActivaLino | Activa Sport GmbH | M\u00f6ge der Sport mit Dir sein...<\/title>\n<meta name=\"description\" content=\"ActivaLino | Street Workout Park env. 25 m\u00b2 | Calisthenic | Entra\u00eenement en plein air | Activa Sport GmbH | M\u00f6ge der Sport mit Dir sein...\" \/>\n<meta name=\"robots\" content=\"index, follow, max-snippet:-1, max-image-preview:large, max-video-preview:-1\" \/>\n<link rel=\"canonical\" href=\"https:\/\/www.activasport.ch\/fr\/produkt\/activalino-street-workout-park\/\" \/>\n<meta property=\"og:locale\" content=\"fr_FR\" \/>\n<meta property=\"og:type\" content=\"article\" \/>\n<meta property=\"og:title\" content=\"ActivaLino | Activa Sport GmbH | M\u00f6ge der Sport mit Dir sein...\" \/>\n<meta property=\"og:description\" content=\"ActivaLino | Street Workout Park env. 25 m\u00b2 | Calisthenic | Entra\u00eenement en plein air | Activa Sport GmbH | M\u00f6ge der Sport mit Dir sein...\" \/>\n<meta property=\"og:url\" content=\"https:\/\/www.activasport.ch\/fr\/produkt\/activalino-street-workout-park\/\" \/>\n<meta property=\"og:site_name\" content=\"Activa Sport GmbH | M\u00f6ge der Sport mit Dir sein...\" \/>\n<meta property=\"article:publisher\" content=\"https:\/\/www.facebook.com\/activasport.ch\/\" \/>\n<meta property=\"article:modified_time\" content=\"2024-08-29T12:22:50+00:00\" \/>\n<meta property=\"og:image\" content=\"https:\/\/www.activasport.ch\/wp-content\/uploads\/2024\/08\/Anlage-ActivaLino-25.jpg\" \/>\n\t<meta property=\"og:image:width\" content=\"1000\" \/>\n\t<meta property=\"og:image:height\" content=\"1000\" \/>\n\t<meta property=\"og:image:type\" content=\"image\/jpeg\" \/>\n<meta name=\"twitter:card\" content=\"summary_large_image\" \/>\n<meta name=\"twitter:label1\" content=\"Dur\u00e9e de lecture estim\u00e9e\" \/>\n\t<meta name=\"twitter:data1\" content=\"2 minutes\" \/>\n<script type=\"application\/ld+json\" class=\"yoast-schema-graph\">{\"@context\":\"https:\\\/\\\/schema.org\",\"@graph\":[{\"@type\":\"WebPage\",\"@id\":\"https:\\\/\\\/www.activasport.ch\\\/fr\\\/produkt\\\/activalino-street-workout-park\\\/\",\"url\":\"https:\\\/\\\/www.activasport.ch\\\/fr\\\/produkt\\\/activalino-street-workout-park\\\/\",\"name\":\"ActivaLino | Activa Sport GmbH | M\u00f6ge der Sport mit Dir sein...\",\"isPartOf\":{\"@id\":\"https:\\\/\\\/www.activasport.ch\\\/fr\\\/#website\"},\"primaryImageOfPage\":{\"@id\":\"https:\\\/\\\/www.activasport.ch\\\/fr\\\/produkt\\\/activalino-street-workout-park\\\/#primaryimage\"},\"image\":{\"@id\":\"https:\\\/\\\/www.activasport.ch\\\/fr\\\/produkt\\\/activalino-street-workout-park\\\/#primaryimage\"},\"thumbnailUrl\":\"https:\\\/\\\/www.activasport.ch\\\/wp-content\\\/uploads\\\/2024\\\/08\\\/Anlage-ActivaLino-25.jpg\",\"datePublished\":\"2024-08-29T10:05:39+00:00\",\"dateModified\":\"2024-08-29T12:22:50+00:00\",\"description\":\"ActivaLino | Street Workout Park env. 25 m\u00b2 | Calisthenic | Entra\u00eenement en plein air | Activa Sport GmbH | M\u00f6ge der Sport mit Dir sein...\",\"breadcrumb\":{\"@id\":\"https:\\\/\\\/www.activasport.ch\\\/fr\\\/produkt\\\/activalino-street-workout-park\\\/#breadcrumb\"},\"inLanguage\":\"fr-FR\",\"potentialAction\":[{\"@type\":\"ReadAction\",\"target\":[\"https:\\\/\\\/www.activasport.ch\\\/fr\\\/produkt\\\/activalino-street-workout-park\\\/\"]}]},{\"@type\":\"ImageObject\",\"inLanguage\":\"fr-FR\",\"@id\":\"https:\\\/\\\/www.activasport.ch\\\/fr\\\/produkt\\\/activalino-street-workout-park\\\/#primaryimage\",\"url\":\"https:\\\/\\\/www.activasport.ch\\\/wp-content\\\/uploads\\\/2024\\\/08\\\/Anlage-ActivaLino-25.jpg\",\"contentUrl\":\"https:\\\/\\\/www.activasport.ch\\\/wp-content\\\/uploads\\\/2024\\\/08\\\/Anlage-ActivaLino-25.jpg\",\"width\":1000,\"height\":1000,\"caption\":\"ActivaLino Street Workout Park\"},{\"@type\":\"BreadcrumbList\",\"@id\":\"https:\\\/\\\/www.activasport.ch\\\/fr\\\/produkt\\\/activalino-street-workout-park\\\/#breadcrumb\",\"itemListElement\":[{\"@type\":\"ListItem\",\"position\":1,\"name\":\"Home\",\"item\":\"https:\\\/\\\/www.activasport.ch\\\/fr\\\/\"},{\"@type\":\"ListItem\",\"position\":2,\"name\":\"Shop\",\"item\":\"https:\\\/\\\/www.activasport.ch\\\/fr\\\/?page_id=258329\"},{\"@type\":\"ListItem\",\"position\":3,\"name\":\"ActivaLino\"}]},{\"@type\":\"WebSite\",\"@id\":\"https:\\\/\\\/www.activasport.ch\\\/fr\\\/#website\",\"url\":\"https:\\\/\\\/www.activasport.ch\\\/fr\\\/\",\"name\":\"Activa Sport GmbH | M\u00f6ge der Sport mit Dir sein...\",\"description\":\"\",\"publisher\":{\"@id\":\"https:\\\/\\\/www.activasport.ch\\\/fr\\\/#organization\"},\"potentialAction\":[{\"@type\":\"SearchAction\",\"target\":{\"@type\":\"EntryPoint\",\"urlTemplate\":\"https:\\\/\\\/www.activasport.ch\\\/fr\\\/?s={search_term_string}\"},\"query-input\":{\"@type\":\"PropertyValueSpecification\",\"valueRequired\":true,\"valueName\":\"search_term_string\"}}],\"inLanguage\":\"fr-FR\"},{\"@type\":\"Organization\",\"@id\":\"https:\\\/\\\/www.activasport.ch\\\/fr\\\/#organization\",\"name\":\"Activa Sport GmbH\",\"url\":\"https:\\\/\\\/www.activasport.ch\\\/fr\\\/\",\"logo\":{\"@type\":\"ImageObject\",\"inLanguage\":\"fr-FR\",\"@id\":\"https:\\\/\\\/www.activasport.ch\\\/fr\\\/#\\\/schema\\\/logo\\\/image\\\/\",\"url\":\"https:\\\/\\\/www.activasport.ch\\\/wp-content\\\/uploads\\\/2020\\\/04\\\/Activa_AS_Emblem_rot-schwarz_512x512.png\",\"contentUrl\":\"https:\\\/\\\/www.activasport.ch\\\/wp-content\\\/uploads\\\/2020\\\/04\\\/Activa_AS_Emblem_rot-schwarz_512x512.png\",\"width\":512,\"height\":512,\"caption\":\"Activa Sport GmbH\"},\"image\":{\"@id\":\"https:\\\/\\\/www.activasport.ch\\\/fr\\\/#\\\/schema\\\/logo\\\/image\\\/\"},\"sameAs\":[\"https:\\\/\\\/www.facebook.com\\\/activasport.ch\\\/\",\"https:\\\/\\\/www.youtube.com\\\/channel\\\/UCtqHC7rBGHotohPIGFurwzg\"]}]}<\/script>\n<!-- \/ Yoast SEO plugin. -->","yoast_head_json":{"title":"ActivaLino | Activa Sport GmbH | M\u00f6ge der Sport mit Dir sein...","description":"ActivaLino | Street Workout Park env. 25 m\u00b2 | Calisthenic | Entra\u00eenement en plein air | Activa Sport GmbH | M\u00f6ge der Sport mit Dir sein...","robots":{"index":"index","follow":"follow","max-snippet":"max-snippet:-1","max-image-preview":"max-image-preview:large","max-video-preview":"max-video-preview:-1"},"canonical":"https:\/\/www.activasport.ch\/fr\/produkt\/activalino-street-workout-park\/","og_locale":"fr_FR","og_type":"article","og_title":"ActivaLino | Activa Sport GmbH | M\u00f6ge der Sport mit Dir sein...","og_description":"ActivaLino | Street Workout Park env. 25 m\u00b2 | Calisthenic | Entra\u00eenement en plein air | Activa Sport GmbH | M\u00f6ge der Sport mit Dir sein...","og_url":"https:\/\/www.activasport.ch\/fr\/produkt\/activalino-street-workout-park\/","og_site_name":"Activa Sport GmbH | M\u00f6ge der Sport mit Dir sein...","article_publisher":"https:\/\/www.facebook.com\/activasport.ch\/","article_modified_time":"2024-08-29T12:22:50+00:00","og_image":[{"width":1000,"height":1000,"url":"https:\/\/www.activasport.ch\/wp-content\/uploads\/2024\/08\/Anlage-ActivaLino-25.jpg","type":"image\/jpeg"}],"twitter_card":"summary_large_image","twitter_misc":{"Dur\u00e9e de lecture estim\u00e9e":"2 minutes"},"schema":{"@context":"https:\/\/schema.org","@graph":[{"@type":"WebPage","@id":"https:\/\/www.activasport.ch\/fr\/produkt\/activalino-street-workout-park\/","url":"https:\/\/www.activasport.ch\/fr\/produkt\/activalino-street-workout-park\/","name":"ActivaLino | Activa Sport GmbH | M\u00f6ge der Sport mit Dir sein...","isPartOf":{"@id":"https:\/\/www.activasport.ch\/fr\/#website"},"primaryImageOfPage":{"@id":"https:\/\/www.activasport.ch\/fr\/produkt\/activalino-street-workout-park\/#primaryimage"},"image":{"@id":"https:\/\/www.activasport.ch\/fr\/produkt\/activalino-street-workout-park\/#primaryimage"},"thumbnailUrl":"https:\/\/www.activasport.ch\/wp-content\/uploads\/2024\/08\/Anlage-ActivaLino-25.jpg","datePublished":"2024-08-29T10:05:39+00:00","dateModified":"2024-08-29T12:22:50+00:00","description":"ActivaLino | Street Workout Park env. 25 m\u00b2 | Calisthenic | Entra\u00eenement en plein air | Activa Sport GmbH | M\u00f6ge der Sport mit Dir sein...","breadcrumb":{"@id":"https:\/\/www.activasport.ch\/fr\/produkt\/activalino-street-workout-park\/#breadcrumb"},"inLanguage":"fr-FR","potentialAction":[{"@type":"ReadAction","target":["https:\/\/www.activasport.ch\/fr\/produkt\/activalino-street-workout-park\/"]}]},{"@type":"ImageObject","inLanguage":"fr-FR","@id":"https:\/\/www.activasport.ch\/fr\/produkt\/activalino-street-workout-park\/#primaryimage","url":"https:\/\/www.activasport.ch\/wp-content\/uploads\/2024\/08\/Anlage-ActivaLino-25.jpg","contentUrl":"https:\/\/www.activasport.ch\/wp-content\/uploads\/2024\/08\/Anlage-ActivaLino-25.jpg","width":1000,"height":1000,"caption":"ActivaLino Street Workout Park"},{"@type":"BreadcrumbList","@id":"https:\/\/www.activasport.ch\/fr\/produkt\/activalino-street-workout-park\/#breadcrumb","itemListElement":[{"@type":"ListItem","position":1,"name":"Home","item":"https:\/\/www.activasport.ch\/fr\/"},{"@type":"ListItem","position":2,"name":"Shop","item":"https:\/\/www.activasport.ch\/fr\/?page_id=258329"},{"@type":"ListItem","position":3,"name":"ActivaLino"}]},{"@type":"WebSite","@id":"https:\/\/www.activasport.ch\/fr\/#website","url":"https:\/\/www.activasport.ch\/fr\/","name":"Activa Sport GmbH | M\u00f6ge der Sport mit Dir sein...","description":"","publisher":{"@id":"https:\/\/www.activasport.ch\/fr\/#organization"},"potentialAction":[{"@type":"SearchAction","target":{"@type":"EntryPoint","urlTemplate":"https:\/\/www.activasport.ch\/fr\/?s={search_term_string}"},"query-input":{"@type":"PropertyValueSpecification","valueRequired":true,"valueName":"search_term_string"}}],"inLanguage":"fr-FR"},{"@type":"Organization","@id":"https:\/\/www.activasport.ch\/fr\/#organization","name":"Activa Sport GmbH","url":"https:\/\/www.activasport.ch\/fr\/","logo":{"@type":"ImageObject","inLanguage":"fr-FR","@id":"https:\/\/www.activasport.ch\/fr\/#\/schema\/logo\/image\/","url":"https:\/\/www.activasport.ch\/wp-content\/uploads\/2020\/04\/Activa_AS_Emblem_rot-schwarz_512x512.png","contentUrl":"https:\/\/www.activasport.ch\/wp-content\/uploads\/2020\/04\/Activa_AS_Emblem_rot-schwarz_512x512.png","width":512,"height":512,"caption":"Activa Sport GmbH"},"image":{"@id":"https:\/\/www.activasport.ch\/fr\/#\/schema\/logo\/image\/"},"sameAs":["https:\/\/www.facebook.com\/activasport.ch\/","https:\/\/www.youtube.com\/channel\/UCtqHC7rBGHotohPIGFurwzg"]}]}},"_links":{"self":[{"href":"https:\/\/www.activasport.ch\/fr\/wp-json\/wp\/v2\/product\/284920","targetHints":{"allow":["GET"]}}],"collection":[{"href":"https:\/\/www.activasport.ch\/fr\/wp-json\/wp\/v2\/product"}],"about":[{"href":"https:\/\/www.activasport.ch\/fr\/wp-json\/wp\/v2\/types\/product"}],"wp:featuredmedia":[{"embeddable":true,"href":"https:\/\/www.activasport.ch\/fr\/wp-json\/wp\/v2\/media\/284910"}],"wp:attachment":[{"href":"https:\/\/www.activasport.ch\/fr\/wp-json\/wp\/v2\/media?parent=284920"}],"wp:term":[{"taxonomy":"product_brand","embeddable":true,"href":"https:\/\/www.activasport.ch\/fr\/wp-json\/wp\/v2\/product_brand?post=284920"},{"taxonomy":"product_cat","embeddable":true,"href":"https:\/\/www.activasport.ch\/fr\/wp-json\/wp\/v2\/product_cat?post=284920"},{"taxonomy":"product_tag","embeddable":true,"href":"https:\/\/www.activasport.ch\/fr\/wp-json\/wp\/v2\/product_tag?post=284920"}],"curies":[{"name":"wp","href":"https:\/\/api.w.org\/{rel}","templated":true}]}}