{"id":284856,"date":"2024-08-07T07:56:38","date_gmt":"2024-08-07T05:56:38","guid":{"rendered":"https:\/\/www.activasport.ch\/?post_type=product&#038;p=284856"},"modified":"2024-09-30T08:46:53","modified_gmt":"2024-09-30T06:46:53","slug":"mini-but-de-foot-pliable-mamba","status":"publish","type":"product","link":"https:\/\/www.activasport.ch\/fr\/produkt\/mini-but-de-foot-pliable-mamba\/","title":{"rendered":"Mini but de foot pliable \u00ab\u00a0MAMBA"},"content":{"rendered":"<p>Mini but de foot pliable \u00ab\u00a0MAMBA\u00a0\u00bb &#8211; 120 x 80 cm<\/p>\n<p>D\u00e9couvrez le mini-but de football pliable \u00ab\u00a0MAMBA\u00a0\u00bb qui, avec ses dimensions compactes de 120 x 80 cm, est parfait pour chaque entra\u00eenement et chaque match. Fabriqu\u00e9 \u00e0 partir de profil\u00e9s en aluminium de haute qualit\u00e9, ce but offre non seulement une stabilit\u00e9 impressionnante, mais aussi une longue dur\u00e9e de vie. Le cadre de but en aluminium l\u00e9ger, laqu\u00e9 au four en noir, assure \u00e0 la fois la robustesse et l&rsquo;esth\u00e9tique du but.<\/p>\n<p>Avec un poids de seulement 6,5 kg, le but de football \u00ab\u00a0MAMBA\u00a0\u00bb est extr\u00eamement l\u00e9ger et se transporte sans effort. Que ce soit dans le jardin, dans un parc ou sur un terrain de sport, son montage et son d\u00e9montage rapides en moins de 10 secondes en font le compagnon id\u00e9al pour les matchs de football spontan\u00e9s et les s\u00e9ances d&rsquo;entra\u00eenement.<\/p>\n<p>Le but \u00ab\u00a0MAMBA\u00a0\u00bb n&rsquo;est pas seulement parfait pour les joueurs amateurs, il est aussi un excellent outil pour le concept de football \u00ab\u00a0Play More Football\u00a0\u00bb. Encouragez l&rsquo;enthousiasme pour le sport et am\u00e9liorez vos comp\u00e9tences gr\u00e2ce \u00e0 ce but de football pratique et polyvalent.<\/p>\n<p>Apportez le plaisir de jouer au football partout &#8211; avec le mini-goal de football pliable \u00ab\u00a0MAMBA\u00a0\u00bb !<\/p>\n<p><strong>Livr\u00e9 avec filet (velcro\/flasque)<\/strong><\/p>\n","protected":false},"excerpt":{"rendered":"<p>Mini but de foot pliable \u00ab\u00a0MAMBA\u00a0\u00bb &#8211; 120 x 80 cm D\u00e9couvrez le mini-but de football pliable \u00ab\u00a0MAMBA\u00a0\u00bb qui, avec ses dimensions compactes de 120 x 80 cm, est parfait pour chaque entra\u00eenement et chaque match. Fabriqu\u00e9 \u00e0 partir de profil\u00e9s en aluminium de haute qualit\u00e9, ce but offre non seulement une stabilit\u00e9 impressionnante, mais [&hellip;]<\/p>\n","protected":false},"featured_media":284860,"template":"","meta":{"_et_pb_use_builder":"","_et_pb_old_content":"","_et_gb_content_width":""},"product_brand":[],"product_cat":[1051,1536],"product_tag":[],"class_list":{"0":"post-284856","1":"product","2":"type-product","3":"status-publish","4":"has-post-thumbnail","6":"product_cat-mini-buts-fr","7":"product_cat-play-more-football-fr","9":"first","10":"instock","11":"taxable","12":"shipping-taxable","13":"purchasable","14":"product-type-simple"},"yoast_head":"<!-- This site is optimized with the Yoast SEO plugin v27.3 - https:\/\/yoast.com\/product\/yoast-seo-wordpress\/ -->\n<title>Mini but de foot pliable &quot;MAMBA | Dimensions 120 x 80 cm<\/title>\n<meta name=\"description\" content=\"Mini but de foot pliable &quot;MAMBA | Dimensions 120 x 80 cm | Buts de football | Acheter | Activa Sport Sarl | \u2026que le sport soit avec toi !\" \/>\n<meta name=\"robots\" content=\"index, follow, max-snippet:-1, max-image-preview:large, max-video-preview:-1\" \/>\n<link rel=\"canonical\" href=\"https:\/\/www.activasport.ch\/fr\/produkt\/mini-but-de-foot-pliable-mamba\/\" \/>\n<meta property=\"og:locale\" content=\"fr_FR\" \/>\n<meta property=\"og:type\" content=\"article\" \/>\n<meta property=\"og:title\" content=\"Mini but de foot pliable &quot;MAMBA | Dimensions 120 x 80 cm\" \/>\n<meta property=\"og:description\" content=\"Mini but de foot pliable &quot;MAMBA | Dimensions 120 x 80 cm | Buts de football | Acheter | Activa Sport Sarl | \u2026que le sport soit avec toi !\" \/>\n<meta property=\"og:url\" content=\"https:\/\/www.activasport.ch\/fr\/produkt\/mini-but-de-foot-pliable-mamba\/\" \/>\n<meta property=\"og:site_name\" content=\"Activa Sport GmbH | M\u00f6ge der Sport mit Dir sein...\" \/>\n<meta property=\"article:publisher\" content=\"https:\/\/www.facebook.com\/activasport.ch\/\" \/>\n<meta property=\"article:modified_time\" content=\"2024-09-30T06:46:53+00:00\" \/>\n<meta property=\"og:image\" content=\"https:\/\/www.activasport.ch\/wp-content\/uploads\/2024\/08\/S06MAM120_Klappbares-Mini-Fussballtor-MAMBA_1000x1000.jpg\" \/>\n\t<meta property=\"og:image:width\" content=\"1000\" \/>\n\t<meta property=\"og:image:height\" content=\"1000\" \/>\n\t<meta property=\"og:image:type\" content=\"image\/jpeg\" \/>\n<meta name=\"twitter:card\" content=\"summary_large_image\" \/>\n<meta name=\"twitter:label1\" content=\"Dur\u00e9e de lecture estim\u00e9e\" \/>\n\t<meta name=\"twitter:data1\" content=\"2 minutes\" \/>\n<script type=\"application\/ld+json\" class=\"yoast-schema-graph\">{\"@context\":\"https:\\\/\\\/schema.org\",\"@graph\":[{\"@type\":\"WebPage\",\"@id\":\"https:\\\/\\\/www.activasport.ch\\\/fr\\\/produkt\\\/mini-but-de-foot-pliable-mamba\\\/\",\"url\":\"https:\\\/\\\/www.activasport.ch\\\/fr\\\/produkt\\\/mini-but-de-foot-pliable-mamba\\\/\",\"name\":\"Mini but de foot pliable \\\"MAMBA | Dimensions 120 x 80 cm\",\"isPartOf\":{\"@id\":\"https:\\\/\\\/www.activasport.ch\\\/fr\\\/#website\"},\"primaryImageOfPage\":{\"@id\":\"https:\\\/\\\/www.activasport.ch\\\/fr\\\/produkt\\\/mini-but-de-foot-pliable-mamba\\\/#primaryimage\"},\"image\":{\"@id\":\"https:\\\/\\\/www.activasport.ch\\\/fr\\\/produkt\\\/mini-but-de-foot-pliable-mamba\\\/#primaryimage\"},\"thumbnailUrl\":\"https:\\\/\\\/www.activasport.ch\\\/wp-content\\\/uploads\\\/2024\\\/08\\\/S06MAM120_Klappbares-Mini-Fussballtor-MAMBA_1000x1000.jpg\",\"datePublished\":\"2024-08-07T05:56:38+00:00\",\"dateModified\":\"2024-09-30T06:46:53+00:00\",\"description\":\"Mini but de foot pliable \\\"MAMBA | Dimensions 120 x 80 cm | Buts de football | Acheter | Activa Sport Sarl | \u2026que le sport soit avec toi !\",\"breadcrumb\":{\"@id\":\"https:\\\/\\\/www.activasport.ch\\\/fr\\\/produkt\\\/mini-but-de-foot-pliable-mamba\\\/#breadcrumb\"},\"inLanguage\":\"fr-FR\",\"potentialAction\":[{\"@type\":\"ReadAction\",\"target\":[\"https:\\\/\\\/www.activasport.ch\\\/fr\\\/produkt\\\/mini-but-de-foot-pliable-mamba\\\/\"]}]},{\"@type\":\"ImageObject\",\"inLanguage\":\"fr-FR\",\"@id\":\"https:\\\/\\\/www.activasport.ch\\\/fr\\\/produkt\\\/mini-but-de-foot-pliable-mamba\\\/#primaryimage\",\"url\":\"https:\\\/\\\/www.activasport.ch\\\/wp-content\\\/uploads\\\/2024\\\/08\\\/S06MAM120_Klappbares-Mini-Fussballtor-MAMBA_1000x1000.jpg\",\"contentUrl\":\"https:\\\/\\\/www.activasport.ch\\\/wp-content\\\/uploads\\\/2024\\\/08\\\/S06MAM120_Klappbares-Mini-Fussballtor-MAMBA_1000x1000.jpg\",\"width\":1000,\"height\":1000,\"caption\":\"Klappbares Mini-Fussballtor \\\"MAMBA\\\"\"},{\"@type\":\"BreadcrumbList\",\"@id\":\"https:\\\/\\\/www.activasport.ch\\\/fr\\\/produkt\\\/mini-but-de-foot-pliable-mamba\\\/#breadcrumb\",\"itemListElement\":[{\"@type\":\"ListItem\",\"position\":1,\"name\":\"Home\",\"item\":\"https:\\\/\\\/www.activasport.ch\\\/fr\\\/\"},{\"@type\":\"ListItem\",\"position\":2,\"name\":\"Shop\",\"item\":\"https:\\\/\\\/www.activasport.ch\\\/fr\\\/?page_id=258329\"},{\"@type\":\"ListItem\",\"position\":3,\"name\":\"Mini but de foot pliable &#8220;MAMBA\"}]},{\"@type\":\"WebSite\",\"@id\":\"https:\\\/\\\/www.activasport.ch\\\/fr\\\/#website\",\"url\":\"https:\\\/\\\/www.activasport.ch\\\/fr\\\/\",\"name\":\"Activa Sport GmbH | M\u00f6ge der Sport mit Dir sein...\",\"description\":\"\",\"publisher\":{\"@id\":\"https:\\\/\\\/www.activasport.ch\\\/fr\\\/#organization\"},\"potentialAction\":[{\"@type\":\"SearchAction\",\"target\":{\"@type\":\"EntryPoint\",\"urlTemplate\":\"https:\\\/\\\/www.activasport.ch\\\/fr\\\/?s={search_term_string}\"},\"query-input\":{\"@type\":\"PropertyValueSpecification\",\"valueRequired\":true,\"valueName\":\"search_term_string\"}}],\"inLanguage\":\"fr-FR\"},{\"@type\":\"Organization\",\"@id\":\"https:\\\/\\\/www.activasport.ch\\\/fr\\\/#organization\",\"name\":\"Activa Sport GmbH\",\"url\":\"https:\\\/\\\/www.activasport.ch\\\/fr\\\/\",\"logo\":{\"@type\":\"ImageObject\",\"inLanguage\":\"fr-FR\",\"@id\":\"https:\\\/\\\/www.activasport.ch\\\/fr\\\/#\\\/schema\\\/logo\\\/image\\\/\",\"url\":\"https:\\\/\\\/www.activasport.ch\\\/wp-content\\\/uploads\\\/2020\\\/04\\\/Activa_AS_Emblem_rot-schwarz_512x512.png\",\"contentUrl\":\"https:\\\/\\\/www.activasport.ch\\\/wp-content\\\/uploads\\\/2020\\\/04\\\/Activa_AS_Emblem_rot-schwarz_512x512.png\",\"width\":512,\"height\":512,\"caption\":\"Activa Sport GmbH\"},\"image\":{\"@id\":\"https:\\\/\\\/www.activasport.ch\\\/fr\\\/#\\\/schema\\\/logo\\\/image\\\/\"},\"sameAs\":[\"https:\\\/\\\/www.facebook.com\\\/activasport.ch\\\/\",\"https:\\\/\\\/www.youtube.com\\\/channel\\\/UCtqHC7rBGHotohPIGFurwzg\"]}]}<\/script>\n<!-- \/ Yoast SEO plugin. -->","yoast_head_json":{"title":"Mini but de foot pliable \"MAMBA | Dimensions 120 x 80 cm","description":"Mini but de foot pliable \"MAMBA | Dimensions 120 x 80 cm | Buts de football | Acheter | Activa Sport Sarl | \u2026que le sport soit avec toi !","robots":{"index":"index","follow":"follow","max-snippet":"max-snippet:-1","max-image-preview":"max-image-preview:large","max-video-preview":"max-video-preview:-1"},"canonical":"https:\/\/www.activasport.ch\/fr\/produkt\/mini-but-de-foot-pliable-mamba\/","og_locale":"fr_FR","og_type":"article","og_title":"Mini but de foot pliable \"MAMBA | Dimensions 120 x 80 cm","og_description":"Mini but de foot pliable \"MAMBA | Dimensions 120 x 80 cm | Buts de football | Acheter | Activa Sport Sarl | \u2026que le sport soit avec toi !","og_url":"https:\/\/www.activasport.ch\/fr\/produkt\/mini-but-de-foot-pliable-mamba\/","og_site_name":"Activa Sport GmbH | M\u00f6ge der Sport mit Dir sein...","article_publisher":"https:\/\/www.facebook.com\/activasport.ch\/","article_modified_time":"2024-09-30T06:46:53+00:00","og_image":[{"width":1000,"height":1000,"url":"https:\/\/www.activasport.ch\/wp-content\/uploads\/2024\/08\/S06MAM120_Klappbares-Mini-Fussballtor-MAMBA_1000x1000.jpg","type":"image\/jpeg"}],"twitter_card":"summary_large_image","twitter_misc":{"Dur\u00e9e de lecture estim\u00e9e":"2 minutes"},"schema":{"@context":"https:\/\/schema.org","@graph":[{"@type":"WebPage","@id":"https:\/\/www.activasport.ch\/fr\/produkt\/mini-but-de-foot-pliable-mamba\/","url":"https:\/\/www.activasport.ch\/fr\/produkt\/mini-but-de-foot-pliable-mamba\/","name":"Mini but de foot pliable \"MAMBA | Dimensions 120 x 80 cm","isPartOf":{"@id":"https:\/\/www.activasport.ch\/fr\/#website"},"primaryImageOfPage":{"@id":"https:\/\/www.activasport.ch\/fr\/produkt\/mini-but-de-foot-pliable-mamba\/#primaryimage"},"image":{"@id":"https:\/\/www.activasport.ch\/fr\/produkt\/mini-but-de-foot-pliable-mamba\/#primaryimage"},"thumbnailUrl":"https:\/\/www.activasport.ch\/wp-content\/uploads\/2024\/08\/S06MAM120_Klappbares-Mini-Fussballtor-MAMBA_1000x1000.jpg","datePublished":"2024-08-07T05:56:38+00:00","dateModified":"2024-09-30T06:46:53+00:00","description":"Mini but de foot pliable \"MAMBA | Dimensions 120 x 80 cm | Buts de football | Acheter | Activa Sport Sarl | \u2026que le sport soit avec toi !","breadcrumb":{"@id":"https:\/\/www.activasport.ch\/fr\/produkt\/mini-but-de-foot-pliable-mamba\/#breadcrumb"},"inLanguage":"fr-FR","potentialAction":[{"@type":"ReadAction","target":["https:\/\/www.activasport.ch\/fr\/produkt\/mini-but-de-foot-pliable-mamba\/"]}]},{"@type":"ImageObject","inLanguage":"fr-FR","@id":"https:\/\/www.activasport.ch\/fr\/produkt\/mini-but-de-foot-pliable-mamba\/#primaryimage","url":"https:\/\/www.activasport.ch\/wp-content\/uploads\/2024\/08\/S06MAM120_Klappbares-Mini-Fussballtor-MAMBA_1000x1000.jpg","contentUrl":"https:\/\/www.activasport.ch\/wp-content\/uploads\/2024\/08\/S06MAM120_Klappbares-Mini-Fussballtor-MAMBA_1000x1000.jpg","width":1000,"height":1000,"caption":"Klappbares Mini-Fussballtor \"MAMBA\""},{"@type":"BreadcrumbList","@id":"https:\/\/www.activasport.ch\/fr\/produkt\/mini-but-de-foot-pliable-mamba\/#breadcrumb","itemListElement":[{"@type":"ListItem","position":1,"name":"Home","item":"https:\/\/www.activasport.ch\/fr\/"},{"@type":"ListItem","position":2,"name":"Shop","item":"https:\/\/www.activasport.ch\/fr\/?page_id=258329"},{"@type":"ListItem","position":3,"name":"Mini but de foot pliable &#8220;MAMBA"}]},{"@type":"WebSite","@id":"https:\/\/www.activasport.ch\/fr\/#website","url":"https:\/\/www.activasport.ch\/fr\/","name":"Activa Sport GmbH | M\u00f6ge der Sport mit Dir sein...","description":"","publisher":{"@id":"https:\/\/www.activasport.ch\/fr\/#organization"},"potentialAction":[{"@type":"SearchAction","target":{"@type":"EntryPoint","urlTemplate":"https:\/\/www.activasport.ch\/fr\/?s={search_term_string}"},"query-input":{"@type":"PropertyValueSpecification","valueRequired":true,"valueName":"search_term_string"}}],"inLanguage":"fr-FR"},{"@type":"Organization","@id":"https:\/\/www.activasport.ch\/fr\/#organization","name":"Activa Sport GmbH","url":"https:\/\/www.activasport.ch\/fr\/","logo":{"@type":"ImageObject","inLanguage":"fr-FR","@id":"https:\/\/www.activasport.ch\/fr\/#\/schema\/logo\/image\/","url":"https:\/\/www.activasport.ch\/wp-content\/uploads\/2020\/04\/Activa_AS_Emblem_rot-schwarz_512x512.png","contentUrl":"https:\/\/www.activasport.ch\/wp-content\/uploads\/2020\/04\/Activa_AS_Emblem_rot-schwarz_512x512.png","width":512,"height":512,"caption":"Activa Sport GmbH"},"image":{"@id":"https:\/\/www.activasport.ch\/fr\/#\/schema\/logo\/image\/"},"sameAs":["https:\/\/www.facebook.com\/activasport.ch\/","https:\/\/www.youtube.com\/channel\/UCtqHC7rBGHotohPIGFurwzg"]}]}},"_links":{"self":[{"href":"https:\/\/www.activasport.ch\/fr\/wp-json\/wp\/v2\/product\/284856","targetHints":{"allow":["GET"]}}],"collection":[{"href":"https:\/\/www.activasport.ch\/fr\/wp-json\/wp\/v2\/product"}],"about":[{"href":"https:\/\/www.activasport.ch\/fr\/wp-json\/wp\/v2\/types\/product"}],"wp:featuredmedia":[{"embeddable":true,"href":"https:\/\/www.activasport.ch\/fr\/wp-json\/wp\/v2\/media\/284860"}],"wp:attachment":[{"href":"https:\/\/www.activasport.ch\/fr\/wp-json\/wp\/v2\/media?parent=284856"}],"wp:term":[{"taxonomy":"product_brand","embeddable":true,"href":"https:\/\/www.activasport.ch\/fr\/wp-json\/wp\/v2\/product_brand?post=284856"},{"taxonomy":"product_cat","embeddable":true,"href":"https:\/\/www.activasport.ch\/fr\/wp-json\/wp\/v2\/product_cat?post=284856"},{"taxonomy":"product_tag","embeddable":true,"href":"https:\/\/www.activasport.ch\/fr\/wp-json\/wp\/v2\/product_tag?post=284856"}],"curies":[{"name":"wp","href":"https:\/\/api.w.org\/{rel}","templated":true}]}}