{"id":284005,"date":"2023-06-15T10:02:57","date_gmt":"2023-06-15T08:15:00","guid":{"rendered":"https:\/\/www.activasport.ch\/?post_type=product&#038;p=284005"},"modified":"2023-06-15T10:18:38","modified_gmt":"2023-06-15T08:18:38","slug":"peinture-de-marquage-extra-blanche-14-kg","status":"publish","type":"product","link":"https:\/\/www.activasport.ch\/fr\/produkt\/peinture-de-marquage-extra-blanche-14-kg\/","title":{"rendered":"Peinture de marquage extra-blanche 14 kg"},"content":{"rendered":"<p>Vous recevrez un bidon de peinture de marquage pour terrains de sport de qualit\u00e9 sup\u00e9rieure d&rsquo;Activa Sport. Marquer comme les pros: cette peinture de marquage est exempte de substances toxiques nocives pour l&rsquo;environnement et d\u00e9ploie une super luminosit\u00e9. La viscosit\u00e9 de la peinture concentr\u00e9e est r\u00e9gl\u00e9e de mani\u00e8re \u00e0 ce que l&rsquo;eau et la peinture se m\u00e9langent presque d&rsquo;elles-m\u00eames. La peinture peut \u00eatre utilis\u00e9e dans tous les chariots de marquage humide traditionnels. Vous obtenez une encre de marquage moderne qui est \u00e9galement utilis\u00e9e dans le sport professionnel. Vous trouverez les chariots de marquage humide correspondants dans notre <a href=\"https:\/\/www.activasport.ch\/fr\/shop_fr\/engins-de-sport-fr\/mesure-marquage-fr\/marquage-de-terrain-fr\/chariot-de-marquage-roulant\/\">boutique<\/a>.<\/p>\n<ul>\n<li>1 x 14 kg extra-blanc en bidon \u00e0 visser<\/li>\n<li>2,2-3,2 kg selon le rapport de m\u00e9lange pour un marquage de terrain<\/li>\n<li>suffit dans un rapport de 1:5 pour env. 3-5 terrains de jeu (selon la largeur de la ligne)<\/li>\n<li>convient \u00e0 tous les chariots de marquage humide<\/li>\n<li>respectueux de l&rsquo;environnement<\/li>\n<li>tr\u00e8s \u00e9conomique<\/li>\n<li>super luminosit\u00e9<\/li>\n<li>s\u00e8che rapidement sur la tige, m\u00eame mouill\u00e9e<\/li>\n<li>apr\u00e8s le s\u00e9chage, le gazon est imm\u00e9diatement praticable<\/li>\n<li>se conserve au moins 24 mois (stockage \u00e0 une temp\u00e9rature d&rsquo;au moins 5\u00b0 Plus)<\/li>\n<li>qualit\u00e9 professionnelle<\/li>\n<\/ul>\n","protected":false},"excerpt":{"rendered":"<p>Vous recevrez un bidon de peinture de marquage pour terrains de sport de qualit\u00e9 sup\u00e9rieure d&rsquo;Activa Sport. Marquer comme les pros: cette peinture de marquage est exempte de substances toxiques nocives pour l&rsquo;environnement et d\u00e9ploie une super luminosit\u00e9. La viscosit\u00e9 de la peinture concentr\u00e9e est r\u00e9gl\u00e9e de mani\u00e8re \u00e0 ce que l&rsquo;eau et la peinture [&hellip;]<\/p>\n","protected":false},"featured_media":284004,"template":"","meta":{"_et_pb_use_builder":"","_et_pb_old_content":"","_et_gb_content_width":""},"product_brand":[],"product_cat":[1067,1068],"product_tag":[],"class_list":{"0":"post-284005","1":"product","2":"type-product","3":"status-publish","4":"has-post-thumbnail","6":"product_cat-accessoires-fr","7":"product_cat-concierge-fr","9":"first","10":"instock","11":"taxable","12":"shipping-taxable","13":"purchasable","14":"product-type-simple"},"yoast_head":"<!-- This site is optimized with the Yoast SEO plugin v27.3 - https:\/\/yoast.com\/product\/yoast-seo-wordpress\/ -->\n<title>Peinture de marquage extra-blanche 14 kg<\/title>\n<meta name=\"description\" content=\"Peinture de marquage extra-blanche 14 kg | Concentr\u00e9 | Gazon | Terrain de sport | Marquage du terrain | Activa Sport GmbH | M\u00f6ge der Sport mit Dir sein...\" \/>\n<meta name=\"robots\" content=\"index, follow, max-snippet:-1, max-image-preview:large, max-video-preview:-1\" \/>\n<link rel=\"canonical\" href=\"https:\/\/www.activasport.ch\/fr\/produkt\/peinture-de-marquage-extra-blanche-14-kg\/\" \/>\n<meta property=\"og:locale\" content=\"fr_FR\" \/>\n<meta property=\"og:type\" content=\"article\" \/>\n<meta property=\"og:title\" content=\"Peinture de marquage extra-blanche 14 kg\" \/>\n<meta property=\"og:description\" content=\"Peinture de marquage extra-blanche 14 kg | Concentr\u00e9 | Gazon | Terrain de sport | Marquage du terrain | Activa Sport GmbH | M\u00f6ge der Sport mit Dir sein...\" \/>\n<meta property=\"og:url\" content=\"https:\/\/www.activasport.ch\/fr\/produkt\/peinture-de-marquage-extra-blanche-14-kg\/\" \/>\n<meta property=\"og:site_name\" content=\"Activa Sport GmbH | M\u00f6ge der Sport mit Dir sein...\" \/>\n<meta property=\"article:publisher\" content=\"https:\/\/www.facebook.com\/activasport.ch\/\" \/>\n<meta property=\"article:modified_time\" content=\"2023-06-15T08:18:38+00:00\" \/>\n<meta property=\"og:image\" content=\"https:\/\/www.activasport.ch\/wp-content\/uploads\/2023\/06\/A06001512_Markierfarbe-Extra-Weiss_1000x1000.jpg\" \/>\n\t<meta property=\"og:image:width\" content=\"1000\" \/>\n\t<meta property=\"og:image:height\" content=\"1000\" \/>\n\t<meta property=\"og:image:type\" content=\"image\/jpeg\" \/>\n<meta name=\"twitter:card\" content=\"summary_large_image\" \/>\n<meta name=\"twitter:label1\" content=\"Dur\u00e9e de lecture estim\u00e9e\" \/>\n\t<meta name=\"twitter:data1\" content=\"2 minutes\" \/>\n<script type=\"application\/ld+json\" class=\"yoast-schema-graph\">{\"@context\":\"https:\\\/\\\/schema.org\",\"@graph\":[{\"@type\":\"WebPage\",\"@id\":\"https:\\\/\\\/www.activasport.ch\\\/fr\\\/produkt\\\/peinture-de-marquage-extra-blanche-14-kg\\\/\",\"url\":\"https:\\\/\\\/www.activasport.ch\\\/fr\\\/produkt\\\/peinture-de-marquage-extra-blanche-14-kg\\\/\",\"name\":\"Peinture de marquage extra-blanche 14 kg\",\"isPartOf\":{\"@id\":\"https:\\\/\\\/www.activasport.ch\\\/fr\\\/#website\"},\"primaryImageOfPage\":{\"@id\":\"https:\\\/\\\/www.activasport.ch\\\/fr\\\/produkt\\\/peinture-de-marquage-extra-blanche-14-kg\\\/#primaryimage\"},\"image\":{\"@id\":\"https:\\\/\\\/www.activasport.ch\\\/fr\\\/produkt\\\/peinture-de-marquage-extra-blanche-14-kg\\\/#primaryimage\"},\"thumbnailUrl\":\"https:\\\/\\\/www.activasport.ch\\\/wp-content\\\/uploads\\\/2023\\\/06\\\/A06001512_Markierfarbe-Extra-Weiss_1000x1000.jpg\",\"datePublished\":\"2023-06-15T08:15:00+00:00\",\"dateModified\":\"2023-06-15T08:18:38+00:00\",\"description\":\"Peinture de marquage extra-blanche 14 kg | Concentr\u00e9 | Gazon | Terrain de sport | Marquage du terrain | Activa Sport GmbH | M\u00f6ge der Sport mit Dir sein...\",\"breadcrumb\":{\"@id\":\"https:\\\/\\\/www.activasport.ch\\\/fr\\\/produkt\\\/peinture-de-marquage-extra-blanche-14-kg\\\/#breadcrumb\"},\"inLanguage\":\"fr-FR\",\"potentialAction\":[{\"@type\":\"ReadAction\",\"target\":[\"https:\\\/\\\/www.activasport.ch\\\/fr\\\/produkt\\\/peinture-de-marquage-extra-blanche-14-kg\\\/\"]}]},{\"@type\":\"ImageObject\",\"inLanguage\":\"fr-FR\",\"@id\":\"https:\\\/\\\/www.activasport.ch\\\/fr\\\/produkt\\\/peinture-de-marquage-extra-blanche-14-kg\\\/#primaryimage\",\"url\":\"https:\\\/\\\/www.activasport.ch\\\/wp-content\\\/uploads\\\/2023\\\/06\\\/A06001512_Markierfarbe-Extra-Weiss_1000x1000.jpg\",\"contentUrl\":\"https:\\\/\\\/www.activasport.ch\\\/wp-content\\\/uploads\\\/2023\\\/06\\\/A06001512_Markierfarbe-Extra-Weiss_1000x1000.jpg\",\"width\":1000,\"height\":1000,\"caption\":\"Markierfarbe Extra-Weiss 14 kg f\u00fcr die Spielfeldmarkierung im Rasen\"},{\"@type\":\"BreadcrumbList\",\"@id\":\"https:\\\/\\\/www.activasport.ch\\\/fr\\\/produkt\\\/peinture-de-marquage-extra-blanche-14-kg\\\/#breadcrumb\",\"itemListElement\":[{\"@type\":\"ListItem\",\"position\":1,\"name\":\"Home\",\"item\":\"https:\\\/\\\/www.activasport.ch\\\/fr\\\/\"},{\"@type\":\"ListItem\",\"position\":2,\"name\":\"Shop\",\"item\":\"https:\\\/\\\/www.activasport.ch\\\/fr\\\/?page_id=258329\"},{\"@type\":\"ListItem\",\"position\":3,\"name\":\"Peinture de marquage extra-blanche 14 kg\"}]},{\"@type\":\"WebSite\",\"@id\":\"https:\\\/\\\/www.activasport.ch\\\/fr\\\/#website\",\"url\":\"https:\\\/\\\/www.activasport.ch\\\/fr\\\/\",\"name\":\"Activa Sport GmbH | M\u00f6ge der Sport mit Dir sein...\",\"description\":\"\",\"publisher\":{\"@id\":\"https:\\\/\\\/www.activasport.ch\\\/fr\\\/#organization\"},\"potentialAction\":[{\"@type\":\"SearchAction\",\"target\":{\"@type\":\"EntryPoint\",\"urlTemplate\":\"https:\\\/\\\/www.activasport.ch\\\/fr\\\/?s={search_term_string}\"},\"query-input\":{\"@type\":\"PropertyValueSpecification\",\"valueRequired\":true,\"valueName\":\"search_term_string\"}}],\"inLanguage\":\"fr-FR\"},{\"@type\":\"Organization\",\"@id\":\"https:\\\/\\\/www.activasport.ch\\\/fr\\\/#organization\",\"name\":\"Activa Sport GmbH\",\"url\":\"https:\\\/\\\/www.activasport.ch\\\/fr\\\/\",\"logo\":{\"@type\":\"ImageObject\",\"inLanguage\":\"fr-FR\",\"@id\":\"https:\\\/\\\/www.activasport.ch\\\/fr\\\/#\\\/schema\\\/logo\\\/image\\\/\",\"url\":\"https:\\\/\\\/www.activasport.ch\\\/wp-content\\\/uploads\\\/2020\\\/04\\\/Activa_AS_Emblem_rot-schwarz_512x512.png\",\"contentUrl\":\"https:\\\/\\\/www.activasport.ch\\\/wp-content\\\/uploads\\\/2020\\\/04\\\/Activa_AS_Emblem_rot-schwarz_512x512.png\",\"width\":512,\"height\":512,\"caption\":\"Activa Sport GmbH\"},\"image\":{\"@id\":\"https:\\\/\\\/www.activasport.ch\\\/fr\\\/#\\\/schema\\\/logo\\\/image\\\/\"},\"sameAs\":[\"https:\\\/\\\/www.facebook.com\\\/activasport.ch\\\/\",\"https:\\\/\\\/www.youtube.com\\\/channel\\\/UCtqHC7rBGHotohPIGFurwzg\"]}]}<\/script>\n<!-- \/ Yoast SEO plugin. -->","yoast_head_json":{"title":"Peinture de marquage extra-blanche 14 kg","description":"Peinture de marquage extra-blanche 14 kg | Concentr\u00e9 | Gazon | Terrain de sport | Marquage du terrain | Activa Sport GmbH | M\u00f6ge der Sport mit Dir sein...","robots":{"index":"index","follow":"follow","max-snippet":"max-snippet:-1","max-image-preview":"max-image-preview:large","max-video-preview":"max-video-preview:-1"},"canonical":"https:\/\/www.activasport.ch\/fr\/produkt\/peinture-de-marquage-extra-blanche-14-kg\/","og_locale":"fr_FR","og_type":"article","og_title":"Peinture de marquage extra-blanche 14 kg","og_description":"Peinture de marquage extra-blanche 14 kg | Concentr\u00e9 | Gazon | Terrain de sport | Marquage du terrain | Activa Sport GmbH | M\u00f6ge der Sport mit Dir sein...","og_url":"https:\/\/www.activasport.ch\/fr\/produkt\/peinture-de-marquage-extra-blanche-14-kg\/","og_site_name":"Activa Sport GmbH | M\u00f6ge der Sport mit Dir sein...","article_publisher":"https:\/\/www.facebook.com\/activasport.ch\/","article_modified_time":"2023-06-15T08:18:38+00:00","og_image":[{"width":1000,"height":1000,"url":"https:\/\/www.activasport.ch\/wp-content\/uploads\/2023\/06\/A06001512_Markierfarbe-Extra-Weiss_1000x1000.jpg","type":"image\/jpeg"}],"twitter_card":"summary_large_image","twitter_misc":{"Dur\u00e9e de lecture estim\u00e9e":"2 minutes"},"schema":{"@context":"https:\/\/schema.org","@graph":[{"@type":"WebPage","@id":"https:\/\/www.activasport.ch\/fr\/produkt\/peinture-de-marquage-extra-blanche-14-kg\/","url":"https:\/\/www.activasport.ch\/fr\/produkt\/peinture-de-marquage-extra-blanche-14-kg\/","name":"Peinture de marquage extra-blanche 14 kg","isPartOf":{"@id":"https:\/\/www.activasport.ch\/fr\/#website"},"primaryImageOfPage":{"@id":"https:\/\/www.activasport.ch\/fr\/produkt\/peinture-de-marquage-extra-blanche-14-kg\/#primaryimage"},"image":{"@id":"https:\/\/www.activasport.ch\/fr\/produkt\/peinture-de-marquage-extra-blanche-14-kg\/#primaryimage"},"thumbnailUrl":"https:\/\/www.activasport.ch\/wp-content\/uploads\/2023\/06\/A06001512_Markierfarbe-Extra-Weiss_1000x1000.jpg","datePublished":"2023-06-15T08:15:00+00:00","dateModified":"2023-06-15T08:18:38+00:00","description":"Peinture de marquage extra-blanche 14 kg | Concentr\u00e9 | Gazon | Terrain de sport | Marquage du terrain | Activa Sport GmbH | M\u00f6ge der Sport mit Dir sein...","breadcrumb":{"@id":"https:\/\/www.activasport.ch\/fr\/produkt\/peinture-de-marquage-extra-blanche-14-kg\/#breadcrumb"},"inLanguage":"fr-FR","potentialAction":[{"@type":"ReadAction","target":["https:\/\/www.activasport.ch\/fr\/produkt\/peinture-de-marquage-extra-blanche-14-kg\/"]}]},{"@type":"ImageObject","inLanguage":"fr-FR","@id":"https:\/\/www.activasport.ch\/fr\/produkt\/peinture-de-marquage-extra-blanche-14-kg\/#primaryimage","url":"https:\/\/www.activasport.ch\/wp-content\/uploads\/2023\/06\/A06001512_Markierfarbe-Extra-Weiss_1000x1000.jpg","contentUrl":"https:\/\/www.activasport.ch\/wp-content\/uploads\/2023\/06\/A06001512_Markierfarbe-Extra-Weiss_1000x1000.jpg","width":1000,"height":1000,"caption":"Markierfarbe Extra-Weiss 14 kg f\u00fcr die Spielfeldmarkierung im Rasen"},{"@type":"BreadcrumbList","@id":"https:\/\/www.activasport.ch\/fr\/produkt\/peinture-de-marquage-extra-blanche-14-kg\/#breadcrumb","itemListElement":[{"@type":"ListItem","position":1,"name":"Home","item":"https:\/\/www.activasport.ch\/fr\/"},{"@type":"ListItem","position":2,"name":"Shop","item":"https:\/\/www.activasport.ch\/fr\/?page_id=258329"},{"@type":"ListItem","position":3,"name":"Peinture de marquage extra-blanche 14 kg"}]},{"@type":"WebSite","@id":"https:\/\/www.activasport.ch\/fr\/#website","url":"https:\/\/www.activasport.ch\/fr\/","name":"Activa Sport GmbH | M\u00f6ge der Sport mit Dir sein...","description":"","publisher":{"@id":"https:\/\/www.activasport.ch\/fr\/#organization"},"potentialAction":[{"@type":"SearchAction","target":{"@type":"EntryPoint","urlTemplate":"https:\/\/www.activasport.ch\/fr\/?s={search_term_string}"},"query-input":{"@type":"PropertyValueSpecification","valueRequired":true,"valueName":"search_term_string"}}],"inLanguage":"fr-FR"},{"@type":"Organization","@id":"https:\/\/www.activasport.ch\/fr\/#organization","name":"Activa Sport GmbH","url":"https:\/\/www.activasport.ch\/fr\/","logo":{"@type":"ImageObject","inLanguage":"fr-FR","@id":"https:\/\/www.activasport.ch\/fr\/#\/schema\/logo\/image\/","url":"https:\/\/www.activasport.ch\/wp-content\/uploads\/2020\/04\/Activa_AS_Emblem_rot-schwarz_512x512.png","contentUrl":"https:\/\/www.activasport.ch\/wp-content\/uploads\/2020\/04\/Activa_AS_Emblem_rot-schwarz_512x512.png","width":512,"height":512,"caption":"Activa Sport GmbH"},"image":{"@id":"https:\/\/www.activasport.ch\/fr\/#\/schema\/logo\/image\/"},"sameAs":["https:\/\/www.facebook.com\/activasport.ch\/","https:\/\/www.youtube.com\/channel\/UCtqHC7rBGHotohPIGFurwzg"]}]}},"_links":{"self":[{"href":"https:\/\/www.activasport.ch\/fr\/wp-json\/wp\/v2\/product\/284005","targetHints":{"allow":["GET"]}}],"collection":[{"href":"https:\/\/www.activasport.ch\/fr\/wp-json\/wp\/v2\/product"}],"about":[{"href":"https:\/\/www.activasport.ch\/fr\/wp-json\/wp\/v2\/types\/product"}],"wp:featuredmedia":[{"embeddable":true,"href":"https:\/\/www.activasport.ch\/fr\/wp-json\/wp\/v2\/media\/284004"}],"wp:attachment":[{"href":"https:\/\/www.activasport.ch\/fr\/wp-json\/wp\/v2\/media?parent=284005"}],"wp:term":[{"taxonomy":"product_brand","embeddable":true,"href":"https:\/\/www.activasport.ch\/fr\/wp-json\/wp\/v2\/product_brand?post=284005"},{"taxonomy":"product_cat","embeddable":true,"href":"https:\/\/www.activasport.ch\/fr\/wp-json\/wp\/v2\/product_cat?post=284005"},{"taxonomy":"product_tag","embeddable":true,"href":"https:\/\/www.activasport.ch\/fr\/wp-json\/wp\/v2\/product_tag?post=284005"}],"curies":[{"name":"wp","href":"https:\/\/api.w.org\/{rel}","templated":true}]}}