{"id":281521,"date":"2022-03-03T16:54:33","date_gmt":"2022-03-03T15:54:33","guid":{"rendered":"https:\/\/www.activasport.ch\/?post_type=product&#038;p=281521"},"modified":"2024-08-07T09:16:07","modified_gmt":"2024-08-07T07:16:07","slug":"drapeau-de-corner-avec-logo","status":"publish","type":"product","link":"https:\/\/www.activasport.ch\/fr\/produkt\/drapeau-de-corner-avec-logo\/","title":{"rendered":"Drapeau de corner avec logo"},"content":{"rendered":"<p><strong>Drapeau de Corner Personnalis\u00e9 avec Logo pour Votre Club de Football<br \/>\n<\/strong>Offrez \u00e0 votre club de football une allure professionnelle gr\u00e2ce \u00e0 notre drapeau de corner bilat\u00e9ral de haute qualit\u00e9 ! Id\u00e9al pour les hampes d&rsquo;un diam\u00e8tre de 5 cm, ce drapeau met en valeur le logo de votre club sur le terrain et lors de tous vos \u00e9v\u00e9nements.<br \/>\n<strong><br \/>\nPersonnalisation et Couleurs Vari\u00e9es<br \/>\n<\/strong>Notre drapeau de corner est disponible en standard dans un blanc classique, mais nous proposons \u00e9galement une large gamme de couleurs RAL. Cela vous permet de choisir la teinte qui s&rsquo;harmonise parfaitement avec l&rsquo;identit\u00e9 visuelle de votre club. N&rsquo;h\u00e9sitez pas \u00e0 nous contacter pour d\u00e9couvrir toutes les options disponibles !<br \/>\n<strong><br \/>\nVisibilit\u00e9 Maximale de Votre Logo<br \/>\n<\/strong>Con\u00e7u avec deux toiles cousues dos \u00e0 dos et une couche interm\u00e9diaire opaque, notre drapeau de corner garantit une visibilit\u00e9 optimale de votre logo des deux c\u00f4t\u00e9s. Dites adieu \u00e0 la transparence ind\u00e9sirable ! Votre drapeau attirera tous les regards sur le terrain, lors de chaque match et \u00e9v\u00e9nement.<br \/>\n<strong><br \/>\nId\u00e9al pour Tous Vos \u00c9v\u00e9nements Sportifs<br \/>\n<\/strong>Que ce soit pour des matches \u00e0 domicile, des tournois ou des \u00e9v\u00e9nements de club, notre drapeau de corner est le choix parfait pour renforcer l&rsquo;identit\u00e9 de votre \u00e9quipe et promouvoir l&rsquo;esprit d&rsquo;\u00e9quipe.<br \/>\n<strong><br \/>\nCommandez Votre Drapeau de Corner Personnalis\u00e9 Aujourd&rsquo;hui !<br \/>\n<\/strong>Ne manquez pas l&rsquo;occasion de faire briller votre club de football. Commandez d\u00e8s aujourd&rsquo;hui votre drapeau de corner personnalis\u00e9 et montrez votre fiert\u00e9 pour votre \u00e9quipe !<\/p>\n","protected":false},"excerpt":{"rendered":"<p>Drapeau de Corner Personnalis\u00e9 avec Logo pour Votre Club de Football Offrez \u00e0 votre club de football une allure professionnelle gr\u00e2ce \u00e0 notre drapeau de corner bilat\u00e9ral de haute qualit\u00e9 ! Id\u00e9al pour les hampes d&rsquo;un diam\u00e8tre de 5 cm, ce drapeau met en valeur le logo de votre club sur le terrain et lors [&hellip;]<\/p>\n","protected":false},"featured_media":281523,"template":"","meta":{"_et_pb_use_builder":"","_et_pb_old_content":"","_et_gb_content_width":""},"product_brand":[],"product_cat":[1067,1068,1039],"product_tag":[],"class_list":{"0":"post-281521","1":"product","2":"type-product","3":"status-publish","4":"has-post-thumbnail","6":"product_cat-accessoires-fr","7":"product_cat-concierge-fr","8":"product_cat-football-fr","10":"first","11":"instock","12":"purchasable","13":"product-type-simple"},"yoast_head":"<!-- This site is optimized with the Yoast SEO plugin v27.3 - https:\/\/yoast.com\/product\/yoast-seo-wordpress\/ -->\n<title>Drapeau de corner avec logo | imprim\u00e9 sur les deux faces<\/title>\n<meta name=\"description\" content=\"Drapeau de corner avec logo | imprim\u00e9 sur les deux faces | personnalis\u00e9 | logo de club | Activa Sport Sarl | \u2026que le sport soit avec toi !\" \/>\n<meta name=\"robots\" content=\"index, follow, max-snippet:-1, max-image-preview:large, max-video-preview:-1\" \/>\n<link rel=\"canonical\" href=\"https:\/\/www.activasport.ch\/fr\/produkt\/drapeau-de-corner-avec-logo\/\" \/>\n<meta property=\"og:locale\" content=\"fr_FR\" \/>\n<meta property=\"og:type\" content=\"article\" \/>\n<meta property=\"og:title\" content=\"Drapeau de corner avec logo | imprim\u00e9 sur les deux faces\" \/>\n<meta property=\"og:description\" content=\"Drapeau de corner avec logo | imprim\u00e9 sur les deux faces | personnalis\u00e9 | logo de club | Activa Sport Sarl | \u2026que le sport soit avec toi !\" \/>\n<meta property=\"og:url\" content=\"https:\/\/www.activasport.ch\/fr\/produkt\/drapeau-de-corner-avec-logo\/\" \/>\n<meta property=\"og:site_name\" content=\"Activa Sport GmbH | M\u00f6ge der Sport mit Dir sein...\" \/>\n<meta property=\"article:publisher\" content=\"https:\/\/www.facebook.com\/activasport.ch\/\" \/>\n<meta property=\"article:modified_time\" content=\"2024-08-07T07:16:07+00:00\" \/>\n<meta property=\"og:image\" content=\"https:\/\/www.activasport.ch\/wp-content\/uploads\/2022\/03\/S06218TLB_Cornerfahne-mit-Logo-zweiseitig_800x800.jpg\" \/>\n\t<meta property=\"og:image:width\" content=\"800\" \/>\n\t<meta property=\"og:image:height\" content=\"800\" \/>\n\t<meta property=\"og:image:type\" content=\"image\/jpeg\" \/>\n<meta name=\"twitter:card\" content=\"summary_large_image\" \/>\n<meta name=\"twitter:label1\" content=\"Dur\u00e9e de lecture estim\u00e9e\" \/>\n\t<meta name=\"twitter:data1\" content=\"2 minutes\" \/>\n<script type=\"application\/ld+json\" class=\"yoast-schema-graph\">{\"@context\":\"https:\\\/\\\/schema.org\",\"@graph\":[{\"@type\":\"WebPage\",\"@id\":\"https:\\\/\\\/www.activasport.ch\\\/fr\\\/produkt\\\/drapeau-de-corner-avec-logo\\\/\",\"url\":\"https:\\\/\\\/www.activasport.ch\\\/fr\\\/produkt\\\/drapeau-de-corner-avec-logo\\\/\",\"name\":\"Drapeau de corner avec logo | imprim\u00e9 sur les deux faces\",\"isPartOf\":{\"@id\":\"https:\\\/\\\/www.activasport.ch\\\/fr\\\/#website\"},\"primaryImageOfPage\":{\"@id\":\"https:\\\/\\\/www.activasport.ch\\\/fr\\\/produkt\\\/drapeau-de-corner-avec-logo\\\/#primaryimage\"},\"image\":{\"@id\":\"https:\\\/\\\/www.activasport.ch\\\/fr\\\/produkt\\\/drapeau-de-corner-avec-logo\\\/#primaryimage\"},\"thumbnailUrl\":\"https:\\\/\\\/www.activasport.ch\\\/wp-content\\\/uploads\\\/2022\\\/03\\\/S06218TLB_Cornerfahne-mit-Logo-zweiseitig_800x800.jpg\",\"datePublished\":\"2022-03-03T15:54:33+00:00\",\"dateModified\":\"2024-08-07T07:16:07+00:00\",\"description\":\"Drapeau de corner avec logo | imprim\u00e9 sur les deux faces | personnalis\u00e9 | logo de club | Activa Sport Sarl | \u2026que le sport soit avec toi !\",\"breadcrumb\":{\"@id\":\"https:\\\/\\\/www.activasport.ch\\\/fr\\\/produkt\\\/drapeau-de-corner-avec-logo\\\/#breadcrumb\"},\"inLanguage\":\"fr-FR\",\"potentialAction\":[{\"@type\":\"ReadAction\",\"target\":[\"https:\\\/\\\/www.activasport.ch\\\/fr\\\/produkt\\\/drapeau-de-corner-avec-logo\\\/\"]}]},{\"@type\":\"ImageObject\",\"inLanguage\":\"fr-FR\",\"@id\":\"https:\\\/\\\/www.activasport.ch\\\/fr\\\/produkt\\\/drapeau-de-corner-avec-logo\\\/#primaryimage\",\"url\":\"https:\\\/\\\/www.activasport.ch\\\/wp-content\\\/uploads\\\/2022\\\/03\\\/S06218TLB_Cornerfahne-mit-Logo-zweiseitig_800x800.jpg\",\"contentUrl\":\"https:\\\/\\\/www.activasport.ch\\\/wp-content\\\/uploads\\\/2022\\\/03\\\/S06218TLB_Cornerfahne-mit-Logo-zweiseitig_800x800.jpg\",\"width\":800,\"height\":800,\"caption\":\"Cornerfahne mit Logo\"},{\"@type\":\"BreadcrumbList\",\"@id\":\"https:\\\/\\\/www.activasport.ch\\\/fr\\\/produkt\\\/drapeau-de-corner-avec-logo\\\/#breadcrumb\",\"itemListElement\":[{\"@type\":\"ListItem\",\"position\":1,\"name\":\"Home\",\"item\":\"https:\\\/\\\/www.activasport.ch\\\/fr\\\/\"},{\"@type\":\"ListItem\",\"position\":2,\"name\":\"Shop\",\"item\":\"https:\\\/\\\/www.activasport.ch\\\/fr\\\/?page_id=258329\"},{\"@type\":\"ListItem\",\"position\":3,\"name\":\"Drapeau de corner avec logo\"}]},{\"@type\":\"WebSite\",\"@id\":\"https:\\\/\\\/www.activasport.ch\\\/fr\\\/#website\",\"url\":\"https:\\\/\\\/www.activasport.ch\\\/fr\\\/\",\"name\":\"Activa Sport GmbH | M\u00f6ge der Sport mit Dir sein...\",\"description\":\"\",\"publisher\":{\"@id\":\"https:\\\/\\\/www.activasport.ch\\\/fr\\\/#organization\"},\"potentialAction\":[{\"@type\":\"SearchAction\",\"target\":{\"@type\":\"EntryPoint\",\"urlTemplate\":\"https:\\\/\\\/www.activasport.ch\\\/fr\\\/?s={search_term_string}\"},\"query-input\":{\"@type\":\"PropertyValueSpecification\",\"valueRequired\":true,\"valueName\":\"search_term_string\"}}],\"inLanguage\":\"fr-FR\"},{\"@type\":\"Organization\",\"@id\":\"https:\\\/\\\/www.activasport.ch\\\/fr\\\/#organization\",\"name\":\"Activa Sport GmbH\",\"url\":\"https:\\\/\\\/www.activasport.ch\\\/fr\\\/\",\"logo\":{\"@type\":\"ImageObject\",\"inLanguage\":\"fr-FR\",\"@id\":\"https:\\\/\\\/www.activasport.ch\\\/fr\\\/#\\\/schema\\\/logo\\\/image\\\/\",\"url\":\"https:\\\/\\\/www.activasport.ch\\\/wp-content\\\/uploads\\\/2020\\\/04\\\/Activa_AS_Emblem_rot-schwarz_512x512.png\",\"contentUrl\":\"https:\\\/\\\/www.activasport.ch\\\/wp-content\\\/uploads\\\/2020\\\/04\\\/Activa_AS_Emblem_rot-schwarz_512x512.png\",\"width\":512,\"height\":512,\"caption\":\"Activa Sport GmbH\"},\"image\":{\"@id\":\"https:\\\/\\\/www.activasport.ch\\\/fr\\\/#\\\/schema\\\/logo\\\/image\\\/\"},\"sameAs\":[\"https:\\\/\\\/www.facebook.com\\\/activasport.ch\\\/\",\"https:\\\/\\\/www.youtube.com\\\/channel\\\/UCtqHC7rBGHotohPIGFurwzg\"]}]}<\/script>\n<!-- \/ Yoast SEO plugin. -->","yoast_head_json":{"title":"Drapeau de corner avec logo | imprim\u00e9 sur les deux faces","description":"Drapeau de corner avec logo | imprim\u00e9 sur les deux faces | personnalis\u00e9 | logo de club | Activa Sport Sarl | \u2026que le sport soit avec toi !","robots":{"index":"index","follow":"follow","max-snippet":"max-snippet:-1","max-image-preview":"max-image-preview:large","max-video-preview":"max-video-preview:-1"},"canonical":"https:\/\/www.activasport.ch\/fr\/produkt\/drapeau-de-corner-avec-logo\/","og_locale":"fr_FR","og_type":"article","og_title":"Drapeau de corner avec logo | imprim\u00e9 sur les deux faces","og_description":"Drapeau de corner avec logo | imprim\u00e9 sur les deux faces | personnalis\u00e9 | logo de club | Activa Sport Sarl | \u2026que le sport soit avec toi !","og_url":"https:\/\/www.activasport.ch\/fr\/produkt\/drapeau-de-corner-avec-logo\/","og_site_name":"Activa Sport GmbH | M\u00f6ge der Sport mit Dir sein...","article_publisher":"https:\/\/www.facebook.com\/activasport.ch\/","article_modified_time":"2024-08-07T07:16:07+00:00","og_image":[{"width":800,"height":800,"url":"https:\/\/www.activasport.ch\/wp-content\/uploads\/2022\/03\/S06218TLB_Cornerfahne-mit-Logo-zweiseitig_800x800.jpg","type":"image\/jpeg"}],"twitter_card":"summary_large_image","twitter_misc":{"Dur\u00e9e de lecture estim\u00e9e":"2 minutes"},"schema":{"@context":"https:\/\/schema.org","@graph":[{"@type":"WebPage","@id":"https:\/\/www.activasport.ch\/fr\/produkt\/drapeau-de-corner-avec-logo\/","url":"https:\/\/www.activasport.ch\/fr\/produkt\/drapeau-de-corner-avec-logo\/","name":"Drapeau de corner avec logo | imprim\u00e9 sur les deux faces","isPartOf":{"@id":"https:\/\/www.activasport.ch\/fr\/#website"},"primaryImageOfPage":{"@id":"https:\/\/www.activasport.ch\/fr\/produkt\/drapeau-de-corner-avec-logo\/#primaryimage"},"image":{"@id":"https:\/\/www.activasport.ch\/fr\/produkt\/drapeau-de-corner-avec-logo\/#primaryimage"},"thumbnailUrl":"https:\/\/www.activasport.ch\/wp-content\/uploads\/2022\/03\/S06218TLB_Cornerfahne-mit-Logo-zweiseitig_800x800.jpg","datePublished":"2022-03-03T15:54:33+00:00","dateModified":"2024-08-07T07:16:07+00:00","description":"Drapeau de corner avec logo | imprim\u00e9 sur les deux faces | personnalis\u00e9 | logo de club | Activa Sport Sarl | \u2026que le sport soit avec toi !","breadcrumb":{"@id":"https:\/\/www.activasport.ch\/fr\/produkt\/drapeau-de-corner-avec-logo\/#breadcrumb"},"inLanguage":"fr-FR","potentialAction":[{"@type":"ReadAction","target":["https:\/\/www.activasport.ch\/fr\/produkt\/drapeau-de-corner-avec-logo\/"]}]},{"@type":"ImageObject","inLanguage":"fr-FR","@id":"https:\/\/www.activasport.ch\/fr\/produkt\/drapeau-de-corner-avec-logo\/#primaryimage","url":"https:\/\/www.activasport.ch\/wp-content\/uploads\/2022\/03\/S06218TLB_Cornerfahne-mit-Logo-zweiseitig_800x800.jpg","contentUrl":"https:\/\/www.activasport.ch\/wp-content\/uploads\/2022\/03\/S06218TLB_Cornerfahne-mit-Logo-zweiseitig_800x800.jpg","width":800,"height":800,"caption":"Cornerfahne mit Logo"},{"@type":"BreadcrumbList","@id":"https:\/\/www.activasport.ch\/fr\/produkt\/drapeau-de-corner-avec-logo\/#breadcrumb","itemListElement":[{"@type":"ListItem","position":1,"name":"Home","item":"https:\/\/www.activasport.ch\/fr\/"},{"@type":"ListItem","position":2,"name":"Shop","item":"https:\/\/www.activasport.ch\/fr\/?page_id=258329"},{"@type":"ListItem","position":3,"name":"Drapeau de corner avec logo"}]},{"@type":"WebSite","@id":"https:\/\/www.activasport.ch\/fr\/#website","url":"https:\/\/www.activasport.ch\/fr\/","name":"Activa Sport GmbH | M\u00f6ge der Sport mit Dir sein...","description":"","publisher":{"@id":"https:\/\/www.activasport.ch\/fr\/#organization"},"potentialAction":[{"@type":"SearchAction","target":{"@type":"EntryPoint","urlTemplate":"https:\/\/www.activasport.ch\/fr\/?s={search_term_string}"},"query-input":{"@type":"PropertyValueSpecification","valueRequired":true,"valueName":"search_term_string"}}],"inLanguage":"fr-FR"},{"@type":"Organization","@id":"https:\/\/www.activasport.ch\/fr\/#organization","name":"Activa Sport GmbH","url":"https:\/\/www.activasport.ch\/fr\/","logo":{"@type":"ImageObject","inLanguage":"fr-FR","@id":"https:\/\/www.activasport.ch\/fr\/#\/schema\/logo\/image\/","url":"https:\/\/www.activasport.ch\/wp-content\/uploads\/2020\/04\/Activa_AS_Emblem_rot-schwarz_512x512.png","contentUrl":"https:\/\/www.activasport.ch\/wp-content\/uploads\/2020\/04\/Activa_AS_Emblem_rot-schwarz_512x512.png","width":512,"height":512,"caption":"Activa Sport GmbH"},"image":{"@id":"https:\/\/www.activasport.ch\/fr\/#\/schema\/logo\/image\/"},"sameAs":["https:\/\/www.facebook.com\/activasport.ch\/","https:\/\/www.youtube.com\/channel\/UCtqHC7rBGHotohPIGFurwzg"]}]}},"_links":{"self":[{"href":"https:\/\/www.activasport.ch\/fr\/wp-json\/wp\/v2\/product\/281521","targetHints":{"allow":["GET"]}}],"collection":[{"href":"https:\/\/www.activasport.ch\/fr\/wp-json\/wp\/v2\/product"}],"about":[{"href":"https:\/\/www.activasport.ch\/fr\/wp-json\/wp\/v2\/types\/product"}],"wp:featuredmedia":[{"embeddable":true,"href":"https:\/\/www.activasport.ch\/fr\/wp-json\/wp\/v2\/media\/281523"}],"wp:attachment":[{"href":"https:\/\/www.activasport.ch\/fr\/wp-json\/wp\/v2\/media?parent=281521"}],"wp:term":[{"taxonomy":"product_brand","embeddable":true,"href":"https:\/\/www.activasport.ch\/fr\/wp-json\/wp\/v2\/product_brand?post=281521"},{"taxonomy":"product_cat","embeddable":true,"href":"https:\/\/www.activasport.ch\/fr\/wp-json\/wp\/v2\/product_cat?post=281521"},{"taxonomy":"product_tag","embeddable":true,"href":"https:\/\/www.activasport.ch\/fr\/wp-json\/wp\/v2\/product_tag?post=281521"}],"curies":[{"name":"wp","href":"https:\/\/api.w.org\/{rel}","templated":true}]}}