{"id":281117,"date":"2022-01-21T14:16:47","date_gmt":"2022-01-21T13:46:37","guid":{"rendered":"https:\/\/www.activasport.ch\/?post_type=product&#038;p=281117"},"modified":"2022-06-17T08:24:26","modified_gmt":"2022-06-17T06:24:26","slug":"rabattable-mini-but-de-football-fun2play","status":"publish","type":"product","link":"https:\/\/www.activasport.ch\/fr\/produkt\/rabattable-mini-but-de-football-fun2play\/","title":{"rendered":"Mini-but de football rabattable Fun2Play"},"content":{"rendered":"<p>Ce mini-but est particuli\u00e8rement adapt\u00e9 comme but d&rsquo;entra\u00eenement flexible, but de jardin, but pour enfants, but de plage ou but de f\u00eate &#8211; Stable, l\u00e9ger, transportable.<\/p>\n<p>&#8211; Cadre du but en profil\u00e9 rond aluminium nature.<br \/>\n&#8211; Cintres r\u00e9tractables<br \/>\n&#8211; Montage et d\u00e9montage en moins d&rsquo;une minute, <strong>livr\u00e9 avec le filet<\/strong><\/p>\n","protected":false},"excerpt":{"rendered":"<p>Ce mini-but est particuli\u00e8rement adapt\u00e9 comme but d&rsquo;entra\u00eenement flexible, but de jardin, but pour enfants, but de plage ou but de f\u00eate &#8211; Stable, l\u00e9ger, transportable. &#8211; Cadre du but en profil\u00e9 rond aluminium nature. &#8211; Cintres r\u00e9tractables &#8211; Montage et d\u00e9montage en moins d&rsquo;une minute, livr\u00e9 avec le filet<\/p>\n","protected":false},"featured_media":281103,"template":"","meta":{"_et_pb_use_builder":"","_et_pb_old_content":"","_et_gb_content_width":""},"product_brand":[],"product_cat":[1051],"product_tag":[],"class_list":{"0":"post-281117","1":"product","2":"type-product","3":"status-publish","4":"has-post-thumbnail","6":"product_cat-mini-buts-fr","8":"first","9":"instock","10":"taxable","11":"shipping-taxable","12":"purchasable","13":"product-type-simple"},"yoast_head":"<!-- This site is optimized with the Yoast SEO plugin v27.3 - https:\/\/yoast.com\/product\/yoast-seo-wordpress\/ -->\n<title>Mini-but de football rabattable Fun2Play | Dimensions 180 x 120 cm<\/title>\n<meta name=\"description\" content=\"Mini-but de football rabattable Fun2Play | Dimensions 180 x 120 cm | Activa Sport Sarl | \u2026que le sport soit avec toi !\" \/>\n<meta name=\"robots\" content=\"index, follow, max-snippet:-1, max-image-preview:large, max-video-preview:-1\" \/>\n<link rel=\"canonical\" href=\"https:\/\/www.activasport.ch\/fr\/produkt\/rabattable-mini-but-de-football-fun2play\/\" \/>\n<meta property=\"og:locale\" content=\"fr_FR\" \/>\n<meta property=\"og:type\" content=\"article\" \/>\n<meta property=\"og:title\" content=\"Mini-but de football rabattable Fun2Play | Dimensions 180 x 120 cm\" \/>\n<meta property=\"og:description\" content=\"Mini-but de football rabattable Fun2Play | Dimensions 180 x 120 cm | Activa Sport Sarl | \u2026que le sport soit avec toi !\" \/>\n<meta property=\"og:url\" content=\"https:\/\/www.activasport.ch\/fr\/produkt\/rabattable-mini-but-de-football-fun2play\/\" \/>\n<meta property=\"og:site_name\" content=\"Activa Sport GmbH | M\u00f6ge der Sport mit Dir sein...\" \/>\n<meta property=\"article:publisher\" content=\"https:\/\/www.facebook.com\/activasport.ch\/\" \/>\n<meta property=\"article:modified_time\" content=\"2022-06-17T06:24:26+00:00\" \/>\n<meta property=\"og:image\" content=\"https:\/\/www.activasport.ch\/wp-content\/uploads\/2022\/01\/S06AS0332_Minifussballtor-klappbar-120x80_800x800.jpg\" \/>\n\t<meta property=\"og:image:width\" content=\"800\" \/>\n\t<meta property=\"og:image:height\" content=\"800\" \/>\n\t<meta property=\"og:image:type\" content=\"image\/jpeg\" \/>\n<meta name=\"twitter:card\" content=\"summary_large_image\" \/>\n<meta name=\"twitter:label1\" content=\"Dur\u00e9e de lecture estim\u00e9e\" \/>\n\t<meta name=\"twitter:data1\" content=\"1 minute\" \/>\n<script type=\"application\/ld+json\" class=\"yoast-schema-graph\">{\"@context\":\"https:\\\/\\\/schema.org\",\"@graph\":[{\"@type\":\"WebPage\",\"@id\":\"https:\\\/\\\/www.activasport.ch\\\/fr\\\/produkt\\\/rabattable-mini-but-de-football-fun2play\\\/\",\"url\":\"https:\\\/\\\/www.activasport.ch\\\/fr\\\/produkt\\\/rabattable-mini-but-de-football-fun2play\\\/\",\"name\":\"Mini-but de football rabattable Fun2Play | Dimensions 180 x 120 cm\",\"isPartOf\":{\"@id\":\"https:\\\/\\\/www.activasport.ch\\\/fr\\\/#website\"},\"primaryImageOfPage\":{\"@id\":\"https:\\\/\\\/www.activasport.ch\\\/fr\\\/produkt\\\/rabattable-mini-but-de-football-fun2play\\\/#primaryimage\"},\"image\":{\"@id\":\"https:\\\/\\\/www.activasport.ch\\\/fr\\\/produkt\\\/rabattable-mini-but-de-football-fun2play\\\/#primaryimage\"},\"thumbnailUrl\":\"https:\\\/\\\/www.activasport.ch\\\/wp-content\\\/uploads\\\/2022\\\/01\\\/S06AS0332_Minifussballtor-klappbar-120x80_800x800.jpg\",\"datePublished\":\"2022-01-21T13:46:37+00:00\",\"dateModified\":\"2022-06-17T06:24:26+00:00\",\"description\":\"Mini-but de football rabattable Fun2Play | Dimensions 180 x 120 cm | Activa Sport Sarl | \u2026que le sport soit avec toi !\",\"breadcrumb\":{\"@id\":\"https:\\\/\\\/www.activasport.ch\\\/fr\\\/produkt\\\/rabattable-mini-but-de-football-fun2play\\\/#breadcrumb\"},\"inLanguage\":\"fr-FR\",\"potentialAction\":[{\"@type\":\"ReadAction\",\"target\":[\"https:\\\/\\\/www.activasport.ch\\\/fr\\\/produkt\\\/rabattable-mini-but-de-football-fun2play\\\/\"]}]},{\"@type\":\"ImageObject\",\"inLanguage\":\"fr-FR\",\"@id\":\"https:\\\/\\\/www.activasport.ch\\\/fr\\\/produkt\\\/rabattable-mini-but-de-football-fun2play\\\/#primaryimage\",\"url\":\"https:\\\/\\\/www.activasport.ch\\\/wp-content\\\/uploads\\\/2022\\\/01\\\/S06AS0332_Minifussballtor-klappbar-120x80_800x800.jpg\",\"contentUrl\":\"https:\\\/\\\/www.activasport.ch\\\/wp-content\\\/uploads\\\/2022\\\/01\\\/S06AS0332_Minifussballtor-klappbar-120x80_800x800.jpg\",\"width\":800,\"height\":800,\"caption\":\"Minifussballtor Fun2Play klappbar 120x80 Spielbereit\"},{\"@type\":\"BreadcrumbList\",\"@id\":\"https:\\\/\\\/www.activasport.ch\\\/fr\\\/produkt\\\/rabattable-mini-but-de-football-fun2play\\\/#breadcrumb\",\"itemListElement\":[{\"@type\":\"ListItem\",\"position\":1,\"name\":\"Home\",\"item\":\"https:\\\/\\\/www.activasport.ch\\\/fr\\\/\"},{\"@type\":\"ListItem\",\"position\":2,\"name\":\"Shop\",\"item\":\"https:\\\/\\\/www.activasport.ch\\\/fr\\\/?page_id=258329\"},{\"@type\":\"ListItem\",\"position\":3,\"name\":\"Mini-but de football rabattable Fun2Play\"}]},{\"@type\":\"WebSite\",\"@id\":\"https:\\\/\\\/www.activasport.ch\\\/fr\\\/#website\",\"url\":\"https:\\\/\\\/www.activasport.ch\\\/fr\\\/\",\"name\":\"Activa Sport GmbH | M\u00f6ge der Sport mit Dir sein...\",\"description\":\"\",\"publisher\":{\"@id\":\"https:\\\/\\\/www.activasport.ch\\\/fr\\\/#organization\"},\"potentialAction\":[{\"@type\":\"SearchAction\",\"target\":{\"@type\":\"EntryPoint\",\"urlTemplate\":\"https:\\\/\\\/www.activasport.ch\\\/fr\\\/?s={search_term_string}\"},\"query-input\":{\"@type\":\"PropertyValueSpecification\",\"valueRequired\":true,\"valueName\":\"search_term_string\"}}],\"inLanguage\":\"fr-FR\"},{\"@type\":\"Organization\",\"@id\":\"https:\\\/\\\/www.activasport.ch\\\/fr\\\/#organization\",\"name\":\"Activa Sport GmbH\",\"url\":\"https:\\\/\\\/www.activasport.ch\\\/fr\\\/\",\"logo\":{\"@type\":\"ImageObject\",\"inLanguage\":\"fr-FR\",\"@id\":\"https:\\\/\\\/www.activasport.ch\\\/fr\\\/#\\\/schema\\\/logo\\\/image\\\/\",\"url\":\"https:\\\/\\\/www.activasport.ch\\\/wp-content\\\/uploads\\\/2020\\\/04\\\/Activa_AS_Emblem_rot-schwarz_512x512.png\",\"contentUrl\":\"https:\\\/\\\/www.activasport.ch\\\/wp-content\\\/uploads\\\/2020\\\/04\\\/Activa_AS_Emblem_rot-schwarz_512x512.png\",\"width\":512,\"height\":512,\"caption\":\"Activa Sport GmbH\"},\"image\":{\"@id\":\"https:\\\/\\\/www.activasport.ch\\\/fr\\\/#\\\/schema\\\/logo\\\/image\\\/\"},\"sameAs\":[\"https:\\\/\\\/www.facebook.com\\\/activasport.ch\\\/\",\"https:\\\/\\\/www.youtube.com\\\/channel\\\/UCtqHC7rBGHotohPIGFurwzg\"]}]}<\/script>\n<!-- \/ Yoast SEO plugin. -->","yoast_head_json":{"title":"Mini-but de football rabattable Fun2Play | Dimensions 180 x 120 cm","description":"Mini-but de football rabattable Fun2Play | Dimensions 180 x 120 cm | Activa Sport Sarl | \u2026que le sport soit avec toi !","robots":{"index":"index","follow":"follow","max-snippet":"max-snippet:-1","max-image-preview":"max-image-preview:large","max-video-preview":"max-video-preview:-1"},"canonical":"https:\/\/www.activasport.ch\/fr\/produkt\/rabattable-mini-but-de-football-fun2play\/","og_locale":"fr_FR","og_type":"article","og_title":"Mini-but de football rabattable Fun2Play | Dimensions 180 x 120 cm","og_description":"Mini-but de football rabattable Fun2Play | Dimensions 180 x 120 cm | Activa Sport Sarl | \u2026que le sport soit avec toi !","og_url":"https:\/\/www.activasport.ch\/fr\/produkt\/rabattable-mini-but-de-football-fun2play\/","og_site_name":"Activa Sport GmbH | M\u00f6ge der Sport mit Dir sein...","article_publisher":"https:\/\/www.facebook.com\/activasport.ch\/","article_modified_time":"2022-06-17T06:24:26+00:00","og_image":[{"width":800,"height":800,"url":"https:\/\/www.activasport.ch\/wp-content\/uploads\/2022\/01\/S06AS0332_Minifussballtor-klappbar-120x80_800x800.jpg","type":"image\/jpeg"}],"twitter_card":"summary_large_image","twitter_misc":{"Dur\u00e9e de lecture estim\u00e9e":"1 minute"},"schema":{"@context":"https:\/\/schema.org","@graph":[{"@type":"WebPage","@id":"https:\/\/www.activasport.ch\/fr\/produkt\/rabattable-mini-but-de-football-fun2play\/","url":"https:\/\/www.activasport.ch\/fr\/produkt\/rabattable-mini-but-de-football-fun2play\/","name":"Mini-but de football rabattable Fun2Play | Dimensions 180 x 120 cm","isPartOf":{"@id":"https:\/\/www.activasport.ch\/fr\/#website"},"primaryImageOfPage":{"@id":"https:\/\/www.activasport.ch\/fr\/produkt\/rabattable-mini-but-de-football-fun2play\/#primaryimage"},"image":{"@id":"https:\/\/www.activasport.ch\/fr\/produkt\/rabattable-mini-but-de-football-fun2play\/#primaryimage"},"thumbnailUrl":"https:\/\/www.activasport.ch\/wp-content\/uploads\/2022\/01\/S06AS0332_Minifussballtor-klappbar-120x80_800x800.jpg","datePublished":"2022-01-21T13:46:37+00:00","dateModified":"2022-06-17T06:24:26+00:00","description":"Mini-but de football rabattable Fun2Play | Dimensions 180 x 120 cm | Activa Sport Sarl | \u2026que le sport soit avec toi !","breadcrumb":{"@id":"https:\/\/www.activasport.ch\/fr\/produkt\/rabattable-mini-but-de-football-fun2play\/#breadcrumb"},"inLanguage":"fr-FR","potentialAction":[{"@type":"ReadAction","target":["https:\/\/www.activasport.ch\/fr\/produkt\/rabattable-mini-but-de-football-fun2play\/"]}]},{"@type":"ImageObject","inLanguage":"fr-FR","@id":"https:\/\/www.activasport.ch\/fr\/produkt\/rabattable-mini-but-de-football-fun2play\/#primaryimage","url":"https:\/\/www.activasport.ch\/wp-content\/uploads\/2022\/01\/S06AS0332_Minifussballtor-klappbar-120x80_800x800.jpg","contentUrl":"https:\/\/www.activasport.ch\/wp-content\/uploads\/2022\/01\/S06AS0332_Minifussballtor-klappbar-120x80_800x800.jpg","width":800,"height":800,"caption":"Minifussballtor Fun2Play klappbar 120x80 Spielbereit"},{"@type":"BreadcrumbList","@id":"https:\/\/www.activasport.ch\/fr\/produkt\/rabattable-mini-but-de-football-fun2play\/#breadcrumb","itemListElement":[{"@type":"ListItem","position":1,"name":"Home","item":"https:\/\/www.activasport.ch\/fr\/"},{"@type":"ListItem","position":2,"name":"Shop","item":"https:\/\/www.activasport.ch\/fr\/?page_id=258329"},{"@type":"ListItem","position":3,"name":"Mini-but de football rabattable Fun2Play"}]},{"@type":"WebSite","@id":"https:\/\/www.activasport.ch\/fr\/#website","url":"https:\/\/www.activasport.ch\/fr\/","name":"Activa Sport GmbH | M\u00f6ge der Sport mit Dir sein...","description":"","publisher":{"@id":"https:\/\/www.activasport.ch\/fr\/#organization"},"potentialAction":[{"@type":"SearchAction","target":{"@type":"EntryPoint","urlTemplate":"https:\/\/www.activasport.ch\/fr\/?s={search_term_string}"},"query-input":{"@type":"PropertyValueSpecification","valueRequired":true,"valueName":"search_term_string"}}],"inLanguage":"fr-FR"},{"@type":"Organization","@id":"https:\/\/www.activasport.ch\/fr\/#organization","name":"Activa Sport GmbH","url":"https:\/\/www.activasport.ch\/fr\/","logo":{"@type":"ImageObject","inLanguage":"fr-FR","@id":"https:\/\/www.activasport.ch\/fr\/#\/schema\/logo\/image\/","url":"https:\/\/www.activasport.ch\/wp-content\/uploads\/2020\/04\/Activa_AS_Emblem_rot-schwarz_512x512.png","contentUrl":"https:\/\/www.activasport.ch\/wp-content\/uploads\/2020\/04\/Activa_AS_Emblem_rot-schwarz_512x512.png","width":512,"height":512,"caption":"Activa Sport GmbH"},"image":{"@id":"https:\/\/www.activasport.ch\/fr\/#\/schema\/logo\/image\/"},"sameAs":["https:\/\/www.facebook.com\/activasport.ch\/","https:\/\/www.youtube.com\/channel\/UCtqHC7rBGHotohPIGFurwzg"]}]}},"_links":{"self":[{"href":"https:\/\/www.activasport.ch\/fr\/wp-json\/wp\/v2\/product\/281117","targetHints":{"allow":["GET"]}}],"collection":[{"href":"https:\/\/www.activasport.ch\/fr\/wp-json\/wp\/v2\/product"}],"about":[{"href":"https:\/\/www.activasport.ch\/fr\/wp-json\/wp\/v2\/types\/product"}],"wp:featuredmedia":[{"embeddable":true,"href":"https:\/\/www.activasport.ch\/fr\/wp-json\/wp\/v2\/media\/281103"}],"wp:attachment":[{"href":"https:\/\/www.activasport.ch\/fr\/wp-json\/wp\/v2\/media?parent=281117"}],"wp:term":[{"taxonomy":"product_brand","embeddable":true,"href":"https:\/\/www.activasport.ch\/fr\/wp-json\/wp\/v2\/product_brand?post=281117"},{"taxonomy":"product_cat","embeddable":true,"href":"https:\/\/www.activasport.ch\/fr\/wp-json\/wp\/v2\/product_cat?post=281117"},{"taxonomy":"product_tag","embeddable":true,"href":"https:\/\/www.activasport.ch\/fr\/wp-json\/wp\/v2\/product_tag?post=281117"}],"curies":[{"name":"wp","href":"https:\/\/api.w.org\/{rel}","templated":true}]}}