{"id":279380,"date":"2021-06-09T13:35:46","date_gmt":"2021-06-09T11:35:46","guid":{"rendered":"https:\/\/www.activasport.ch\/shop\/non%20class\u00e9\/geraeteschrank-typ-iii-mit-vollblech-fluegeltueren-2\/"},"modified":"2022-06-15T11:53:07","modified_gmt":"2022-06-15T09:53:07","slug":"armoire-a-materiel-type-iii-avec-portes-a-battant-en-tole-pleine-2","status":"publish","type":"product","link":"https:\/\/www.activasport.ch\/fr\/produkt\/armoire-a-materiel-type-iii-avec-portes-a-battant-en-tole-pleine-2\/","title":{"rendered":"Armoire \u00e0 mat\u00e9riel type III avec portes \u00e0 battant en t\u00f4le pleine"},"content":{"rendered":"<p>Armoire \u00e0 mat\u00e9riel en t\u00f4le d&rsquo;acier, 5 tablettes ajustables avec bords relev\u00e9s sur le haut, pour balles, ballons de toutes sortes. Verrouillable avec serrure, incl. 2 cl\u00e9s. Dimensions (h x larg x p) 195 x 120 x 50 cm. En standard, toutes les armoires sont livr\u00e9es en RAL 7035 gris clair, si aucune couleur sp\u00e9cifique n&rsquo;est indiqu\u00e9e par le client! Livraison sans contenu!<\/p>\n","protected":false},"excerpt":{"rendered":"<p>Armoire \u00e0 mat\u00e9riel en t\u00f4le d&rsquo;acier, 5 tablettes ajustables avec bords relev\u00e9s sur le haut, pour balles, ballons de toutes sortes. Verrouillable avec serrure, incl. 2 cl\u00e9s. Dimensions (h x larg x p) 195 x 120 x 50 cm. En standard, toutes les armoires sont livr\u00e9es en RAL 7035 gris clair, si aucune couleur sp\u00e9cifique [&hellip;]<\/p>\n","protected":false},"featured_media":267736,"template":"","meta":{"_et_pb_use_builder":"","_et_pb_old_content":"","_et_gb_content_width":""},"product_brand":[],"product_cat":[1505],"product_tag":[],"class_list":{"0":"post-279380","1":"product","2":"type-product","3":"status-publish","4":"has-post-thumbnail","6":"product_cat-armoires","8":"first","9":"instock","10":"product-type-simple"},"yoast_head":"<!-- This site is optimized with the Yoast SEO plugin v27.3 - https:\/\/yoast.com\/product\/yoast-seo-wordpress\/ -->\n<title>Armoire \u00e0 mat\u00e9riel type III avec portes \u00e0 battant en t\u00f4le pleine<\/title>\n<meta name=\"description\" content=\"Armoire \u00e0 mat\u00e9riel type III avec portes \u00e0 battant en t\u00f4le pleine | dimensions: (h x larg) 195 x 120 cm | Activa Sport Sarl | \u2026que le sport soit avec toi !\" \/>\n<meta name=\"robots\" content=\"index, follow, max-snippet:-1, max-image-preview:large, max-video-preview:-1\" \/>\n<link rel=\"canonical\" href=\"https:\/\/www.activasport.ch\/fr\/produkt\/armoire-a-materiel-type-iii-avec-portes-a-battant-en-tole-pleine-2\/\" \/>\n<meta property=\"og:locale\" content=\"fr_FR\" \/>\n<meta property=\"og:type\" content=\"article\" \/>\n<meta property=\"og:title\" content=\"Armoire \u00e0 mat\u00e9riel type III avec portes \u00e0 battant en t\u00f4le pleine\" \/>\n<meta property=\"og:description\" content=\"Armoire \u00e0 mat\u00e9riel type III avec portes \u00e0 battant en t\u00f4le pleine | dimensions: (h x larg) 195 x 120 cm | Activa Sport Sarl | \u2026que le sport soit avec toi !\" \/>\n<meta property=\"og:url\" content=\"https:\/\/www.activasport.ch\/fr\/produkt\/armoire-a-materiel-type-iii-avec-portes-a-battant-en-tole-pleine-2\/\" \/>\n<meta property=\"og:site_name\" content=\"Activa Sport GmbH | M\u00f6ge der Sport mit Dir sein...\" \/>\n<meta property=\"article:publisher\" content=\"https:\/\/www.facebook.com\/activasport.ch\/\" \/>\n<meta property=\"article:modified_time\" content=\"2022-06-15T09:53:07+00:00\" \/>\n<meta property=\"og:image\" content=\"https:\/\/www.activasport.ch\/wp-content\/uploads\/2019\/11\/C01000444_Geraeteschrank-Typ-III-mit-Vollblech-Fluegeltueren_800x800.jpg\" \/>\n\t<meta property=\"og:image:width\" content=\"800\" \/>\n\t<meta property=\"og:image:height\" content=\"800\" \/>\n\t<meta property=\"og:image:type\" content=\"image\/jpeg\" \/>\n<meta name=\"twitter:card\" content=\"summary_large_image\" \/>\n<script type=\"application\/ld+json\" class=\"yoast-schema-graph\">{\"@context\":\"https:\\\/\\\/schema.org\",\"@graph\":[{\"@type\":\"WebPage\",\"@id\":\"https:\\\/\\\/www.activasport.ch\\\/fr\\\/produkt\\\/armoire-a-materiel-type-iii-avec-portes-a-battant-en-tole-pleine-2\\\/\",\"url\":\"https:\\\/\\\/www.activasport.ch\\\/fr\\\/produkt\\\/armoire-a-materiel-type-iii-avec-portes-a-battant-en-tole-pleine-2\\\/\",\"name\":\"Armoire \u00e0 mat\u00e9riel type III avec portes \u00e0 battant en t\u00f4le pleine\",\"isPartOf\":{\"@id\":\"https:\\\/\\\/www.activasport.ch\\\/fr\\\/#website\"},\"primaryImageOfPage\":{\"@id\":\"https:\\\/\\\/www.activasport.ch\\\/fr\\\/produkt\\\/armoire-a-materiel-type-iii-avec-portes-a-battant-en-tole-pleine-2\\\/#primaryimage\"},\"image\":{\"@id\":\"https:\\\/\\\/www.activasport.ch\\\/fr\\\/produkt\\\/armoire-a-materiel-type-iii-avec-portes-a-battant-en-tole-pleine-2\\\/#primaryimage\"},\"thumbnailUrl\":\"https:\\\/\\\/www.activasport.ch\\\/wp-content\\\/uploads\\\/2019\\\/11\\\/C01000444_Geraeteschrank-Typ-III-mit-Vollblech-Fluegeltueren_800x800.jpg\",\"datePublished\":\"2021-06-09T11:35:46+00:00\",\"dateModified\":\"2022-06-15T09:53:07+00:00\",\"description\":\"Armoire \u00e0 mat\u00e9riel type III avec portes \u00e0 battant en t\u00f4le pleine | dimensions: (h x larg) 195 x 120 cm | Activa Sport Sarl | \u2026que le sport soit avec toi !\",\"breadcrumb\":{\"@id\":\"https:\\\/\\\/www.activasport.ch\\\/fr\\\/produkt\\\/armoire-a-materiel-type-iii-avec-portes-a-battant-en-tole-pleine-2\\\/#breadcrumb\"},\"inLanguage\":\"fr-FR\",\"potentialAction\":[{\"@type\":\"ReadAction\",\"target\":[\"https:\\\/\\\/www.activasport.ch\\\/fr\\\/produkt\\\/armoire-a-materiel-type-iii-avec-portes-a-battant-en-tole-pleine-2\\\/\"]}]},{\"@type\":\"ImageObject\",\"inLanguage\":\"fr-FR\",\"@id\":\"https:\\\/\\\/www.activasport.ch\\\/fr\\\/produkt\\\/armoire-a-materiel-type-iii-avec-portes-a-battant-en-tole-pleine-2\\\/#primaryimage\",\"url\":\"https:\\\/\\\/www.activasport.ch\\\/wp-content\\\/uploads\\\/2019\\\/11\\\/C01000444_Geraeteschrank-Typ-III-mit-Vollblech-Fluegeltueren_800x800.jpg\",\"contentUrl\":\"https:\\\/\\\/www.activasport.ch\\\/wp-content\\\/uploads\\\/2019\\\/11\\\/C01000444_Geraeteschrank-Typ-III-mit-Vollblech-Fluegeltueren_800x800.jpg\",\"width\":800,\"height\":800},{\"@type\":\"BreadcrumbList\",\"@id\":\"https:\\\/\\\/www.activasport.ch\\\/fr\\\/produkt\\\/armoire-a-materiel-type-iii-avec-portes-a-battant-en-tole-pleine-2\\\/#breadcrumb\",\"itemListElement\":[{\"@type\":\"ListItem\",\"position\":1,\"name\":\"Home\",\"item\":\"https:\\\/\\\/www.activasport.ch\\\/fr\\\/\"},{\"@type\":\"ListItem\",\"position\":2,\"name\":\"Shop\",\"item\":\"https:\\\/\\\/www.activasport.ch\\\/fr\\\/?page_id=258329\"},{\"@type\":\"ListItem\",\"position\":3,\"name\":\"Armoire \u00e0 mat\u00e9riel type III avec portes \u00e0 battant en t\u00f4le pleine\"}]},{\"@type\":\"WebSite\",\"@id\":\"https:\\\/\\\/www.activasport.ch\\\/fr\\\/#website\",\"url\":\"https:\\\/\\\/www.activasport.ch\\\/fr\\\/\",\"name\":\"Activa Sport GmbH | M\u00f6ge der Sport mit Dir sein...\",\"description\":\"\",\"publisher\":{\"@id\":\"https:\\\/\\\/www.activasport.ch\\\/fr\\\/#organization\"},\"potentialAction\":[{\"@type\":\"SearchAction\",\"target\":{\"@type\":\"EntryPoint\",\"urlTemplate\":\"https:\\\/\\\/www.activasport.ch\\\/fr\\\/?s={search_term_string}\"},\"query-input\":{\"@type\":\"PropertyValueSpecification\",\"valueRequired\":true,\"valueName\":\"search_term_string\"}}],\"inLanguage\":\"fr-FR\"},{\"@type\":\"Organization\",\"@id\":\"https:\\\/\\\/www.activasport.ch\\\/fr\\\/#organization\",\"name\":\"Activa Sport GmbH\",\"url\":\"https:\\\/\\\/www.activasport.ch\\\/fr\\\/\",\"logo\":{\"@type\":\"ImageObject\",\"inLanguage\":\"fr-FR\",\"@id\":\"https:\\\/\\\/www.activasport.ch\\\/fr\\\/#\\\/schema\\\/logo\\\/image\\\/\",\"url\":\"https:\\\/\\\/www.activasport.ch\\\/wp-content\\\/uploads\\\/2020\\\/04\\\/Activa_AS_Emblem_rot-schwarz_512x512.png\",\"contentUrl\":\"https:\\\/\\\/www.activasport.ch\\\/wp-content\\\/uploads\\\/2020\\\/04\\\/Activa_AS_Emblem_rot-schwarz_512x512.png\",\"width\":512,\"height\":512,\"caption\":\"Activa Sport GmbH\"},\"image\":{\"@id\":\"https:\\\/\\\/www.activasport.ch\\\/fr\\\/#\\\/schema\\\/logo\\\/image\\\/\"},\"sameAs\":[\"https:\\\/\\\/www.facebook.com\\\/activasport.ch\\\/\",\"https:\\\/\\\/www.youtube.com\\\/channel\\\/UCtqHC7rBGHotohPIGFurwzg\"]}]}<\/script>\n<!-- \/ Yoast SEO plugin. -->","yoast_head_json":{"title":"Armoire \u00e0 mat\u00e9riel type III avec portes \u00e0 battant en t\u00f4le pleine","description":"Armoire \u00e0 mat\u00e9riel type III avec portes \u00e0 battant en t\u00f4le pleine | dimensions: (h x larg) 195 x 120 cm | Activa Sport Sarl | \u2026que le sport soit avec toi !","robots":{"index":"index","follow":"follow","max-snippet":"max-snippet:-1","max-image-preview":"max-image-preview:large","max-video-preview":"max-video-preview:-1"},"canonical":"https:\/\/www.activasport.ch\/fr\/produkt\/armoire-a-materiel-type-iii-avec-portes-a-battant-en-tole-pleine-2\/","og_locale":"fr_FR","og_type":"article","og_title":"Armoire \u00e0 mat\u00e9riel type III avec portes \u00e0 battant en t\u00f4le pleine","og_description":"Armoire \u00e0 mat\u00e9riel type III avec portes \u00e0 battant en t\u00f4le pleine | dimensions: (h x larg) 195 x 120 cm | Activa Sport Sarl | \u2026que le sport soit avec toi !","og_url":"https:\/\/www.activasport.ch\/fr\/produkt\/armoire-a-materiel-type-iii-avec-portes-a-battant-en-tole-pleine-2\/","og_site_name":"Activa Sport GmbH | M\u00f6ge der Sport mit Dir sein...","article_publisher":"https:\/\/www.facebook.com\/activasport.ch\/","article_modified_time":"2022-06-15T09:53:07+00:00","og_image":[{"width":800,"height":800,"url":"https:\/\/www.activasport.ch\/wp-content\/uploads\/2019\/11\/C01000444_Geraeteschrank-Typ-III-mit-Vollblech-Fluegeltueren_800x800.jpg","type":"image\/jpeg"}],"twitter_card":"summary_large_image","schema":{"@context":"https:\/\/schema.org","@graph":[{"@type":"WebPage","@id":"https:\/\/www.activasport.ch\/fr\/produkt\/armoire-a-materiel-type-iii-avec-portes-a-battant-en-tole-pleine-2\/","url":"https:\/\/www.activasport.ch\/fr\/produkt\/armoire-a-materiel-type-iii-avec-portes-a-battant-en-tole-pleine-2\/","name":"Armoire \u00e0 mat\u00e9riel type III avec portes \u00e0 battant en t\u00f4le pleine","isPartOf":{"@id":"https:\/\/www.activasport.ch\/fr\/#website"},"primaryImageOfPage":{"@id":"https:\/\/www.activasport.ch\/fr\/produkt\/armoire-a-materiel-type-iii-avec-portes-a-battant-en-tole-pleine-2\/#primaryimage"},"image":{"@id":"https:\/\/www.activasport.ch\/fr\/produkt\/armoire-a-materiel-type-iii-avec-portes-a-battant-en-tole-pleine-2\/#primaryimage"},"thumbnailUrl":"https:\/\/www.activasport.ch\/wp-content\/uploads\/2019\/11\/C01000444_Geraeteschrank-Typ-III-mit-Vollblech-Fluegeltueren_800x800.jpg","datePublished":"2021-06-09T11:35:46+00:00","dateModified":"2022-06-15T09:53:07+00:00","description":"Armoire \u00e0 mat\u00e9riel type III avec portes \u00e0 battant en t\u00f4le pleine | dimensions: (h x larg) 195 x 120 cm | Activa Sport Sarl | \u2026que le sport soit avec toi !","breadcrumb":{"@id":"https:\/\/www.activasport.ch\/fr\/produkt\/armoire-a-materiel-type-iii-avec-portes-a-battant-en-tole-pleine-2\/#breadcrumb"},"inLanguage":"fr-FR","potentialAction":[{"@type":"ReadAction","target":["https:\/\/www.activasport.ch\/fr\/produkt\/armoire-a-materiel-type-iii-avec-portes-a-battant-en-tole-pleine-2\/"]}]},{"@type":"ImageObject","inLanguage":"fr-FR","@id":"https:\/\/www.activasport.ch\/fr\/produkt\/armoire-a-materiel-type-iii-avec-portes-a-battant-en-tole-pleine-2\/#primaryimage","url":"https:\/\/www.activasport.ch\/wp-content\/uploads\/2019\/11\/C01000444_Geraeteschrank-Typ-III-mit-Vollblech-Fluegeltueren_800x800.jpg","contentUrl":"https:\/\/www.activasport.ch\/wp-content\/uploads\/2019\/11\/C01000444_Geraeteschrank-Typ-III-mit-Vollblech-Fluegeltueren_800x800.jpg","width":800,"height":800},{"@type":"BreadcrumbList","@id":"https:\/\/www.activasport.ch\/fr\/produkt\/armoire-a-materiel-type-iii-avec-portes-a-battant-en-tole-pleine-2\/#breadcrumb","itemListElement":[{"@type":"ListItem","position":1,"name":"Home","item":"https:\/\/www.activasport.ch\/fr\/"},{"@type":"ListItem","position":2,"name":"Shop","item":"https:\/\/www.activasport.ch\/fr\/?page_id=258329"},{"@type":"ListItem","position":3,"name":"Armoire \u00e0 mat\u00e9riel type III avec portes \u00e0 battant en t\u00f4le pleine"}]},{"@type":"WebSite","@id":"https:\/\/www.activasport.ch\/fr\/#website","url":"https:\/\/www.activasport.ch\/fr\/","name":"Activa Sport GmbH | M\u00f6ge der Sport mit Dir sein...","description":"","publisher":{"@id":"https:\/\/www.activasport.ch\/fr\/#organization"},"potentialAction":[{"@type":"SearchAction","target":{"@type":"EntryPoint","urlTemplate":"https:\/\/www.activasport.ch\/fr\/?s={search_term_string}"},"query-input":{"@type":"PropertyValueSpecification","valueRequired":true,"valueName":"search_term_string"}}],"inLanguage":"fr-FR"},{"@type":"Organization","@id":"https:\/\/www.activasport.ch\/fr\/#organization","name":"Activa Sport GmbH","url":"https:\/\/www.activasport.ch\/fr\/","logo":{"@type":"ImageObject","inLanguage":"fr-FR","@id":"https:\/\/www.activasport.ch\/fr\/#\/schema\/logo\/image\/","url":"https:\/\/www.activasport.ch\/wp-content\/uploads\/2020\/04\/Activa_AS_Emblem_rot-schwarz_512x512.png","contentUrl":"https:\/\/www.activasport.ch\/wp-content\/uploads\/2020\/04\/Activa_AS_Emblem_rot-schwarz_512x512.png","width":512,"height":512,"caption":"Activa Sport GmbH"},"image":{"@id":"https:\/\/www.activasport.ch\/fr\/#\/schema\/logo\/image\/"},"sameAs":["https:\/\/www.facebook.com\/activasport.ch\/","https:\/\/www.youtube.com\/channel\/UCtqHC7rBGHotohPIGFurwzg"]}]}},"_links":{"self":[{"href":"https:\/\/www.activasport.ch\/fr\/wp-json\/wp\/v2\/product\/279380","targetHints":{"allow":["GET"]}}],"collection":[{"href":"https:\/\/www.activasport.ch\/fr\/wp-json\/wp\/v2\/product"}],"about":[{"href":"https:\/\/www.activasport.ch\/fr\/wp-json\/wp\/v2\/types\/product"}],"wp:featuredmedia":[{"embeddable":true,"href":"https:\/\/www.activasport.ch\/fr\/wp-json\/wp\/v2\/media\/267736"}],"wp:attachment":[{"href":"https:\/\/www.activasport.ch\/fr\/wp-json\/wp\/v2\/media?parent=279380"}],"wp:term":[{"taxonomy":"product_brand","embeddable":true,"href":"https:\/\/www.activasport.ch\/fr\/wp-json\/wp\/v2\/product_brand?post=279380"},{"taxonomy":"product_cat","embeddable":true,"href":"https:\/\/www.activasport.ch\/fr\/wp-json\/wp\/v2\/product_cat?post=279380"},{"taxonomy":"product_tag","embeddable":true,"href":"https:\/\/www.activasport.ch\/fr\/wp-json\/wp\/v2\/product_tag?post=279380"}],"curies":[{"name":"wp","href":"https:\/\/api.w.org\/{rel}","templated":true}]}}