{"id":279306,"date":"2021-06-09T13:37:44","date_gmt":"2021-06-09T11:37:44","guid":{"rendered":"https:\/\/www.activasport.ch\/shop\/non%20class\u00e9\/fahrbares-gewicht-3-in-1\/"},"modified":"2023-05-02T16:55:41","modified_gmt":"2023-05-02T14:55:41","slug":"contrepoids-roulant-3-en-1","status":"publish","type":"product","link":"https:\/\/www.activasport.ch\/fr\/produkt\/contrepoids-roulant-3-en-1\/","title":{"rendered":"Contrepoids roulant \u00ab\u00a03 en 1\u00a0\u00bb"},"content":{"rendered":"<p>Le contrepoids mobile \u00ab\u00a03 en 1\u00a0\u00bb pour buts de jeunes est solidement viss\u00e9 au but. Il peut \u00eatre facilement d\u00e9plac\u00e9 librement avec le but gr\u00e2ce \u00e0 4 roues pivotantes en polyamide. Lorsqu&rsquo;il n&rsquo;est pas fix\u00e9, le but est suspendu dans les airs et ne peut pas \u00eatre utilis\u00e9. Empattement \u00e9largi, ce qui am\u00e9liore encore la stabilit\u00e9. Surface d&rsquo;appui suppl\u00e9mentaire pour le cadre au sol.<br \/>\n(Peut \u00e9galement \u00eatre adapt\u00e9 \u00e0 des buts d&rsquo;autres marques).<\/p>\n<p>Espace n\u00e9cessaire, y compris but de football pour jeunes avec sortie de but inf\u00e9rieure 150 cm \u2192 <strong>env. 275 cm<\/strong><\/p>\n<p><span style=\"color: #ff0000;\"><a style=\"color: #ff0000;\" href=\"https:\/\/www.youtube.com\/watch?v=ZdApL4oI8hY\">Notre vid\u00e9o montre comment utiliser le poids mobile 3en1.<\/a><\/span><\/p>\n<p><strong><span style=\"color: #000000;\">Une invention de Sch\u00e4per Sportger\u00e4tebau, d\u00e9velopp\u00e9e par Activa Sport GmbH !<\/span><\/strong><\/p>\n","protected":false},"excerpt":{"rendered":"<p>Le contrepoids mobile \u00ab\u00a03 en 1\u00a0\u00bb pour buts de jeunes est solidement viss\u00e9 au but. Il peut \u00eatre facilement d\u00e9plac\u00e9 librement avec le but gr\u00e2ce \u00e0 4 roues pivotantes en polyamide. Lorsqu&rsquo;il n&rsquo;est pas fix\u00e9, le but est suspendu dans les airs et ne peut pas \u00eatre utilis\u00e9. Empattement \u00e9largi, ce qui am\u00e9liore encore la [&hellip;]<\/p>\n","protected":false},"featured_media":283877,"template":"","meta":{"_et_pb_use_builder":"","_et_pb_old_content":"","_et_gb_content_width":""},"product_brand":[],"product_cat":[1047,1039,1044],"product_tag":[],"class_list":{"0":"post-279306","1":"product","2":"type-product","3":"status-publish","4":"has-post-thumbnail","6":"product_cat-contrepoids-a-visser-fr","7":"product_cat-football-fr","8":"product_cat-poids-transport-fr","10":"first","11":"instock","12":"product-type-simple"},"yoast_head":"<!-- This site is optimized with the Yoast SEO plugin v27.3 - https:\/\/yoast.com\/product\/yoast-seo-wordpress\/ -->\n<title>Contrepoids roulant &quot;3 en 1&quot; | pour buts mobiles pour jeunes<\/title>\n<meta name=\"description\" content=\"Contrepoids roulant &quot;3 en 1&quot; | pour buts mobiles pour jeunes | Activa Sport Sarl | \u2026que le sport soit avec toi !\" \/>\n<meta name=\"robots\" content=\"index, follow, max-snippet:-1, max-image-preview:large, max-video-preview:-1\" \/>\n<link rel=\"canonical\" href=\"https:\/\/www.activasport.ch\/fr\/produkt\/contrepoids-roulant-3-en-1\/\" \/>\n<meta property=\"og:locale\" content=\"fr_FR\" \/>\n<meta property=\"og:type\" content=\"article\" \/>\n<meta property=\"og:title\" content=\"Contrepoids roulant &quot;3 en 1&quot; | pour buts mobiles pour jeunes\" \/>\n<meta property=\"og:description\" content=\"Contrepoids roulant &quot;3 en 1&quot; | pour buts mobiles pour jeunes | Activa Sport Sarl | \u2026que le sport soit avec toi !\" \/>\n<meta property=\"og:url\" content=\"https:\/\/www.activasport.ch\/fr\/produkt\/contrepoids-roulant-3-en-1\/\" \/>\n<meta property=\"og:site_name\" content=\"Activa Sport GmbH | M\u00f6ge der Sport mit Dir sein...\" \/>\n<meta property=\"article:publisher\" content=\"https:\/\/www.facebook.com\/activasport.ch\/\" \/>\n<meta property=\"article:modified_time\" content=\"2023-05-02T14:55:41+00:00\" \/>\n<meta property=\"og:image\" content=\"https:\/\/www.activasport.ch\/wp-content\/uploads\/2021\/06\/Jugendgewicht-3in1_1000x1000.jpg\" \/>\n\t<meta property=\"og:image:width\" content=\"1000\" \/>\n\t<meta property=\"og:image:height\" content=\"1000\" \/>\n\t<meta property=\"og:image:type\" content=\"image\/jpeg\" \/>\n<meta name=\"twitter:card\" content=\"summary_large_image\" \/>\n<meta name=\"twitter:label1\" content=\"Dur\u00e9e de lecture estim\u00e9e\" \/>\n\t<meta name=\"twitter:data1\" content=\"1 minute\" \/>\n<script type=\"application\/ld+json\" class=\"yoast-schema-graph\">{\"@context\":\"https:\\\/\\\/schema.org\",\"@graph\":[{\"@type\":\"WebPage\",\"@id\":\"https:\\\/\\\/www.activasport.ch\\\/fr\\\/produkt\\\/contrepoids-roulant-3-en-1\\\/\",\"url\":\"https:\\\/\\\/www.activasport.ch\\\/fr\\\/produkt\\\/contrepoids-roulant-3-en-1\\\/\",\"name\":\"Contrepoids roulant \\\"3 en 1\\\" | pour buts mobiles pour jeunes\",\"isPartOf\":{\"@id\":\"https:\\\/\\\/www.activasport.ch\\\/fr\\\/#website\"},\"primaryImageOfPage\":{\"@id\":\"https:\\\/\\\/www.activasport.ch\\\/fr\\\/produkt\\\/contrepoids-roulant-3-en-1\\\/#primaryimage\"},\"image\":{\"@id\":\"https:\\\/\\\/www.activasport.ch\\\/fr\\\/produkt\\\/contrepoids-roulant-3-en-1\\\/#primaryimage\"},\"thumbnailUrl\":\"https:\\\/\\\/www.activasport.ch\\\/wp-content\\\/uploads\\\/2021\\\/06\\\/Jugendgewicht-3in1_1000x1000.jpg\",\"datePublished\":\"2021-06-09T11:37:44+00:00\",\"dateModified\":\"2023-05-02T14:55:41+00:00\",\"description\":\"Contrepoids roulant \\\"3 en 1\\\" | pour buts mobiles pour jeunes | Activa Sport Sarl | \u2026que le sport soit avec toi !\",\"breadcrumb\":{\"@id\":\"https:\\\/\\\/www.activasport.ch\\\/fr\\\/produkt\\\/contrepoids-roulant-3-en-1\\\/#breadcrumb\"},\"inLanguage\":\"fr-FR\",\"potentialAction\":[{\"@type\":\"ReadAction\",\"target\":[\"https:\\\/\\\/www.activasport.ch\\\/fr\\\/produkt\\\/contrepoids-roulant-3-en-1\\\/\"]}]},{\"@type\":\"ImageObject\",\"inLanguage\":\"fr-FR\",\"@id\":\"https:\\\/\\\/www.activasport.ch\\\/fr\\\/produkt\\\/contrepoids-roulant-3-en-1\\\/#primaryimage\",\"url\":\"https:\\\/\\\/www.activasport.ch\\\/wp-content\\\/uploads\\\/2021\\\/06\\\/Jugendgewicht-3in1_1000x1000.jpg\",\"contentUrl\":\"https:\\\/\\\/www.activasport.ch\\\/wp-content\\\/uploads\\\/2021\\\/06\\\/Jugendgewicht-3in1_1000x1000.jpg\",\"width\":1000,\"height\":1000,\"caption\":\"Fahrbares Gewicht 3-in-1 an Jugendfussballtor fixiert im Spielmodus\"},{\"@type\":\"BreadcrumbList\",\"@id\":\"https:\\\/\\\/www.activasport.ch\\\/fr\\\/produkt\\\/contrepoids-roulant-3-en-1\\\/#breadcrumb\",\"itemListElement\":[{\"@type\":\"ListItem\",\"position\":1,\"name\":\"Home\",\"item\":\"https:\\\/\\\/www.activasport.ch\\\/fr\\\/\"},{\"@type\":\"ListItem\",\"position\":2,\"name\":\"Shop\",\"item\":\"https:\\\/\\\/www.activasport.ch\\\/fr\\\/?page_id=258329\"},{\"@type\":\"ListItem\",\"position\":3,\"name\":\"Contrepoids roulant &#8220;3 en 1&#8221;\"}]},{\"@type\":\"WebSite\",\"@id\":\"https:\\\/\\\/www.activasport.ch\\\/fr\\\/#website\",\"url\":\"https:\\\/\\\/www.activasport.ch\\\/fr\\\/\",\"name\":\"Activa Sport GmbH | M\u00f6ge der Sport mit Dir sein...\",\"description\":\"\",\"publisher\":{\"@id\":\"https:\\\/\\\/www.activasport.ch\\\/fr\\\/#organization\"},\"potentialAction\":[{\"@type\":\"SearchAction\",\"target\":{\"@type\":\"EntryPoint\",\"urlTemplate\":\"https:\\\/\\\/www.activasport.ch\\\/fr\\\/?s={search_term_string}\"},\"query-input\":{\"@type\":\"PropertyValueSpecification\",\"valueRequired\":true,\"valueName\":\"search_term_string\"}}],\"inLanguage\":\"fr-FR\"},{\"@type\":\"Organization\",\"@id\":\"https:\\\/\\\/www.activasport.ch\\\/fr\\\/#organization\",\"name\":\"Activa Sport GmbH\",\"url\":\"https:\\\/\\\/www.activasport.ch\\\/fr\\\/\",\"logo\":{\"@type\":\"ImageObject\",\"inLanguage\":\"fr-FR\",\"@id\":\"https:\\\/\\\/www.activasport.ch\\\/fr\\\/#\\\/schema\\\/logo\\\/image\\\/\",\"url\":\"https:\\\/\\\/www.activasport.ch\\\/wp-content\\\/uploads\\\/2020\\\/04\\\/Activa_AS_Emblem_rot-schwarz_512x512.png\",\"contentUrl\":\"https:\\\/\\\/www.activasport.ch\\\/wp-content\\\/uploads\\\/2020\\\/04\\\/Activa_AS_Emblem_rot-schwarz_512x512.png\",\"width\":512,\"height\":512,\"caption\":\"Activa Sport GmbH\"},\"image\":{\"@id\":\"https:\\\/\\\/www.activasport.ch\\\/fr\\\/#\\\/schema\\\/logo\\\/image\\\/\"},\"sameAs\":[\"https:\\\/\\\/www.facebook.com\\\/activasport.ch\\\/\",\"https:\\\/\\\/www.youtube.com\\\/channel\\\/UCtqHC7rBGHotohPIGFurwzg\"]}]}<\/script>\n<!-- \/ Yoast SEO plugin. -->","yoast_head_json":{"title":"Contrepoids roulant \"3 en 1\" | pour buts mobiles pour jeunes","description":"Contrepoids roulant \"3 en 1\" | pour buts mobiles pour jeunes | Activa Sport Sarl | \u2026que le sport soit avec toi !","robots":{"index":"index","follow":"follow","max-snippet":"max-snippet:-1","max-image-preview":"max-image-preview:large","max-video-preview":"max-video-preview:-1"},"canonical":"https:\/\/www.activasport.ch\/fr\/produkt\/contrepoids-roulant-3-en-1\/","og_locale":"fr_FR","og_type":"article","og_title":"Contrepoids roulant \"3 en 1\" | pour buts mobiles pour jeunes","og_description":"Contrepoids roulant \"3 en 1\" | pour buts mobiles pour jeunes | Activa Sport Sarl | \u2026que le sport soit avec toi !","og_url":"https:\/\/www.activasport.ch\/fr\/produkt\/contrepoids-roulant-3-en-1\/","og_site_name":"Activa Sport GmbH | M\u00f6ge der Sport mit Dir sein...","article_publisher":"https:\/\/www.facebook.com\/activasport.ch\/","article_modified_time":"2023-05-02T14:55:41+00:00","og_image":[{"width":1000,"height":1000,"url":"https:\/\/www.activasport.ch\/wp-content\/uploads\/2021\/06\/Jugendgewicht-3in1_1000x1000.jpg","type":"image\/jpeg"}],"twitter_card":"summary_large_image","twitter_misc":{"Dur\u00e9e de lecture estim\u00e9e":"1 minute"},"schema":{"@context":"https:\/\/schema.org","@graph":[{"@type":"WebPage","@id":"https:\/\/www.activasport.ch\/fr\/produkt\/contrepoids-roulant-3-en-1\/","url":"https:\/\/www.activasport.ch\/fr\/produkt\/contrepoids-roulant-3-en-1\/","name":"Contrepoids roulant \"3 en 1\" | pour buts mobiles pour jeunes","isPartOf":{"@id":"https:\/\/www.activasport.ch\/fr\/#website"},"primaryImageOfPage":{"@id":"https:\/\/www.activasport.ch\/fr\/produkt\/contrepoids-roulant-3-en-1\/#primaryimage"},"image":{"@id":"https:\/\/www.activasport.ch\/fr\/produkt\/contrepoids-roulant-3-en-1\/#primaryimage"},"thumbnailUrl":"https:\/\/www.activasport.ch\/wp-content\/uploads\/2021\/06\/Jugendgewicht-3in1_1000x1000.jpg","datePublished":"2021-06-09T11:37:44+00:00","dateModified":"2023-05-02T14:55:41+00:00","description":"Contrepoids roulant \"3 en 1\" | pour buts mobiles pour jeunes | Activa Sport Sarl | \u2026que le sport soit avec toi !","breadcrumb":{"@id":"https:\/\/www.activasport.ch\/fr\/produkt\/contrepoids-roulant-3-en-1\/#breadcrumb"},"inLanguage":"fr-FR","potentialAction":[{"@type":"ReadAction","target":["https:\/\/www.activasport.ch\/fr\/produkt\/contrepoids-roulant-3-en-1\/"]}]},{"@type":"ImageObject","inLanguage":"fr-FR","@id":"https:\/\/www.activasport.ch\/fr\/produkt\/contrepoids-roulant-3-en-1\/#primaryimage","url":"https:\/\/www.activasport.ch\/wp-content\/uploads\/2021\/06\/Jugendgewicht-3in1_1000x1000.jpg","contentUrl":"https:\/\/www.activasport.ch\/wp-content\/uploads\/2021\/06\/Jugendgewicht-3in1_1000x1000.jpg","width":1000,"height":1000,"caption":"Fahrbares Gewicht 3-in-1 an Jugendfussballtor fixiert im Spielmodus"},{"@type":"BreadcrumbList","@id":"https:\/\/www.activasport.ch\/fr\/produkt\/contrepoids-roulant-3-en-1\/#breadcrumb","itemListElement":[{"@type":"ListItem","position":1,"name":"Home","item":"https:\/\/www.activasport.ch\/fr\/"},{"@type":"ListItem","position":2,"name":"Shop","item":"https:\/\/www.activasport.ch\/fr\/?page_id=258329"},{"@type":"ListItem","position":3,"name":"Contrepoids roulant &#8220;3 en 1&#8221;"}]},{"@type":"WebSite","@id":"https:\/\/www.activasport.ch\/fr\/#website","url":"https:\/\/www.activasport.ch\/fr\/","name":"Activa Sport GmbH | M\u00f6ge der Sport mit Dir sein...","description":"","publisher":{"@id":"https:\/\/www.activasport.ch\/fr\/#organization"},"potentialAction":[{"@type":"SearchAction","target":{"@type":"EntryPoint","urlTemplate":"https:\/\/www.activasport.ch\/fr\/?s={search_term_string}"},"query-input":{"@type":"PropertyValueSpecification","valueRequired":true,"valueName":"search_term_string"}}],"inLanguage":"fr-FR"},{"@type":"Organization","@id":"https:\/\/www.activasport.ch\/fr\/#organization","name":"Activa Sport GmbH","url":"https:\/\/www.activasport.ch\/fr\/","logo":{"@type":"ImageObject","inLanguage":"fr-FR","@id":"https:\/\/www.activasport.ch\/fr\/#\/schema\/logo\/image\/","url":"https:\/\/www.activasport.ch\/wp-content\/uploads\/2020\/04\/Activa_AS_Emblem_rot-schwarz_512x512.png","contentUrl":"https:\/\/www.activasport.ch\/wp-content\/uploads\/2020\/04\/Activa_AS_Emblem_rot-schwarz_512x512.png","width":512,"height":512,"caption":"Activa Sport GmbH"},"image":{"@id":"https:\/\/www.activasport.ch\/fr\/#\/schema\/logo\/image\/"},"sameAs":["https:\/\/www.facebook.com\/activasport.ch\/","https:\/\/www.youtube.com\/channel\/UCtqHC7rBGHotohPIGFurwzg"]}]}},"_links":{"self":[{"href":"https:\/\/www.activasport.ch\/fr\/wp-json\/wp\/v2\/product\/279306","targetHints":{"allow":["GET"]}}],"collection":[{"href":"https:\/\/www.activasport.ch\/fr\/wp-json\/wp\/v2\/product"}],"about":[{"href":"https:\/\/www.activasport.ch\/fr\/wp-json\/wp\/v2\/types\/product"}],"wp:featuredmedia":[{"embeddable":true,"href":"https:\/\/www.activasport.ch\/fr\/wp-json\/wp\/v2\/media\/283877"}],"wp:attachment":[{"href":"https:\/\/www.activasport.ch\/fr\/wp-json\/wp\/v2\/media?parent=279306"}],"wp:term":[{"taxonomy":"product_brand","embeddable":true,"href":"https:\/\/www.activasport.ch\/fr\/wp-json\/wp\/v2\/product_brand?post=279306"},{"taxonomy":"product_cat","embeddable":true,"href":"https:\/\/www.activasport.ch\/fr\/wp-json\/wp\/v2\/product_cat?post=279306"},{"taxonomy":"product_tag","embeddable":true,"href":"https:\/\/www.activasport.ch\/fr\/wp-json\/wp\/v2\/product_tag?post=279306"}],"curies":[{"name":"wp","href":"https:\/\/api.w.org\/{rel}","templated":true}]}}