{"id":279277,"date":"2021-06-09T13:37:44","date_gmt":"2021-06-09T11:37:44","guid":{"rendered":"https:\/\/www.activasport.ch\/shop\/non%20class\u00e9\/hub-und-transportwagen-einfach\/"},"modified":"2022-06-15T11:52:17","modified_gmt":"2022-06-15T09:52:17","slug":"chariot-elevateur-et-de-transport-simple","status":"publish","type":"product","link":"https:\/\/www.activasport.ch\/fr\/produkt\/chariot-elevateur-et-de-transport-simple\/","title":{"rendered":"Chariot \u00e9l\u00e9vateur et de transport simple"},"content":{"rendered":"<p>Le chariot de transport est dirig\u00e9 sous le but plac\u00e9 dans les douilles. Le but est soulev\u00e9 hors des douilles au moyen des manivelles fix\u00e9es des deux c\u00f4t\u00e9s. Puis, le but est tenu en position verticale gr\u00e2ce aux manchettes de guidage, de fa\u00e7on \u00e0 ce qu&rsquo;il puisse \u00eatre \u00e0 nouveau plac\u00e9 facilement dans les douilles. Avec 4 galets pivotants pour un d\u00e9placement simple du but. Pour une manipulation optimale de l&rsquo;engin, 2 personnes sont n\u00e9cessaires.   Dimensions: env. 750 x 170 x 150 cm, poids, env. 200 kg.<\/p>\n","protected":false},"excerpt":{"rendered":"<p>Le chariot de transport est dirig\u00e9 sous le but plac\u00e9 dans les douilles. Le but est soulev\u00e9 hors des douilles au moyen des manivelles fix\u00e9es des deux c\u00f4t\u00e9s. Puis, le but est tenu en position verticale gr\u00e2ce aux manchettes de guidage, de fa\u00e7on \u00e0 ce qu&rsquo;il puisse \u00eatre \u00e0 nouveau plac\u00e9 facilement dans les douilles. [&hellip;]<\/p>\n","protected":false},"featured_media":285418,"template":"","meta":{"_et_pb_use_builder":"","_et_pb_old_content":"","_et_gb_content_width":""},"product_brand":[],"product_cat":[1049,1039,1044],"product_tag":[],"class_list":{"0":"post-279277","1":"product","2":"type-product","3":"status-publish","4":"has-post-thumbnail","6":"product_cat-chariots-de-transport-fr","7":"product_cat-football-fr","8":"product_cat-poids-transport-fr","10":"first","11":"instock","12":"product-type-simple"},"yoast_head":"<!-- This site is optimized with the Yoast SEO plugin v27.3 - https:\/\/yoast.com\/product\/yoast-seo-wordpress\/ -->\n<title>Chariot \u00e9l\u00e9vateur et de transport simple<\/title>\n<meta name=\"description\" content=\"Chariot \u00e9l\u00e9vateur et de transport simple | pour buts plac\u00e9s dans des douilles | Activa Sport Sarl | \u2026que le sport soit avec toi !\" \/>\n<meta name=\"robots\" content=\"index, follow, max-snippet:-1, max-image-preview:large, max-video-preview:-1\" \/>\n<link rel=\"canonical\" href=\"https:\/\/www.activasport.ch\/fr\/produkt\/chariot-elevateur-et-de-transport-simple\/\" \/>\n<meta property=\"og:locale\" content=\"fr_FR\" \/>\n<meta property=\"og:type\" content=\"article\" \/>\n<meta property=\"og:title\" content=\"Chariot \u00e9l\u00e9vateur et de transport simple\" \/>\n<meta property=\"og:description\" content=\"Chariot \u00e9l\u00e9vateur et de transport simple | pour buts plac\u00e9s dans des douilles | Activa Sport Sarl | \u2026que le sport soit avec toi !\" \/>\n<meta property=\"og:url\" content=\"https:\/\/www.activasport.ch\/fr\/produkt\/chariot-elevateur-et-de-transport-simple\/\" \/>\n<meta property=\"og:site_name\" content=\"Activa Sport GmbH | M\u00f6ge der Sport mit Dir sein...\" \/>\n<meta property=\"article:publisher\" content=\"https:\/\/www.facebook.com\/activasport.ch\/\" \/>\n<meta property=\"article:modified_time\" content=\"2022-06-15T09:52:17+00:00\" \/>\n<meta property=\"og:image\" content=\"https:\/\/www.activasport.ch\/wp-content\/uploads\/2021\/06\/S06HTW204_Hub-und-Transportwagen-einfach_1_1000x1000.jpg\" \/>\n\t<meta property=\"og:image:width\" content=\"1000\" \/>\n\t<meta property=\"og:image:height\" content=\"1000\" \/>\n\t<meta property=\"og:image:type\" content=\"image\/jpeg\" \/>\n<meta name=\"twitter:card\" content=\"summary_large_image\" \/>\n<script type=\"application\/ld+json\" class=\"yoast-schema-graph\">{\"@context\":\"https:\\\/\\\/schema.org\",\"@graph\":[{\"@type\":\"WebPage\",\"@id\":\"https:\\\/\\\/www.activasport.ch\\\/fr\\\/produkt\\\/chariot-elevateur-et-de-transport-simple\\\/\",\"url\":\"https:\\\/\\\/www.activasport.ch\\\/fr\\\/produkt\\\/chariot-elevateur-et-de-transport-simple\\\/\",\"name\":\"Chariot \u00e9l\u00e9vateur et de transport simple\",\"isPartOf\":{\"@id\":\"https:\\\/\\\/www.activasport.ch\\\/fr\\\/#website\"},\"primaryImageOfPage\":{\"@id\":\"https:\\\/\\\/www.activasport.ch\\\/fr\\\/produkt\\\/chariot-elevateur-et-de-transport-simple\\\/#primaryimage\"},\"image\":{\"@id\":\"https:\\\/\\\/www.activasport.ch\\\/fr\\\/produkt\\\/chariot-elevateur-et-de-transport-simple\\\/#primaryimage\"},\"thumbnailUrl\":\"https:\\\/\\\/www.activasport.ch\\\/wp-content\\\/uploads\\\/2021\\\/06\\\/S06HTW204_Hub-und-Transportwagen-einfach_1_1000x1000.jpg\",\"datePublished\":\"2021-06-09T11:37:44+00:00\",\"dateModified\":\"2022-06-15T09:52:17+00:00\",\"description\":\"Chariot \u00e9l\u00e9vateur et de transport simple | pour buts plac\u00e9s dans des douilles | Activa Sport Sarl | \u2026que le sport soit avec toi !\",\"breadcrumb\":{\"@id\":\"https:\\\/\\\/www.activasport.ch\\\/fr\\\/produkt\\\/chariot-elevateur-et-de-transport-simple\\\/#breadcrumb\"},\"inLanguage\":\"fr-FR\",\"potentialAction\":[{\"@type\":\"ReadAction\",\"target\":[\"https:\\\/\\\/www.activasport.ch\\\/fr\\\/produkt\\\/chariot-elevateur-et-de-transport-simple\\\/\"]}]},{\"@type\":\"ImageObject\",\"inLanguage\":\"fr-FR\",\"@id\":\"https:\\\/\\\/www.activasport.ch\\\/fr\\\/produkt\\\/chariot-elevateur-et-de-transport-simple\\\/#primaryimage\",\"url\":\"https:\\\/\\\/www.activasport.ch\\\/wp-content\\\/uploads\\\/2021\\\/06\\\/S06HTW204_Hub-und-Transportwagen-einfach_1_1000x1000.jpg\",\"contentUrl\":\"https:\\\/\\\/www.activasport.ch\\\/wp-content\\\/uploads\\\/2021\\\/06\\\/S06HTW204_Hub-und-Transportwagen-einfach_1_1000x1000.jpg\",\"width\":1000,\"height\":1000,\"caption\":\"Ein Hub- und Transportwagen steht unter einem Tor, das sich in Bodenh\u00fclsen befindet. Die beidseitig montierten Kurbeln erm\u00f6glichen das gleichm\u00e4ssige Anheben des Tores. Vier robuste Schwenkrollen unterst\u00fctzen das Freimachen und Rangieren. Klappbare F\u00fchrungsmanschetten sorgen f\u00fcr vertikale Stabilit\u00e4t, w\u00e4hrend zwei Personen den Wagen bedienen.\"},{\"@type\":\"BreadcrumbList\",\"@id\":\"https:\\\/\\\/www.activasport.ch\\\/fr\\\/produkt\\\/chariot-elevateur-et-de-transport-simple\\\/#breadcrumb\",\"itemListElement\":[{\"@type\":\"ListItem\",\"position\":1,\"name\":\"Home\",\"item\":\"https:\\\/\\\/www.activasport.ch\\\/fr\\\/\"},{\"@type\":\"ListItem\",\"position\":2,\"name\":\"Shop\",\"item\":\"https:\\\/\\\/www.activasport.ch\\\/fr\\\/?page_id=258329\"},{\"@type\":\"ListItem\",\"position\":3,\"name\":\"Chariot \u00e9l\u00e9vateur et de transport simple\"}]},{\"@type\":\"WebSite\",\"@id\":\"https:\\\/\\\/www.activasport.ch\\\/fr\\\/#website\",\"url\":\"https:\\\/\\\/www.activasport.ch\\\/fr\\\/\",\"name\":\"Activa Sport GmbH | M\u00f6ge der Sport mit Dir sein...\",\"description\":\"\",\"publisher\":{\"@id\":\"https:\\\/\\\/www.activasport.ch\\\/fr\\\/#organization\"},\"potentialAction\":[{\"@type\":\"SearchAction\",\"target\":{\"@type\":\"EntryPoint\",\"urlTemplate\":\"https:\\\/\\\/www.activasport.ch\\\/fr\\\/?s={search_term_string}\"},\"query-input\":{\"@type\":\"PropertyValueSpecification\",\"valueRequired\":true,\"valueName\":\"search_term_string\"}}],\"inLanguage\":\"fr-FR\"},{\"@type\":\"Organization\",\"@id\":\"https:\\\/\\\/www.activasport.ch\\\/fr\\\/#organization\",\"name\":\"Activa Sport GmbH\",\"url\":\"https:\\\/\\\/www.activasport.ch\\\/fr\\\/\",\"logo\":{\"@type\":\"ImageObject\",\"inLanguage\":\"fr-FR\",\"@id\":\"https:\\\/\\\/www.activasport.ch\\\/fr\\\/#\\\/schema\\\/logo\\\/image\\\/\",\"url\":\"https:\\\/\\\/www.activasport.ch\\\/wp-content\\\/uploads\\\/2020\\\/04\\\/Activa_AS_Emblem_rot-schwarz_512x512.png\",\"contentUrl\":\"https:\\\/\\\/www.activasport.ch\\\/wp-content\\\/uploads\\\/2020\\\/04\\\/Activa_AS_Emblem_rot-schwarz_512x512.png\",\"width\":512,\"height\":512,\"caption\":\"Activa Sport GmbH\"},\"image\":{\"@id\":\"https:\\\/\\\/www.activasport.ch\\\/fr\\\/#\\\/schema\\\/logo\\\/image\\\/\"},\"sameAs\":[\"https:\\\/\\\/www.facebook.com\\\/activasport.ch\\\/\",\"https:\\\/\\\/www.youtube.com\\\/channel\\\/UCtqHC7rBGHotohPIGFurwzg\"]}]}<\/script>\n<!-- \/ Yoast SEO plugin. -->","yoast_head_json":{"title":"Chariot \u00e9l\u00e9vateur et de transport simple","description":"Chariot \u00e9l\u00e9vateur et de transport simple | pour buts plac\u00e9s dans des douilles | Activa Sport Sarl | \u2026que le sport soit avec toi !","robots":{"index":"index","follow":"follow","max-snippet":"max-snippet:-1","max-image-preview":"max-image-preview:large","max-video-preview":"max-video-preview:-1"},"canonical":"https:\/\/www.activasport.ch\/fr\/produkt\/chariot-elevateur-et-de-transport-simple\/","og_locale":"fr_FR","og_type":"article","og_title":"Chariot \u00e9l\u00e9vateur et de transport simple","og_description":"Chariot \u00e9l\u00e9vateur et de transport simple | pour buts plac\u00e9s dans des douilles | Activa Sport Sarl | \u2026que le sport soit avec toi !","og_url":"https:\/\/www.activasport.ch\/fr\/produkt\/chariot-elevateur-et-de-transport-simple\/","og_site_name":"Activa Sport GmbH | M\u00f6ge der Sport mit Dir sein...","article_publisher":"https:\/\/www.facebook.com\/activasport.ch\/","article_modified_time":"2022-06-15T09:52:17+00:00","og_image":[{"width":1000,"height":1000,"url":"https:\/\/www.activasport.ch\/wp-content\/uploads\/2021\/06\/S06HTW204_Hub-und-Transportwagen-einfach_1_1000x1000.jpg","type":"image\/jpeg"}],"twitter_card":"summary_large_image","schema":{"@context":"https:\/\/schema.org","@graph":[{"@type":"WebPage","@id":"https:\/\/www.activasport.ch\/fr\/produkt\/chariot-elevateur-et-de-transport-simple\/","url":"https:\/\/www.activasport.ch\/fr\/produkt\/chariot-elevateur-et-de-transport-simple\/","name":"Chariot \u00e9l\u00e9vateur et de transport simple","isPartOf":{"@id":"https:\/\/www.activasport.ch\/fr\/#website"},"primaryImageOfPage":{"@id":"https:\/\/www.activasport.ch\/fr\/produkt\/chariot-elevateur-et-de-transport-simple\/#primaryimage"},"image":{"@id":"https:\/\/www.activasport.ch\/fr\/produkt\/chariot-elevateur-et-de-transport-simple\/#primaryimage"},"thumbnailUrl":"https:\/\/www.activasport.ch\/wp-content\/uploads\/2021\/06\/S06HTW204_Hub-und-Transportwagen-einfach_1_1000x1000.jpg","datePublished":"2021-06-09T11:37:44+00:00","dateModified":"2022-06-15T09:52:17+00:00","description":"Chariot \u00e9l\u00e9vateur et de transport simple | pour buts plac\u00e9s dans des douilles | Activa Sport Sarl | \u2026que le sport soit avec toi !","breadcrumb":{"@id":"https:\/\/www.activasport.ch\/fr\/produkt\/chariot-elevateur-et-de-transport-simple\/#breadcrumb"},"inLanguage":"fr-FR","potentialAction":[{"@type":"ReadAction","target":["https:\/\/www.activasport.ch\/fr\/produkt\/chariot-elevateur-et-de-transport-simple\/"]}]},{"@type":"ImageObject","inLanguage":"fr-FR","@id":"https:\/\/www.activasport.ch\/fr\/produkt\/chariot-elevateur-et-de-transport-simple\/#primaryimage","url":"https:\/\/www.activasport.ch\/wp-content\/uploads\/2021\/06\/S06HTW204_Hub-und-Transportwagen-einfach_1_1000x1000.jpg","contentUrl":"https:\/\/www.activasport.ch\/wp-content\/uploads\/2021\/06\/S06HTW204_Hub-und-Transportwagen-einfach_1_1000x1000.jpg","width":1000,"height":1000,"caption":"Ein Hub- und Transportwagen steht unter einem Tor, das sich in Bodenh\u00fclsen befindet. Die beidseitig montierten Kurbeln erm\u00f6glichen das gleichm\u00e4ssige Anheben des Tores. Vier robuste Schwenkrollen unterst\u00fctzen das Freimachen und Rangieren. Klappbare F\u00fchrungsmanschetten sorgen f\u00fcr vertikale Stabilit\u00e4t, w\u00e4hrend zwei Personen den Wagen bedienen."},{"@type":"BreadcrumbList","@id":"https:\/\/www.activasport.ch\/fr\/produkt\/chariot-elevateur-et-de-transport-simple\/#breadcrumb","itemListElement":[{"@type":"ListItem","position":1,"name":"Home","item":"https:\/\/www.activasport.ch\/fr\/"},{"@type":"ListItem","position":2,"name":"Shop","item":"https:\/\/www.activasport.ch\/fr\/?page_id=258329"},{"@type":"ListItem","position":3,"name":"Chariot \u00e9l\u00e9vateur et de transport simple"}]},{"@type":"WebSite","@id":"https:\/\/www.activasport.ch\/fr\/#website","url":"https:\/\/www.activasport.ch\/fr\/","name":"Activa Sport GmbH | M\u00f6ge der Sport mit Dir sein...","description":"","publisher":{"@id":"https:\/\/www.activasport.ch\/fr\/#organization"},"potentialAction":[{"@type":"SearchAction","target":{"@type":"EntryPoint","urlTemplate":"https:\/\/www.activasport.ch\/fr\/?s={search_term_string}"},"query-input":{"@type":"PropertyValueSpecification","valueRequired":true,"valueName":"search_term_string"}}],"inLanguage":"fr-FR"},{"@type":"Organization","@id":"https:\/\/www.activasport.ch\/fr\/#organization","name":"Activa Sport GmbH","url":"https:\/\/www.activasport.ch\/fr\/","logo":{"@type":"ImageObject","inLanguage":"fr-FR","@id":"https:\/\/www.activasport.ch\/fr\/#\/schema\/logo\/image\/","url":"https:\/\/www.activasport.ch\/wp-content\/uploads\/2020\/04\/Activa_AS_Emblem_rot-schwarz_512x512.png","contentUrl":"https:\/\/www.activasport.ch\/wp-content\/uploads\/2020\/04\/Activa_AS_Emblem_rot-schwarz_512x512.png","width":512,"height":512,"caption":"Activa Sport GmbH"},"image":{"@id":"https:\/\/www.activasport.ch\/fr\/#\/schema\/logo\/image\/"},"sameAs":["https:\/\/www.facebook.com\/activasport.ch\/","https:\/\/www.youtube.com\/channel\/UCtqHC7rBGHotohPIGFurwzg"]}]}},"_links":{"self":[{"href":"https:\/\/www.activasport.ch\/fr\/wp-json\/wp\/v2\/product\/279277","targetHints":{"allow":["GET"]}}],"collection":[{"href":"https:\/\/www.activasport.ch\/fr\/wp-json\/wp\/v2\/product"}],"about":[{"href":"https:\/\/www.activasport.ch\/fr\/wp-json\/wp\/v2\/types\/product"}],"wp:featuredmedia":[{"embeddable":true,"href":"https:\/\/www.activasport.ch\/fr\/wp-json\/wp\/v2\/media\/285418"}],"wp:attachment":[{"href":"https:\/\/www.activasport.ch\/fr\/wp-json\/wp\/v2\/media?parent=279277"}],"wp:term":[{"taxonomy":"product_brand","embeddable":true,"href":"https:\/\/www.activasport.ch\/fr\/wp-json\/wp\/v2\/product_brand?post=279277"},{"taxonomy":"product_cat","embeddable":true,"href":"https:\/\/www.activasport.ch\/fr\/wp-json\/wp\/v2\/product_cat?post=279277"},{"taxonomy":"product_tag","embeddable":true,"href":"https:\/\/www.activasport.ch\/fr\/wp-json\/wp\/v2\/product_tag?post=279277"}],"curies":[{"name":"wp","href":"https:\/\/api.w.org\/{rel}","templated":true}]}}