{"id":279219,"date":"2021-06-09T14:50:12","date_gmt":"2021-06-09T12:50:12","guid":{"rendered":"https:\/\/www.activasport.ch\/shop\/non%20class\u00e9\/soccer-ei-2\/"},"modified":"2022-06-15T11:51:47","modified_gmt":"2022-06-15T09:51:47","slug":"soccer-ei-2","status":"publish","type":"product","link":"https:\/\/www.activasport.ch\/fr\/produkt\/soccer-ei-2\/","title":{"rendered":"Soccer Ei"},"content":{"rendered":"<p>5 x 2 m\u00e8tres, inclus 2 buts, 10 bandes et filets. Nous ex\u00e9cutons le Soccer Ei selon vos d\u00e9sirs, resp. selon les donn\u00e9es du lieu (situation locale). Nous avons d\u00e9fini 3 grandeurs en standard. Le \u00ab\u00a0Windelkicker\u00a0\u00bb, le \u00ab\u00a0Minikicker\u00a0\u00bb et le \u00ab\u00a0Maxi Combi 4x\u00a0\u00bb. Les trois formes sont en\u00a0\u00bbforme d&rsquo;oeuf\u00a0\u00bb (ovale) et peuvent \u00eatre comprim\u00e9es resp. \u00e9tir\u00e9es quant \u00e0 la longueur et la largeur. Module extensible. La structure porteuse de ce \u00ab\u00a0plus petit terrain de jeu existant\u00a0\u00bb est en aluminium, les bandes en Macrolon (4 mm d&rsquo;\u00e9paisseur). Les buts de foot rabattables (en standard 120 x 80 cm) sont en aluminium. Tous les \u00e9l\u00e9ments ont \u00e9t\u00e9 con\u00e7us de fa\u00e7on \u00e0 ce qu&rsquo;ils puissent \u00eatre rapidement et simplement mont\u00e9s et d\u00e9mont\u00e9s sur place. Pas d&rsquo;outillage n\u00e9cessaire du fait que tout le syst\u00e8me est \u00ab\u00a0enfonc\u00e9\u00a0\u00bb. Ce \u00ab\u00a0plus petit terrain de jeu existant\u00a0\u00bb est aussi bien appropri\u00e9 \u00e0 l&rsquo;int\u00e9rieur qu&rsquo;\u00e0 l&rsquo;ext\u00e9rieur et peut ainsi tr\u00e8s bien \u00eatre utilis\u00e9 par les groupes jeunesse des soci\u00e9t\u00e9s sportives dans le cadre de l&rsquo;entra\u00eenement pour enfants et pour jeunes. Pour les enfants jusqu&rsquo;\u00e0 7 ans.<\/p>\n","protected":false},"excerpt":{"rendered":"<p>5 x 2 m\u00e8tres, inclus 2 buts, 10 bandes et filets. Nous ex\u00e9cutons le Soccer Ei selon vos d\u00e9sirs, resp. selon les donn\u00e9es du lieu (situation locale). Nous avons d\u00e9fini 3 grandeurs en standard. Le \u00ab\u00a0Windelkicker\u00a0\u00bb, le \u00ab\u00a0Minikicker\u00a0\u00bb et le \u00ab\u00a0Maxi Combi 4x\u00a0\u00bb. Les trois formes sont en\u00a0\u00bbforme d&rsquo;oeuf\u00a0\u00bb (ovale) et peuvent \u00eatre comprim\u00e9es resp. [&hellip;]<\/p>\n","protected":false},"featured_media":268098,"template":"","meta":{"_et_pb_use_builder":"","_et_pb_old_content":"","_et_gb_content_width":""},"product_brand":[],"product_cat":[1039,1065],"product_tag":[],"class_list":{"0":"post-279219","1":"product","2":"type-product","3":"status-publish","4":"has-post-thumbnail","6":"product_cat-football-fr","7":"product_cat-soccercourt-fr","9":"first","10":"instock","11":"product-type-simple"},"yoast_head":"<!-- This site is optimized with the Yoast SEO plugin v27.3 - https:\/\/yoast.com\/product\/yoast-seo-wordpress\/ -->\n<title>Soccer Ei | mod\u00e8le &quot;Windelkicker&quot;<\/title>\n<meta name=\"description\" content=\"Soccer Ei | mod\u00e8le &quot;Windelkicker&quot; | Activa Sport Sarl | \u2026que le sport soit avec toi !\" \/>\n<meta name=\"robots\" content=\"index, follow, max-snippet:-1, max-image-preview:large, max-video-preview:-1\" \/>\n<link rel=\"canonical\" href=\"https:\/\/www.activasport.ch\/fr\/produkt\/soccer-ei-2\/\" \/>\n<meta property=\"og:locale\" content=\"fr_FR\" \/>\n<meta property=\"og:type\" content=\"article\" \/>\n<meta property=\"og:title\" content=\"Soccer Ei | mod\u00e8le &quot;Windelkicker&quot;\" \/>\n<meta property=\"og:description\" content=\"Soccer Ei | mod\u00e8le &quot;Windelkicker&quot; | Activa Sport Sarl | \u2026que le sport soit avec toi !\" \/>\n<meta property=\"og:url\" content=\"https:\/\/www.activasport.ch\/fr\/produkt\/soccer-ei-2\/\" \/>\n<meta property=\"og:site_name\" content=\"Activa Sport GmbH | M\u00f6ge der Sport mit Dir sein...\" \/>\n<meta property=\"article:publisher\" content=\"https:\/\/www.facebook.com\/activasport.ch\/\" \/>\n<meta property=\"article:modified_time\" content=\"2022-06-15T09:51:47+00:00\" \/>\n<meta property=\"og:image\" content=\"https:\/\/www.activasport.ch\/wp-content\/uploads\/2019\/11\/S12007052-S12007062_Soccer-Ei_800x800.jpg\" \/>\n\t<meta property=\"og:image:width\" content=\"600\" \/>\n\t<meta property=\"og:image:height\" content=\"450\" \/>\n\t<meta property=\"og:image:type\" content=\"image\/jpeg\" \/>\n<meta name=\"twitter:card\" content=\"summary_large_image\" \/>\n<meta name=\"twitter:label1\" content=\"Dur\u00e9e de lecture estim\u00e9e\" \/>\n\t<meta name=\"twitter:data1\" content=\"1 minute\" \/>\n<script type=\"application\/ld+json\" class=\"yoast-schema-graph\">{\"@context\":\"https:\\\/\\\/schema.org\",\"@graph\":[{\"@type\":\"WebPage\",\"@id\":\"https:\\\/\\\/www.activasport.ch\\\/fr\\\/produkt\\\/soccer-ei-2\\\/\",\"url\":\"https:\\\/\\\/www.activasport.ch\\\/fr\\\/produkt\\\/soccer-ei-2\\\/\",\"name\":\"Soccer Ei | mod\u00e8le \\\"Windelkicker\\\"\",\"isPartOf\":{\"@id\":\"https:\\\/\\\/www.activasport.ch\\\/fr\\\/#website\"},\"primaryImageOfPage\":{\"@id\":\"https:\\\/\\\/www.activasport.ch\\\/fr\\\/produkt\\\/soccer-ei-2\\\/#primaryimage\"},\"image\":{\"@id\":\"https:\\\/\\\/www.activasport.ch\\\/fr\\\/produkt\\\/soccer-ei-2\\\/#primaryimage\"},\"thumbnailUrl\":\"https:\\\/\\\/www.activasport.ch\\\/wp-content\\\/uploads\\\/2019\\\/11\\\/S12007052-S12007062_Soccer-Ei_800x800.jpg\",\"datePublished\":\"2021-06-09T12:50:12+00:00\",\"dateModified\":\"2022-06-15T09:51:47+00:00\",\"description\":\"Soccer Ei | mod\u00e8le \\\"Windelkicker\\\" | Activa Sport Sarl | \u2026que le sport soit avec toi !\",\"breadcrumb\":{\"@id\":\"https:\\\/\\\/www.activasport.ch\\\/fr\\\/produkt\\\/soccer-ei-2\\\/#breadcrumb\"},\"inLanguage\":\"fr-FR\",\"potentialAction\":[{\"@type\":\"ReadAction\",\"target\":[\"https:\\\/\\\/www.activasport.ch\\\/fr\\\/produkt\\\/soccer-ei-2\\\/\"]}]},{\"@type\":\"ImageObject\",\"inLanguage\":\"fr-FR\",\"@id\":\"https:\\\/\\\/www.activasport.ch\\\/fr\\\/produkt\\\/soccer-ei-2\\\/#primaryimage\",\"url\":\"https:\\\/\\\/www.activasport.ch\\\/wp-content\\\/uploads\\\/2019\\\/11\\\/S12007052-S12007062_Soccer-Ei_800x800.jpg\",\"contentUrl\":\"https:\\\/\\\/www.activasport.ch\\\/wp-content\\\/uploads\\\/2019\\\/11\\\/S12007052-S12007062_Soccer-Ei_800x800.jpg\",\"width\":600,\"height\":450},{\"@type\":\"BreadcrumbList\",\"@id\":\"https:\\\/\\\/www.activasport.ch\\\/fr\\\/produkt\\\/soccer-ei-2\\\/#breadcrumb\",\"itemListElement\":[{\"@type\":\"ListItem\",\"position\":1,\"name\":\"Home\",\"item\":\"https:\\\/\\\/www.activasport.ch\\\/fr\\\/\"},{\"@type\":\"ListItem\",\"position\":2,\"name\":\"Shop\",\"item\":\"https:\\\/\\\/www.activasport.ch\\\/fr\\\/?page_id=258329\"},{\"@type\":\"ListItem\",\"position\":3,\"name\":\"Soccer Ei\"}]},{\"@type\":\"WebSite\",\"@id\":\"https:\\\/\\\/www.activasport.ch\\\/fr\\\/#website\",\"url\":\"https:\\\/\\\/www.activasport.ch\\\/fr\\\/\",\"name\":\"Activa Sport GmbH | M\u00f6ge der Sport mit Dir sein...\",\"description\":\"\",\"publisher\":{\"@id\":\"https:\\\/\\\/www.activasport.ch\\\/fr\\\/#organization\"},\"potentialAction\":[{\"@type\":\"SearchAction\",\"target\":{\"@type\":\"EntryPoint\",\"urlTemplate\":\"https:\\\/\\\/www.activasport.ch\\\/fr\\\/?s={search_term_string}\"},\"query-input\":{\"@type\":\"PropertyValueSpecification\",\"valueRequired\":true,\"valueName\":\"search_term_string\"}}],\"inLanguage\":\"fr-FR\"},{\"@type\":\"Organization\",\"@id\":\"https:\\\/\\\/www.activasport.ch\\\/fr\\\/#organization\",\"name\":\"Activa Sport GmbH\",\"url\":\"https:\\\/\\\/www.activasport.ch\\\/fr\\\/\",\"logo\":{\"@type\":\"ImageObject\",\"inLanguage\":\"fr-FR\",\"@id\":\"https:\\\/\\\/www.activasport.ch\\\/fr\\\/#\\\/schema\\\/logo\\\/image\\\/\",\"url\":\"https:\\\/\\\/www.activasport.ch\\\/wp-content\\\/uploads\\\/2020\\\/04\\\/Activa_AS_Emblem_rot-schwarz_512x512.png\",\"contentUrl\":\"https:\\\/\\\/www.activasport.ch\\\/wp-content\\\/uploads\\\/2020\\\/04\\\/Activa_AS_Emblem_rot-schwarz_512x512.png\",\"width\":512,\"height\":512,\"caption\":\"Activa Sport GmbH\"},\"image\":{\"@id\":\"https:\\\/\\\/www.activasport.ch\\\/fr\\\/#\\\/schema\\\/logo\\\/image\\\/\"},\"sameAs\":[\"https:\\\/\\\/www.facebook.com\\\/activasport.ch\\\/\",\"https:\\\/\\\/www.youtube.com\\\/channel\\\/UCtqHC7rBGHotohPIGFurwzg\"]}]}<\/script>\n<!-- \/ Yoast SEO plugin. -->","yoast_head_json":{"title":"Soccer Ei | mod\u00e8le \"Windelkicker\"","description":"Soccer Ei | mod\u00e8le \"Windelkicker\" | Activa Sport Sarl | \u2026que le sport soit avec toi !","robots":{"index":"index","follow":"follow","max-snippet":"max-snippet:-1","max-image-preview":"max-image-preview:large","max-video-preview":"max-video-preview:-1"},"canonical":"https:\/\/www.activasport.ch\/fr\/produkt\/soccer-ei-2\/","og_locale":"fr_FR","og_type":"article","og_title":"Soccer Ei | mod\u00e8le \"Windelkicker\"","og_description":"Soccer Ei | mod\u00e8le \"Windelkicker\" | Activa Sport Sarl | \u2026que le sport soit avec toi !","og_url":"https:\/\/www.activasport.ch\/fr\/produkt\/soccer-ei-2\/","og_site_name":"Activa Sport GmbH | M\u00f6ge der Sport mit Dir sein...","article_publisher":"https:\/\/www.facebook.com\/activasport.ch\/","article_modified_time":"2022-06-15T09:51:47+00:00","og_image":[{"width":600,"height":450,"url":"https:\/\/www.activasport.ch\/wp-content\/uploads\/2019\/11\/S12007052-S12007062_Soccer-Ei_800x800.jpg","type":"image\/jpeg"}],"twitter_card":"summary_large_image","twitter_misc":{"Dur\u00e9e de lecture estim\u00e9e":"1 minute"},"schema":{"@context":"https:\/\/schema.org","@graph":[{"@type":"WebPage","@id":"https:\/\/www.activasport.ch\/fr\/produkt\/soccer-ei-2\/","url":"https:\/\/www.activasport.ch\/fr\/produkt\/soccer-ei-2\/","name":"Soccer Ei | mod\u00e8le \"Windelkicker\"","isPartOf":{"@id":"https:\/\/www.activasport.ch\/fr\/#website"},"primaryImageOfPage":{"@id":"https:\/\/www.activasport.ch\/fr\/produkt\/soccer-ei-2\/#primaryimage"},"image":{"@id":"https:\/\/www.activasport.ch\/fr\/produkt\/soccer-ei-2\/#primaryimage"},"thumbnailUrl":"https:\/\/www.activasport.ch\/wp-content\/uploads\/2019\/11\/S12007052-S12007062_Soccer-Ei_800x800.jpg","datePublished":"2021-06-09T12:50:12+00:00","dateModified":"2022-06-15T09:51:47+00:00","description":"Soccer Ei | mod\u00e8le \"Windelkicker\" | Activa Sport Sarl | \u2026que le sport soit avec toi !","breadcrumb":{"@id":"https:\/\/www.activasport.ch\/fr\/produkt\/soccer-ei-2\/#breadcrumb"},"inLanguage":"fr-FR","potentialAction":[{"@type":"ReadAction","target":["https:\/\/www.activasport.ch\/fr\/produkt\/soccer-ei-2\/"]}]},{"@type":"ImageObject","inLanguage":"fr-FR","@id":"https:\/\/www.activasport.ch\/fr\/produkt\/soccer-ei-2\/#primaryimage","url":"https:\/\/www.activasport.ch\/wp-content\/uploads\/2019\/11\/S12007052-S12007062_Soccer-Ei_800x800.jpg","contentUrl":"https:\/\/www.activasport.ch\/wp-content\/uploads\/2019\/11\/S12007052-S12007062_Soccer-Ei_800x800.jpg","width":600,"height":450},{"@type":"BreadcrumbList","@id":"https:\/\/www.activasport.ch\/fr\/produkt\/soccer-ei-2\/#breadcrumb","itemListElement":[{"@type":"ListItem","position":1,"name":"Home","item":"https:\/\/www.activasport.ch\/fr\/"},{"@type":"ListItem","position":2,"name":"Shop","item":"https:\/\/www.activasport.ch\/fr\/?page_id=258329"},{"@type":"ListItem","position":3,"name":"Soccer Ei"}]},{"@type":"WebSite","@id":"https:\/\/www.activasport.ch\/fr\/#website","url":"https:\/\/www.activasport.ch\/fr\/","name":"Activa Sport GmbH | M\u00f6ge der Sport mit Dir sein...","description":"","publisher":{"@id":"https:\/\/www.activasport.ch\/fr\/#organization"},"potentialAction":[{"@type":"SearchAction","target":{"@type":"EntryPoint","urlTemplate":"https:\/\/www.activasport.ch\/fr\/?s={search_term_string}"},"query-input":{"@type":"PropertyValueSpecification","valueRequired":true,"valueName":"search_term_string"}}],"inLanguage":"fr-FR"},{"@type":"Organization","@id":"https:\/\/www.activasport.ch\/fr\/#organization","name":"Activa Sport GmbH","url":"https:\/\/www.activasport.ch\/fr\/","logo":{"@type":"ImageObject","inLanguage":"fr-FR","@id":"https:\/\/www.activasport.ch\/fr\/#\/schema\/logo\/image\/","url":"https:\/\/www.activasport.ch\/wp-content\/uploads\/2020\/04\/Activa_AS_Emblem_rot-schwarz_512x512.png","contentUrl":"https:\/\/www.activasport.ch\/wp-content\/uploads\/2020\/04\/Activa_AS_Emblem_rot-schwarz_512x512.png","width":512,"height":512,"caption":"Activa Sport GmbH"},"image":{"@id":"https:\/\/www.activasport.ch\/fr\/#\/schema\/logo\/image\/"},"sameAs":["https:\/\/www.facebook.com\/activasport.ch\/","https:\/\/www.youtube.com\/channel\/UCtqHC7rBGHotohPIGFurwzg"]}]}},"_links":{"self":[{"href":"https:\/\/www.activasport.ch\/fr\/wp-json\/wp\/v2\/product\/279219","targetHints":{"allow":["GET"]}}],"collection":[{"href":"https:\/\/www.activasport.ch\/fr\/wp-json\/wp\/v2\/product"}],"about":[{"href":"https:\/\/www.activasport.ch\/fr\/wp-json\/wp\/v2\/types\/product"}],"wp:featuredmedia":[{"embeddable":true,"href":"https:\/\/www.activasport.ch\/fr\/wp-json\/wp\/v2\/media\/268098"}],"wp:attachment":[{"href":"https:\/\/www.activasport.ch\/fr\/wp-json\/wp\/v2\/media?parent=279219"}],"wp:term":[{"taxonomy":"product_brand","embeddable":true,"href":"https:\/\/www.activasport.ch\/fr\/wp-json\/wp\/v2\/product_brand?post=279219"},{"taxonomy":"product_cat","embeddable":true,"href":"https:\/\/www.activasport.ch\/fr\/wp-json\/wp\/v2\/product_cat?post=279219"},{"taxonomy":"product_tag","embeddable":true,"href":"https:\/\/www.activasport.ch\/fr\/wp-json\/wp\/v2\/product_tag?post=279219"}],"curies":[{"name":"wp","href":"https:\/\/api.w.org\/{rel}","templated":true}]}}