{"id":279214,"date":"2021-06-09T13:39:14","date_gmt":"2021-06-09T12:50:12","guid":{"rendered":"https:\/\/www.activasport.ch\/shop\/non%20class\u00e9\/netzhaken-schwarz\/"},"modified":"2023-09-19T09:57:28","modified_gmt":"2023-09-19T07:57:28","slug":"crochet-de-filet-sam","status":"publish","type":"product","link":"https:\/\/www.activasport.ch\/fr\/produkt\/crochet-de-filet-sam\/","title":{"rendered":"Crochet de filet \u00ab\u00a0SAM\u00a0\u00bb"},"content":{"rendered":"<ul>\n<li>crochets de filet de haute qualit\u00e9 \u00ab\u00a0SAM\u00a0\u00bb pour filets de buts<\/li>\n<li>couleur : noir<\/li>\n<li>Dimensions : voir images du produit ci-dessous<\/li>\n<li>Mat\u00e9riau : plastique stabilis\u00e9 aux UV<\/li>\n<li>pour tous les buts SAM courants \u00e0 partir de l&rsquo;ann\u00e9e de construction 2012<\/li>\n<li>l&rsquo;\u00e9trier de fermeture sert \u00e9galement de protection contre le vol<\/li>\n<li>Montage : par pi\u00e8ce de 1.- ou 2.- Chf<\/li>\n<li>Recommandation de montage : un support de filet tous les 20 cm<\/li>\n<li>tr\u00e8s r\u00e9sistant aux intemp\u00e9ries<\/li>\n<\/ul>\n","protected":false},"excerpt":{"rendered":"<p>crochets de filet de haute qualit\u00e9 \u00ab\u00a0SAM\u00a0\u00bb pour filets de buts couleur : noir Dimensions : voir images du produit ci-dessous Mat\u00e9riau : plastique stabilis\u00e9 aux UV pour tous les buts SAM courants \u00e0 partir de l&rsquo;ann\u00e9e de construction 2012 l&rsquo;\u00e9trier de fermeture sert \u00e9galement de protection contre le vol Montage : par pi\u00e8ce de [&hellip;]<\/p>\n","protected":false},"featured_media":284323,"template":"","meta":{"_et_pb_use_builder":"","_et_pb_old_content":"","_et_gb_content_width":""},"product_brand":[],"product_cat":[1064,1052,1039],"product_tag":[],"class_list":{"0":"post-279214","1":"product","2":"type-product","3":"status-publish","4":"has-post-thumbnail","6":"product_cat-crochet-pour-filet-fr","7":"product_cat-filets-fr","8":"product_cat-football-fr","10":"first","11":"instock","12":"purchasable","13":"product-type-simple"},"yoast_head":"<!-- This site is optimized with the Yoast SEO plugin v27.3 - https:\/\/yoast.com\/product\/yoast-seo-wordpress\/ -->\n<title>Crochet de filet &quot;SAM&quot; | (No. 13)<\/title>\n<meta name=\"description\" content=\"Crochet de filet &quot;SAM&quot; | (No. 13) | Football | Acheter des crochets de filet chez un professionnel | Activa Sport Sarl | \u2026que le sport soit avec toi !\" \/>\n<meta name=\"robots\" content=\"index, follow, max-snippet:-1, max-image-preview:large, max-video-preview:-1\" \/>\n<link rel=\"canonical\" href=\"https:\/\/www.activasport.ch\/fr\/produkt\/crochet-de-filet-sam\/\" \/>\n<meta property=\"og:locale\" content=\"fr_FR\" \/>\n<meta property=\"og:type\" content=\"article\" \/>\n<meta property=\"og:title\" content=\"Crochet de filet &quot;SAM&quot; | (No. 13)\" \/>\n<meta property=\"og:description\" content=\"Crochet de filet &quot;SAM&quot; | (No. 13) | Football | Acheter des crochets de filet chez un professionnel | Activa Sport Sarl | \u2026que le sport soit avec toi !\" \/>\n<meta property=\"og:url\" content=\"https:\/\/www.activasport.ch\/fr\/produkt\/crochet-de-filet-sam\/\" \/>\n<meta property=\"og:site_name\" content=\"Activa Sport GmbH | M\u00f6ge der Sport mit Dir sein...\" \/>\n<meta property=\"article:publisher\" content=\"https:\/\/www.facebook.com\/activasport.ch\/\" \/>\n<meta property=\"article:modified_time\" content=\"2023-09-19T07:57:28+00:00\" \/>\n<meta property=\"og:image\" content=\"https:\/\/www.activasport.ch\/wp-content\/uploads\/2021\/06\/A9900NH13_Netzhaken_Nr.13_1000x1000.jpg\" \/>\n\t<meta property=\"og:image:width\" content=\"1000\" \/>\n\t<meta property=\"og:image:height\" content=\"1000\" \/>\n\t<meta property=\"og:image:type\" content=\"image\/jpeg\" \/>\n<meta name=\"twitter:card\" content=\"summary_large_image\" \/>\n<meta name=\"twitter:label1\" content=\"Dur\u00e9e de lecture estim\u00e9e\" \/>\n\t<meta name=\"twitter:data1\" content=\"1 minute\" \/>\n<script type=\"application\/ld+json\" class=\"yoast-schema-graph\">{\"@context\":\"https:\\\/\\\/schema.org\",\"@graph\":[{\"@type\":\"WebPage\",\"@id\":\"https:\\\/\\\/www.activasport.ch\\\/fr\\\/produkt\\\/crochet-de-filet-sam\\\/\",\"url\":\"https:\\\/\\\/www.activasport.ch\\\/fr\\\/produkt\\\/crochet-de-filet-sam\\\/\",\"name\":\"Crochet de filet \\\"SAM\\\" | (No. 13)\",\"isPartOf\":{\"@id\":\"https:\\\/\\\/www.activasport.ch\\\/fr\\\/#website\"},\"primaryImageOfPage\":{\"@id\":\"https:\\\/\\\/www.activasport.ch\\\/fr\\\/produkt\\\/crochet-de-filet-sam\\\/#primaryimage\"},\"image\":{\"@id\":\"https:\\\/\\\/www.activasport.ch\\\/fr\\\/produkt\\\/crochet-de-filet-sam\\\/#primaryimage\"},\"thumbnailUrl\":\"https:\\\/\\\/www.activasport.ch\\\/wp-content\\\/uploads\\\/2021\\\/06\\\/A9900NH13_Netzhaken_Nr.13_1000x1000.jpg\",\"datePublished\":\"2021-06-09T12:50:12+00:00\",\"dateModified\":\"2023-09-19T07:57:28+00:00\",\"description\":\"Crochet de filet \\\"SAM\\\" | (No. 13) | Football | Acheter des crochets de filet chez un professionnel | Activa Sport Sarl | \u2026que le sport soit avec toi !\",\"breadcrumb\":{\"@id\":\"https:\\\/\\\/www.activasport.ch\\\/fr\\\/produkt\\\/crochet-de-filet-sam\\\/#breadcrumb\"},\"inLanguage\":\"fr-FR\",\"potentialAction\":[{\"@type\":\"ReadAction\",\"target\":[\"https:\\\/\\\/www.activasport.ch\\\/fr\\\/produkt\\\/crochet-de-filet-sam\\\/\"]}]},{\"@type\":\"ImageObject\",\"inLanguage\":\"fr-FR\",\"@id\":\"https:\\\/\\\/www.activasport.ch\\\/fr\\\/produkt\\\/crochet-de-filet-sam\\\/#primaryimage\",\"url\":\"https:\\\/\\\/www.activasport.ch\\\/wp-content\\\/uploads\\\/2021\\\/06\\\/A9900NH13_Netzhaken_Nr.13_1000x1000.jpg\",\"contentUrl\":\"https:\\\/\\\/www.activasport.ch\\\/wp-content\\\/uploads\\\/2021\\\/06\\\/A9900NH13_Netzhaken_Nr.13_1000x1000.jpg\",\"width\":1000,\"height\":1000,\"caption\":\"Netzhaken SAM zur Fixierung vom Netz am Fussballtor\"},{\"@type\":\"BreadcrumbList\",\"@id\":\"https:\\\/\\\/www.activasport.ch\\\/fr\\\/produkt\\\/crochet-de-filet-sam\\\/#breadcrumb\",\"itemListElement\":[{\"@type\":\"ListItem\",\"position\":1,\"name\":\"Home\",\"item\":\"https:\\\/\\\/www.activasport.ch\\\/fr\\\/\"},{\"@type\":\"ListItem\",\"position\":2,\"name\":\"Shop\",\"item\":\"https:\\\/\\\/www.activasport.ch\\\/fr\\\/?page_id=258329\"},{\"@type\":\"ListItem\",\"position\":3,\"name\":\"Crochet de filet &#8220;SAM&#8221;\"}]},{\"@type\":\"WebSite\",\"@id\":\"https:\\\/\\\/www.activasport.ch\\\/fr\\\/#website\",\"url\":\"https:\\\/\\\/www.activasport.ch\\\/fr\\\/\",\"name\":\"Activa Sport GmbH | M\u00f6ge der Sport mit Dir sein...\",\"description\":\"\",\"publisher\":{\"@id\":\"https:\\\/\\\/www.activasport.ch\\\/fr\\\/#organization\"},\"potentialAction\":[{\"@type\":\"SearchAction\",\"target\":{\"@type\":\"EntryPoint\",\"urlTemplate\":\"https:\\\/\\\/www.activasport.ch\\\/fr\\\/?s={search_term_string}\"},\"query-input\":{\"@type\":\"PropertyValueSpecification\",\"valueRequired\":true,\"valueName\":\"search_term_string\"}}],\"inLanguage\":\"fr-FR\"},{\"@type\":\"Organization\",\"@id\":\"https:\\\/\\\/www.activasport.ch\\\/fr\\\/#organization\",\"name\":\"Activa Sport GmbH\",\"url\":\"https:\\\/\\\/www.activasport.ch\\\/fr\\\/\",\"logo\":{\"@type\":\"ImageObject\",\"inLanguage\":\"fr-FR\",\"@id\":\"https:\\\/\\\/www.activasport.ch\\\/fr\\\/#\\\/schema\\\/logo\\\/image\\\/\",\"url\":\"https:\\\/\\\/www.activasport.ch\\\/wp-content\\\/uploads\\\/2020\\\/04\\\/Activa_AS_Emblem_rot-schwarz_512x512.png\",\"contentUrl\":\"https:\\\/\\\/www.activasport.ch\\\/wp-content\\\/uploads\\\/2020\\\/04\\\/Activa_AS_Emblem_rot-schwarz_512x512.png\",\"width\":512,\"height\":512,\"caption\":\"Activa Sport GmbH\"},\"image\":{\"@id\":\"https:\\\/\\\/www.activasport.ch\\\/fr\\\/#\\\/schema\\\/logo\\\/image\\\/\"},\"sameAs\":[\"https:\\\/\\\/www.facebook.com\\\/activasport.ch\\\/\",\"https:\\\/\\\/www.youtube.com\\\/channel\\\/UCtqHC7rBGHotohPIGFurwzg\"]}]}<\/script>\n<!-- \/ Yoast SEO plugin. -->","yoast_head_json":{"title":"Crochet de filet \"SAM\" | (No. 13)","description":"Crochet de filet \"SAM\" | (No. 13) | Football | Acheter des crochets de filet chez un professionnel | Activa Sport Sarl | \u2026que le sport soit avec toi !","robots":{"index":"index","follow":"follow","max-snippet":"max-snippet:-1","max-image-preview":"max-image-preview:large","max-video-preview":"max-video-preview:-1"},"canonical":"https:\/\/www.activasport.ch\/fr\/produkt\/crochet-de-filet-sam\/","og_locale":"fr_FR","og_type":"article","og_title":"Crochet de filet \"SAM\" | (No. 13)","og_description":"Crochet de filet \"SAM\" | (No. 13) | Football | Acheter des crochets de filet chez un professionnel | Activa Sport Sarl | \u2026que le sport soit avec toi !","og_url":"https:\/\/www.activasport.ch\/fr\/produkt\/crochet-de-filet-sam\/","og_site_name":"Activa Sport GmbH | M\u00f6ge der Sport mit Dir sein...","article_publisher":"https:\/\/www.facebook.com\/activasport.ch\/","article_modified_time":"2023-09-19T07:57:28+00:00","og_image":[{"width":1000,"height":1000,"url":"https:\/\/www.activasport.ch\/wp-content\/uploads\/2021\/06\/A9900NH13_Netzhaken_Nr.13_1000x1000.jpg","type":"image\/jpeg"}],"twitter_card":"summary_large_image","twitter_misc":{"Dur\u00e9e de lecture estim\u00e9e":"1 minute"},"schema":{"@context":"https:\/\/schema.org","@graph":[{"@type":"WebPage","@id":"https:\/\/www.activasport.ch\/fr\/produkt\/crochet-de-filet-sam\/","url":"https:\/\/www.activasport.ch\/fr\/produkt\/crochet-de-filet-sam\/","name":"Crochet de filet \"SAM\" | (No. 13)","isPartOf":{"@id":"https:\/\/www.activasport.ch\/fr\/#website"},"primaryImageOfPage":{"@id":"https:\/\/www.activasport.ch\/fr\/produkt\/crochet-de-filet-sam\/#primaryimage"},"image":{"@id":"https:\/\/www.activasport.ch\/fr\/produkt\/crochet-de-filet-sam\/#primaryimage"},"thumbnailUrl":"https:\/\/www.activasport.ch\/wp-content\/uploads\/2021\/06\/A9900NH13_Netzhaken_Nr.13_1000x1000.jpg","datePublished":"2021-06-09T12:50:12+00:00","dateModified":"2023-09-19T07:57:28+00:00","description":"Crochet de filet \"SAM\" | (No. 13) | Football | Acheter des crochets de filet chez un professionnel | Activa Sport Sarl | \u2026que le sport soit avec toi !","breadcrumb":{"@id":"https:\/\/www.activasport.ch\/fr\/produkt\/crochet-de-filet-sam\/#breadcrumb"},"inLanguage":"fr-FR","potentialAction":[{"@type":"ReadAction","target":["https:\/\/www.activasport.ch\/fr\/produkt\/crochet-de-filet-sam\/"]}]},{"@type":"ImageObject","inLanguage":"fr-FR","@id":"https:\/\/www.activasport.ch\/fr\/produkt\/crochet-de-filet-sam\/#primaryimage","url":"https:\/\/www.activasport.ch\/wp-content\/uploads\/2021\/06\/A9900NH13_Netzhaken_Nr.13_1000x1000.jpg","contentUrl":"https:\/\/www.activasport.ch\/wp-content\/uploads\/2021\/06\/A9900NH13_Netzhaken_Nr.13_1000x1000.jpg","width":1000,"height":1000,"caption":"Netzhaken SAM zur Fixierung vom Netz am Fussballtor"},{"@type":"BreadcrumbList","@id":"https:\/\/www.activasport.ch\/fr\/produkt\/crochet-de-filet-sam\/#breadcrumb","itemListElement":[{"@type":"ListItem","position":1,"name":"Home","item":"https:\/\/www.activasport.ch\/fr\/"},{"@type":"ListItem","position":2,"name":"Shop","item":"https:\/\/www.activasport.ch\/fr\/?page_id=258329"},{"@type":"ListItem","position":3,"name":"Crochet de filet &#8220;SAM&#8221;"}]},{"@type":"WebSite","@id":"https:\/\/www.activasport.ch\/fr\/#website","url":"https:\/\/www.activasport.ch\/fr\/","name":"Activa Sport GmbH | M\u00f6ge der Sport mit Dir sein...","description":"","publisher":{"@id":"https:\/\/www.activasport.ch\/fr\/#organization"},"potentialAction":[{"@type":"SearchAction","target":{"@type":"EntryPoint","urlTemplate":"https:\/\/www.activasport.ch\/fr\/?s={search_term_string}"},"query-input":{"@type":"PropertyValueSpecification","valueRequired":true,"valueName":"search_term_string"}}],"inLanguage":"fr-FR"},{"@type":"Organization","@id":"https:\/\/www.activasport.ch\/fr\/#organization","name":"Activa Sport GmbH","url":"https:\/\/www.activasport.ch\/fr\/","logo":{"@type":"ImageObject","inLanguage":"fr-FR","@id":"https:\/\/www.activasport.ch\/fr\/#\/schema\/logo\/image\/","url":"https:\/\/www.activasport.ch\/wp-content\/uploads\/2020\/04\/Activa_AS_Emblem_rot-schwarz_512x512.png","contentUrl":"https:\/\/www.activasport.ch\/wp-content\/uploads\/2020\/04\/Activa_AS_Emblem_rot-schwarz_512x512.png","width":512,"height":512,"caption":"Activa Sport GmbH"},"image":{"@id":"https:\/\/www.activasport.ch\/fr\/#\/schema\/logo\/image\/"},"sameAs":["https:\/\/www.facebook.com\/activasport.ch\/","https:\/\/www.youtube.com\/channel\/UCtqHC7rBGHotohPIGFurwzg"]}]}},"_links":{"self":[{"href":"https:\/\/www.activasport.ch\/fr\/wp-json\/wp\/v2\/product\/279214","targetHints":{"allow":["GET"]}}],"collection":[{"href":"https:\/\/www.activasport.ch\/fr\/wp-json\/wp\/v2\/product"}],"about":[{"href":"https:\/\/www.activasport.ch\/fr\/wp-json\/wp\/v2\/types\/product"}],"wp:featuredmedia":[{"embeddable":true,"href":"https:\/\/www.activasport.ch\/fr\/wp-json\/wp\/v2\/media\/284323"}],"wp:attachment":[{"href":"https:\/\/www.activasport.ch\/fr\/wp-json\/wp\/v2\/media?parent=279214"}],"wp:term":[{"taxonomy":"product_brand","embeddable":true,"href":"https:\/\/www.activasport.ch\/fr\/wp-json\/wp\/v2\/product_brand?post=279214"},{"taxonomy":"product_cat","embeddable":true,"href":"https:\/\/www.activasport.ch\/fr\/wp-json\/wp\/v2\/product_cat?post=279214"},{"taxonomy":"product_tag","embeddable":true,"href":"https:\/\/www.activasport.ch\/fr\/wp-json\/wp\/v2\/product_tag?post=279214"}],"curies":[{"name":"wp","href":"https:\/\/api.w.org\/{rel}","templated":true}]}}