{"id":279007,"date":"2021-06-09T13:45:21","date_gmt":"2021-06-09T12:47:30","guid":{"rendered":"https:\/\/www.activasport.ch\/shop\/non%20class\u00e9\/netzsicherungen-im-pfosten-2\/"},"modified":"2022-06-15T11:50:19","modified_gmt":"2022-06-15T09:50:19","slug":"barre-de-securite-du-filet-dans-le-poteau-pour-buts-juniors","status":"publish","type":"product","link":"https:\/\/www.activasport.ch\/fr\/produkt\/barre-de-securite-du-filet-dans-le-poteau-pour-buts-juniors\/","title":{"rendered":"Barre de s\u00e9curit\u00e9 du filet dans le poteau pour buts juniors"},"content":{"rendered":"<p>Pour buts de football sauvage et buts de handball avec fermeture de s\u00e9curit\u00e9. Ce syt\u00e8me de fixation emp\u00eache le d\u00e9montage non autoris\u00e9 du filet, garantit un ajustement optimal du filet et en r\u00e9duit l&rsquo;usure au minimum. Pour tous les buts de 2 m de hauteur, en alu. 1 set = 2 pi\u00e8ces par but.<\/p>\n","protected":false},"excerpt":{"rendered":"<p>Pour buts de football sauvage et buts de handball avec fermeture de s\u00e9curit\u00e9. Ce syt\u00e8me de fixation emp\u00eache le d\u00e9montage non autoris\u00e9 du filet, garantit un ajustement optimal du filet et en r\u00e9duit l&rsquo;usure au minimum. Pour tous les buts de 2 m de hauteur, en alu. 1 set = 2 pi\u00e8ces par but.<\/p>\n","protected":false},"featured_media":267816,"template":"","meta":{"_et_pb_use_builder":"","_et_pb_old_content":"","_et_gb_content_width":""},"product_brand":[],"product_cat":[974,859,959],"product_tag":[],"class_list":{"0":"post-279007","1":"product","2":"type-product","3":"status-publish","4":"has-post-thumbnail","6":"product_cat-buts-sauvages-fr","7":"product_cat-engins-de-sport-fr","8":"product_cat-sport-de-ballons-dequipe-fr","10":"first","11":"instock","12":"purchasable","13":"product-type-simple"},"yoast_head":"<!-- This site is optimized with the Yoast SEO plugin v27.3 - https:\/\/yoast.com\/product\/yoast-seo-wordpress\/ -->\n<title>Barre de s\u00e9curit\u00e9 du filet dans le poteau pour buts juniors |<\/title>\n<meta name=\"description\" content=\"Barre de s\u00e9curit\u00e9 du filet dans le poteau pour buts juniors | Activa Sport Sarl | \u2026que le sport soit avec toi !\" \/>\n<meta name=\"robots\" content=\"index, follow, max-snippet:-1, max-image-preview:large, max-video-preview:-1\" \/>\n<link rel=\"canonical\" href=\"https:\/\/www.activasport.ch\/fr\/produkt\/barre-de-securite-du-filet-dans-le-poteau-pour-buts-juniors\/\" \/>\n<meta property=\"og:locale\" content=\"fr_FR\" \/>\n<meta property=\"og:type\" content=\"article\" \/>\n<meta property=\"og:title\" content=\"Barre de s\u00e9curit\u00e9 du filet dans le poteau pour buts juniors |\" \/>\n<meta property=\"og:description\" content=\"Barre de s\u00e9curit\u00e9 du filet dans le poteau pour buts juniors | Activa Sport Sarl | \u2026que le sport soit avec toi !\" \/>\n<meta property=\"og:url\" content=\"https:\/\/www.activasport.ch\/fr\/produkt\/barre-de-securite-du-filet-dans-le-poteau-pour-buts-juniors\/\" \/>\n<meta property=\"og:site_name\" content=\"Activa Sport GmbH | M\u00f6ge der Sport mit Dir sein...\" \/>\n<meta property=\"article:publisher\" content=\"https:\/\/www.facebook.com\/activasport.ch\/\" \/>\n<meta property=\"article:modified_time\" content=\"2022-06-15T09:50:19+00:00\" \/>\n<meta property=\"og:image\" content=\"https:\/\/www.activasport.ch\/wp-content\/uploads\/2019\/11\/Netzsicherung_800x800.jpg\" \/>\n\t<meta property=\"og:image:width\" content=\"800\" \/>\n\t<meta property=\"og:image:height\" content=\"800\" \/>\n\t<meta property=\"og:image:type\" content=\"image\/jpeg\" \/>\n<meta name=\"twitter:card\" content=\"summary_large_image\" \/>\n<script type=\"application\/ld+json\" class=\"yoast-schema-graph\">{\"@context\":\"https:\\\/\\\/schema.org\",\"@graph\":[{\"@type\":\"WebPage\",\"@id\":\"https:\\\/\\\/www.activasport.ch\\\/fr\\\/produkt\\\/barre-de-securite-du-filet-dans-le-poteau-pour-buts-juniors\\\/\",\"url\":\"https:\\\/\\\/www.activasport.ch\\\/fr\\\/produkt\\\/barre-de-securite-du-filet-dans-le-poteau-pour-buts-juniors\\\/\",\"name\":\"Barre de s\u00e9curit\u00e9 du filet dans le poteau pour buts juniors |\",\"isPartOf\":{\"@id\":\"https:\\\/\\\/www.activasport.ch\\\/fr\\\/#website\"},\"primaryImageOfPage\":{\"@id\":\"https:\\\/\\\/www.activasport.ch\\\/fr\\\/produkt\\\/barre-de-securite-du-filet-dans-le-poteau-pour-buts-juniors\\\/#primaryimage\"},\"image\":{\"@id\":\"https:\\\/\\\/www.activasport.ch\\\/fr\\\/produkt\\\/barre-de-securite-du-filet-dans-le-poteau-pour-buts-juniors\\\/#primaryimage\"},\"thumbnailUrl\":\"https:\\\/\\\/www.activasport.ch\\\/wp-content\\\/uploads\\\/2019\\\/11\\\/Netzsicherung_800x800.jpg\",\"datePublished\":\"2021-06-09T12:47:30+00:00\",\"dateModified\":\"2022-06-15T09:50:19+00:00\",\"description\":\"Barre de s\u00e9curit\u00e9 du filet dans le poteau pour buts juniors | Activa Sport Sarl | \u2026que le sport soit avec toi !\",\"breadcrumb\":{\"@id\":\"https:\\\/\\\/www.activasport.ch\\\/fr\\\/produkt\\\/barre-de-securite-du-filet-dans-le-poteau-pour-buts-juniors\\\/#breadcrumb\"},\"inLanguage\":\"fr-FR\",\"potentialAction\":[{\"@type\":\"ReadAction\",\"target\":[\"https:\\\/\\\/www.activasport.ch\\\/fr\\\/produkt\\\/barre-de-securite-du-filet-dans-le-poteau-pour-buts-juniors\\\/\"]}]},{\"@type\":\"ImageObject\",\"inLanguage\":\"fr-FR\",\"@id\":\"https:\\\/\\\/www.activasport.ch\\\/fr\\\/produkt\\\/barre-de-securite-du-filet-dans-le-poteau-pour-buts-juniors\\\/#primaryimage\",\"url\":\"https:\\\/\\\/www.activasport.ch\\\/wp-content\\\/uploads\\\/2019\\\/11\\\/Netzsicherung_800x800.jpg\",\"contentUrl\":\"https:\\\/\\\/www.activasport.ch\\\/wp-content\\\/uploads\\\/2019\\\/11\\\/Netzsicherung_800x800.jpg\",\"width\":800,\"height\":800,\"caption\":\"Netzsicherung im Posten von Fussballtor\"},{\"@type\":\"BreadcrumbList\",\"@id\":\"https:\\\/\\\/www.activasport.ch\\\/fr\\\/produkt\\\/barre-de-securite-du-filet-dans-le-poteau-pour-buts-juniors\\\/#breadcrumb\",\"itemListElement\":[{\"@type\":\"ListItem\",\"position\":1,\"name\":\"Home\",\"item\":\"https:\\\/\\\/www.activasport.ch\\\/fr\\\/\"},{\"@type\":\"ListItem\",\"position\":2,\"name\":\"Shop\",\"item\":\"https:\\\/\\\/www.activasport.ch\\\/fr\\\/?page_id=258329\"},{\"@type\":\"ListItem\",\"position\":3,\"name\":\"Barre de s\u00e9curit\u00e9 du filet dans le poteau pour buts juniors\"}]},{\"@type\":\"WebSite\",\"@id\":\"https:\\\/\\\/www.activasport.ch\\\/fr\\\/#website\",\"url\":\"https:\\\/\\\/www.activasport.ch\\\/fr\\\/\",\"name\":\"Activa Sport GmbH | M\u00f6ge der Sport mit Dir sein...\",\"description\":\"\",\"publisher\":{\"@id\":\"https:\\\/\\\/www.activasport.ch\\\/fr\\\/#organization\"},\"potentialAction\":[{\"@type\":\"SearchAction\",\"target\":{\"@type\":\"EntryPoint\",\"urlTemplate\":\"https:\\\/\\\/www.activasport.ch\\\/fr\\\/?s={search_term_string}\"},\"query-input\":{\"@type\":\"PropertyValueSpecification\",\"valueRequired\":true,\"valueName\":\"search_term_string\"}}],\"inLanguage\":\"fr-FR\"},{\"@type\":\"Organization\",\"@id\":\"https:\\\/\\\/www.activasport.ch\\\/fr\\\/#organization\",\"name\":\"Activa Sport GmbH\",\"url\":\"https:\\\/\\\/www.activasport.ch\\\/fr\\\/\",\"logo\":{\"@type\":\"ImageObject\",\"inLanguage\":\"fr-FR\",\"@id\":\"https:\\\/\\\/www.activasport.ch\\\/fr\\\/#\\\/schema\\\/logo\\\/image\\\/\",\"url\":\"https:\\\/\\\/www.activasport.ch\\\/wp-content\\\/uploads\\\/2020\\\/04\\\/Activa_AS_Emblem_rot-schwarz_512x512.png\",\"contentUrl\":\"https:\\\/\\\/www.activasport.ch\\\/wp-content\\\/uploads\\\/2020\\\/04\\\/Activa_AS_Emblem_rot-schwarz_512x512.png\",\"width\":512,\"height\":512,\"caption\":\"Activa Sport GmbH\"},\"image\":{\"@id\":\"https:\\\/\\\/www.activasport.ch\\\/fr\\\/#\\\/schema\\\/logo\\\/image\\\/\"},\"sameAs\":[\"https:\\\/\\\/www.facebook.com\\\/activasport.ch\\\/\",\"https:\\\/\\\/www.youtube.com\\\/channel\\\/UCtqHC7rBGHotohPIGFurwzg\"]}]}<\/script>\n<!-- \/ Yoast SEO plugin. -->","yoast_head_json":{"title":"Barre de s\u00e9curit\u00e9 du filet dans le poteau pour buts juniors |","description":"Barre de s\u00e9curit\u00e9 du filet dans le poteau pour buts juniors | Activa Sport Sarl | \u2026que le sport soit avec toi !","robots":{"index":"index","follow":"follow","max-snippet":"max-snippet:-1","max-image-preview":"max-image-preview:large","max-video-preview":"max-video-preview:-1"},"canonical":"https:\/\/www.activasport.ch\/fr\/produkt\/barre-de-securite-du-filet-dans-le-poteau-pour-buts-juniors\/","og_locale":"fr_FR","og_type":"article","og_title":"Barre de s\u00e9curit\u00e9 du filet dans le poteau pour buts juniors |","og_description":"Barre de s\u00e9curit\u00e9 du filet dans le poteau pour buts juniors | Activa Sport Sarl | \u2026que le sport soit avec toi !","og_url":"https:\/\/www.activasport.ch\/fr\/produkt\/barre-de-securite-du-filet-dans-le-poteau-pour-buts-juniors\/","og_site_name":"Activa Sport GmbH | M\u00f6ge der Sport mit Dir sein...","article_publisher":"https:\/\/www.facebook.com\/activasport.ch\/","article_modified_time":"2022-06-15T09:50:19+00:00","og_image":[{"width":800,"height":800,"url":"https:\/\/www.activasport.ch\/wp-content\/uploads\/2019\/11\/Netzsicherung_800x800.jpg","type":"image\/jpeg"}],"twitter_card":"summary_large_image","schema":{"@context":"https:\/\/schema.org","@graph":[{"@type":"WebPage","@id":"https:\/\/www.activasport.ch\/fr\/produkt\/barre-de-securite-du-filet-dans-le-poteau-pour-buts-juniors\/","url":"https:\/\/www.activasport.ch\/fr\/produkt\/barre-de-securite-du-filet-dans-le-poteau-pour-buts-juniors\/","name":"Barre de s\u00e9curit\u00e9 du filet dans le poteau pour buts juniors |","isPartOf":{"@id":"https:\/\/www.activasport.ch\/fr\/#website"},"primaryImageOfPage":{"@id":"https:\/\/www.activasport.ch\/fr\/produkt\/barre-de-securite-du-filet-dans-le-poteau-pour-buts-juniors\/#primaryimage"},"image":{"@id":"https:\/\/www.activasport.ch\/fr\/produkt\/barre-de-securite-du-filet-dans-le-poteau-pour-buts-juniors\/#primaryimage"},"thumbnailUrl":"https:\/\/www.activasport.ch\/wp-content\/uploads\/2019\/11\/Netzsicherung_800x800.jpg","datePublished":"2021-06-09T12:47:30+00:00","dateModified":"2022-06-15T09:50:19+00:00","description":"Barre de s\u00e9curit\u00e9 du filet dans le poteau pour buts juniors | Activa Sport Sarl | \u2026que le sport soit avec toi !","breadcrumb":{"@id":"https:\/\/www.activasport.ch\/fr\/produkt\/barre-de-securite-du-filet-dans-le-poteau-pour-buts-juniors\/#breadcrumb"},"inLanguage":"fr-FR","potentialAction":[{"@type":"ReadAction","target":["https:\/\/www.activasport.ch\/fr\/produkt\/barre-de-securite-du-filet-dans-le-poteau-pour-buts-juniors\/"]}]},{"@type":"ImageObject","inLanguage":"fr-FR","@id":"https:\/\/www.activasport.ch\/fr\/produkt\/barre-de-securite-du-filet-dans-le-poteau-pour-buts-juniors\/#primaryimage","url":"https:\/\/www.activasport.ch\/wp-content\/uploads\/2019\/11\/Netzsicherung_800x800.jpg","contentUrl":"https:\/\/www.activasport.ch\/wp-content\/uploads\/2019\/11\/Netzsicherung_800x800.jpg","width":800,"height":800,"caption":"Netzsicherung im Posten von Fussballtor"},{"@type":"BreadcrumbList","@id":"https:\/\/www.activasport.ch\/fr\/produkt\/barre-de-securite-du-filet-dans-le-poteau-pour-buts-juniors\/#breadcrumb","itemListElement":[{"@type":"ListItem","position":1,"name":"Home","item":"https:\/\/www.activasport.ch\/fr\/"},{"@type":"ListItem","position":2,"name":"Shop","item":"https:\/\/www.activasport.ch\/fr\/?page_id=258329"},{"@type":"ListItem","position":3,"name":"Barre de s\u00e9curit\u00e9 du filet dans le poteau pour buts juniors"}]},{"@type":"WebSite","@id":"https:\/\/www.activasport.ch\/fr\/#website","url":"https:\/\/www.activasport.ch\/fr\/","name":"Activa Sport GmbH | M\u00f6ge der Sport mit Dir sein...","description":"","publisher":{"@id":"https:\/\/www.activasport.ch\/fr\/#organization"},"potentialAction":[{"@type":"SearchAction","target":{"@type":"EntryPoint","urlTemplate":"https:\/\/www.activasport.ch\/fr\/?s={search_term_string}"},"query-input":{"@type":"PropertyValueSpecification","valueRequired":true,"valueName":"search_term_string"}}],"inLanguage":"fr-FR"},{"@type":"Organization","@id":"https:\/\/www.activasport.ch\/fr\/#organization","name":"Activa Sport GmbH","url":"https:\/\/www.activasport.ch\/fr\/","logo":{"@type":"ImageObject","inLanguage":"fr-FR","@id":"https:\/\/www.activasport.ch\/fr\/#\/schema\/logo\/image\/","url":"https:\/\/www.activasport.ch\/wp-content\/uploads\/2020\/04\/Activa_AS_Emblem_rot-schwarz_512x512.png","contentUrl":"https:\/\/www.activasport.ch\/wp-content\/uploads\/2020\/04\/Activa_AS_Emblem_rot-schwarz_512x512.png","width":512,"height":512,"caption":"Activa Sport GmbH"},"image":{"@id":"https:\/\/www.activasport.ch\/fr\/#\/schema\/logo\/image\/"},"sameAs":["https:\/\/www.facebook.com\/activasport.ch\/","https:\/\/www.youtube.com\/channel\/UCtqHC7rBGHotohPIGFurwzg"]}]}},"_links":{"self":[{"href":"https:\/\/www.activasport.ch\/fr\/wp-json\/wp\/v2\/product\/279007","targetHints":{"allow":["GET"]}}],"collection":[{"href":"https:\/\/www.activasport.ch\/fr\/wp-json\/wp\/v2\/product"}],"about":[{"href":"https:\/\/www.activasport.ch\/fr\/wp-json\/wp\/v2\/types\/product"}],"wp:featuredmedia":[{"embeddable":true,"href":"https:\/\/www.activasport.ch\/fr\/wp-json\/wp\/v2\/media\/267816"}],"wp:attachment":[{"href":"https:\/\/www.activasport.ch\/fr\/wp-json\/wp\/v2\/media?parent=279007"}],"wp:term":[{"taxonomy":"product_brand","embeddable":true,"href":"https:\/\/www.activasport.ch\/fr\/wp-json\/wp\/v2\/product_brand?post=279007"},{"taxonomy":"product_cat","embeddable":true,"href":"https:\/\/www.activasport.ch\/fr\/wp-json\/wp\/v2\/product_cat?post=279007"},{"taxonomy":"product_tag","embeddable":true,"href":"https:\/\/www.activasport.ch\/fr\/wp-json\/wp\/v2\/product_tag?post=279007"}],"curies":[{"name":"wp","href":"https:\/\/api.w.org\/{rel}","templated":true}]}}