{"id":278966,"date":"2021-06-09T14:46:57","date_gmt":"2021-06-09T12:46:57","guid":{"rendered":"https:\/\/www.activasport.ch\/shop\/non%20class\u00e9\/feldhockeytor-siebdruckplatten\/"},"modified":"2022-06-15T11:49:55","modified_gmt":"2022-06-15T09:49:55","slug":"but-de-hockey-sur-gazon-en-panneaux-contreplaques","status":"publish","type":"product","link":"https:\/\/www.activasport.ch\/fr\/produkt\/but-de-hockey-sur-gazon-en-panneaux-contreplaques\/","title":{"rendered":"But de hockey sur gazon en panneaux contreplaqu\u00e9s"},"content":{"rendered":"<p>fixation du filet \u00e0 suspension libre, pour but de hockey sur gazon 3.66 x 2.14 m, en alu, mod\u00e8le enti\u00e8rement soud\u00e9. Cadre du but en profil\u00e9s uniques 75 x 50 x 3 mm, avec fixation de s\u00e9curit\u00e9 du filet frais\u00e9e  (construction prot\u00e9g\u00e9e par la loi). Bande en bois de 18 mm d&rsquo;\u00e9paisseur en contreplaqu\u00e9 avec protection aux ar\u00eates et poign\u00e9es de transport. Dispositif pour ancrage disponible. Profondeur en haut 90 cm, en bas 120 cm. Sans filet.<\/p>\n","protected":false},"excerpt":{"rendered":"<p>fixation du filet \u00e0 suspension libre, pour but de hockey sur gazon 3.66 x 2.14 m, en alu, mod\u00e8le enti\u00e8rement soud\u00e9. Cadre du but en profil\u00e9s uniques 75 x 50 x 3 mm, avec fixation de s\u00e9curit\u00e9 du filet frais\u00e9e (construction prot\u00e9g\u00e9e par la loi). Bande en bois de 18 mm d&rsquo;\u00e9paisseur en contreplaqu\u00e9 avec [&hellip;]<\/p>\n","protected":false},"featured_media":268784,"template":"","meta":{"_et_pb_use_builder":"","_et_pb_old_content":"","_et_gb_content_width":""},"product_brand":[],"product_cat":[859,976,959],"product_tag":[],"class_list":{"0":"post-278966","1":"product","2":"type-product","3":"status-publish","4":"has-post-thumbnail","6":"product_cat-engins-de-sport-fr","7":"product_cat-hockey-sport-de-ballons-dequipe-fr","8":"product_cat-sport-de-ballons-dequipe-fr","10":"first","11":"instock","12":"product-type-simple"},"yoast_head":"<!-- This site is optimized with the Yoast SEO plugin v27.3 - https:\/\/yoast.com\/product\/yoast-seo-wordpress\/ -->\n<title>But de hockey sur gazon en panneaux contreplaqu\u00e9s |<\/title>\n<meta name=\"description\" content=\"But de hockey sur gazon en panneaux contreplaqu\u00e9s | Activa Sport Sarl | \u2026que le sport soit avec toi !\" \/>\n<meta name=\"robots\" content=\"index, follow, max-snippet:-1, max-image-preview:large, max-video-preview:-1\" \/>\n<link rel=\"canonical\" href=\"https:\/\/www.activasport.ch\/fr\/produkt\/but-de-hockey-sur-gazon-en-panneaux-contreplaques\/\" \/>\n<meta property=\"og:locale\" content=\"fr_FR\" \/>\n<meta property=\"og:type\" content=\"article\" \/>\n<meta property=\"og:title\" content=\"But de hockey sur gazon en panneaux contreplaqu\u00e9s |\" \/>\n<meta property=\"og:description\" content=\"But de hockey sur gazon en panneaux contreplaqu\u00e9s | Activa Sport Sarl | \u2026que le sport soit avec toi !\" \/>\n<meta property=\"og:url\" content=\"https:\/\/www.activasport.ch\/fr\/produkt\/but-de-hockey-sur-gazon-en-panneaux-contreplaques\/\" \/>\n<meta property=\"og:site_name\" content=\"Activa Sport GmbH | M\u00f6ge der Sport mit Dir sein...\" \/>\n<meta property=\"article:publisher\" content=\"https:\/\/www.facebook.com\/activasport.ch\/\" \/>\n<meta property=\"article:modified_time\" content=\"2022-06-15T09:49:55+00:00\" \/>\n<meta property=\"og:image\" content=\"https:\/\/www.activasport.ch\/wp-content\/uploads\/2019\/11\/S08001041_Feldhockeytor-Siebdruckplatten_800x800.jpg\" \/>\n\t<meta property=\"og:image:width\" content=\"848\" \/>\n\t<meta property=\"og:image:height\" content=\"848\" \/>\n\t<meta property=\"og:image:type\" content=\"image\/jpeg\" \/>\n<meta name=\"twitter:card\" content=\"summary_large_image\" \/>\n<script type=\"application\/ld+json\" class=\"yoast-schema-graph\">{\"@context\":\"https:\\\/\\\/schema.org\",\"@graph\":[{\"@type\":\"WebPage\",\"@id\":\"https:\\\/\\\/www.activasport.ch\\\/fr\\\/produkt\\\/but-de-hockey-sur-gazon-en-panneaux-contreplaques\\\/\",\"url\":\"https:\\\/\\\/www.activasport.ch\\\/fr\\\/produkt\\\/but-de-hockey-sur-gazon-en-panneaux-contreplaques\\\/\",\"name\":\"But de hockey sur gazon en panneaux contreplaqu\u00e9s |\",\"isPartOf\":{\"@id\":\"https:\\\/\\\/www.activasport.ch\\\/fr\\\/#website\"},\"primaryImageOfPage\":{\"@id\":\"https:\\\/\\\/www.activasport.ch\\\/fr\\\/produkt\\\/but-de-hockey-sur-gazon-en-panneaux-contreplaques\\\/#primaryimage\"},\"image\":{\"@id\":\"https:\\\/\\\/www.activasport.ch\\\/fr\\\/produkt\\\/but-de-hockey-sur-gazon-en-panneaux-contreplaques\\\/#primaryimage\"},\"thumbnailUrl\":\"https:\\\/\\\/www.activasport.ch\\\/wp-content\\\/uploads\\\/2019\\\/11\\\/S08001041_Feldhockeytor-Siebdruckplatten_800x800.jpg\",\"datePublished\":\"2021-06-09T12:46:57+00:00\",\"dateModified\":\"2022-06-15T09:49:55+00:00\",\"description\":\"But de hockey sur gazon en panneaux contreplaqu\u00e9s | Activa Sport Sarl | \u2026que le sport soit avec toi !\",\"breadcrumb\":{\"@id\":\"https:\\\/\\\/www.activasport.ch\\\/fr\\\/produkt\\\/but-de-hockey-sur-gazon-en-panneaux-contreplaques\\\/#breadcrumb\"},\"inLanguage\":\"fr-FR\",\"potentialAction\":[{\"@type\":\"ReadAction\",\"target\":[\"https:\\\/\\\/www.activasport.ch\\\/fr\\\/produkt\\\/but-de-hockey-sur-gazon-en-panneaux-contreplaques\\\/\"]}]},{\"@type\":\"ImageObject\",\"inLanguage\":\"fr-FR\",\"@id\":\"https:\\\/\\\/www.activasport.ch\\\/fr\\\/produkt\\\/but-de-hockey-sur-gazon-en-panneaux-contreplaques\\\/#primaryimage\",\"url\":\"https:\\\/\\\/www.activasport.ch\\\/wp-content\\\/uploads\\\/2019\\\/11\\\/S08001041_Feldhockeytor-Siebdruckplatten_800x800.jpg\",\"contentUrl\":\"https:\\\/\\\/www.activasport.ch\\\/wp-content\\\/uploads\\\/2019\\\/11\\\/S08001041_Feldhockeytor-Siebdruckplatten_800x800.jpg\",\"width\":848,\"height\":848},{\"@type\":\"BreadcrumbList\",\"@id\":\"https:\\\/\\\/www.activasport.ch\\\/fr\\\/produkt\\\/but-de-hockey-sur-gazon-en-panneaux-contreplaques\\\/#breadcrumb\",\"itemListElement\":[{\"@type\":\"ListItem\",\"position\":1,\"name\":\"Home\",\"item\":\"https:\\\/\\\/www.activasport.ch\\\/fr\\\/\"},{\"@type\":\"ListItem\",\"position\":2,\"name\":\"Shop\",\"item\":\"https:\\\/\\\/www.activasport.ch\\\/fr\\\/?page_id=258329\"},{\"@type\":\"ListItem\",\"position\":3,\"name\":\"But de hockey sur gazon en panneaux contreplaqu\u00e9s\"}]},{\"@type\":\"WebSite\",\"@id\":\"https:\\\/\\\/www.activasport.ch\\\/fr\\\/#website\",\"url\":\"https:\\\/\\\/www.activasport.ch\\\/fr\\\/\",\"name\":\"Activa Sport GmbH | M\u00f6ge der Sport mit Dir sein...\",\"description\":\"\",\"publisher\":{\"@id\":\"https:\\\/\\\/www.activasport.ch\\\/fr\\\/#organization\"},\"potentialAction\":[{\"@type\":\"SearchAction\",\"target\":{\"@type\":\"EntryPoint\",\"urlTemplate\":\"https:\\\/\\\/www.activasport.ch\\\/fr\\\/?s={search_term_string}\"},\"query-input\":{\"@type\":\"PropertyValueSpecification\",\"valueRequired\":true,\"valueName\":\"search_term_string\"}}],\"inLanguage\":\"fr-FR\"},{\"@type\":\"Organization\",\"@id\":\"https:\\\/\\\/www.activasport.ch\\\/fr\\\/#organization\",\"name\":\"Activa Sport GmbH\",\"url\":\"https:\\\/\\\/www.activasport.ch\\\/fr\\\/\",\"logo\":{\"@type\":\"ImageObject\",\"inLanguage\":\"fr-FR\",\"@id\":\"https:\\\/\\\/www.activasport.ch\\\/fr\\\/#\\\/schema\\\/logo\\\/image\\\/\",\"url\":\"https:\\\/\\\/www.activasport.ch\\\/wp-content\\\/uploads\\\/2020\\\/04\\\/Activa_AS_Emblem_rot-schwarz_512x512.png\",\"contentUrl\":\"https:\\\/\\\/www.activasport.ch\\\/wp-content\\\/uploads\\\/2020\\\/04\\\/Activa_AS_Emblem_rot-schwarz_512x512.png\",\"width\":512,\"height\":512,\"caption\":\"Activa Sport GmbH\"},\"image\":{\"@id\":\"https:\\\/\\\/www.activasport.ch\\\/fr\\\/#\\\/schema\\\/logo\\\/image\\\/\"},\"sameAs\":[\"https:\\\/\\\/www.facebook.com\\\/activasport.ch\\\/\",\"https:\\\/\\\/www.youtube.com\\\/channel\\\/UCtqHC7rBGHotohPIGFurwzg\"]}]}<\/script>\n<!-- \/ Yoast SEO plugin. -->","yoast_head_json":{"title":"But de hockey sur gazon en panneaux contreplaqu\u00e9s |","description":"But de hockey sur gazon en panneaux contreplaqu\u00e9s | Activa Sport Sarl | \u2026que le sport soit avec toi !","robots":{"index":"index","follow":"follow","max-snippet":"max-snippet:-1","max-image-preview":"max-image-preview:large","max-video-preview":"max-video-preview:-1"},"canonical":"https:\/\/www.activasport.ch\/fr\/produkt\/but-de-hockey-sur-gazon-en-panneaux-contreplaques\/","og_locale":"fr_FR","og_type":"article","og_title":"But de hockey sur gazon en panneaux contreplaqu\u00e9s |","og_description":"But de hockey sur gazon en panneaux contreplaqu\u00e9s | Activa Sport Sarl | \u2026que le sport soit avec toi !","og_url":"https:\/\/www.activasport.ch\/fr\/produkt\/but-de-hockey-sur-gazon-en-panneaux-contreplaques\/","og_site_name":"Activa Sport GmbH | M\u00f6ge der Sport mit Dir sein...","article_publisher":"https:\/\/www.facebook.com\/activasport.ch\/","article_modified_time":"2022-06-15T09:49:55+00:00","og_image":[{"width":848,"height":848,"url":"https:\/\/www.activasport.ch\/wp-content\/uploads\/2019\/11\/S08001041_Feldhockeytor-Siebdruckplatten_800x800.jpg","type":"image\/jpeg"}],"twitter_card":"summary_large_image","schema":{"@context":"https:\/\/schema.org","@graph":[{"@type":"WebPage","@id":"https:\/\/www.activasport.ch\/fr\/produkt\/but-de-hockey-sur-gazon-en-panneaux-contreplaques\/","url":"https:\/\/www.activasport.ch\/fr\/produkt\/but-de-hockey-sur-gazon-en-panneaux-contreplaques\/","name":"But de hockey sur gazon en panneaux contreplaqu\u00e9s |","isPartOf":{"@id":"https:\/\/www.activasport.ch\/fr\/#website"},"primaryImageOfPage":{"@id":"https:\/\/www.activasport.ch\/fr\/produkt\/but-de-hockey-sur-gazon-en-panneaux-contreplaques\/#primaryimage"},"image":{"@id":"https:\/\/www.activasport.ch\/fr\/produkt\/but-de-hockey-sur-gazon-en-panneaux-contreplaques\/#primaryimage"},"thumbnailUrl":"https:\/\/www.activasport.ch\/wp-content\/uploads\/2019\/11\/S08001041_Feldhockeytor-Siebdruckplatten_800x800.jpg","datePublished":"2021-06-09T12:46:57+00:00","dateModified":"2022-06-15T09:49:55+00:00","description":"But de hockey sur gazon en panneaux contreplaqu\u00e9s | Activa Sport Sarl | \u2026que le sport soit avec toi !","breadcrumb":{"@id":"https:\/\/www.activasport.ch\/fr\/produkt\/but-de-hockey-sur-gazon-en-panneaux-contreplaques\/#breadcrumb"},"inLanguage":"fr-FR","potentialAction":[{"@type":"ReadAction","target":["https:\/\/www.activasport.ch\/fr\/produkt\/but-de-hockey-sur-gazon-en-panneaux-contreplaques\/"]}]},{"@type":"ImageObject","inLanguage":"fr-FR","@id":"https:\/\/www.activasport.ch\/fr\/produkt\/but-de-hockey-sur-gazon-en-panneaux-contreplaques\/#primaryimage","url":"https:\/\/www.activasport.ch\/wp-content\/uploads\/2019\/11\/S08001041_Feldhockeytor-Siebdruckplatten_800x800.jpg","contentUrl":"https:\/\/www.activasport.ch\/wp-content\/uploads\/2019\/11\/S08001041_Feldhockeytor-Siebdruckplatten_800x800.jpg","width":848,"height":848},{"@type":"BreadcrumbList","@id":"https:\/\/www.activasport.ch\/fr\/produkt\/but-de-hockey-sur-gazon-en-panneaux-contreplaques\/#breadcrumb","itemListElement":[{"@type":"ListItem","position":1,"name":"Home","item":"https:\/\/www.activasport.ch\/fr\/"},{"@type":"ListItem","position":2,"name":"Shop","item":"https:\/\/www.activasport.ch\/fr\/?page_id=258329"},{"@type":"ListItem","position":3,"name":"But de hockey sur gazon en panneaux contreplaqu\u00e9s"}]},{"@type":"WebSite","@id":"https:\/\/www.activasport.ch\/fr\/#website","url":"https:\/\/www.activasport.ch\/fr\/","name":"Activa Sport GmbH | M\u00f6ge der Sport mit Dir sein...","description":"","publisher":{"@id":"https:\/\/www.activasport.ch\/fr\/#organization"},"potentialAction":[{"@type":"SearchAction","target":{"@type":"EntryPoint","urlTemplate":"https:\/\/www.activasport.ch\/fr\/?s={search_term_string}"},"query-input":{"@type":"PropertyValueSpecification","valueRequired":true,"valueName":"search_term_string"}}],"inLanguage":"fr-FR"},{"@type":"Organization","@id":"https:\/\/www.activasport.ch\/fr\/#organization","name":"Activa Sport GmbH","url":"https:\/\/www.activasport.ch\/fr\/","logo":{"@type":"ImageObject","inLanguage":"fr-FR","@id":"https:\/\/www.activasport.ch\/fr\/#\/schema\/logo\/image\/","url":"https:\/\/www.activasport.ch\/wp-content\/uploads\/2020\/04\/Activa_AS_Emblem_rot-schwarz_512x512.png","contentUrl":"https:\/\/www.activasport.ch\/wp-content\/uploads\/2020\/04\/Activa_AS_Emblem_rot-schwarz_512x512.png","width":512,"height":512,"caption":"Activa Sport GmbH"},"image":{"@id":"https:\/\/www.activasport.ch\/fr\/#\/schema\/logo\/image\/"},"sameAs":["https:\/\/www.facebook.com\/activasport.ch\/","https:\/\/www.youtube.com\/channel\/UCtqHC7rBGHotohPIGFurwzg"]}]}},"_links":{"self":[{"href":"https:\/\/www.activasport.ch\/fr\/wp-json\/wp\/v2\/product\/278966","targetHints":{"allow":["GET"]}}],"collection":[{"href":"https:\/\/www.activasport.ch\/fr\/wp-json\/wp\/v2\/product"}],"about":[{"href":"https:\/\/www.activasport.ch\/fr\/wp-json\/wp\/v2\/types\/product"}],"wp:featuredmedia":[{"embeddable":true,"href":"https:\/\/www.activasport.ch\/fr\/wp-json\/wp\/v2\/media\/268784"}],"wp:attachment":[{"href":"https:\/\/www.activasport.ch\/fr\/wp-json\/wp\/v2\/media?parent=278966"}],"wp:term":[{"taxonomy":"product_brand","embeddable":true,"href":"https:\/\/www.activasport.ch\/fr\/wp-json\/wp\/v2\/product_brand?post=278966"},{"taxonomy":"product_cat","embeddable":true,"href":"https:\/\/www.activasport.ch\/fr\/wp-json\/wp\/v2\/product_cat?post=278966"},{"taxonomy":"product_tag","embeddable":true,"href":"https:\/\/www.activasport.ch\/fr\/wp-json\/wp\/v2\/product_tag?post=278966"}],"curies":[{"name":"wp","href":"https:\/\/api.w.org\/{rel}","templated":true}]}}