{"id":278694,"date":"2021-06-09T14:43:06","date_gmt":"2021-06-09T12:43:06","guid":{"rendered":"https:\/\/www.activasport.ch\/shop\/non%20class\u00e9\/stabhochsprungmatte-standard\/"},"modified":"2022-06-15T11:47:54","modified_gmt":"2022-06-15T09:47:54","slug":"matelas-de-reception-pour-saut-a-la-perche-standard","status":"publish","type":"product","link":"https:\/\/www.activasport.ch\/fr\/produkt\/matelas-de-reception-pour-saut-a-la-perche-standard\/","title":{"rendered":"Matelas de r\u00e9ception pour saut \u00e0 la perche STANDARD"},"content":{"rendered":"<p>Les \u00e9l\u00e9ments en mousse synth\u00e9tique, syst\u00e8me monobloc, conf\u00e8rent un atterissage un peu plus dur. Le matelas de r\u00e9ception STANDARD est appropri\u00e9 au sport scolaire, du fait que les hauteurs de chute sont la plupart du temps plus basses. &#8211; Natte d&rsquo;usure: \u00e9paisseur 10 cm, tissu grille de protection contre les chaussures \u00e0 pointes int\u00e9gr\u00e9 dans la housse. &#8211; Enveloppes: sur les c\u00f4t\u00e9s tissu b\u00e2che en PVC, au-dessous tissu de tapis de gymnastique anti-d\u00e9rapant avec tissu grille de protection contre les chaussures \u00e0 pointes.<\/p>\n","protected":false},"excerpt":{"rendered":"<p>Les \u00e9l\u00e9ments en mousse synth\u00e9tique, syst\u00e8me monobloc, conf\u00e8rent un atterissage un peu plus dur. Le matelas de r\u00e9ception STANDARD est appropri\u00e9 au sport scolaire, du fait que les hauteurs de chute sont la plupart du temps plus basses. &#8211; Natte d&rsquo;usure: \u00e9paisseur 10 cm, tissu grille de protection contre les chaussures \u00e0 pointes int\u00e9gr\u00e9 dans [&hellip;]<\/p>\n","protected":false},"featured_media":269282,"template":"","meta":{"_et_pb_use_builder":"","_et_pb_old_content":"","_et_gb_content_width":""},"product_brand":[],"product_cat":[872,859,891,887],"product_tag":[],"class_list":{"0":"post-278694","1":"product","2":"type-product","3":"status-publish","4":"has-post-thumbnail","6":"product_cat-athletisme-fr","7":"product_cat-engins-de-sport-fr","8":"product_cat-matelas-de-saut-a-la-perche-fr","9":"product_cat-saut-a-la-perche-fr","11":"first","12":"instock","13":"product-type-simple"},"yoast_head":"<!-- This site is optimized with the Yoast SEO plugin v27.4 - https:\/\/yoast.com\/product\/yoast-seo-wordpress\/ -->\n<title>Matelas de r\u00e9ception pour saut \u00e0 la perche STANDARD<\/title>\n<meta name=\"description\" content=\"Matelas de r\u00e9ception pour saut \u00e0 la perche STANDARD | 650 x 500 x 80 cm | Activa Sport Sarl | \u2026que le sport soit avec toi !\" \/>\n<meta name=\"robots\" content=\"index, follow, max-snippet:-1, max-image-preview:large, max-video-preview:-1\" \/>\n<link rel=\"canonical\" href=\"https:\/\/www.activasport.ch\/fr\/produkt\/matelas-de-reception-pour-saut-a-la-perche-standard\/\" \/>\n<meta property=\"og:locale\" content=\"fr_FR\" \/>\n<meta property=\"og:type\" content=\"article\" \/>\n<meta property=\"og:title\" content=\"Matelas de r\u00e9ception pour saut \u00e0 la perche STANDARD\" \/>\n<meta property=\"og:description\" content=\"Matelas de r\u00e9ception pour saut \u00e0 la perche STANDARD | 650 x 500 x 80 cm | Activa Sport Sarl | \u2026que le sport soit avec toi !\" \/>\n<meta property=\"og:url\" content=\"https:\/\/www.activasport.ch\/fr\/produkt\/matelas-de-reception-pour-saut-a-la-perche-standard\/\" \/>\n<meta property=\"og:site_name\" content=\"Activa Sport GmbH | M\u00f6ge der Sport mit Dir sein...\" \/>\n<meta property=\"article:publisher\" content=\"https:\/\/www.facebook.com\/activasport.ch\/\" \/>\n<meta property=\"article:modified_time\" content=\"2022-06-15T09:47:54+00:00\" \/>\n<meta property=\"og:image\" content=\"https:\/\/www.activasport.ch\/wp-content\/uploads\/2019\/11\/Stabhochsprungmatte-STANDARD_800X800.jpg\" \/>\n\t<meta property=\"og:image:width\" content=\"800\" \/>\n\t<meta property=\"og:image:height\" content=\"800\" \/>\n\t<meta property=\"og:image:type\" content=\"image\/jpeg\" \/>\n<meta name=\"twitter:card\" content=\"summary_large_image\" \/>\n<script type=\"application\/ld+json\" class=\"yoast-schema-graph\">{\"@context\":\"https:\\\/\\\/schema.org\",\"@graph\":[{\"@type\":\"WebPage\",\"@id\":\"https:\\\/\\\/www.activasport.ch\\\/fr\\\/produkt\\\/matelas-de-reception-pour-saut-a-la-perche-standard\\\/\",\"url\":\"https:\\\/\\\/www.activasport.ch\\\/fr\\\/produkt\\\/matelas-de-reception-pour-saut-a-la-perche-standard\\\/\",\"name\":\"Matelas de r\u00e9ception pour saut \u00e0 la perche STANDARD\",\"isPartOf\":{\"@id\":\"https:\\\/\\\/www.activasport.ch\\\/fr\\\/#website\"},\"primaryImageOfPage\":{\"@id\":\"https:\\\/\\\/www.activasport.ch\\\/fr\\\/produkt\\\/matelas-de-reception-pour-saut-a-la-perche-standard\\\/#primaryimage\"},\"image\":{\"@id\":\"https:\\\/\\\/www.activasport.ch\\\/fr\\\/produkt\\\/matelas-de-reception-pour-saut-a-la-perche-standard\\\/#primaryimage\"},\"thumbnailUrl\":\"https:\\\/\\\/www.activasport.ch\\\/wp-content\\\/uploads\\\/2019\\\/11\\\/Stabhochsprungmatte-STANDARD_800X800.jpg\",\"datePublished\":\"2021-06-09T12:43:06+00:00\",\"dateModified\":\"2022-06-15T09:47:54+00:00\",\"description\":\"Matelas de r\u00e9ception pour saut \u00e0 la perche STANDARD | 650 x 500 x 80 cm | Activa Sport Sarl | \u2026que le sport soit avec toi !\",\"breadcrumb\":{\"@id\":\"https:\\\/\\\/www.activasport.ch\\\/fr\\\/produkt\\\/matelas-de-reception-pour-saut-a-la-perche-standard\\\/#breadcrumb\"},\"inLanguage\":\"fr-FR\",\"potentialAction\":[{\"@type\":\"ReadAction\",\"target\":[\"https:\\\/\\\/www.activasport.ch\\\/fr\\\/produkt\\\/matelas-de-reception-pour-saut-a-la-perche-standard\\\/\"]}]},{\"@type\":\"ImageObject\",\"inLanguage\":\"fr-FR\",\"@id\":\"https:\\\/\\\/www.activasport.ch\\\/fr\\\/produkt\\\/matelas-de-reception-pour-saut-a-la-perche-standard\\\/#primaryimage\",\"url\":\"https:\\\/\\\/www.activasport.ch\\\/wp-content\\\/uploads\\\/2019\\\/11\\\/Stabhochsprungmatte-STANDARD_800X800.jpg\",\"contentUrl\":\"https:\\\/\\\/www.activasport.ch\\\/wp-content\\\/uploads\\\/2019\\\/11\\\/Stabhochsprungmatte-STANDARD_800X800.jpg\",\"width\":800,\"height\":800},{\"@type\":\"BreadcrumbList\",\"@id\":\"https:\\\/\\\/www.activasport.ch\\\/fr\\\/produkt\\\/matelas-de-reception-pour-saut-a-la-perche-standard\\\/#breadcrumb\",\"itemListElement\":[{\"@type\":\"ListItem\",\"position\":1,\"name\":\"Home\",\"item\":\"https:\\\/\\\/www.activasport.ch\\\/fr\\\/\"},{\"@type\":\"ListItem\",\"position\":2,\"name\":\"Shop\",\"item\":\"https:\\\/\\\/www.activasport.ch\\\/fr\\\/?page_id=258329\"},{\"@type\":\"ListItem\",\"position\":3,\"name\":\"Matelas de r\u00e9ception pour saut \u00e0 la perche STANDARD\"}]},{\"@type\":\"WebSite\",\"@id\":\"https:\\\/\\\/www.activasport.ch\\\/fr\\\/#website\",\"url\":\"https:\\\/\\\/www.activasport.ch\\\/fr\\\/\",\"name\":\"Activa Sport GmbH | M\u00f6ge der Sport mit Dir sein...\",\"description\":\"\",\"publisher\":{\"@id\":\"https:\\\/\\\/www.activasport.ch\\\/fr\\\/#organization\"},\"potentialAction\":[{\"@type\":\"SearchAction\",\"target\":{\"@type\":\"EntryPoint\",\"urlTemplate\":\"https:\\\/\\\/www.activasport.ch\\\/fr\\\/?s={search_term_string}\"},\"query-input\":{\"@type\":\"PropertyValueSpecification\",\"valueRequired\":true,\"valueName\":\"search_term_string\"}}],\"inLanguage\":\"fr-FR\"},{\"@type\":\"Organization\",\"@id\":\"https:\\\/\\\/www.activasport.ch\\\/fr\\\/#organization\",\"name\":\"Activa Sport GmbH\",\"url\":\"https:\\\/\\\/www.activasport.ch\\\/fr\\\/\",\"logo\":{\"@type\":\"ImageObject\",\"inLanguage\":\"fr-FR\",\"@id\":\"https:\\\/\\\/www.activasport.ch\\\/fr\\\/#\\\/schema\\\/logo\\\/image\\\/\",\"url\":\"https:\\\/\\\/www.activasport.ch\\\/wp-content\\\/uploads\\\/2020\\\/04\\\/Activa_AS_Emblem_rot-schwarz_512x512.png\",\"contentUrl\":\"https:\\\/\\\/www.activasport.ch\\\/wp-content\\\/uploads\\\/2020\\\/04\\\/Activa_AS_Emblem_rot-schwarz_512x512.png\",\"width\":512,\"height\":512,\"caption\":\"Activa Sport GmbH\"},\"image\":{\"@id\":\"https:\\\/\\\/www.activasport.ch\\\/fr\\\/#\\\/schema\\\/logo\\\/image\\\/\"},\"sameAs\":[\"https:\\\/\\\/www.facebook.com\\\/activasport.ch\\\/\",\"https:\\\/\\\/www.youtube.com\\\/channel\\\/UCtqHC7rBGHotohPIGFurwzg\"]}]}<\/script>\n<!-- \/ Yoast SEO plugin. -->","yoast_head_json":{"title":"Matelas de r\u00e9ception pour saut \u00e0 la perche STANDARD","description":"Matelas de r\u00e9ception pour saut \u00e0 la perche STANDARD | 650 x 500 x 80 cm | Activa Sport Sarl | \u2026que le sport soit avec toi !","robots":{"index":"index","follow":"follow","max-snippet":"max-snippet:-1","max-image-preview":"max-image-preview:large","max-video-preview":"max-video-preview:-1"},"canonical":"https:\/\/www.activasport.ch\/fr\/produkt\/matelas-de-reception-pour-saut-a-la-perche-standard\/","og_locale":"fr_FR","og_type":"article","og_title":"Matelas de r\u00e9ception pour saut \u00e0 la perche STANDARD","og_description":"Matelas de r\u00e9ception pour saut \u00e0 la perche STANDARD | 650 x 500 x 80 cm | Activa Sport Sarl | \u2026que le sport soit avec toi !","og_url":"https:\/\/www.activasport.ch\/fr\/produkt\/matelas-de-reception-pour-saut-a-la-perche-standard\/","og_site_name":"Activa Sport GmbH | M\u00f6ge der Sport mit Dir sein...","article_publisher":"https:\/\/www.facebook.com\/activasport.ch\/","article_modified_time":"2022-06-15T09:47:54+00:00","og_image":[{"width":800,"height":800,"url":"https:\/\/www.activasport.ch\/wp-content\/uploads\/2019\/11\/Stabhochsprungmatte-STANDARD_800X800.jpg","type":"image\/jpeg"}],"twitter_card":"summary_large_image","schema":{"@context":"https:\/\/schema.org","@graph":[{"@type":"WebPage","@id":"https:\/\/www.activasport.ch\/fr\/produkt\/matelas-de-reception-pour-saut-a-la-perche-standard\/","url":"https:\/\/www.activasport.ch\/fr\/produkt\/matelas-de-reception-pour-saut-a-la-perche-standard\/","name":"Matelas de r\u00e9ception pour saut \u00e0 la perche STANDARD","isPartOf":{"@id":"https:\/\/www.activasport.ch\/fr\/#website"},"primaryImageOfPage":{"@id":"https:\/\/www.activasport.ch\/fr\/produkt\/matelas-de-reception-pour-saut-a-la-perche-standard\/#primaryimage"},"image":{"@id":"https:\/\/www.activasport.ch\/fr\/produkt\/matelas-de-reception-pour-saut-a-la-perche-standard\/#primaryimage"},"thumbnailUrl":"https:\/\/www.activasport.ch\/wp-content\/uploads\/2019\/11\/Stabhochsprungmatte-STANDARD_800X800.jpg","datePublished":"2021-06-09T12:43:06+00:00","dateModified":"2022-06-15T09:47:54+00:00","description":"Matelas de r\u00e9ception pour saut \u00e0 la perche STANDARD | 650 x 500 x 80 cm | Activa Sport Sarl | \u2026que le sport soit avec toi !","breadcrumb":{"@id":"https:\/\/www.activasport.ch\/fr\/produkt\/matelas-de-reception-pour-saut-a-la-perche-standard\/#breadcrumb"},"inLanguage":"fr-FR","potentialAction":[{"@type":"ReadAction","target":["https:\/\/www.activasport.ch\/fr\/produkt\/matelas-de-reception-pour-saut-a-la-perche-standard\/"]}]},{"@type":"ImageObject","inLanguage":"fr-FR","@id":"https:\/\/www.activasport.ch\/fr\/produkt\/matelas-de-reception-pour-saut-a-la-perche-standard\/#primaryimage","url":"https:\/\/www.activasport.ch\/wp-content\/uploads\/2019\/11\/Stabhochsprungmatte-STANDARD_800X800.jpg","contentUrl":"https:\/\/www.activasport.ch\/wp-content\/uploads\/2019\/11\/Stabhochsprungmatte-STANDARD_800X800.jpg","width":800,"height":800},{"@type":"BreadcrumbList","@id":"https:\/\/www.activasport.ch\/fr\/produkt\/matelas-de-reception-pour-saut-a-la-perche-standard\/#breadcrumb","itemListElement":[{"@type":"ListItem","position":1,"name":"Home","item":"https:\/\/www.activasport.ch\/fr\/"},{"@type":"ListItem","position":2,"name":"Shop","item":"https:\/\/www.activasport.ch\/fr\/?page_id=258329"},{"@type":"ListItem","position":3,"name":"Matelas de r\u00e9ception pour saut \u00e0 la perche STANDARD"}]},{"@type":"WebSite","@id":"https:\/\/www.activasport.ch\/fr\/#website","url":"https:\/\/www.activasport.ch\/fr\/","name":"Activa Sport GmbH | M\u00f6ge der Sport mit Dir sein...","description":"","publisher":{"@id":"https:\/\/www.activasport.ch\/fr\/#organization"},"potentialAction":[{"@type":"SearchAction","target":{"@type":"EntryPoint","urlTemplate":"https:\/\/www.activasport.ch\/fr\/?s={search_term_string}"},"query-input":{"@type":"PropertyValueSpecification","valueRequired":true,"valueName":"search_term_string"}}],"inLanguage":"fr-FR"},{"@type":"Organization","@id":"https:\/\/www.activasport.ch\/fr\/#organization","name":"Activa Sport GmbH","url":"https:\/\/www.activasport.ch\/fr\/","logo":{"@type":"ImageObject","inLanguage":"fr-FR","@id":"https:\/\/www.activasport.ch\/fr\/#\/schema\/logo\/image\/","url":"https:\/\/www.activasport.ch\/wp-content\/uploads\/2020\/04\/Activa_AS_Emblem_rot-schwarz_512x512.png","contentUrl":"https:\/\/www.activasport.ch\/wp-content\/uploads\/2020\/04\/Activa_AS_Emblem_rot-schwarz_512x512.png","width":512,"height":512,"caption":"Activa Sport GmbH"},"image":{"@id":"https:\/\/www.activasport.ch\/fr\/#\/schema\/logo\/image\/"},"sameAs":["https:\/\/www.facebook.com\/activasport.ch\/","https:\/\/www.youtube.com\/channel\/UCtqHC7rBGHotohPIGFurwzg"]}]}},"_links":{"self":[{"href":"https:\/\/www.activasport.ch\/fr\/wp-json\/wp\/v2\/product\/278694","targetHints":{"allow":["GET"]}}],"collection":[{"href":"https:\/\/www.activasport.ch\/fr\/wp-json\/wp\/v2\/product"}],"about":[{"href":"https:\/\/www.activasport.ch\/fr\/wp-json\/wp\/v2\/types\/product"}],"wp:featuredmedia":[{"embeddable":true,"href":"https:\/\/www.activasport.ch\/fr\/wp-json\/wp\/v2\/media\/269282"}],"wp:attachment":[{"href":"https:\/\/www.activasport.ch\/fr\/wp-json\/wp\/v2\/media?parent=278694"}],"wp:term":[{"taxonomy":"product_brand","embeddable":true,"href":"https:\/\/www.activasport.ch\/fr\/wp-json\/wp\/v2\/product_brand?post=278694"},{"taxonomy":"product_cat","embeddable":true,"href":"https:\/\/www.activasport.ch\/fr\/wp-json\/wp\/v2\/product_cat?post=278694"},{"taxonomy":"product_tag","embeddable":true,"href":"https:\/\/www.activasport.ch\/fr\/wp-json\/wp\/v2\/product_tag?post=278694"}],"curies":[{"name":"wp","href":"https:\/\/api.w.org\/{rel}","templated":true}]}}