{"id":278680,"date":"2021-06-09T13:53:42","date_gmt":"2021-06-09T12:42:49","guid":{"rendered":"https:\/\/www.activasport.ch\/shop\/non%20class\u00e9\/kontrollstreifen-kastenschablone\/"},"modified":"2024-11-26T15:26:09","modified_gmt":"2024-11-26T14:26:09","slug":"bande-de-controle-gabarit-de-caisson","status":"publish","type":"product","link":"https:\/\/www.activasport.ch\/fr\/produkt\/bande-de-controle-gabarit-de-caisson\/","title":{"rendered":"Bande de contr\u00f4le + gabarit de caisson"},"content":{"rendered":"<p>Mod\u00e8le de bo\u00eete en bois (multiplex), gr\u00e2ce \u00e0 l&rsquo;angle de 90\u00b0 fix\u00e9 dans le profil, l&#8217;empreinte sur la bande de contr\u00f4le peut \u00eatre facilement corrig\u00e9e et retrac\u00e9e avec pr\u00e9cision en cas de \u00ab d\u00e9passement \u00bb de l&rsquo;athl\u00e8te !<br \/>\nPlanche d&rsquo;insertion en plastique plein comme bande de contr\u00f4le, avec certificat World Athletics. Insert en plastiline de m\u00eame \u00e9paisseur des deux c\u00f4t\u00e9s avec une \u00ab pente \u00bb de 90\u00b0. Pour corriger facilement et retracer avec pr\u00e9cision l&rsquo;angle de 90\u00b0, nous recommandons notre mod\u00e8le de bo\u00eete.<\/p>\n","protected":false},"excerpt":{"rendered":"<p>Mod\u00e8le de bo\u00eete en bois (multiplex), gr\u00e2ce \u00e0 l&rsquo;angle de 90\u00b0 fix\u00e9 dans le profil, l&#8217;empreinte sur la bande de contr\u00f4le peut \u00eatre facilement corrig\u00e9e et retrac\u00e9e avec pr\u00e9cision en cas de \u00ab d\u00e9passement \u00bb de l&rsquo;athl\u00e8te ! Planche d&rsquo;insertion en plastique plein comme bande de contr\u00f4le, avec certificat World Athletics. Insert en plastiline de [&hellip;]<\/p>\n","protected":false},"featured_media":285049,"template":"","meta":{"_et_pb_use_builder":"","_et_pb_old_content":"","_et_gb_content_width":""},"product_brand":[],"product_cat":[872,900,859,899],"product_tag":[],"class_list":{"0":"post-278680","1":"product","2":"type-product","3":"status-publish","4":"has-post-thumbnail","6":"product_cat-athletisme-fr","7":"product_cat-competition-fr","8":"product_cat-engins-de-sport-fr","9":"product_cat-saut-en-longueur-fr","11":"first","12":"instock","13":"purchasable","14":"product-type-simple"},"yoast_head":"<!-- This site is optimized with the Yoast SEO plugin v27.3 - https:\/\/yoast.com\/product\/yoast-seo-wordpress\/ -->\n<title>Bande de contr\u00f4le + gabarit de caisson | selon IWR \/ WA<\/title>\n<meta name=\"description\" content=\"Bande de contr\u00f4le + gabarit de caisson | selon IWR \/ WA | Triple saut | Saut en longueur | Athl\u00e9tisme | Activa Sport Sarl | \u2026que le sport soit avec toi !\" \/>\n<meta name=\"robots\" content=\"index, follow, max-snippet:-1, max-image-preview:large, max-video-preview:-1\" \/>\n<link rel=\"canonical\" href=\"https:\/\/www.activasport.ch\/fr\/produkt\/bande-de-controle-gabarit-de-caisson\/\" \/>\n<meta property=\"og:locale\" content=\"fr_FR\" \/>\n<meta property=\"og:type\" content=\"article\" \/>\n<meta property=\"og:title\" content=\"Bande de contr\u00f4le + gabarit de caisson | selon IWR \/ WA\" \/>\n<meta property=\"og:description\" content=\"Bande de contr\u00f4le + gabarit de caisson | selon IWR \/ WA | Triple saut | Saut en longueur | Athl\u00e9tisme | Activa Sport Sarl | \u2026que le sport soit avec toi !\" \/>\n<meta property=\"og:url\" content=\"https:\/\/www.activasport.ch\/fr\/produkt\/bande-de-controle-gabarit-de-caisson\/\" \/>\n<meta property=\"og:site_name\" content=\"Activa Sport GmbH | M\u00f6ge der Sport mit Dir sein...\" \/>\n<meta property=\"article:publisher\" content=\"https:\/\/www.facebook.com\/activasport.ch\/\" \/>\n<meta property=\"article:modified_time\" content=\"2024-11-26T14:26:09+00:00\" \/>\n<meta property=\"og:image\" content=\"https:\/\/www.activasport.ch\/wp-content\/uploads\/2021\/06\/S01001039_Kontrollstreifen-mit-Kastenschablone_1000x1000.jpg\" \/>\n\t<meta property=\"og:image:width\" content=\"1000\" \/>\n\t<meta property=\"og:image:height\" content=\"1000\" \/>\n\t<meta property=\"og:image:type\" content=\"image\/jpeg\" \/>\n<meta name=\"twitter:card\" content=\"summary_large_image\" \/>\n<meta name=\"twitter:label1\" content=\"Dur\u00e9e de lecture estim\u00e9e\" \/>\n\t<meta name=\"twitter:data1\" content=\"1 minute\" \/>\n<script type=\"application\/ld+json\" class=\"yoast-schema-graph\">{\"@context\":\"https:\\\/\\\/schema.org\",\"@graph\":[{\"@type\":\"WebPage\",\"@id\":\"https:\\\/\\\/www.activasport.ch\\\/fr\\\/produkt\\\/bande-de-controle-gabarit-de-caisson\\\/\",\"url\":\"https:\\\/\\\/www.activasport.ch\\\/fr\\\/produkt\\\/bande-de-controle-gabarit-de-caisson\\\/\",\"name\":\"Bande de contr\u00f4le + gabarit de caisson | selon IWR \\\/ WA\",\"isPartOf\":{\"@id\":\"https:\\\/\\\/www.activasport.ch\\\/fr\\\/#website\"},\"primaryImageOfPage\":{\"@id\":\"https:\\\/\\\/www.activasport.ch\\\/fr\\\/produkt\\\/bande-de-controle-gabarit-de-caisson\\\/#primaryimage\"},\"image\":{\"@id\":\"https:\\\/\\\/www.activasport.ch\\\/fr\\\/produkt\\\/bande-de-controle-gabarit-de-caisson\\\/#primaryimage\"},\"thumbnailUrl\":\"https:\\\/\\\/www.activasport.ch\\\/wp-content\\\/uploads\\\/2021\\\/06\\\/S01001039_Kontrollstreifen-mit-Kastenschablone_1000x1000.jpg\",\"datePublished\":\"2021-06-09T12:42:49+00:00\",\"dateModified\":\"2024-11-26T14:26:09+00:00\",\"description\":\"Bande de contr\u00f4le + gabarit de caisson | selon IWR \\\/ WA | Triple saut | Saut en longueur | Athl\u00e9tisme | Activa Sport Sarl | \u2026que le sport soit avec toi !\",\"breadcrumb\":{\"@id\":\"https:\\\/\\\/www.activasport.ch\\\/fr\\\/produkt\\\/bande-de-controle-gabarit-de-caisson\\\/#breadcrumb\"},\"inLanguage\":\"fr-FR\",\"potentialAction\":[{\"@type\":\"ReadAction\",\"target\":[\"https:\\\/\\\/www.activasport.ch\\\/fr\\\/produkt\\\/bande-de-controle-gabarit-de-caisson\\\/\"]}]},{\"@type\":\"ImageObject\",\"inLanguage\":\"fr-FR\",\"@id\":\"https:\\\/\\\/www.activasport.ch\\\/fr\\\/produkt\\\/bande-de-controle-gabarit-de-caisson\\\/#primaryimage\",\"url\":\"https:\\\/\\\/www.activasport.ch\\\/wp-content\\\/uploads\\\/2021\\\/06\\\/S01001039_Kontrollstreifen-mit-Kastenschablone_1000x1000.jpg\",\"contentUrl\":\"https:\\\/\\\/www.activasport.ch\\\/wp-content\\\/uploads\\\/2021\\\/06\\\/S01001039_Kontrollstreifen-mit-Kastenschablone_1000x1000.jpg\",\"width\":1000,\"height\":1000,\"caption\":\"Kontrollstreifen + Kastenschablone\"},{\"@type\":\"BreadcrumbList\",\"@id\":\"https:\\\/\\\/www.activasport.ch\\\/fr\\\/produkt\\\/bande-de-controle-gabarit-de-caisson\\\/#breadcrumb\",\"itemListElement\":[{\"@type\":\"ListItem\",\"position\":1,\"name\":\"Home\",\"item\":\"https:\\\/\\\/www.activasport.ch\\\/fr\\\/\"},{\"@type\":\"ListItem\",\"position\":2,\"name\":\"Shop\",\"item\":\"https:\\\/\\\/www.activasport.ch\\\/fr\\\/?page_id=258329\"},{\"@type\":\"ListItem\",\"position\":3,\"name\":\"Bande de contr\u00f4le + gabarit de caisson\"}]},{\"@type\":\"WebSite\",\"@id\":\"https:\\\/\\\/www.activasport.ch\\\/fr\\\/#website\",\"url\":\"https:\\\/\\\/www.activasport.ch\\\/fr\\\/\",\"name\":\"Activa Sport GmbH | M\u00f6ge der Sport mit Dir sein...\",\"description\":\"\",\"publisher\":{\"@id\":\"https:\\\/\\\/www.activasport.ch\\\/fr\\\/#organization\"},\"potentialAction\":[{\"@type\":\"SearchAction\",\"target\":{\"@type\":\"EntryPoint\",\"urlTemplate\":\"https:\\\/\\\/www.activasport.ch\\\/fr\\\/?s={search_term_string}\"},\"query-input\":{\"@type\":\"PropertyValueSpecification\",\"valueRequired\":true,\"valueName\":\"search_term_string\"}}],\"inLanguage\":\"fr-FR\"},{\"@type\":\"Organization\",\"@id\":\"https:\\\/\\\/www.activasport.ch\\\/fr\\\/#organization\",\"name\":\"Activa Sport GmbH\",\"url\":\"https:\\\/\\\/www.activasport.ch\\\/fr\\\/\",\"logo\":{\"@type\":\"ImageObject\",\"inLanguage\":\"fr-FR\",\"@id\":\"https:\\\/\\\/www.activasport.ch\\\/fr\\\/#\\\/schema\\\/logo\\\/image\\\/\",\"url\":\"https:\\\/\\\/www.activasport.ch\\\/wp-content\\\/uploads\\\/2020\\\/04\\\/Activa_AS_Emblem_rot-schwarz_512x512.png\",\"contentUrl\":\"https:\\\/\\\/www.activasport.ch\\\/wp-content\\\/uploads\\\/2020\\\/04\\\/Activa_AS_Emblem_rot-schwarz_512x512.png\",\"width\":512,\"height\":512,\"caption\":\"Activa Sport GmbH\"},\"image\":{\"@id\":\"https:\\\/\\\/www.activasport.ch\\\/fr\\\/#\\\/schema\\\/logo\\\/image\\\/\"},\"sameAs\":[\"https:\\\/\\\/www.facebook.com\\\/activasport.ch\\\/\",\"https:\\\/\\\/www.youtube.com\\\/channel\\\/UCtqHC7rBGHotohPIGFurwzg\"]}]}<\/script>\n<!-- \/ Yoast SEO plugin. -->","yoast_head_json":{"title":"Bande de contr\u00f4le + gabarit de caisson | selon IWR \/ WA","description":"Bande de contr\u00f4le + gabarit de caisson | selon IWR \/ WA | Triple saut | Saut en longueur | Athl\u00e9tisme | Activa Sport Sarl | \u2026que le sport soit avec toi !","robots":{"index":"index","follow":"follow","max-snippet":"max-snippet:-1","max-image-preview":"max-image-preview:large","max-video-preview":"max-video-preview:-1"},"canonical":"https:\/\/www.activasport.ch\/fr\/produkt\/bande-de-controle-gabarit-de-caisson\/","og_locale":"fr_FR","og_type":"article","og_title":"Bande de contr\u00f4le + gabarit de caisson | selon IWR \/ WA","og_description":"Bande de contr\u00f4le + gabarit de caisson | selon IWR \/ WA | Triple saut | Saut en longueur | Athl\u00e9tisme | Activa Sport Sarl | \u2026que le sport soit avec toi !","og_url":"https:\/\/www.activasport.ch\/fr\/produkt\/bande-de-controle-gabarit-de-caisson\/","og_site_name":"Activa Sport GmbH | M\u00f6ge der Sport mit Dir sein...","article_publisher":"https:\/\/www.facebook.com\/activasport.ch\/","article_modified_time":"2024-11-26T14:26:09+00:00","og_image":[{"width":1000,"height":1000,"url":"https:\/\/www.activasport.ch\/wp-content\/uploads\/2021\/06\/S01001039_Kontrollstreifen-mit-Kastenschablone_1000x1000.jpg","type":"image\/jpeg"}],"twitter_card":"summary_large_image","twitter_misc":{"Dur\u00e9e de lecture estim\u00e9e":"1 minute"},"schema":{"@context":"https:\/\/schema.org","@graph":[{"@type":"WebPage","@id":"https:\/\/www.activasport.ch\/fr\/produkt\/bande-de-controle-gabarit-de-caisson\/","url":"https:\/\/www.activasport.ch\/fr\/produkt\/bande-de-controle-gabarit-de-caisson\/","name":"Bande de contr\u00f4le + gabarit de caisson | selon IWR \/ WA","isPartOf":{"@id":"https:\/\/www.activasport.ch\/fr\/#website"},"primaryImageOfPage":{"@id":"https:\/\/www.activasport.ch\/fr\/produkt\/bande-de-controle-gabarit-de-caisson\/#primaryimage"},"image":{"@id":"https:\/\/www.activasport.ch\/fr\/produkt\/bande-de-controle-gabarit-de-caisson\/#primaryimage"},"thumbnailUrl":"https:\/\/www.activasport.ch\/wp-content\/uploads\/2021\/06\/S01001039_Kontrollstreifen-mit-Kastenschablone_1000x1000.jpg","datePublished":"2021-06-09T12:42:49+00:00","dateModified":"2024-11-26T14:26:09+00:00","description":"Bande de contr\u00f4le + gabarit de caisson | selon IWR \/ WA | Triple saut | Saut en longueur | Athl\u00e9tisme | Activa Sport Sarl | \u2026que le sport soit avec toi !","breadcrumb":{"@id":"https:\/\/www.activasport.ch\/fr\/produkt\/bande-de-controle-gabarit-de-caisson\/#breadcrumb"},"inLanguage":"fr-FR","potentialAction":[{"@type":"ReadAction","target":["https:\/\/www.activasport.ch\/fr\/produkt\/bande-de-controle-gabarit-de-caisson\/"]}]},{"@type":"ImageObject","inLanguage":"fr-FR","@id":"https:\/\/www.activasport.ch\/fr\/produkt\/bande-de-controle-gabarit-de-caisson\/#primaryimage","url":"https:\/\/www.activasport.ch\/wp-content\/uploads\/2021\/06\/S01001039_Kontrollstreifen-mit-Kastenschablone_1000x1000.jpg","contentUrl":"https:\/\/www.activasport.ch\/wp-content\/uploads\/2021\/06\/S01001039_Kontrollstreifen-mit-Kastenschablone_1000x1000.jpg","width":1000,"height":1000,"caption":"Kontrollstreifen + Kastenschablone"},{"@type":"BreadcrumbList","@id":"https:\/\/www.activasport.ch\/fr\/produkt\/bande-de-controle-gabarit-de-caisson\/#breadcrumb","itemListElement":[{"@type":"ListItem","position":1,"name":"Home","item":"https:\/\/www.activasport.ch\/fr\/"},{"@type":"ListItem","position":2,"name":"Shop","item":"https:\/\/www.activasport.ch\/fr\/?page_id=258329"},{"@type":"ListItem","position":3,"name":"Bande de contr\u00f4le + gabarit de caisson"}]},{"@type":"WebSite","@id":"https:\/\/www.activasport.ch\/fr\/#website","url":"https:\/\/www.activasport.ch\/fr\/","name":"Activa Sport GmbH | M\u00f6ge der Sport mit Dir sein...","description":"","publisher":{"@id":"https:\/\/www.activasport.ch\/fr\/#organization"},"potentialAction":[{"@type":"SearchAction","target":{"@type":"EntryPoint","urlTemplate":"https:\/\/www.activasport.ch\/fr\/?s={search_term_string}"},"query-input":{"@type":"PropertyValueSpecification","valueRequired":true,"valueName":"search_term_string"}}],"inLanguage":"fr-FR"},{"@type":"Organization","@id":"https:\/\/www.activasport.ch\/fr\/#organization","name":"Activa Sport GmbH","url":"https:\/\/www.activasport.ch\/fr\/","logo":{"@type":"ImageObject","inLanguage":"fr-FR","@id":"https:\/\/www.activasport.ch\/fr\/#\/schema\/logo\/image\/","url":"https:\/\/www.activasport.ch\/wp-content\/uploads\/2020\/04\/Activa_AS_Emblem_rot-schwarz_512x512.png","contentUrl":"https:\/\/www.activasport.ch\/wp-content\/uploads\/2020\/04\/Activa_AS_Emblem_rot-schwarz_512x512.png","width":512,"height":512,"caption":"Activa Sport GmbH"},"image":{"@id":"https:\/\/www.activasport.ch\/fr\/#\/schema\/logo\/image\/"},"sameAs":["https:\/\/www.facebook.com\/activasport.ch\/","https:\/\/www.youtube.com\/channel\/UCtqHC7rBGHotohPIGFurwzg"]}]}},"_links":{"self":[{"href":"https:\/\/www.activasport.ch\/fr\/wp-json\/wp\/v2\/product\/278680","targetHints":{"allow":["GET"]}}],"collection":[{"href":"https:\/\/www.activasport.ch\/fr\/wp-json\/wp\/v2\/product"}],"about":[{"href":"https:\/\/www.activasport.ch\/fr\/wp-json\/wp\/v2\/types\/product"}],"wp:featuredmedia":[{"embeddable":true,"href":"https:\/\/www.activasport.ch\/fr\/wp-json\/wp\/v2\/media\/285049"}],"wp:attachment":[{"href":"https:\/\/www.activasport.ch\/fr\/wp-json\/wp\/v2\/media?parent=278680"}],"wp:term":[{"taxonomy":"product_brand","embeddable":true,"href":"https:\/\/www.activasport.ch\/fr\/wp-json\/wp\/v2\/product_brand?post=278680"},{"taxonomy":"product_cat","embeddable":true,"href":"https:\/\/www.activasport.ch\/fr\/wp-json\/wp\/v2\/product_cat?post=278680"},{"taxonomy":"product_tag","embeddable":true,"href":"https:\/\/www.activasport.ch\/fr\/wp-json\/wp\/v2\/product_tag?post=278680"}],"curies":[{"name":"wp","href":"https:\/\/api.w.org\/{rel}","templated":true}]}}