{"id":278679,"date":"2021-06-09T13:53:42","date_gmt":"2021-06-09T12:42:49","guid":{"rendered":"https:\/\/www.activasport.ch\/shop\/non%20class\u00e9\/kontrollstreifen\/"},"modified":"2024-11-26T15:26:57","modified_gmt":"2024-11-26T14:26:57","slug":"bande-de-controle","status":"publish","type":"product","link":"https:\/\/www.activasport.ch\/fr\/produkt\/bande-de-controle\/","title":{"rendered":"Bande de contr\u00f4le"},"content":{"rendered":"<p><span id=\"wpaicg-chat-message-82094\" class=\"wpaicg-chat-message\">Bande de contr\u00f4le en plastique plein selon l&rsquo;IWR et World Athletics.<\/span><\/p>\n<p>&#8211; 122 x 10 x 2,7 cm<br \/>\n<span id=\"wpaicg-chat-message-82094\" class=\"wpaicg-chat-message\">&#8211; Insert en plastiline des deux c\u00f4t\u00e9s avec angle de 90\u00b0<br \/>\n<\/span><span id=\"wpaicg-chat-message-82094\" class=\"wpaicg-chat-message\">&#8211; Conforme \u00e0 la r\u00e9glementation actuelle en deux couleurs<br \/>\n&#8211; Avec certificat World Athletics.<\/span><\/p>\n<p>Pour des r\u00e9parations faciles et un tra\u00e7age pr\u00e9cis de l&rsquo;angle de 90\u00b0, nous recommandons notre <a href=\"https:\/\/www.activasport.ch\/fr\/produkt\/gabarit-pour-caisson\/\">gabarit de bo\u00eete<\/a>.<\/p>\n","protected":false},"excerpt":{"rendered":"<p>Bande de contr\u00f4le en plastique plein selon l&rsquo;IWR et World Athletics. &#8211; 122 x 10 x 2,7 cm &#8211; Insert en plastiline des deux c\u00f4t\u00e9s avec angle de 90\u00b0 &#8211; Conforme \u00e0 la r\u00e9glementation actuelle en deux couleurs &#8211; Avec certificat World Athletics. Pour des r\u00e9parations faciles et un tra\u00e7age pr\u00e9cis de l&rsquo;angle de 90\u00b0, [&hellip;]<\/p>\n","protected":false},"featured_media":285037,"template":"","meta":{"_et_pb_use_builder":"","_et_pb_old_content":"","_et_gb_content_width":""},"product_brand":[],"product_cat":[872,900,859,899],"product_tag":[],"class_list":{"0":"post-278679","1":"product","2":"type-product","3":"status-publish","4":"has-post-thumbnail","6":"product_cat-athletisme-fr","7":"product_cat-competition-fr","8":"product_cat-engins-de-sport-fr","9":"product_cat-saut-en-longueur-fr","11":"first","12":"instock","13":"purchasable","14":"product-type-simple"},"yoast_head":"<!-- This site is optimized with the Yoast SEO plugin v27.3 - https:\/\/yoast.com\/product\/yoast-seo-wordpress\/ -->\n<title>Bande de contr\u00f4le | selon IWR \/ WR<\/title>\n<meta name=\"description\" content=\"Bande de contr\u00f4le | selon IWR \/ WR | Triple saut | Saut en longueur | Athl\u00e9tisme | Activa Sport Sarl | \u2026que le sport soit avec toi !\" \/>\n<meta name=\"robots\" content=\"index, follow, max-snippet:-1, max-image-preview:large, max-video-preview:-1\" \/>\n<link rel=\"canonical\" href=\"https:\/\/www.activasport.ch\/fr\/produkt\/bande-de-controle\/\" \/>\n<meta property=\"og:locale\" content=\"fr_FR\" \/>\n<meta property=\"og:type\" content=\"article\" \/>\n<meta property=\"og:title\" content=\"Bande de contr\u00f4le | selon IWR \/ WR\" \/>\n<meta property=\"og:description\" content=\"Bande de contr\u00f4le | selon IWR \/ WR | Triple saut | Saut en longueur | Athl\u00e9tisme | Activa Sport Sarl | \u2026que le sport soit avec toi !\" \/>\n<meta property=\"og:url\" content=\"https:\/\/www.activasport.ch\/fr\/produkt\/bande-de-controle\/\" \/>\n<meta property=\"og:site_name\" content=\"Activa Sport GmbH | M\u00f6ge der Sport mit Dir sein...\" \/>\n<meta property=\"article:publisher\" content=\"https:\/\/www.facebook.com\/activasport.ch\/\" \/>\n<meta property=\"article:modified_time\" content=\"2024-11-26T14:26:57+00:00\" \/>\n<meta property=\"og:image\" content=\"https:\/\/www.activasport.ch\/wp-content\/uploads\/2021\/06\/S01001029_Kontrollstreifen_1000x1000.jpg\" \/>\n\t<meta property=\"og:image:width\" content=\"1000\" \/>\n\t<meta property=\"og:image:height\" content=\"1000\" \/>\n\t<meta property=\"og:image:type\" content=\"image\/jpeg\" \/>\n<meta name=\"twitter:card\" content=\"summary_large_image\" \/>\n<meta name=\"twitter:label1\" content=\"Dur\u00e9e de lecture estim\u00e9e\" \/>\n\t<meta name=\"twitter:data1\" content=\"1 minute\" \/>\n<script type=\"application\/ld+json\" class=\"yoast-schema-graph\">{\"@context\":\"https:\\\/\\\/schema.org\",\"@graph\":[{\"@type\":\"WebPage\",\"@id\":\"https:\\\/\\\/www.activasport.ch\\\/fr\\\/produkt\\\/bande-de-controle\\\/\",\"url\":\"https:\\\/\\\/www.activasport.ch\\\/fr\\\/produkt\\\/bande-de-controle\\\/\",\"name\":\"Bande de contr\u00f4le | selon IWR \\\/ WR\",\"isPartOf\":{\"@id\":\"https:\\\/\\\/www.activasport.ch\\\/fr\\\/#website\"},\"primaryImageOfPage\":{\"@id\":\"https:\\\/\\\/www.activasport.ch\\\/fr\\\/produkt\\\/bande-de-controle\\\/#primaryimage\"},\"image\":{\"@id\":\"https:\\\/\\\/www.activasport.ch\\\/fr\\\/produkt\\\/bande-de-controle\\\/#primaryimage\"},\"thumbnailUrl\":\"https:\\\/\\\/www.activasport.ch\\\/wp-content\\\/uploads\\\/2021\\\/06\\\/S01001029_Kontrollstreifen_1000x1000.jpg\",\"datePublished\":\"2021-06-09T12:42:49+00:00\",\"dateModified\":\"2024-11-26T14:26:57+00:00\",\"description\":\"Bande de contr\u00f4le | selon IWR \\\/ WR | Triple saut | Saut en longueur | Athl\u00e9tisme | Activa Sport Sarl | \u2026que le sport soit avec toi !\",\"breadcrumb\":{\"@id\":\"https:\\\/\\\/www.activasport.ch\\\/fr\\\/produkt\\\/bande-de-controle\\\/#breadcrumb\"},\"inLanguage\":\"fr-FR\",\"potentialAction\":[{\"@type\":\"ReadAction\",\"target\":[\"https:\\\/\\\/www.activasport.ch\\\/fr\\\/produkt\\\/bande-de-controle\\\/\"]}]},{\"@type\":\"ImageObject\",\"inLanguage\":\"fr-FR\",\"@id\":\"https:\\\/\\\/www.activasport.ch\\\/fr\\\/produkt\\\/bande-de-controle\\\/#primaryimage\",\"url\":\"https:\\\/\\\/www.activasport.ch\\\/wp-content\\\/uploads\\\/2021\\\/06\\\/S01001029_Kontrollstreifen_1000x1000.jpg\",\"contentUrl\":\"https:\\\/\\\/www.activasport.ch\\\/wp-content\\\/uploads\\\/2021\\\/06\\\/S01001029_Kontrollstreifen_1000x1000.jpg\",\"width\":1000,\"height\":1000,\"caption\":\"Kontrollstreifen\"},{\"@type\":\"BreadcrumbList\",\"@id\":\"https:\\\/\\\/www.activasport.ch\\\/fr\\\/produkt\\\/bande-de-controle\\\/#breadcrumb\",\"itemListElement\":[{\"@type\":\"ListItem\",\"position\":1,\"name\":\"Home\",\"item\":\"https:\\\/\\\/www.activasport.ch\\\/fr\\\/\"},{\"@type\":\"ListItem\",\"position\":2,\"name\":\"Shop\",\"item\":\"https:\\\/\\\/www.activasport.ch\\\/fr\\\/?page_id=258329\"},{\"@type\":\"ListItem\",\"position\":3,\"name\":\"Bande de contr\u00f4le\"}]},{\"@type\":\"WebSite\",\"@id\":\"https:\\\/\\\/www.activasport.ch\\\/fr\\\/#website\",\"url\":\"https:\\\/\\\/www.activasport.ch\\\/fr\\\/\",\"name\":\"Activa Sport GmbH | M\u00f6ge der Sport mit Dir sein...\",\"description\":\"\",\"publisher\":{\"@id\":\"https:\\\/\\\/www.activasport.ch\\\/fr\\\/#organization\"},\"potentialAction\":[{\"@type\":\"SearchAction\",\"target\":{\"@type\":\"EntryPoint\",\"urlTemplate\":\"https:\\\/\\\/www.activasport.ch\\\/fr\\\/?s={search_term_string}\"},\"query-input\":{\"@type\":\"PropertyValueSpecification\",\"valueRequired\":true,\"valueName\":\"search_term_string\"}}],\"inLanguage\":\"fr-FR\"},{\"@type\":\"Organization\",\"@id\":\"https:\\\/\\\/www.activasport.ch\\\/fr\\\/#organization\",\"name\":\"Activa Sport GmbH\",\"url\":\"https:\\\/\\\/www.activasport.ch\\\/fr\\\/\",\"logo\":{\"@type\":\"ImageObject\",\"inLanguage\":\"fr-FR\",\"@id\":\"https:\\\/\\\/www.activasport.ch\\\/fr\\\/#\\\/schema\\\/logo\\\/image\\\/\",\"url\":\"https:\\\/\\\/www.activasport.ch\\\/wp-content\\\/uploads\\\/2020\\\/04\\\/Activa_AS_Emblem_rot-schwarz_512x512.png\",\"contentUrl\":\"https:\\\/\\\/www.activasport.ch\\\/wp-content\\\/uploads\\\/2020\\\/04\\\/Activa_AS_Emblem_rot-schwarz_512x512.png\",\"width\":512,\"height\":512,\"caption\":\"Activa Sport GmbH\"},\"image\":{\"@id\":\"https:\\\/\\\/www.activasport.ch\\\/fr\\\/#\\\/schema\\\/logo\\\/image\\\/\"},\"sameAs\":[\"https:\\\/\\\/www.facebook.com\\\/activasport.ch\\\/\",\"https:\\\/\\\/www.youtube.com\\\/channel\\\/UCtqHC7rBGHotohPIGFurwzg\"]}]}<\/script>\n<!-- \/ Yoast SEO plugin. -->","yoast_head_json":{"title":"Bande de contr\u00f4le | selon IWR \/ WR","description":"Bande de contr\u00f4le | selon IWR \/ WR | Triple saut | Saut en longueur | Athl\u00e9tisme | Activa Sport Sarl | \u2026que le sport soit avec toi !","robots":{"index":"index","follow":"follow","max-snippet":"max-snippet:-1","max-image-preview":"max-image-preview:large","max-video-preview":"max-video-preview:-1"},"canonical":"https:\/\/www.activasport.ch\/fr\/produkt\/bande-de-controle\/","og_locale":"fr_FR","og_type":"article","og_title":"Bande de contr\u00f4le | selon IWR \/ WR","og_description":"Bande de contr\u00f4le | selon IWR \/ WR | Triple saut | Saut en longueur | Athl\u00e9tisme | Activa Sport Sarl | \u2026que le sport soit avec toi !","og_url":"https:\/\/www.activasport.ch\/fr\/produkt\/bande-de-controle\/","og_site_name":"Activa Sport GmbH | M\u00f6ge der Sport mit Dir sein...","article_publisher":"https:\/\/www.facebook.com\/activasport.ch\/","article_modified_time":"2024-11-26T14:26:57+00:00","og_image":[{"width":1000,"height":1000,"url":"https:\/\/www.activasport.ch\/wp-content\/uploads\/2021\/06\/S01001029_Kontrollstreifen_1000x1000.jpg","type":"image\/jpeg"}],"twitter_card":"summary_large_image","twitter_misc":{"Dur\u00e9e de lecture estim\u00e9e":"1 minute"},"schema":{"@context":"https:\/\/schema.org","@graph":[{"@type":"WebPage","@id":"https:\/\/www.activasport.ch\/fr\/produkt\/bande-de-controle\/","url":"https:\/\/www.activasport.ch\/fr\/produkt\/bande-de-controle\/","name":"Bande de contr\u00f4le | selon IWR \/ WR","isPartOf":{"@id":"https:\/\/www.activasport.ch\/fr\/#website"},"primaryImageOfPage":{"@id":"https:\/\/www.activasport.ch\/fr\/produkt\/bande-de-controle\/#primaryimage"},"image":{"@id":"https:\/\/www.activasport.ch\/fr\/produkt\/bande-de-controle\/#primaryimage"},"thumbnailUrl":"https:\/\/www.activasport.ch\/wp-content\/uploads\/2021\/06\/S01001029_Kontrollstreifen_1000x1000.jpg","datePublished":"2021-06-09T12:42:49+00:00","dateModified":"2024-11-26T14:26:57+00:00","description":"Bande de contr\u00f4le | selon IWR \/ WR | Triple saut | Saut en longueur | Athl\u00e9tisme | Activa Sport Sarl | \u2026que le sport soit avec toi !","breadcrumb":{"@id":"https:\/\/www.activasport.ch\/fr\/produkt\/bande-de-controle\/#breadcrumb"},"inLanguage":"fr-FR","potentialAction":[{"@type":"ReadAction","target":["https:\/\/www.activasport.ch\/fr\/produkt\/bande-de-controle\/"]}]},{"@type":"ImageObject","inLanguage":"fr-FR","@id":"https:\/\/www.activasport.ch\/fr\/produkt\/bande-de-controle\/#primaryimage","url":"https:\/\/www.activasport.ch\/wp-content\/uploads\/2021\/06\/S01001029_Kontrollstreifen_1000x1000.jpg","contentUrl":"https:\/\/www.activasport.ch\/wp-content\/uploads\/2021\/06\/S01001029_Kontrollstreifen_1000x1000.jpg","width":1000,"height":1000,"caption":"Kontrollstreifen"},{"@type":"BreadcrumbList","@id":"https:\/\/www.activasport.ch\/fr\/produkt\/bande-de-controle\/#breadcrumb","itemListElement":[{"@type":"ListItem","position":1,"name":"Home","item":"https:\/\/www.activasport.ch\/fr\/"},{"@type":"ListItem","position":2,"name":"Shop","item":"https:\/\/www.activasport.ch\/fr\/?page_id=258329"},{"@type":"ListItem","position":3,"name":"Bande de contr\u00f4le"}]},{"@type":"WebSite","@id":"https:\/\/www.activasport.ch\/fr\/#website","url":"https:\/\/www.activasport.ch\/fr\/","name":"Activa Sport GmbH | M\u00f6ge der Sport mit Dir sein...","description":"","publisher":{"@id":"https:\/\/www.activasport.ch\/fr\/#organization"},"potentialAction":[{"@type":"SearchAction","target":{"@type":"EntryPoint","urlTemplate":"https:\/\/www.activasport.ch\/fr\/?s={search_term_string}"},"query-input":{"@type":"PropertyValueSpecification","valueRequired":true,"valueName":"search_term_string"}}],"inLanguage":"fr-FR"},{"@type":"Organization","@id":"https:\/\/www.activasport.ch\/fr\/#organization","name":"Activa Sport GmbH","url":"https:\/\/www.activasport.ch\/fr\/","logo":{"@type":"ImageObject","inLanguage":"fr-FR","@id":"https:\/\/www.activasport.ch\/fr\/#\/schema\/logo\/image\/","url":"https:\/\/www.activasport.ch\/wp-content\/uploads\/2020\/04\/Activa_AS_Emblem_rot-schwarz_512x512.png","contentUrl":"https:\/\/www.activasport.ch\/wp-content\/uploads\/2020\/04\/Activa_AS_Emblem_rot-schwarz_512x512.png","width":512,"height":512,"caption":"Activa Sport GmbH"},"image":{"@id":"https:\/\/www.activasport.ch\/fr\/#\/schema\/logo\/image\/"},"sameAs":["https:\/\/www.facebook.com\/activasport.ch\/","https:\/\/www.youtube.com\/channel\/UCtqHC7rBGHotohPIGFurwzg"]}]}},"_links":{"self":[{"href":"https:\/\/www.activasport.ch\/fr\/wp-json\/wp\/v2\/product\/278679","targetHints":{"allow":["GET"]}}],"collection":[{"href":"https:\/\/www.activasport.ch\/fr\/wp-json\/wp\/v2\/product"}],"about":[{"href":"https:\/\/www.activasport.ch\/fr\/wp-json\/wp\/v2\/types\/product"}],"wp:featuredmedia":[{"embeddable":true,"href":"https:\/\/www.activasport.ch\/fr\/wp-json\/wp\/v2\/media\/285037"}],"wp:attachment":[{"href":"https:\/\/www.activasport.ch\/fr\/wp-json\/wp\/v2\/media?parent=278679"}],"wp:term":[{"taxonomy":"product_brand","embeddable":true,"href":"https:\/\/www.activasport.ch\/fr\/wp-json\/wp\/v2\/product_brand?post=278679"},{"taxonomy":"product_cat","embeddable":true,"href":"https:\/\/www.activasport.ch\/fr\/wp-json\/wp\/v2\/product_cat?post=278679"},{"taxonomy":"product_tag","embeddable":true,"href":"https:\/\/www.activasport.ch\/fr\/wp-json\/wp\/v2\/product_tag?post=278679"}],"curies":[{"name":"wp","href":"https:\/\/api.w.org\/{rel}","templated":true}]}}