{"id":278169,"date":"2021-06-09T14:06:26","date_gmt":"2021-06-09T12:35:56","guid":{"rendered":"https:\/\/www.activasport.ch\/shop\/non%20class\u00e9\/fussballtor-mobil-7-m-top\/"},"modified":"2024-08-07T10:31:00","modified_gmt":"2024-08-07T08:31:00","slug":"but-de-football-mobile-7-m-top","status":"publish","type":"product","link":"https:\/\/www.activasport.ch\/fr\/produkt\/but-de-football-mobile-7-m-top\/","title":{"rendered":"But de football mobile 7 m (TOP)"},"content":{"rendered":"<p><strong>But de football mobile 7 m (TOP) \u2013 Le choix id\u00e9al pour les professionnels et les clubs<br \/>\n<\/strong>D\u00e9couvrez notre but de football mobile haut de gamme, con\u00e7u pour r\u00e9pondre aux besoins des professionnels et des clubs. Avec une sortie de 80 cm en haut et de 200 cm en bas, ce but mesure 7,32 x 2,44 m, offrant ainsi des dimensions id\u00e9ales pour un jeu de qualit\u00e9.<\/p>\n<p><strong>Une construction robuste pour les exigences les plus \u00e9lev\u00e9es<br \/>\n<\/strong>Notre but de football mobile est fabriqu\u00e9 \u00e0 partir de profil\u00e9s en aluminium de haute qualit\u00e9 aux dimensions 100 x 120 mm. Les poteaux et la latte enti\u00e8rement soud\u00e9s garantissent une stabilit\u00e9 exceptionnelle et une long\u00e9vit\u00e9 accrue. Gr\u00e2ce aux raccords d&rsquo;angle soud\u00e9s, ce but est particuli\u00e8rement robuste et r\u00e9sistant, que ce soit \u00e0 l&rsquo;entra\u00eenement ou en comp\u00e9tition \u2013 il est con\u00e7u pour relever tous les d\u00e9fis. La suspension de filet de s\u00e9curit\u00e9 frais\u00e9e assure un ajustement parfait du filet, tout en facilitant son montage. Cette construction bien pens\u00e9e minimise le risque de blessure et permet \u00e0 tous les joueurs de jouer en toute s\u00e9curit\u00e9.<\/p>\n<p><strong>Profil de cadre au sol conforme \u00e0 la norme de l&rsquo;ASF<br \/>\n<\/strong>Le profil du cadre au sol de notre but de football mesure 80 x 40 mm (l x h) et r\u00e9pond aux exigences strictes de la norme de l&rsquo;ASF (Association suisse de football). Cette norme garantit \u00e0 la fois la s\u00e9curit\u00e9 et le professionnalisme que vous attendez d&rsquo;un but de football de qualit\u00e9.<\/p>\n<p><strong>Investissement \u00e0 long terme avec la garantie Sch\u00e4per de 7 ans<br \/>\n<\/strong>Nous sommes convaincus de la qualit\u00e9 de notre but de football mobile et vous offrons la garantie Sch\u00e4per de 7 ans. Cette garantie vous donne la confiance d&rsquo;investir dans un produit qui vous rendra de loyaux services pendant de nombreuses ann\u00e9es. Votre but de football ne sera pas seulement un partenaire fiable sur le terrain, mais aussi un symbole du professionnalisme de votre club.<\/p>\n<p><strong>Montage facile du filet \u2013 Assistance par un guide vid\u00e9o<\/strong><br \/>\nPour vous aider \u00e0 monter le filet, nous avons cr\u00e9\u00e9 une vid\u00e9o informative sur le montage du filet. Cliquez <a href=\"https:\/\/www.youtube.com\/watch?v=VEvzL9wZjnM&amp;t=10s\" target=\"_blank\" rel=\"noopener\">ICI<\/a> pour visionner la vid\u00e9o et apprendre \u00e9tape par \u00e9tape comment installer votre but de football de mani\u00e8re optimale. Vous vous assurerez ainsi que tout est parfaitement en place et pr\u00eat \u00e0 l&#8217;emploi.<\/p>\n","protected":false},"excerpt":{"rendered":"<p>But de football mobile 7 m (TOP) \u2013 Le choix id\u00e9al pour les professionnels et les clubs D\u00e9couvrez notre but de football mobile haut de gamme, con\u00e7u pour r\u00e9pondre aux besoins des professionnels et des clubs. Avec une sortie de 80 cm en haut et de 200 cm en bas, ce but mesure 7,32 x [&hellip;]<\/p>\n","protected":false},"featured_media":267831,"template":"","meta":{"_et_pb_use_builder":"","_et_pb_old_content":"","_et_gb_content_width":""},"product_brand":[],"product_cat":[1042],"product_tag":[],"class_list":{"0":"post-278169","1":"product","2":"type-product","3":"status-publish","4":"has-post-thumbnail","6":"product_cat-football-7-32-x-2-44-m-fr","8":"first","9":"instock","10":"product-type-simple"},"yoast_head":"<!-- This site is optimized with the Yoast SEO plugin v27.3 - https:\/\/yoast.com\/product\/yoast-seo-wordpress\/ -->\n<title>But de football mobile 7 m (TOP)<\/title>\n<meta name=\"description\" content=\"But de football mobile 7 m (TOP) | avec fixations de s\u00e9curit\u00e9 frais\u00e9es pour le filet | Activa Sport Sarl | \u2026que le sport soit avec toi !\" \/>\n<meta name=\"robots\" content=\"index, follow, max-snippet:-1, max-image-preview:large, max-video-preview:-1\" \/>\n<link rel=\"canonical\" href=\"https:\/\/www.activasport.ch\/fr\/produkt\/but-de-football-mobile-7-m-top\/\" \/>\n<meta property=\"og:locale\" content=\"fr_FR\" \/>\n<meta property=\"og:type\" content=\"article\" \/>\n<meta property=\"og:title\" content=\"But de football mobile 7 m (TOP)\" \/>\n<meta property=\"og:description\" content=\"But de football mobile 7 m (TOP) | avec fixations de s\u00e9curit\u00e9 frais\u00e9es pour le filet | Activa Sport Sarl | \u2026que le sport soit avec toi !\" \/>\n<meta property=\"og:url\" content=\"https:\/\/www.activasport.ch\/fr\/produkt\/but-de-football-mobile-7-m-top\/\" \/>\n<meta property=\"og:site_name\" content=\"Activa Sport GmbH | M\u00f6ge der Sport mit Dir sein...\" \/>\n<meta property=\"article:publisher\" content=\"https:\/\/www.facebook.com\/activasport.ch\/\" \/>\n<meta property=\"article:modified_time\" content=\"2024-08-07T08:31:00+00:00\" \/>\n<meta property=\"og:image\" content=\"https:\/\/www.activasport.ch\/wp-content\/uploads\/2019\/11\/S06S02031_Fussballtor-Typ3_blank_800x800.jpg\" \/>\n\t<meta property=\"og:image:width\" content=\"800\" \/>\n\t<meta property=\"og:image:height\" content=\"800\" \/>\n\t<meta property=\"og:image:type\" content=\"image\/jpeg\" \/>\n<meta name=\"twitter:card\" content=\"summary_large_image\" \/>\n<meta name=\"twitter:label1\" content=\"Dur\u00e9e de lecture estim\u00e9e\" \/>\n\t<meta name=\"twitter:data1\" content=\"3 minutes\" \/>\n<script type=\"application\/ld+json\" class=\"yoast-schema-graph\">{\"@context\":\"https:\\\/\\\/schema.org\",\"@graph\":[{\"@type\":\"WebPage\",\"@id\":\"https:\\\/\\\/www.activasport.ch\\\/fr\\\/produkt\\\/but-de-football-mobile-7-m-top\\\/\",\"url\":\"https:\\\/\\\/www.activasport.ch\\\/fr\\\/produkt\\\/but-de-football-mobile-7-m-top\\\/\",\"name\":\"But de football mobile 7 m (TOP)\",\"isPartOf\":{\"@id\":\"https:\\\/\\\/www.activasport.ch\\\/fr\\\/#website\"},\"primaryImageOfPage\":{\"@id\":\"https:\\\/\\\/www.activasport.ch\\\/fr\\\/produkt\\\/but-de-football-mobile-7-m-top\\\/#primaryimage\"},\"image\":{\"@id\":\"https:\\\/\\\/www.activasport.ch\\\/fr\\\/produkt\\\/but-de-football-mobile-7-m-top\\\/#primaryimage\"},\"thumbnailUrl\":\"https:\\\/\\\/www.activasport.ch\\\/wp-content\\\/uploads\\\/2019\\\/11\\\/S06S02031_Fussballtor-Typ3_blank_800x800.jpg\",\"datePublished\":\"2021-06-09T12:35:56+00:00\",\"dateModified\":\"2024-08-07T08:31:00+00:00\",\"description\":\"But de football mobile 7 m (TOP) | avec fixations de s\u00e9curit\u00e9 frais\u00e9es pour le filet | Activa Sport Sarl | \u2026que le sport soit avec toi !\",\"breadcrumb\":{\"@id\":\"https:\\\/\\\/www.activasport.ch\\\/fr\\\/produkt\\\/but-de-football-mobile-7-m-top\\\/#breadcrumb\"},\"inLanguage\":\"fr-FR\",\"potentialAction\":[{\"@type\":\"ReadAction\",\"target\":[\"https:\\\/\\\/www.activasport.ch\\\/fr\\\/produkt\\\/but-de-football-mobile-7-m-top\\\/\"]}]},{\"@type\":\"ImageObject\",\"inLanguage\":\"fr-FR\",\"@id\":\"https:\\\/\\\/www.activasport.ch\\\/fr\\\/produkt\\\/but-de-football-mobile-7-m-top\\\/#primaryimage\",\"url\":\"https:\\\/\\\/www.activasport.ch\\\/wp-content\\\/uploads\\\/2019\\\/11\\\/S06S02031_Fussballtor-Typ3_blank_800x800.jpg\",\"contentUrl\":\"https:\\\/\\\/www.activasport.ch\\\/wp-content\\\/uploads\\\/2019\\\/11\\\/S06S02031_Fussballtor-Typ3_blank_800x800.jpg\",\"width\":800,\"height\":800,\"caption\":\"S06S02031 But de football mobile 7 m (TOP)\"},{\"@type\":\"BreadcrumbList\",\"@id\":\"https:\\\/\\\/www.activasport.ch\\\/fr\\\/produkt\\\/but-de-football-mobile-7-m-top\\\/#breadcrumb\",\"itemListElement\":[{\"@type\":\"ListItem\",\"position\":1,\"name\":\"Home\",\"item\":\"https:\\\/\\\/www.activasport.ch\\\/fr\\\/\"},{\"@type\":\"ListItem\",\"position\":2,\"name\":\"Shop\",\"item\":\"https:\\\/\\\/www.activasport.ch\\\/fr\\\/?page_id=258329\"},{\"@type\":\"ListItem\",\"position\":3,\"name\":\"But de football mobile 7 m (TOP)\"}]},{\"@type\":\"WebSite\",\"@id\":\"https:\\\/\\\/www.activasport.ch\\\/fr\\\/#website\",\"url\":\"https:\\\/\\\/www.activasport.ch\\\/fr\\\/\",\"name\":\"Activa Sport GmbH | M\u00f6ge der Sport mit Dir sein...\",\"description\":\"\",\"publisher\":{\"@id\":\"https:\\\/\\\/www.activasport.ch\\\/fr\\\/#organization\"},\"potentialAction\":[{\"@type\":\"SearchAction\",\"target\":{\"@type\":\"EntryPoint\",\"urlTemplate\":\"https:\\\/\\\/www.activasport.ch\\\/fr\\\/?s={search_term_string}\"},\"query-input\":{\"@type\":\"PropertyValueSpecification\",\"valueRequired\":true,\"valueName\":\"search_term_string\"}}],\"inLanguage\":\"fr-FR\"},{\"@type\":\"Organization\",\"@id\":\"https:\\\/\\\/www.activasport.ch\\\/fr\\\/#organization\",\"name\":\"Activa Sport GmbH\",\"url\":\"https:\\\/\\\/www.activasport.ch\\\/fr\\\/\",\"logo\":{\"@type\":\"ImageObject\",\"inLanguage\":\"fr-FR\",\"@id\":\"https:\\\/\\\/www.activasport.ch\\\/fr\\\/#\\\/schema\\\/logo\\\/image\\\/\",\"url\":\"https:\\\/\\\/www.activasport.ch\\\/wp-content\\\/uploads\\\/2020\\\/04\\\/Activa_AS_Emblem_rot-schwarz_512x512.png\",\"contentUrl\":\"https:\\\/\\\/www.activasport.ch\\\/wp-content\\\/uploads\\\/2020\\\/04\\\/Activa_AS_Emblem_rot-schwarz_512x512.png\",\"width\":512,\"height\":512,\"caption\":\"Activa Sport GmbH\"},\"image\":{\"@id\":\"https:\\\/\\\/www.activasport.ch\\\/fr\\\/#\\\/schema\\\/logo\\\/image\\\/\"},\"sameAs\":[\"https:\\\/\\\/www.facebook.com\\\/activasport.ch\\\/\",\"https:\\\/\\\/www.youtube.com\\\/channel\\\/UCtqHC7rBGHotohPIGFurwzg\"]}]}<\/script>\n<!-- \/ Yoast SEO plugin. -->","yoast_head_json":{"title":"But de football mobile 7 m (TOP)","description":"But de football mobile 7 m (TOP) | avec fixations de s\u00e9curit\u00e9 frais\u00e9es pour le filet | Activa Sport Sarl | \u2026que le sport soit avec toi !","robots":{"index":"index","follow":"follow","max-snippet":"max-snippet:-1","max-image-preview":"max-image-preview:large","max-video-preview":"max-video-preview:-1"},"canonical":"https:\/\/www.activasport.ch\/fr\/produkt\/but-de-football-mobile-7-m-top\/","og_locale":"fr_FR","og_type":"article","og_title":"But de football mobile 7 m (TOP)","og_description":"But de football mobile 7 m (TOP) | avec fixations de s\u00e9curit\u00e9 frais\u00e9es pour le filet | Activa Sport Sarl | \u2026que le sport soit avec toi !","og_url":"https:\/\/www.activasport.ch\/fr\/produkt\/but-de-football-mobile-7-m-top\/","og_site_name":"Activa Sport GmbH | M\u00f6ge der Sport mit Dir sein...","article_publisher":"https:\/\/www.facebook.com\/activasport.ch\/","article_modified_time":"2024-08-07T08:31:00+00:00","og_image":[{"width":800,"height":800,"url":"https:\/\/www.activasport.ch\/wp-content\/uploads\/2019\/11\/S06S02031_Fussballtor-Typ3_blank_800x800.jpg","type":"image\/jpeg"}],"twitter_card":"summary_large_image","twitter_misc":{"Dur\u00e9e de lecture estim\u00e9e":"3 minutes"},"schema":{"@context":"https:\/\/schema.org","@graph":[{"@type":"WebPage","@id":"https:\/\/www.activasport.ch\/fr\/produkt\/but-de-football-mobile-7-m-top\/","url":"https:\/\/www.activasport.ch\/fr\/produkt\/but-de-football-mobile-7-m-top\/","name":"But de football mobile 7 m (TOP)","isPartOf":{"@id":"https:\/\/www.activasport.ch\/fr\/#website"},"primaryImageOfPage":{"@id":"https:\/\/www.activasport.ch\/fr\/produkt\/but-de-football-mobile-7-m-top\/#primaryimage"},"image":{"@id":"https:\/\/www.activasport.ch\/fr\/produkt\/but-de-football-mobile-7-m-top\/#primaryimage"},"thumbnailUrl":"https:\/\/www.activasport.ch\/wp-content\/uploads\/2019\/11\/S06S02031_Fussballtor-Typ3_blank_800x800.jpg","datePublished":"2021-06-09T12:35:56+00:00","dateModified":"2024-08-07T08:31:00+00:00","description":"But de football mobile 7 m (TOP) | avec fixations de s\u00e9curit\u00e9 frais\u00e9es pour le filet | Activa Sport Sarl | \u2026que le sport soit avec toi !","breadcrumb":{"@id":"https:\/\/www.activasport.ch\/fr\/produkt\/but-de-football-mobile-7-m-top\/#breadcrumb"},"inLanguage":"fr-FR","potentialAction":[{"@type":"ReadAction","target":["https:\/\/www.activasport.ch\/fr\/produkt\/but-de-football-mobile-7-m-top\/"]}]},{"@type":"ImageObject","inLanguage":"fr-FR","@id":"https:\/\/www.activasport.ch\/fr\/produkt\/but-de-football-mobile-7-m-top\/#primaryimage","url":"https:\/\/www.activasport.ch\/wp-content\/uploads\/2019\/11\/S06S02031_Fussballtor-Typ3_blank_800x800.jpg","contentUrl":"https:\/\/www.activasport.ch\/wp-content\/uploads\/2019\/11\/S06S02031_Fussballtor-Typ3_blank_800x800.jpg","width":800,"height":800,"caption":"S06S02031 But de football mobile 7 m (TOP)"},{"@type":"BreadcrumbList","@id":"https:\/\/www.activasport.ch\/fr\/produkt\/but-de-football-mobile-7-m-top\/#breadcrumb","itemListElement":[{"@type":"ListItem","position":1,"name":"Home","item":"https:\/\/www.activasport.ch\/fr\/"},{"@type":"ListItem","position":2,"name":"Shop","item":"https:\/\/www.activasport.ch\/fr\/?page_id=258329"},{"@type":"ListItem","position":3,"name":"But de football mobile 7 m (TOP)"}]},{"@type":"WebSite","@id":"https:\/\/www.activasport.ch\/fr\/#website","url":"https:\/\/www.activasport.ch\/fr\/","name":"Activa Sport GmbH | M\u00f6ge der Sport mit Dir sein...","description":"","publisher":{"@id":"https:\/\/www.activasport.ch\/fr\/#organization"},"potentialAction":[{"@type":"SearchAction","target":{"@type":"EntryPoint","urlTemplate":"https:\/\/www.activasport.ch\/fr\/?s={search_term_string}"},"query-input":{"@type":"PropertyValueSpecification","valueRequired":true,"valueName":"search_term_string"}}],"inLanguage":"fr-FR"},{"@type":"Organization","@id":"https:\/\/www.activasport.ch\/fr\/#organization","name":"Activa Sport GmbH","url":"https:\/\/www.activasport.ch\/fr\/","logo":{"@type":"ImageObject","inLanguage":"fr-FR","@id":"https:\/\/www.activasport.ch\/fr\/#\/schema\/logo\/image\/","url":"https:\/\/www.activasport.ch\/wp-content\/uploads\/2020\/04\/Activa_AS_Emblem_rot-schwarz_512x512.png","contentUrl":"https:\/\/www.activasport.ch\/wp-content\/uploads\/2020\/04\/Activa_AS_Emblem_rot-schwarz_512x512.png","width":512,"height":512,"caption":"Activa Sport GmbH"},"image":{"@id":"https:\/\/www.activasport.ch\/fr\/#\/schema\/logo\/image\/"},"sameAs":["https:\/\/www.facebook.com\/activasport.ch\/","https:\/\/www.youtube.com\/channel\/UCtqHC7rBGHotohPIGFurwzg"]}]}},"_links":{"self":[{"href":"https:\/\/www.activasport.ch\/fr\/wp-json\/wp\/v2\/product\/278169","targetHints":{"allow":["GET"]}}],"collection":[{"href":"https:\/\/www.activasport.ch\/fr\/wp-json\/wp\/v2\/product"}],"about":[{"href":"https:\/\/www.activasport.ch\/fr\/wp-json\/wp\/v2\/types\/product"}],"wp:featuredmedia":[{"embeddable":true,"href":"https:\/\/www.activasport.ch\/fr\/wp-json\/wp\/v2\/media\/267831"}],"wp:attachment":[{"href":"https:\/\/www.activasport.ch\/fr\/wp-json\/wp\/v2\/media?parent=278169"}],"wp:term":[{"taxonomy":"product_brand","embeddable":true,"href":"https:\/\/www.activasport.ch\/fr\/wp-json\/wp\/v2\/product_brand?post=278169"},{"taxonomy":"product_cat","embeddable":true,"href":"https:\/\/www.activasport.ch\/fr\/wp-json\/wp\/v2\/product_cat?post=278169"},{"taxonomy":"product_tag","embeddable":true,"href":"https:\/\/www.activasport.ch\/fr\/wp-json\/wp\/v2\/product_tag?post=278169"}],"curies":[{"name":"wp","href":"https:\/\/api.w.org\/{rel}","templated":true}]}}